{"id":5535,"date":"2021-03-09T21:46:59","date_gmt":"2021-03-09T20:46:59","guid":{"rendered":"https:\/\/filplast.pl\/produkt\/psk-alustar-86\/"},"modified":"2024-01-09T14:55:31","modified_gmt":"2024-01-09T13:55:31","slug":"terrassen-systeme-psk-alustar-86","status":"publish","type":"product","link":"https:\/\/filplast.pl\/de\/produkt\/terrassen-systeme-psk-alustar-86\/","title":{"rendered":"PSK AluStar 86"},"content":{"rendered":"<div id=\"modal-ready\"><p><span data-sheets-value=\"{\" 1\":2,\"2\":\"system=\"\" alustar=\"\" 86=\"\" wyr\u00f3\u017cnia=\"\" si\u0119=\"\" wyj\u0105tkow\u0105=\"\" wytrzyma\u0142o\u015bci\u0105=\"\" swoich=\"\" profili,=\"\" kt\u00f3re=\"\" umo\u017cliwiaj\u0105=\"\" tworzenie=\"\" konstrukcji=\"\" o=\"\" bardzo=\"\" du\u017cym=\"\" rozmiarze=\"\" i=\"\" ci\u0119\u017carze.=\"\" w=\"\" tym=\"\" systemie=\"\" mog\u0105=\"\" by\u0107=\"\" wykorzystane=\"\" wszystkie=\"\" dost\u0119pne=\"\" naszej=\"\" ofercie=\"\" rodzaje=\"\" szyb,=\"\" np.=\"\" akustycznych=\"\" lub=\"\" antyw\u0142amaniowych.\"}\"=\"\" data-sheets-userformat=\"{\" 2\":961,\"3\":{\"1\":0},\"9\":0,\"10\":0,\"11\":4,\"12\":0}\"=\"\">AluStar 86 zeichnet sich durch die au\u00dfergew\u00f6hnliche Haltbarkeit seiner Profile aus, die es erm\u00f6glicht, Konstruktionen von sehr enormer Gr\u00f6\u00dfe und Gewicht zu fertigen. Alle in unserem Angebot befindlichen Glastypen k\u00f6nnen in diesem System eingesetzt werden, z.B. Akustik- oder Einbruchschutzglas.<\/span><\/p>\n<\/div>","protected":false},"excerpt":{"rendered":"<p>PSK AluStar 86 zeichnet sich durch seine hohe Festigkeit und Haltbarkeit aus. Es d\u00e4mmt sehr gut, sowohl akustisch als auch thermisch. Wir empfehlen dieses System f\u00fcr energieeffizientes Bauen.<\/p>\n","protected":false},"featured_media":1636,"parent":0,"menu_order":93,"template":"","class_list":["post-5535","product","type-product","status-publish","has-post-thumbnail","hentry","product-category-terrassenturen","product-category-psk-de","product-line-goldenline-de"],"yoast_head":"<!-- This site is optimized with the Yoast SEO plugin v24.7 - https:\/\/yoast.com\/wordpress\/plugins\/seo\/ -->\n<title>PSK AluStar 86 Filplast - F\u00fcr Generationen<\/title>\n<meta name=\"robots\" content=\"index, follow, max-snippet:-1, max-image-preview:large, max-video-preview:-1\" \/>\n<link rel=\"canonical\" href=\"https:\/\/filplast.pl\/de\/produkt\/terrassen-systeme-psk-alustar-86\/\" \/>\n<meta property=\"og:locale\" content=\"de_DE\" \/>\n<meta property=\"og:type\" content=\"article\" \/>\n<meta property=\"og:title\" content=\"PSK AluStar 86 Filplast - F\u00fcr Generationen\" \/>\n<meta property=\"og:description\" content=\"PSK AluStar 86 zeichnet sich durch seine hohe Festigkeit und Haltbarkeit aus. Es d\u00e4mmt sehr gut, sowohl akustisch als auch thermisch. Wir empfehlen dieses System f\u00fcr energieeffizientes Bauen.\" \/>\n<meta property=\"og:url\" content=\"https:\/\/filplast.pl\/de\/produkt\/terrassen-systeme-psk-alustar-86\/\" \/>\n<meta property=\"og:site_name\" content=\"Filplast f\u00fcr Generationen\" \/>\n<meta property=\"article:publisher\" content=\"https:\/\/www.facebook.com\/filplast.firma\" \/>\n<meta property=\"article:modified_time\" content=\"2024-01-09T13:55:31+00:00\" \/>\n<meta property=\"og:image\" content=\"https:\/\/filplast.pl\/wp-content\/uploads\/2020\/12\/PSK-AluStar-86.png\" \/>\n\t<meta property=\"og:image:width\" content=\"800\" \/>\n\t<meta property=\"og:image:height\" content=\"800\" \/>\n\t<meta property=\"og:image:type\" content=\"image\/png\" \/>\n<meta name=\"twitter:card\" content=\"summary_large_image\" \/>\n<meta name=\"twitter:label1\" content=\"Gesch\u00e4tzte Lesezeit\" \/>\n\t<meta name=\"twitter:data1\" content=\"1\u00a0Minute\" \/>\n<script type=\"application\/ld+json\" class=\"yoast-schema-graph\">{\"@context\":\"https:\/\/schema.org\",\"@graph\":[{\"@type\":\"WebPage\",\"@id\":\"https:\/\/filplast.pl\/de\/produkt\/terrassen-systeme-psk-alustar-86\/\",\"url\":\"https:\/\/filplast.pl\/de\/produkt\/terrassen-systeme-psk-alustar-86\/\",\"name\":\"PSK AluStar 86 Filplast - F\u00fcr Generationen\",\"isPartOf\":{\"@id\":\"https:\/\/filplast.pl\/de\/#website\"},\"primaryImageOfPage\":{\"@id\":\"https:\/\/filplast.pl\/de\/produkt\/terrassen-systeme-psk-alustar-86\/#primaryimage\"},\"image\":{\"@id\":\"https:\/\/filplast.pl\/de\/produkt\/terrassen-systeme-psk-alustar-86\/#primaryimage\"},\"thumbnailUrl\":\"https:\/\/filplast.pl\/wp-content\/uploads\/2020\/12\/PSK-AluStar-86.png\",\"datePublished\":\"2021-03-09T20:46:59+00:00\",\"dateModified\":\"2024-01-09T13:55:31+00:00\",\"breadcrumb\":{\"@id\":\"https:\/\/filplast.pl\/de\/produkt\/terrassen-systeme-psk-alustar-86\/#breadcrumb\"},\"inLanguage\":\"de\",\"potentialAction\":[{\"@type\":\"ReadAction\",\"target\":[\"https:\/\/filplast.pl\/de\/produkt\/terrassen-systeme-psk-alustar-86\/\"]}]},{\"@type\":\"ImageObject\",\"inLanguage\":\"de\",\"@id\":\"https:\/\/filplast.pl\/de\/produkt\/terrassen-systeme-psk-alustar-86\/#primaryimage\",\"url\":\"https:\/\/filplast.pl\/wp-content\/uploads\/2020\/12\/PSK-AluStar-86.png\",\"contentUrl\":\"https:\/\/filplast.pl\/wp-content\/uploads\/2020\/12\/PSK-AluStar-86.png\",\"width\":800,\"height\":800},{\"@type\":\"BreadcrumbList\",\"@id\":\"https:\/\/filplast.pl\/de\/produkt\/terrassen-systeme-psk-alustar-86\/#breadcrumb\",\"itemListElement\":[{\"@type\":\"ListItem\",\"position\":1,\"name\":\"Startseite\",\"item\":\"https:\/\/filplast.pl\/de\/\"},{\"@type\":\"ListItem\",\"position\":2,\"name\":\"Produkte\",\"item\":\"https:\/\/filplast.pl\/de\/produkt\/\"},{\"@type\":\"ListItem\",\"position\":3,\"name\":\"PSK AluStar 86\"}]},{\"@type\":\"WebSite\",\"@id\":\"https:\/\/filplast.pl\/de\/#website\",\"url\":\"https:\/\/filplast.pl\/de\/\",\"name\":\"Filplast f\u00fcr Generationen\",\"description\":\"Gersteller gesunder Fenster\",\"publisher\":{\"@id\":\"https:\/\/filplast.pl\/de\/#organization\"},\"potentialAction\":[{\"@type\":\"SearchAction\",\"target\":{\"@type\":\"EntryPoint\",\"urlTemplate\":\"https:\/\/filplast.pl\/de\/?s={search_term_string}\"},\"query-input\":{\"@type\":\"PropertyValueSpecification\",\"valueRequired\":true,\"valueName\":\"search_term_string\"}}],\"inLanguage\":\"de\"},{\"@type\":\"Organization\",\"@id\":\"https:\/\/filplast.pl\/de\/#organization\",\"name\":\"Filplast f\u00fcr Generationen\",\"url\":\"https:\/\/filplast.pl\/de\/\",\"logo\":{\"@type\":\"ImageObject\",\"inLanguage\":\"de\",\"@id\":\"https:\/\/filplast.pl\/de\/#\/schema\/logo\/image\/\",\"url\":\"https:\/\/filplast.pl\/wp-content\/uploads\/2023\/10\/favicon-filplast.png\",\"contentUrl\":\"https:\/\/filplast.pl\/wp-content\/uploads\/2023\/10\/favicon-filplast.png\",\"width\":2134,\"height\":2134,\"caption\":\"Filplast f\u00fcr Generationen\"},\"image\":{\"@id\":\"https:\/\/filplast.pl\/de\/#\/schema\/logo\/image\/\"},\"sameAs\":[\"https:\/\/www.facebook.com\/filplast.firma\",\"https:\/\/pl.pinterest.com\/filplast\/\",\"https:\/\/www.youtube.com\/FILPLASTchannel\",\"https:\/\/pl.linkedin.com\/company\/filplast-sp.-z-o.o.\",\"https:\/\/www.instagram.com\/filplast\/\"]}]}<\/script>\n<!-- \/ Yoast SEO plugin. -->","yoast_head_json":{"title":"PSK AluStar 86 Filplast - F\u00fcr Generationen","robots":{"index":"index","follow":"follow","max-snippet":"max-snippet:-1","max-image-preview":"max-image-preview:large","max-video-preview":"max-video-preview:-1"},"canonical":"https:\/\/filplast.pl\/de\/produkt\/terrassen-systeme-psk-alustar-86\/","og_locale":"de_DE","og_type":"article","og_title":"PSK AluStar 86 Filplast - F\u00fcr Generationen","og_description":"PSK AluStar 86 zeichnet sich durch seine hohe Festigkeit und Haltbarkeit aus. Es d\u00e4mmt sehr gut, sowohl akustisch als auch thermisch. Wir empfehlen dieses System f\u00fcr energieeffizientes Bauen.","og_url":"https:\/\/filplast.pl\/de\/produkt\/terrassen-systeme-psk-alustar-86\/","og_site_name":"Filplast f\u00fcr Generationen","article_publisher":"https:\/\/www.facebook.com\/filplast.firma","article_modified_time":"2024-01-09T13:55:31+00:00","og_image":[{"width":800,"height":800,"url":"https:\/\/filplast.pl\/wp-content\/uploads\/2020\/12\/PSK-AluStar-86.png","type":"image\/png"}],"twitter_card":"summary_large_image","twitter_misc":{"Gesch\u00e4tzte Lesezeit":"1\u00a0Minute"},"schema":{"@context":"https:\/\/schema.org","@graph":[{"@type":"WebPage","@id":"https:\/\/filplast.pl\/de\/produkt\/terrassen-systeme-psk-alustar-86\/","url":"https:\/\/filplast.pl\/de\/produkt\/terrassen-systeme-psk-alustar-86\/","name":"PSK AluStar 86 Filplast - F\u00fcr Generationen","isPartOf":{"@id":"https:\/\/filplast.pl\/de\/#website"},"primaryImageOfPage":{"@id":"https:\/\/filplast.pl\/de\/produkt\/terrassen-systeme-psk-alustar-86\/#primaryimage"},"image":{"@id":"https:\/\/filplast.pl\/de\/produkt\/terrassen-systeme-psk-alustar-86\/#primaryimage"},"thumbnailUrl":"https:\/\/filplast.pl\/wp-content\/uploads\/2020\/12\/PSK-AluStar-86.png","datePublished":"2021-03-09T20:46:59+00:00","dateModified":"2024-01-09T13:55:31+00:00","breadcrumb":{"@id":"https:\/\/filplast.pl\/de\/produkt\/terrassen-systeme-psk-alustar-86\/#breadcrumb"},"inLanguage":"de","potentialAction":[{"@type":"ReadAction","target":["https:\/\/filplast.pl\/de\/produkt\/terrassen-systeme-psk-alustar-86\/"]}]},{"@type":"ImageObject","inLanguage":"de","@id":"https:\/\/filplast.pl\/de\/produkt\/terrassen-systeme-psk-alustar-86\/#primaryimage","url":"https:\/\/filplast.pl\/wp-content\/uploads\/2020\/12\/PSK-AluStar-86.png","contentUrl":"https:\/\/filplast.pl\/wp-content\/uploads\/2020\/12\/PSK-AluStar-86.png","width":800,"height":800},{"@type":"BreadcrumbList","@id":"https:\/\/filplast.pl\/de\/produkt\/terrassen-systeme-psk-alustar-86\/#breadcrumb","itemListElement":[{"@type":"ListItem","position":1,"name":"Startseite","item":"https:\/\/filplast.pl\/de\/"},{"@type":"ListItem","position":2,"name":"Produkte","item":"https:\/\/filplast.pl\/de\/produkt\/"},{"@type":"ListItem","position":3,"name":"PSK AluStar 86"}]},{"@type":"WebSite","@id":"https:\/\/filplast.pl\/de\/#website","url":"https:\/\/filplast.pl\/de\/","name":"Filplast f\u00fcr Generationen","description":"Gersteller gesunder Fenster","publisher":{"@id":"https:\/\/filplast.pl\/de\/#organization"},"potentialAction":[{"@type":"SearchAction","target":{"@type":"EntryPoint","urlTemplate":"https:\/\/filplast.pl\/de\/?s={search_term_string}"},"query-input":{"@type":"PropertyValueSpecification","valueRequired":true,"valueName":"search_term_string"}}],"inLanguage":"de"},{"@type":"Organization","@id":"https:\/\/filplast.pl\/de\/#organization","name":"Filplast f\u00fcr Generationen","url":"https:\/\/filplast.pl\/de\/","logo":{"@type":"ImageObject","inLanguage":"de","@id":"https:\/\/filplast.pl\/de\/#\/schema\/logo\/image\/","url":"https:\/\/filplast.pl\/wp-content\/uploads\/2023\/10\/favicon-filplast.png","contentUrl":"https:\/\/filplast.pl\/wp-content\/uploads\/2023\/10\/favicon-filplast.png","width":2134,"height":2134,"caption":"Filplast f\u00fcr Generationen"},"image":{"@id":"https:\/\/filplast.pl\/de\/#\/schema\/logo\/image\/"},"sameAs":["https:\/\/www.facebook.com\/filplast.firma","https:\/\/pl.pinterest.com\/filplast\/","https:\/\/www.youtube.com\/FILPLASTchannel","https:\/\/pl.linkedin.com\/company\/filplast-sp.-z-o.o.","https:\/\/www.instagram.com\/filplast\/"]}]}},"uagb_featured_image_src":{"full":["https:\/\/filplast.pl\/wp-content\/uploads\/2020\/12\/PSK-AluStar-86.png",800,800,false],"thumbnail":["https:\/\/filplast.pl\/wp-content\/uploads\/2020\/12\/PSK-AluStar-86-150x150.png",150,150,true],"medium":["https:\/\/filplast.pl\/wp-content\/uploads\/2020\/12\/PSK-AluStar-86-300x300.png",300,300,true],"medium_large":["https:\/\/filplast.pl\/wp-content\/uploads\/2020\/12\/PSK-AluStar-86-768x768.png",768,768,true],"large":["https:\/\/filplast.pl\/wp-content\/uploads\/2020\/12\/PSK-AluStar-86.png",800,800,false],"1536x1536":["https:\/\/filplast.pl\/wp-content\/uploads\/2020\/12\/PSK-AluStar-86.png",800,800,false],"2048x2048":["https:\/\/filplast.pl\/wp-content\/uploads\/2020\/12\/PSK-AluStar-86.png",800,800,false],"depcore-widget-post-thumb":["https:\/\/filplast.pl\/wp-content\/uploads\/2020\/12\/PSK-AluStar-86.png",65,65,false],"depcore-widget-post-medium":["https:\/\/filplast.pl\/wp-content\/uploads\/2020\/12\/PSK-AluStar-86.png",150,150,false],"square":["https:\/\/filplast.pl\/wp-content\/uploads\/2020\/12\/PSK-AluStar-86-500x500.png",500,500,true],"small-square":["https:\/\/filplast.pl\/wp-content\/uploads\/2020\/12\/PSK-AluStar-86.png",250,250,false],"slider-image":["https:\/\/filplast.pl\/wp-content\/uploads\/2020\/12\/PSK-AluStar-86-800x500.png",800,500,true],"":["https:\/\/filplast.pl\/wp-content\/uploads\/2020\/12\/PSK-AluStar-86.png",250,250,false]},"uagb_author_info":{"display_name":"Micha\u0142 Mrukot","author_link":"https:\/\/filplast.pl\/de\/author\/"},"uagb_comment_info":0,"uagb_excerpt":"PSK AluStar 86 zeichnet sich durch seine hohe Festigkeit und Haltbarkeit aus. Es d\u00e4mmt sehr gut, sowohl akustisch als auch thermisch. Wir empfehlen dieses System f\u00fcr energieeffizientes Bauen.","_links":{"self":[{"href":"https:\/\/filplast.pl\/de\/wp-json\/wp\/v2\/product\/5535","targetHints":{"allow":["GET"]}}],"collection":[{"href":"https:\/\/filplast.pl\/de\/wp-json\/wp\/v2\/product"}],"about":[{"href":"https:\/\/filplast.pl\/de\/wp-json\/wp\/v2\/types\/product"}],"version-history":[{"count":3,"href":"https:\/\/filplast.pl\/de\/wp-json\/wp\/v2\/product\/5535\/revisions"}],"predecessor-version":[{"id":43471,"href":"https:\/\/filplast.pl\/de\/wp-json\/wp\/v2\/product\/5535\/revisions\/43471"}],"wp:featuredmedia":[{"embeddable":true,"href":"https:\/\/filplast.pl\/de\/wp-json\/wp\/v2\/media\/1636"}],"wp:attachment":[{"href":"https:\/\/filplast.pl\/de\/wp-json\/wp\/v2\/media?parent=5535"}],"curies":[{"name":"wp","href":"https:\/\/api.w.org\/{rel}","templated":true}]}}