{"id":5536,"date":"2021-03-09T21:47:14","date_gmt":"2021-03-09T20:47:14","guid":{"rendered":"https:\/\/filplast.pl\/produkt\/viva-slide-190-acryl\/"},"modified":"2025-10-21T10:28:50","modified_gmt":"2025-10-21T08:28:50","slug":"terrassen-systeme-viva-slide-83-acryl","status":"publish","type":"product","link":"https:\/\/filplast.pl\/de\/produkt\/terrassen-systeme-viva-slide-83-acryl\/","title":{"rendered":"VivaSlide 83 Acryl"},"content":{"rendered":"<div id=\"modal-ready\"><p>Durch eine breite Farbpalette kann das VivaSlide 83 Acrylsystem an jeden architektonischen Stil des Geb\u00e4udes angepasst werden. Das einzigartige Aussehen der Konstruktion wird durch die Verwendung einer einzigartigen Acrylglasbeschichtung gew\u00e4hrleistet.<\/p>\n\n\n<p><\/p>\n<\/div>","protected":false},"excerpt":{"rendered":"<p>Einfache Bedienung, hervorragende W\u00e4rme- und Schalld\u00e4mmung, eine nahezu unsichtbare Schwelle und die M\u00f6glichkeit, die Konstruktion in der Acrylcolor-Technik zu veredeln &#8211; das sind die wichtigsten Unterscheidungsmerkmale des Systems VivaSlide 83 Acryl. <\/p>\n","protected":false},"featured_media":1891,"parent":0,"menu_order":102,"template":"","class_list":["post-5536","product","type-product","status-publish","has-post-thumbnail","hentry","product-category-turen","product-category-terrassenturen","product-category-hst-de-2","product-line-goldenline-de"],"yoast_head":"<!-- This site is optimized with the Yoast SEO plugin v24.7 - https:\/\/yoast.com\/wordpress\/plugins\/seo\/ -->\n<title>Terrassent\u00fcren VivaSlide 83 Acryl - Filplast f\u00fcr Generationen<\/title>\n<meta name=\"description\" content=\"Durch eine breite Farbpalette kann das VivaSlide 83 Acrylsystem an jeden architektonischen Stil des Geb\u00e4udes angepasst werden.\" \/>\n<meta name=\"robots\" content=\"index, follow, max-snippet:-1, max-image-preview:large, max-video-preview:-1\" \/>\n<link rel=\"canonical\" href=\"https:\/\/filplast.pl\/de\/produkt\/terrassen-systeme-viva-slide-83-acryl\/\" \/>\n<meta property=\"og:locale\" content=\"de_DE\" \/>\n<meta property=\"og:type\" content=\"article\" \/>\n<meta property=\"og:title\" content=\"Terrassent\u00fcren VivaSlide 83 Acryl - Filplast f\u00fcr Generationen\" \/>\n<meta property=\"og:description\" content=\"Durch eine breite Farbpalette kann das VivaSlide 83 Acrylsystem an jeden architektonischen Stil des Geb\u00e4udes angepasst werden.\" \/>\n<meta property=\"og:url\" content=\"https:\/\/filplast.pl\/de\/produkt\/terrassen-systeme-viva-slide-83-acryl\/\" \/>\n<meta property=\"og:site_name\" content=\"Filplast f\u00fcr Generationen\" \/>\n<meta property=\"article:publisher\" content=\"https:\/\/www.facebook.com\/filplast.firma\" \/>\n<meta property=\"article:modified_time\" content=\"2025-10-21T08:28:50+00:00\" \/>\n<meta property=\"og:image\" content=\"https:\/\/filplast.pl\/wp-content\/uploads\/2021\/01\/HST-Viva-Slide-190-Acryl.png\" \/>\n\t<meta property=\"og:image:width\" content=\"800\" \/>\n\t<meta property=\"og:image:height\" content=\"800\" \/>\n\t<meta property=\"og:image:type\" content=\"image\/png\" \/>\n<meta name=\"twitter:card\" content=\"summary_large_image\" \/>\n<meta name=\"twitter:label1\" content=\"Gesch\u00e4tzte Lesezeit\" \/>\n\t<meta name=\"twitter:data1\" content=\"1\u00a0Minute\" \/>\n<script type=\"application\/ld+json\" class=\"yoast-schema-graph\">{\"@context\":\"https:\/\/schema.org\",\"@graph\":[{\"@type\":\"WebPage\",\"@id\":\"https:\/\/filplast.pl\/de\/produkt\/terrassen-systeme-viva-slide-83-acryl\/\",\"url\":\"https:\/\/filplast.pl\/de\/produkt\/terrassen-systeme-viva-slide-83-acryl\/\",\"name\":\"Terrassent\u00fcren VivaSlide 83 Acryl - Filplast f\u00fcr Generationen\",\"isPartOf\":{\"@id\":\"https:\/\/filplast.pl\/de\/#website\"},\"primaryImageOfPage\":{\"@id\":\"https:\/\/filplast.pl\/de\/produkt\/terrassen-systeme-viva-slide-83-acryl\/#primaryimage\"},\"image\":{\"@id\":\"https:\/\/filplast.pl\/de\/produkt\/terrassen-systeme-viva-slide-83-acryl\/#primaryimage\"},\"thumbnailUrl\":\"https:\/\/filplast.pl\/wp-content\/uploads\/2021\/01\/HST-Viva-Slide-190-Acryl.png\",\"datePublished\":\"2021-03-09T20:47:14+00:00\",\"dateModified\":\"2025-10-21T08:28:50+00:00\",\"description\":\"Durch eine breite Farbpalette kann das VivaSlide 83 Acrylsystem an jeden architektonischen Stil des Geb\u00e4udes angepasst werden.\",\"breadcrumb\":{\"@id\":\"https:\/\/filplast.pl\/de\/produkt\/terrassen-systeme-viva-slide-83-acryl\/#breadcrumb\"},\"inLanguage\":\"de\",\"potentialAction\":[{\"@type\":\"ReadAction\",\"target\":[\"https:\/\/filplast.pl\/de\/produkt\/terrassen-systeme-viva-slide-83-acryl\/\"]}]},{\"@type\":\"ImageObject\",\"inLanguage\":\"de\",\"@id\":\"https:\/\/filplast.pl\/de\/produkt\/terrassen-systeme-viva-slide-83-acryl\/#primaryimage\",\"url\":\"https:\/\/filplast.pl\/wp-content\/uploads\/2021\/01\/HST-Viva-Slide-190-Acryl.png\",\"contentUrl\":\"https:\/\/filplast.pl\/wp-content\/uploads\/2021\/01\/HST-Viva-Slide-190-Acryl.png\",\"width\":800,\"height\":800,\"caption\":\"HST-Viva-Slide-190-Acryl filplast\"},{\"@type\":\"BreadcrumbList\",\"@id\":\"https:\/\/filplast.pl\/de\/produkt\/terrassen-systeme-viva-slide-83-acryl\/#breadcrumb\",\"itemListElement\":[{\"@type\":\"ListItem\",\"position\":1,\"name\":\"Startseite\",\"item\":\"https:\/\/filplast.pl\/de\/\"},{\"@type\":\"ListItem\",\"position\":2,\"name\":\"Produkte\",\"item\":\"https:\/\/filplast.pl\/de\/produkt\/\"},{\"@type\":\"ListItem\",\"position\":3,\"name\":\"VivaSlide 83 Acryl\"}]},{\"@type\":\"WebSite\",\"@id\":\"https:\/\/filplast.pl\/de\/#website\",\"url\":\"https:\/\/filplast.pl\/de\/\",\"name\":\"Filplast f\u00fcr Generationen\",\"description\":\"Gersteller gesunder Fenster\",\"publisher\":{\"@id\":\"https:\/\/filplast.pl\/de\/#organization\"},\"potentialAction\":[{\"@type\":\"SearchAction\",\"target\":{\"@type\":\"EntryPoint\",\"urlTemplate\":\"https:\/\/filplast.pl\/de\/?s={search_term_string}\"},\"query-input\":{\"@type\":\"PropertyValueSpecification\",\"valueRequired\":true,\"valueName\":\"search_term_string\"}}],\"inLanguage\":\"de\"},{\"@type\":\"Organization\",\"@id\":\"https:\/\/filplast.pl\/de\/#organization\",\"name\":\"Filplast f\u00fcr Generationen\",\"url\":\"https:\/\/filplast.pl\/de\/\",\"logo\":{\"@type\":\"ImageObject\",\"inLanguage\":\"de\",\"@id\":\"https:\/\/filplast.pl\/de\/#\/schema\/logo\/image\/\",\"url\":\"https:\/\/filplast.pl\/wp-content\/uploads\/2023\/10\/favicon-filplast.png\",\"contentUrl\":\"https:\/\/filplast.pl\/wp-content\/uploads\/2023\/10\/favicon-filplast.png\",\"width\":2134,\"height\":2134,\"caption\":\"Filplast f\u00fcr Generationen\"},\"image\":{\"@id\":\"https:\/\/filplast.pl\/de\/#\/schema\/logo\/image\/\"},\"sameAs\":[\"https:\/\/www.facebook.com\/filplast.firma\",\"https:\/\/pl.pinterest.com\/filplast\/\",\"https:\/\/www.youtube.com\/FILPLASTchannel\",\"https:\/\/pl.linkedin.com\/company\/filplast-sp.-z-o.o.\",\"https:\/\/www.instagram.com\/filplast\/\"]}]}<\/script>\n<!-- \/ Yoast SEO plugin. -->","yoast_head_json":{"title":"Terrassent\u00fcren VivaSlide 83 Acryl - Filplast f\u00fcr Generationen","description":"Durch eine breite Farbpalette kann das VivaSlide 83 Acrylsystem an jeden architektonischen Stil des Geb\u00e4udes angepasst werden.","robots":{"index":"index","follow":"follow","max-snippet":"max-snippet:-1","max-image-preview":"max-image-preview:large","max-video-preview":"max-video-preview:-1"},"canonical":"https:\/\/filplast.pl\/de\/produkt\/terrassen-systeme-viva-slide-83-acryl\/","og_locale":"de_DE","og_type":"article","og_title":"Terrassent\u00fcren VivaSlide 83 Acryl - Filplast f\u00fcr Generationen","og_description":"Durch eine breite Farbpalette kann das VivaSlide 83 Acrylsystem an jeden architektonischen Stil des Geb\u00e4udes angepasst werden.","og_url":"https:\/\/filplast.pl\/de\/produkt\/terrassen-systeme-viva-slide-83-acryl\/","og_site_name":"Filplast f\u00fcr Generationen","article_publisher":"https:\/\/www.facebook.com\/filplast.firma","article_modified_time":"2025-10-21T08:28:50+00:00","og_image":[{"width":800,"height":800,"url":"https:\/\/filplast.pl\/wp-content\/uploads\/2021\/01\/HST-Viva-Slide-190-Acryl.png","type":"image\/png"}],"twitter_card":"summary_large_image","twitter_misc":{"Gesch\u00e4tzte Lesezeit":"1\u00a0Minute"},"schema":{"@context":"https:\/\/schema.org","@graph":[{"@type":"WebPage","@id":"https:\/\/filplast.pl\/de\/produkt\/terrassen-systeme-viva-slide-83-acryl\/","url":"https:\/\/filplast.pl\/de\/produkt\/terrassen-systeme-viva-slide-83-acryl\/","name":"Terrassent\u00fcren VivaSlide 83 Acryl - Filplast f\u00fcr Generationen","isPartOf":{"@id":"https:\/\/filplast.pl\/de\/#website"},"primaryImageOfPage":{"@id":"https:\/\/filplast.pl\/de\/produkt\/terrassen-systeme-viva-slide-83-acryl\/#primaryimage"},"image":{"@id":"https:\/\/filplast.pl\/de\/produkt\/terrassen-systeme-viva-slide-83-acryl\/#primaryimage"},"thumbnailUrl":"https:\/\/filplast.pl\/wp-content\/uploads\/2021\/01\/HST-Viva-Slide-190-Acryl.png","datePublished":"2021-03-09T20:47:14+00:00","dateModified":"2025-10-21T08:28:50+00:00","description":"Durch eine breite Farbpalette kann das VivaSlide 83 Acrylsystem an jeden architektonischen Stil des Geb\u00e4udes angepasst werden.","breadcrumb":{"@id":"https:\/\/filplast.pl\/de\/produkt\/terrassen-systeme-viva-slide-83-acryl\/#breadcrumb"},"inLanguage":"de","potentialAction":[{"@type":"ReadAction","target":["https:\/\/filplast.pl\/de\/produkt\/terrassen-systeme-viva-slide-83-acryl\/"]}]},{"@type":"ImageObject","inLanguage":"de","@id":"https:\/\/filplast.pl\/de\/produkt\/terrassen-systeme-viva-slide-83-acryl\/#primaryimage","url":"https:\/\/filplast.pl\/wp-content\/uploads\/2021\/01\/HST-Viva-Slide-190-Acryl.png","contentUrl":"https:\/\/filplast.pl\/wp-content\/uploads\/2021\/01\/HST-Viva-Slide-190-Acryl.png","width":800,"height":800,"caption":"HST-Viva-Slide-190-Acryl filplast"},{"@type":"BreadcrumbList","@id":"https:\/\/filplast.pl\/de\/produkt\/terrassen-systeme-viva-slide-83-acryl\/#breadcrumb","itemListElement":[{"@type":"ListItem","position":1,"name":"Startseite","item":"https:\/\/filplast.pl\/de\/"},{"@type":"ListItem","position":2,"name":"Produkte","item":"https:\/\/filplast.pl\/de\/produkt\/"},{"@type":"ListItem","position":3,"name":"VivaSlide 83 Acryl"}]},{"@type":"WebSite","@id":"https:\/\/filplast.pl\/de\/#website","url":"https:\/\/filplast.pl\/de\/","name":"Filplast f\u00fcr Generationen","description":"Gersteller gesunder Fenster","publisher":{"@id":"https:\/\/filplast.pl\/de\/#organization"},"potentialAction":[{"@type":"SearchAction","target":{"@type":"EntryPoint","urlTemplate":"https:\/\/filplast.pl\/de\/?s={search_term_string}"},"query-input":{"@type":"PropertyValueSpecification","valueRequired":true,"valueName":"search_term_string"}}],"inLanguage":"de"},{"@type":"Organization","@id":"https:\/\/filplast.pl\/de\/#organization","name":"Filplast f\u00fcr Generationen","url":"https:\/\/filplast.pl\/de\/","logo":{"@type":"ImageObject","inLanguage":"de","@id":"https:\/\/filplast.pl\/de\/#\/schema\/logo\/image\/","url":"https:\/\/filplast.pl\/wp-content\/uploads\/2023\/10\/favicon-filplast.png","contentUrl":"https:\/\/filplast.pl\/wp-content\/uploads\/2023\/10\/favicon-filplast.png","width":2134,"height":2134,"caption":"Filplast f\u00fcr Generationen"},"image":{"@id":"https:\/\/filplast.pl\/de\/#\/schema\/logo\/image\/"},"sameAs":["https:\/\/www.facebook.com\/filplast.firma","https:\/\/pl.pinterest.com\/filplast\/","https:\/\/www.youtube.com\/FILPLASTchannel","https:\/\/pl.linkedin.com\/company\/filplast-sp.-z-o.o.","https:\/\/www.instagram.com\/filplast\/"]}]}},"uagb_featured_image_src":{"full":["https:\/\/filplast.pl\/wp-content\/uploads\/2021\/01\/HST-Viva-Slide-190-Acryl.png",800,800,false],"thumbnail":["https:\/\/filplast.pl\/wp-content\/uploads\/2021\/01\/HST-Viva-Slide-190-Acryl-150x150.png",150,150,true],"medium":["https:\/\/filplast.pl\/wp-content\/uploads\/2021\/01\/HST-Viva-Slide-190-Acryl-300x300.png",300,300,true],"medium_large":["https:\/\/filplast.pl\/wp-content\/uploads\/2021\/01\/HST-Viva-Slide-190-Acryl-768x768.png",768,768,true],"large":["https:\/\/filplast.pl\/wp-content\/uploads\/2021\/01\/HST-Viva-Slide-190-Acryl.png",800,800,false],"1536x1536":["https:\/\/filplast.pl\/wp-content\/uploads\/2021\/01\/HST-Viva-Slide-190-Acryl.png",800,800,false],"2048x2048":["https:\/\/filplast.pl\/wp-content\/uploads\/2021\/01\/HST-Viva-Slide-190-Acryl.png",800,800,false],"depcore-widget-post-thumb":["https:\/\/filplast.pl\/wp-content\/uploads\/2021\/01\/HST-Viva-Slide-190-Acryl-65x65.png",65,65,true],"depcore-widget-post-medium":["https:\/\/filplast.pl\/wp-content\/uploads\/2021\/01\/HST-Viva-Slide-190-Acryl-280x150.png",280,150,true],"square":["https:\/\/filplast.pl\/wp-content\/uploads\/2021\/01\/HST-Viva-Slide-190-Acryl-500x500.png",500,500,true],"small-square":["https:\/\/filplast.pl\/wp-content\/uploads\/2021\/01\/HST-Viva-Slide-190-Acryl-250x250.png",250,250,true],"slider-image":["https:\/\/filplast.pl\/wp-content\/uploads\/2021\/01\/HST-Viva-Slide-190-Acryl-800x500.png",800,500,true],"":["https:\/\/filplast.pl\/wp-content\/uploads\/2021\/01\/HST-Viva-Slide-190-Acryl.png",250,250,false]},"uagb_author_info":{"display_name":"Micha\u0142 Mrukot","author_link":"https:\/\/filplast.pl\/de\/author\/"},"uagb_comment_info":0,"uagb_excerpt":"Einfache Bedienung, hervorragende W\u00e4rme- und Schalld\u00e4mmung, eine nahezu unsichtbare Schwelle und die M\u00f6glichkeit, die Konstruktion in der Acrylcolor-Technik zu veredeln - das sind die wichtigsten Unterscheidungsmerkmale des Systems VivaSlide 83 Acryl.","_links":{"self":[{"href":"https:\/\/filplast.pl\/de\/wp-json\/wp\/v2\/product\/5536","targetHints":{"allow":["GET"]}}],"collection":[{"href":"https:\/\/filplast.pl\/de\/wp-json\/wp\/v2\/product"}],"about":[{"href":"https:\/\/filplast.pl\/de\/wp-json\/wp\/v2\/types\/product"}],"version-history":[{"count":3,"href":"https:\/\/filplast.pl\/de\/wp-json\/wp\/v2\/product\/5536\/revisions"}],"predecessor-version":[{"id":62218,"href":"https:\/\/filplast.pl\/de\/wp-json\/wp\/v2\/product\/5536\/revisions\/62218"}],"wp:featuredmedia":[{"embeddable":true,"href":"https:\/\/filplast.pl\/de\/wp-json\/wp\/v2\/media\/1891"}],"wp:attachment":[{"href":"https:\/\/filplast.pl\/de\/wp-json\/wp\/v2\/media?parent=5536"}],"curies":[{"name":"wp","href":"https:\/\/api.w.org\/{rel}","templated":true}]}}