{"id":55489,"date":"2022-06-14T11:07:20","date_gmt":"2022-06-14T09:07:20","guid":{"rendered":"https:\/\/filplast.pl\/produkt\/zaluzje-na-skosne-okna-c-80-flexi\/"},"modified":"2025-01-30T15:40:19","modified_gmt":"2025-01-30T14:40:19","slug":"jalousien-fur-schrage-fenster-c-80-flexi","status":"publish","type":"product","link":"https:\/\/filplast.pl\/de\/produkt\/jalousien-fur-schrage-fenster-c-80-flexi\/","title":{"rendered":"Schr\u00e4ge Raffstoreanlagen"},"content":{"rendered":"<div id=\"modal-ready\"><p>Jalousien f\u00fcr schr\u00e4ge Fenster sind die perfekte L\u00f6sung f\u00fcr Fenster mit ungew\u00f6hnlichen Formen. Die Aluminiumlamellen verlaufen parallel zum oberen Fensterrahmen und erzeugen ein einzigartiges, stilvolles Muster. Die Jalousie ist mit einem speziellen Mechanismus ausgestattet, der die unterschiedlichen L\u00e4ngen der Textilb\u00e4nder beim Heben und Senken ausgleicht. Eine teleskopische untere Schiene erm\u00f6glicht die Anpassung der Jalousienbreite je nach Position relativ zum oberen Rahmen.<\/p>\n\n\n<figure class=\"wp-block-image size-full is-resized is-style-default\"><img loading=\"lazy\" decoding=\"async\" width=\"1080\" height=\"1080\" src=\"https:\/\/filplast.pl\/wp-content\/uploads\/2024\/06\/zaluzje-skosne-na-www.png\" alt=\"\u017baluzje na sko\u015bne okna - monta\u017c na placu budowy domu jednorodzinnego\" class=\"wp-image-50397\" style=\"width:337px;height:auto\" srcset=\"https:\/\/filplast.pl\/wp-content\/uploads\/2024\/06\/zaluzje-skosne-na-www.png 1080w, https:\/\/filplast.pl\/wp-content\/uploads\/2024\/06\/zaluzje-skosne-na-www-400x400.png 400w, https:\/\/filplast.pl\/wp-content\/uploads\/2024\/06\/zaluzje-skosne-na-www-1024x1024.png 1024w, https:\/\/filplast.pl\/wp-content\/uploads\/2024\/06\/zaluzje-skosne-na-www-250x250.png 250w, https:\/\/filplast.pl\/wp-content\/uploads\/2024\/06\/zaluzje-skosne-na-www-768x768.png 768w, https:\/\/filplast.pl\/wp-content\/uploads\/2024\/06\/zaluzje-skosne-na-www-65x65.png 65w, https:\/\/filplast.pl\/wp-content\/uploads\/2024\/06\/zaluzje-skosne-na-www-500x500.png 500w\" sizes=\"auto, (max-width: 1080px) 100vw, 1080px\" \/><\/figure>\n<\/div>","protected":false},"excerpt":{"rendered":"<p>Schr\u00e4ge Jalousien sind die ideale L\u00f6sung f\u00fcr Fenster mit nicht standardm\u00e4\u00dfigen, dreieckigen Abmessungen.<\/p>\n","protected":false},"featured_media":25069,"parent":0,"menu_order":209,"template":"","class_list":["post-55489","product","type-product","status-publish","has-post-thumbnail","hentry","product-category-raffstoreanlagen","product-line-goldenline-de"],"yoast_head":"<!-- This site is optimized with the Yoast SEO plugin v24.7 - https:\/\/yoast.com\/wordpress\/plugins\/seo\/ -->\n<title>Jalousien f\u00fcr schr\u00e4ge Fenster \u2013 dreieckige Konstruktionen I Filplast<\/title>\n<meta name=\"description\" content=\"Schr\u00e4ge Fassadenjalousien f\u00fcr dreieckige Fenster. Jalousien f\u00fcr ein modernes Haus inklusive Montage. Entdecken Sie die Premium-Produkte!\" \/>\n<meta name=\"robots\" content=\"index, follow, max-snippet:-1, max-image-preview:large, max-video-preview:-1\" \/>\n<link rel=\"canonical\" href=\"https:\/\/filplast.pl\/de\/produkt\/jalousien-fur-schrage-fenster-c-80-flexi\/\" \/>\n<meta property=\"og:locale\" content=\"de_DE\" \/>\n<meta property=\"og:type\" content=\"article\" \/>\n<meta property=\"og:title\" content=\"Jalousien f\u00fcr schr\u00e4ge Fenster \u2013 dreieckige Konstruktionen I Filplast\" \/>\n<meta property=\"og:description\" content=\"Schr\u00e4ge Fassadenjalousien f\u00fcr dreieckige Fenster. Jalousien f\u00fcr ein modernes Haus inklusive Montage. Entdecken Sie die Premium-Produkte!\" \/>\n<meta property=\"og:url\" content=\"https:\/\/filplast.pl\/de\/produkt\/jalousien-fur-schrage-fenster-c-80-flexi\/\" \/>\n<meta property=\"og:site_name\" content=\"Filplast f\u00fcr Generationen\" \/>\n<meta property=\"article:publisher\" content=\"https:\/\/www.facebook.com\/filplast.firma\" \/>\n<meta property=\"article:modified_time\" content=\"2025-01-30T14:40:19+00:00\" \/>\n<meta property=\"og:image\" content=\"https:\/\/filplast.pl\/wp-content\/uploads\/2022\/06\/Cetta-80F-TE-1-big-1.jpg\" \/>\n\t<meta property=\"og:image:width\" content=\"1815\" \/>\n\t<meta property=\"og:image:height\" content=\"2048\" \/>\n\t<meta property=\"og:image:type\" content=\"image\/jpeg\" \/>\n<meta name=\"twitter:card\" content=\"summary_large_image\" \/>\n<meta name=\"twitter:label1\" content=\"Gesch\u00e4tzte Lesezeit\" \/>\n\t<meta name=\"twitter:data1\" content=\"1\u00a0Minute\" \/>\n<script type=\"application\/ld+json\" class=\"yoast-schema-graph\">{\"@context\":\"https:\/\/schema.org\",\"@graph\":[{\"@type\":\"WebPage\",\"@id\":\"https:\/\/filplast.pl\/de\/produkt\/jalousien-fur-schrage-fenster-c-80-flexi\/\",\"url\":\"https:\/\/filplast.pl\/de\/produkt\/jalousien-fur-schrage-fenster-c-80-flexi\/\",\"name\":\"Jalousien f\u00fcr schr\u00e4ge Fenster \u2013 dreieckige Konstruktionen I Filplast\",\"isPartOf\":{\"@id\":\"https:\/\/filplast.pl\/de\/#website\"},\"primaryImageOfPage\":{\"@id\":\"https:\/\/filplast.pl\/de\/produkt\/jalousien-fur-schrage-fenster-c-80-flexi\/#primaryimage\"},\"image\":{\"@id\":\"https:\/\/filplast.pl\/de\/produkt\/jalousien-fur-schrage-fenster-c-80-flexi\/#primaryimage\"},\"thumbnailUrl\":\"https:\/\/filplast.pl\/wp-content\/uploads\/2022\/06\/Cetta-80F-TE-1-big-1.jpg\",\"datePublished\":\"2022-06-14T09:07:20+00:00\",\"dateModified\":\"2025-01-30T14:40:19+00:00\",\"description\":\"Schr\u00e4ge Fassadenjalousien f\u00fcr dreieckige Fenster. Jalousien f\u00fcr ein modernes Haus inklusive Montage. Entdecken Sie die Premium-Produkte!\",\"breadcrumb\":{\"@id\":\"https:\/\/filplast.pl\/de\/produkt\/jalousien-fur-schrage-fenster-c-80-flexi\/#breadcrumb\"},\"inLanguage\":\"de\",\"potentialAction\":[{\"@type\":\"ReadAction\",\"target\":[\"https:\/\/filplast.pl\/de\/produkt\/jalousien-fur-schrage-fenster-c-80-flexi\/\"]}]},{\"@type\":\"ImageObject\",\"inLanguage\":\"de\",\"@id\":\"https:\/\/filplast.pl\/de\/produkt\/jalousien-fur-schrage-fenster-c-80-flexi\/#primaryimage\",\"url\":\"https:\/\/filplast.pl\/wp-content\/uploads\/2022\/06\/Cetta-80F-TE-1-big-1.jpg\",\"contentUrl\":\"https:\/\/filplast.pl\/wp-content\/uploads\/2022\/06\/Cetta-80F-TE-1-big-1.jpg\",\"width\":1815,\"height\":2048,\"caption\":\"\u017baluzje na sko\u015bne okna - grafika przedstawiaj\u0105ca konstrukcj\u0119 do tr\u00f3jk\u0105tnych okien\"},{\"@type\":\"BreadcrumbList\",\"@id\":\"https:\/\/filplast.pl\/de\/produkt\/jalousien-fur-schrage-fenster-c-80-flexi\/#breadcrumb\",\"itemListElement\":[{\"@type\":\"ListItem\",\"position\":1,\"name\":\"Startseite\",\"item\":\"https:\/\/filplast.pl\/de\/\"},{\"@type\":\"ListItem\",\"position\":2,\"name\":\"Produkte\",\"item\":\"https:\/\/filplast.pl\/de\/produkt\/\"},{\"@type\":\"ListItem\",\"position\":3,\"name\":\"Schr\u00e4ge Raffstoreanlagen\"}]},{\"@type\":\"WebSite\",\"@id\":\"https:\/\/filplast.pl\/de\/#website\",\"url\":\"https:\/\/filplast.pl\/de\/\",\"name\":\"Filplast f\u00fcr Generationen\",\"description\":\"Gersteller gesunder Fenster\",\"publisher\":{\"@id\":\"https:\/\/filplast.pl\/de\/#organization\"},\"potentialAction\":[{\"@type\":\"SearchAction\",\"target\":{\"@type\":\"EntryPoint\",\"urlTemplate\":\"https:\/\/filplast.pl\/de\/?s={search_term_string}\"},\"query-input\":{\"@type\":\"PropertyValueSpecification\",\"valueRequired\":true,\"valueName\":\"search_term_string\"}}],\"inLanguage\":\"de\"},{\"@type\":\"Organization\",\"@id\":\"https:\/\/filplast.pl\/de\/#organization\",\"name\":\"Filplast f\u00fcr Generationen\",\"url\":\"https:\/\/filplast.pl\/de\/\",\"logo\":{\"@type\":\"ImageObject\",\"inLanguage\":\"de\",\"@id\":\"https:\/\/filplast.pl\/de\/#\/schema\/logo\/image\/\",\"url\":\"https:\/\/filplast.pl\/wp-content\/uploads\/2023\/10\/favicon-filplast.png\",\"contentUrl\":\"https:\/\/filplast.pl\/wp-content\/uploads\/2023\/10\/favicon-filplast.png\",\"width\":2134,\"height\":2134,\"caption\":\"Filplast f\u00fcr Generationen\"},\"image\":{\"@id\":\"https:\/\/filplast.pl\/de\/#\/schema\/logo\/image\/\"},\"sameAs\":[\"https:\/\/www.facebook.com\/filplast.firma\",\"https:\/\/pl.pinterest.com\/filplast\/\",\"https:\/\/www.youtube.com\/FILPLASTchannel\",\"https:\/\/pl.linkedin.com\/company\/filplast-sp.-z-o.o.\",\"https:\/\/www.instagram.com\/filplast\/\"]}]}<\/script>\n<!-- \/ Yoast SEO plugin. -->","yoast_head_json":{"title":"Jalousien f\u00fcr schr\u00e4ge Fenster \u2013 dreieckige Konstruktionen I Filplast","description":"Schr\u00e4ge Fassadenjalousien f\u00fcr dreieckige Fenster. Jalousien f\u00fcr ein modernes Haus inklusive Montage. Entdecken Sie die Premium-Produkte!","robots":{"index":"index","follow":"follow","max-snippet":"max-snippet:-1","max-image-preview":"max-image-preview:large","max-video-preview":"max-video-preview:-1"},"canonical":"https:\/\/filplast.pl\/de\/produkt\/jalousien-fur-schrage-fenster-c-80-flexi\/","og_locale":"de_DE","og_type":"article","og_title":"Jalousien f\u00fcr schr\u00e4ge Fenster \u2013 dreieckige Konstruktionen I Filplast","og_description":"Schr\u00e4ge Fassadenjalousien f\u00fcr dreieckige Fenster. Jalousien f\u00fcr ein modernes Haus inklusive Montage. Entdecken Sie die Premium-Produkte!","og_url":"https:\/\/filplast.pl\/de\/produkt\/jalousien-fur-schrage-fenster-c-80-flexi\/","og_site_name":"Filplast f\u00fcr Generationen","article_publisher":"https:\/\/www.facebook.com\/filplast.firma","article_modified_time":"2025-01-30T14:40:19+00:00","og_image":[{"width":1815,"height":2048,"url":"https:\/\/filplast.pl\/wp-content\/uploads\/2022\/06\/Cetta-80F-TE-1-big-1.jpg","type":"image\/jpeg"}],"twitter_card":"summary_large_image","twitter_misc":{"Gesch\u00e4tzte Lesezeit":"1\u00a0Minute"},"schema":{"@context":"https:\/\/schema.org","@graph":[{"@type":"WebPage","@id":"https:\/\/filplast.pl\/de\/produkt\/jalousien-fur-schrage-fenster-c-80-flexi\/","url":"https:\/\/filplast.pl\/de\/produkt\/jalousien-fur-schrage-fenster-c-80-flexi\/","name":"Jalousien f\u00fcr schr\u00e4ge Fenster \u2013 dreieckige Konstruktionen I Filplast","isPartOf":{"@id":"https:\/\/filplast.pl\/de\/#website"},"primaryImageOfPage":{"@id":"https:\/\/filplast.pl\/de\/produkt\/jalousien-fur-schrage-fenster-c-80-flexi\/#primaryimage"},"image":{"@id":"https:\/\/filplast.pl\/de\/produkt\/jalousien-fur-schrage-fenster-c-80-flexi\/#primaryimage"},"thumbnailUrl":"https:\/\/filplast.pl\/wp-content\/uploads\/2022\/06\/Cetta-80F-TE-1-big-1.jpg","datePublished":"2022-06-14T09:07:20+00:00","dateModified":"2025-01-30T14:40:19+00:00","description":"Schr\u00e4ge Fassadenjalousien f\u00fcr dreieckige Fenster. Jalousien f\u00fcr ein modernes Haus inklusive Montage. Entdecken Sie die Premium-Produkte!","breadcrumb":{"@id":"https:\/\/filplast.pl\/de\/produkt\/jalousien-fur-schrage-fenster-c-80-flexi\/#breadcrumb"},"inLanguage":"de","potentialAction":[{"@type":"ReadAction","target":["https:\/\/filplast.pl\/de\/produkt\/jalousien-fur-schrage-fenster-c-80-flexi\/"]}]},{"@type":"ImageObject","inLanguage":"de","@id":"https:\/\/filplast.pl\/de\/produkt\/jalousien-fur-schrage-fenster-c-80-flexi\/#primaryimage","url":"https:\/\/filplast.pl\/wp-content\/uploads\/2022\/06\/Cetta-80F-TE-1-big-1.jpg","contentUrl":"https:\/\/filplast.pl\/wp-content\/uploads\/2022\/06\/Cetta-80F-TE-1-big-1.jpg","width":1815,"height":2048,"caption":"\u017baluzje na sko\u015bne okna - grafika przedstawiaj\u0105ca konstrukcj\u0119 do tr\u00f3jk\u0105tnych okien"},{"@type":"BreadcrumbList","@id":"https:\/\/filplast.pl\/de\/produkt\/jalousien-fur-schrage-fenster-c-80-flexi\/#breadcrumb","itemListElement":[{"@type":"ListItem","position":1,"name":"Startseite","item":"https:\/\/filplast.pl\/de\/"},{"@type":"ListItem","position":2,"name":"Produkte","item":"https:\/\/filplast.pl\/de\/produkt\/"},{"@type":"ListItem","position":3,"name":"Schr\u00e4ge Raffstoreanlagen"}]},{"@type":"WebSite","@id":"https:\/\/filplast.pl\/de\/#website","url":"https:\/\/filplast.pl\/de\/","name":"Filplast f\u00fcr Generationen","description":"Gersteller gesunder Fenster","publisher":{"@id":"https:\/\/filplast.pl\/de\/#organization"},"potentialAction":[{"@type":"SearchAction","target":{"@type":"EntryPoint","urlTemplate":"https:\/\/filplast.pl\/de\/?s={search_term_string}"},"query-input":{"@type":"PropertyValueSpecification","valueRequired":true,"valueName":"search_term_string"}}],"inLanguage":"de"},{"@type":"Organization","@id":"https:\/\/filplast.pl\/de\/#organization","name":"Filplast f\u00fcr Generationen","url":"https:\/\/filplast.pl\/de\/","logo":{"@type":"ImageObject","inLanguage":"de","@id":"https:\/\/filplast.pl\/de\/#\/schema\/logo\/image\/","url":"https:\/\/filplast.pl\/wp-content\/uploads\/2023\/10\/favicon-filplast.png","contentUrl":"https:\/\/filplast.pl\/wp-content\/uploads\/2023\/10\/favicon-filplast.png","width":2134,"height":2134,"caption":"Filplast f\u00fcr Generationen"},"image":{"@id":"https:\/\/filplast.pl\/de\/#\/schema\/logo\/image\/"},"sameAs":["https:\/\/www.facebook.com\/filplast.firma","https:\/\/pl.pinterest.com\/filplast\/","https:\/\/www.youtube.com\/FILPLASTchannel","https:\/\/pl.linkedin.com\/company\/filplast-sp.-z-o.o.","https:\/\/www.instagram.com\/filplast\/"]}]}},"uagb_featured_image_src":{"full":["https:\/\/filplast.pl\/wp-content\/uploads\/2022\/06\/Cetta-80F-TE-1-big-1.jpg",1815,2048,false],"thumbnail":["https:\/\/filplast.pl\/wp-content\/uploads\/2022\/06\/Cetta-80F-TE-1-big-1-150x150.jpg",150,150,true],"medium":["https:\/\/filplast.pl\/wp-content\/uploads\/2022\/06\/Cetta-80F-TE-1-big-1-266x300.jpg",266,300,true],"medium_large":["https:\/\/filplast.pl\/wp-content\/uploads\/2022\/06\/Cetta-80F-TE-1-big-1-768x867.jpg",768,867,true],"large":["https:\/\/filplast.pl\/wp-content\/uploads\/2022\/06\/Cetta-80F-TE-1-big-1-908x1024.jpg",908,1024,true],"1536x1536":["https:\/\/filplast.pl\/wp-content\/uploads\/2022\/06\/Cetta-80F-TE-1-big-1-1361x1536.jpg",1361,1536,true],"2048x2048":["https:\/\/filplast.pl\/wp-content\/uploads\/2022\/06\/Cetta-80F-TE-1-big-1.jpg",1815,2048,false],"depcore-widget-post-thumb":["https:\/\/filplast.pl\/wp-content\/uploads\/2022\/06\/Cetta-80F-TE-1-big-1-65x65.jpg",65,65,true],"depcore-widget-post-medium":["https:\/\/filplast.pl\/wp-content\/uploads\/2022\/06\/Cetta-80F-TE-1-big-1-280x150.jpg",280,150,true],"square":["https:\/\/filplast.pl\/wp-content\/uploads\/2022\/06\/Cetta-80F-TE-1-big-1-500x500.jpg",500,500,true],"small-square":["https:\/\/filplast.pl\/wp-content\/uploads\/2022\/06\/Cetta-80F-TE-1-big-1-250x250.jpg",250,250,true],"slider-image":["https:\/\/filplast.pl\/wp-content\/uploads\/2022\/06\/Cetta-80F-TE-1-big-1-1080x500.jpg",1080,500,true],"":["https:\/\/filplast.pl\/wp-content\/uploads\/2022\/06\/Cetta-80F-TE-1-big-1.jpg",222,250,false]},"uagb_author_info":{"display_name":"Micha\u0142 Mrukot","author_link":"https:\/\/filplast.pl\/de\/author\/"},"uagb_comment_info":0,"uagb_excerpt":"Schr\u00e4ge Jalousien sind die ideale L\u00f6sung f\u00fcr Fenster mit nicht standardm\u00e4\u00dfigen, dreieckigen Abmessungen.","_links":{"self":[{"href":"https:\/\/filplast.pl\/de\/wp-json\/wp\/v2\/product\/55489","targetHints":{"allow":["GET"]}}],"collection":[{"href":"https:\/\/filplast.pl\/de\/wp-json\/wp\/v2\/product"}],"about":[{"href":"https:\/\/filplast.pl\/de\/wp-json\/wp\/v2\/types\/product"}],"version-history":[{"count":4,"href":"https:\/\/filplast.pl\/de\/wp-json\/wp\/v2\/product\/55489\/revisions"}],"predecessor-version":[{"id":55514,"href":"https:\/\/filplast.pl\/de\/wp-json\/wp\/v2\/product\/55489\/revisions\/55514"}],"wp:featuredmedia":[{"embeddable":true,"href":"https:\/\/filplast.pl\/de\/wp-json\/wp\/v2\/media\/25069"}],"wp:attachment":[{"href":"https:\/\/filplast.pl\/de\/wp-json\/wp\/v2\/media?parent=55489"}],"curies":[{"name":"wp","href":"https:\/\/api.w.org\/{rel}","templated":true}]}}