{"id":5939,"date":"2021-03-13T16:01:17","date_gmt":"2021-03-13T15:01:17","guid":{"rendered":"https:\/\/filplast.pl\/produkt\/alustar-86-2\/"},"modified":"2026-01-15T15:45:08","modified_gmt":"2026-01-15T14:45:08","slug":"alu-fenster-alustar-86","status":"publish","type":"product","link":"https:\/\/filplast.pl\/de\/produkt\/alu-fenster-alustar-86\/","title":{"rendered":"AluStar 86"},"content":{"rendered":"<div id=\"modal-ready\"><p>Dieses System erm\u00f6glicht den Bau von gro\u00dfen und schweren Konstruktionen, die zugleich stabil und solide sind. Es erm\u00f6glicht die Fertigung eines Fensters mit einem verdeckten Fl\u00fcgel. AluStar 86 empfehlen wir f\u00fcr verschiedene Arten von \u00f6ffentlichen Geb\u00e4uden, B\u00fcros und Wohnh\u04d3usern.<\/p>\n\n\n<div style=\"height:10px\" aria-hidden=\"true\" class=\"wp-block-spacer\"><\/div>\n\n\n\n<p><strong><a href=\"https:\/\/filplast.pl\/katalogi\/kolory-veka-de\/#book\/\" target=\"_blank\" rel=\"noreferrer noopener\"><\/a><a href=\"https:\/\/filplast.pl\/katalogi\/kolory-adec-de\/#book\/\" target=\"_blank\" rel=\"noreferrer noopener\"><strong>Verf\u00fcgbare folierungen<\/strong><\/a> \u279c<\/strong><\/p>\n\n\n\n<div class=\"wp-block-buttons is-layout-flex wp-block-buttons-is-layout-flex\">\n<div class=\"wp-block-button\"><a class=\"wp-block-button__link has-background wp-element-button\" href=\"https:\/\/filplast.pl\/wp-content\/uploads\/2022\/07\/alustar_86_DE-1.pdf\" style=\"background-color:#00387b\" target=\"_blank\" rel=\"noreferrer noopener\">Produktkarte<\/a><\/div>\n<\/div>\n\n\n\n<p><\/p>\n<\/div>","protected":false},"excerpt":{"rendered":"<p>AluStar 86 ist ein stabiles System, das den Bau von gro\u00dffl\u00e4chigen Konstruktionen erm\u00f6glicht.<br \/>\nDieses System ist widerstandsf\u00e4hig gegen Windlast und andere Witterungsverh\u00e4ltnisse.<\/p>\n","protected":false},"featured_media":1576,"parent":0,"menu_order":364,"template":"","class_list":["post-5939","product","type-product","status-publish","has-post-thumbnail","hentry","product-category-fenster","product-category-aluminium-de","product-line-goldenline-de"],"yoast_head":"<!-- This site is optimized with the Yoast SEO plugin v24.7 - https:\/\/yoast.com\/wordpress\/plugins\/seo\/ -->\n<title>Alu-Fenster AluStar 86 - Filplast f\u00fcr Generationen<\/title>\n<meta name=\"robots\" content=\"index, follow, max-snippet:-1, max-image-preview:large, max-video-preview:-1\" \/>\n<link rel=\"canonical\" href=\"https:\/\/filplast.pl\/de\/produkt\/alu-fenster-alustar-86\/\" \/>\n<meta property=\"og:locale\" content=\"de_DE\" \/>\n<meta property=\"og:type\" content=\"article\" \/>\n<meta property=\"og:title\" content=\"Alu-Fenster AluStar 86 - Filplast f\u00fcr Generationen\" \/>\n<meta property=\"og:description\" content=\"AluStar 86 ist ein stabiles System, das den Bau von gro\u00dffl\u00e4chigen Konstruktionen erm\u00f6glicht. Dieses System ist widerstandsf\u00e4hig gegen Windlast und andere Witterungsverh\u00e4ltnisse.\" \/>\n<meta property=\"og:url\" content=\"https:\/\/filplast.pl\/de\/produkt\/alu-fenster-alustar-86\/\" \/>\n<meta property=\"og:site_name\" content=\"Filplast f\u00fcr Generationen\" \/>\n<meta property=\"article:publisher\" content=\"https:\/\/www.facebook.com\/filplast.firma\" \/>\n<meta property=\"article:modified_time\" content=\"2026-01-15T14:45:08+00:00\" \/>\n<meta property=\"og:image\" content=\"https:\/\/filplast.pl\/wp-content\/uploads\/2020\/12\/Okno-AluStar-86.png\" \/>\n\t<meta property=\"og:image:width\" content=\"800\" \/>\n\t<meta property=\"og:image:height\" content=\"800\" \/>\n\t<meta property=\"og:image:type\" content=\"image\/png\" \/>\n<meta name=\"twitter:card\" content=\"summary_large_image\" \/>\n<meta name=\"twitter:label1\" content=\"Gesch\u00e4tzte Lesezeit\" \/>\n\t<meta name=\"twitter:data1\" content=\"1\u00a0Minute\" \/>\n<script type=\"application\/ld+json\" class=\"yoast-schema-graph\">{\"@context\":\"https:\/\/schema.org\",\"@graph\":[{\"@type\":\"WebPage\",\"@id\":\"https:\/\/filplast.pl\/de\/produkt\/alu-fenster-alustar-86\/\",\"url\":\"https:\/\/filplast.pl\/de\/produkt\/alu-fenster-alustar-86\/\",\"name\":\"Alu-Fenster AluStar 86 - Filplast f\u00fcr Generationen\",\"isPartOf\":{\"@id\":\"https:\/\/filplast.pl\/de\/#website\"},\"primaryImageOfPage\":{\"@id\":\"https:\/\/filplast.pl\/de\/produkt\/alu-fenster-alustar-86\/#primaryimage\"},\"image\":{\"@id\":\"https:\/\/filplast.pl\/de\/produkt\/alu-fenster-alustar-86\/#primaryimage\"},\"thumbnailUrl\":\"https:\/\/filplast.pl\/wp-content\/uploads\/2020\/12\/Okno-AluStar-86.png\",\"datePublished\":\"2021-03-13T15:01:17+00:00\",\"dateModified\":\"2026-01-15T14:45:08+00:00\",\"breadcrumb\":{\"@id\":\"https:\/\/filplast.pl\/de\/produkt\/alu-fenster-alustar-86\/#breadcrumb\"},\"inLanguage\":\"de\",\"potentialAction\":[{\"@type\":\"ReadAction\",\"target\":[\"https:\/\/filplast.pl\/de\/produkt\/alu-fenster-alustar-86\/\"]}]},{\"@type\":\"ImageObject\",\"inLanguage\":\"de\",\"@id\":\"https:\/\/filplast.pl\/de\/produkt\/alu-fenster-alustar-86\/#primaryimage\",\"url\":\"https:\/\/filplast.pl\/wp-content\/uploads\/2020\/12\/Okno-AluStar-86.png\",\"contentUrl\":\"https:\/\/filplast.pl\/wp-content\/uploads\/2020\/12\/Okno-AluStar-86.png\",\"width\":800,\"height\":800},{\"@type\":\"BreadcrumbList\",\"@id\":\"https:\/\/filplast.pl\/de\/produkt\/alu-fenster-alustar-86\/#breadcrumb\",\"itemListElement\":[{\"@type\":\"ListItem\",\"position\":1,\"name\":\"Startseite\",\"item\":\"https:\/\/filplast.pl\/de\/\"},{\"@type\":\"ListItem\",\"position\":2,\"name\":\"Produkte\",\"item\":\"https:\/\/filplast.pl\/de\/produkt\/\"},{\"@type\":\"ListItem\",\"position\":3,\"name\":\"AluStar 86\"}]},{\"@type\":\"WebSite\",\"@id\":\"https:\/\/filplast.pl\/de\/#website\",\"url\":\"https:\/\/filplast.pl\/de\/\",\"name\":\"Filplast f\u00fcr Generationen\",\"description\":\"Gersteller gesunder Fenster\",\"publisher\":{\"@id\":\"https:\/\/filplast.pl\/de\/#organization\"},\"potentialAction\":[{\"@type\":\"SearchAction\",\"target\":{\"@type\":\"EntryPoint\",\"urlTemplate\":\"https:\/\/filplast.pl\/de\/?s={search_term_string}\"},\"query-input\":{\"@type\":\"PropertyValueSpecification\",\"valueRequired\":true,\"valueName\":\"search_term_string\"}}],\"inLanguage\":\"de\"},{\"@type\":\"Organization\",\"@id\":\"https:\/\/filplast.pl\/de\/#organization\",\"name\":\"Filplast f\u00fcr Generationen\",\"url\":\"https:\/\/filplast.pl\/de\/\",\"logo\":{\"@type\":\"ImageObject\",\"inLanguage\":\"de\",\"@id\":\"https:\/\/filplast.pl\/de\/#\/schema\/logo\/image\/\",\"url\":\"https:\/\/filplast.pl\/wp-content\/uploads\/2023\/10\/favicon-filplast.png\",\"contentUrl\":\"https:\/\/filplast.pl\/wp-content\/uploads\/2023\/10\/favicon-filplast.png\",\"width\":2134,\"height\":2134,\"caption\":\"Filplast f\u00fcr Generationen\"},\"image\":{\"@id\":\"https:\/\/filplast.pl\/de\/#\/schema\/logo\/image\/\"},\"sameAs\":[\"https:\/\/www.facebook.com\/filplast.firma\",\"https:\/\/pl.pinterest.com\/filplast\/\",\"https:\/\/www.youtube.com\/FILPLASTchannel\",\"https:\/\/pl.linkedin.com\/company\/filplast-sp.-z-o.o.\",\"https:\/\/www.instagram.com\/filplast\/\"]}]}<\/script>\n<!-- \/ Yoast SEO plugin. -->","yoast_head_json":{"title":"Alu-Fenster AluStar 86 - Filplast f\u00fcr Generationen","robots":{"index":"index","follow":"follow","max-snippet":"max-snippet:-1","max-image-preview":"max-image-preview:large","max-video-preview":"max-video-preview:-1"},"canonical":"https:\/\/filplast.pl\/de\/produkt\/alu-fenster-alustar-86\/","og_locale":"de_DE","og_type":"article","og_title":"Alu-Fenster AluStar 86 - Filplast f\u00fcr Generationen","og_description":"AluStar 86 ist ein stabiles System, das den Bau von gro\u00dffl\u00e4chigen Konstruktionen erm\u00f6glicht. Dieses System ist widerstandsf\u00e4hig gegen Windlast und andere Witterungsverh\u00e4ltnisse.","og_url":"https:\/\/filplast.pl\/de\/produkt\/alu-fenster-alustar-86\/","og_site_name":"Filplast f\u00fcr Generationen","article_publisher":"https:\/\/www.facebook.com\/filplast.firma","article_modified_time":"2026-01-15T14:45:08+00:00","og_image":[{"width":800,"height":800,"url":"https:\/\/filplast.pl\/wp-content\/uploads\/2020\/12\/Okno-AluStar-86.png","type":"image\/png"}],"twitter_card":"summary_large_image","twitter_misc":{"Gesch\u00e4tzte Lesezeit":"1\u00a0Minute"},"schema":{"@context":"https:\/\/schema.org","@graph":[{"@type":"WebPage","@id":"https:\/\/filplast.pl\/de\/produkt\/alu-fenster-alustar-86\/","url":"https:\/\/filplast.pl\/de\/produkt\/alu-fenster-alustar-86\/","name":"Alu-Fenster AluStar 86 - Filplast f\u00fcr Generationen","isPartOf":{"@id":"https:\/\/filplast.pl\/de\/#website"},"primaryImageOfPage":{"@id":"https:\/\/filplast.pl\/de\/produkt\/alu-fenster-alustar-86\/#primaryimage"},"image":{"@id":"https:\/\/filplast.pl\/de\/produkt\/alu-fenster-alustar-86\/#primaryimage"},"thumbnailUrl":"https:\/\/filplast.pl\/wp-content\/uploads\/2020\/12\/Okno-AluStar-86.png","datePublished":"2021-03-13T15:01:17+00:00","dateModified":"2026-01-15T14:45:08+00:00","breadcrumb":{"@id":"https:\/\/filplast.pl\/de\/produkt\/alu-fenster-alustar-86\/#breadcrumb"},"inLanguage":"de","potentialAction":[{"@type":"ReadAction","target":["https:\/\/filplast.pl\/de\/produkt\/alu-fenster-alustar-86\/"]}]},{"@type":"ImageObject","inLanguage":"de","@id":"https:\/\/filplast.pl\/de\/produkt\/alu-fenster-alustar-86\/#primaryimage","url":"https:\/\/filplast.pl\/wp-content\/uploads\/2020\/12\/Okno-AluStar-86.png","contentUrl":"https:\/\/filplast.pl\/wp-content\/uploads\/2020\/12\/Okno-AluStar-86.png","width":800,"height":800},{"@type":"BreadcrumbList","@id":"https:\/\/filplast.pl\/de\/produkt\/alu-fenster-alustar-86\/#breadcrumb","itemListElement":[{"@type":"ListItem","position":1,"name":"Startseite","item":"https:\/\/filplast.pl\/de\/"},{"@type":"ListItem","position":2,"name":"Produkte","item":"https:\/\/filplast.pl\/de\/produkt\/"},{"@type":"ListItem","position":3,"name":"AluStar 86"}]},{"@type":"WebSite","@id":"https:\/\/filplast.pl\/de\/#website","url":"https:\/\/filplast.pl\/de\/","name":"Filplast f\u00fcr Generationen","description":"Gersteller gesunder Fenster","publisher":{"@id":"https:\/\/filplast.pl\/de\/#organization"},"potentialAction":[{"@type":"SearchAction","target":{"@type":"EntryPoint","urlTemplate":"https:\/\/filplast.pl\/de\/?s={search_term_string}"},"query-input":{"@type":"PropertyValueSpecification","valueRequired":true,"valueName":"search_term_string"}}],"inLanguage":"de"},{"@type":"Organization","@id":"https:\/\/filplast.pl\/de\/#organization","name":"Filplast f\u00fcr Generationen","url":"https:\/\/filplast.pl\/de\/","logo":{"@type":"ImageObject","inLanguage":"de","@id":"https:\/\/filplast.pl\/de\/#\/schema\/logo\/image\/","url":"https:\/\/filplast.pl\/wp-content\/uploads\/2023\/10\/favicon-filplast.png","contentUrl":"https:\/\/filplast.pl\/wp-content\/uploads\/2023\/10\/favicon-filplast.png","width":2134,"height":2134,"caption":"Filplast f\u00fcr Generationen"},"image":{"@id":"https:\/\/filplast.pl\/de\/#\/schema\/logo\/image\/"},"sameAs":["https:\/\/www.facebook.com\/filplast.firma","https:\/\/pl.pinterest.com\/filplast\/","https:\/\/www.youtube.com\/FILPLASTchannel","https:\/\/pl.linkedin.com\/company\/filplast-sp.-z-o.o.","https:\/\/www.instagram.com\/filplast\/"]}]}},"uagb_featured_image_src":{"full":["https:\/\/filplast.pl\/wp-content\/uploads\/2020\/12\/Okno-AluStar-86.png",800,800,false],"thumbnail":["https:\/\/filplast.pl\/wp-content\/uploads\/2020\/12\/Okno-AluStar-86-150x150.png",150,150,true],"medium":["https:\/\/filplast.pl\/wp-content\/uploads\/2020\/12\/Okno-AluStar-86-300x300.png",300,300,true],"medium_large":["https:\/\/filplast.pl\/wp-content\/uploads\/2020\/12\/Okno-AluStar-86-768x768.png",768,768,true],"large":["https:\/\/filplast.pl\/wp-content\/uploads\/2020\/12\/Okno-AluStar-86.png",800,800,false],"1536x1536":["https:\/\/filplast.pl\/wp-content\/uploads\/2020\/12\/Okno-AluStar-86.png",800,800,false],"2048x2048":["https:\/\/filplast.pl\/wp-content\/uploads\/2020\/12\/Okno-AluStar-86.png",800,800,false],"depcore-widget-post-thumb":["https:\/\/filplast.pl\/wp-content\/uploads\/2020\/12\/Okno-AluStar-86.png",65,65,false],"depcore-widget-post-medium":["https:\/\/filplast.pl\/wp-content\/uploads\/2020\/12\/Okno-AluStar-86.png",150,150,false],"square":["https:\/\/filplast.pl\/wp-content\/uploads\/2020\/12\/Okno-AluStar-86-500x500.png",500,500,true],"small-square":["https:\/\/filplast.pl\/wp-content\/uploads\/2020\/12\/Okno-AluStar-86.png",250,250,false],"slider-image":["https:\/\/filplast.pl\/wp-content\/uploads\/2020\/12\/Okno-AluStar-86-800x500.png",800,500,true],"":["https:\/\/filplast.pl\/wp-content\/uploads\/2020\/12\/Okno-AluStar-86.png",250,250,false]},"uagb_author_info":{"display_name":"Micha\u0142 Mrukot","author_link":"https:\/\/filplast.pl\/de\/author\/"},"uagb_comment_info":0,"uagb_excerpt":"AluStar 86 ist ein stabiles System, das den Bau von gro\u00dffl\u00e4chigen Konstruktionen erm\u00f6glicht. Dieses System ist widerstandsf\u00e4hig gegen Windlast und andere Witterungsverh\u00e4ltnisse.","_links":{"self":[{"href":"https:\/\/filplast.pl\/de\/wp-json\/wp\/v2\/product\/5939","targetHints":{"allow":["GET"]}}],"collection":[{"href":"https:\/\/filplast.pl\/de\/wp-json\/wp\/v2\/product"}],"about":[{"href":"https:\/\/filplast.pl\/de\/wp-json\/wp\/v2\/types\/product"}],"version-history":[{"count":6,"href":"https:\/\/filplast.pl\/de\/wp-json\/wp\/v2\/product\/5939\/revisions"}],"predecessor-version":[{"id":64286,"href":"https:\/\/filplast.pl\/de\/wp-json\/wp\/v2\/product\/5939\/revisions\/64286"}],"wp:featuredmedia":[{"embeddable":true,"href":"https:\/\/filplast.pl\/de\/wp-json\/wp\/v2\/media\/1576"}],"wp:attachment":[{"href":"https:\/\/filplast.pl\/de\/wp-json\/wp\/v2\/media?parent=5939"}],"curies":[{"name":"wp","href":"https:\/\/api.w.org\/{rel}","templated":true}]}}