{"id":5944,"date":"2021-03-13T16:34:46","date_gmt":"2021-03-13T15:34:46","guid":{"rendered":"https:\/\/filplast.pl\/produkt\/sk-sko-sko-p\/"},"modified":"2021-05-11T15:46:58","modified_gmt":"2021-05-11T13:46:58","slug":"rollladen-sk-sko-sko-p","status":"publish","type":"product","link":"https:\/\/filplast.pl\/de\/produkt\/rollladen-sk-sko-sko-p\/","title":{"rendered":"SK, SKO, SKO-P"},"content":{"rendered":"<div id=\"modal-ready\"><p>Diese Rolll\u00e4den k\u00f6nnen im beliebigem Moment des Baus montiert werden und keine Vorbereitung der Mauer\u00f6ffnung ist n\u00f6tig.<\/p>\n<\/div>","protected":false},"excerpt":{"rendered":"<p>Dieses System ist vor allem f\u00fcr bereits stehende Geb\u00e4ude vorgesehen. Die Rollladenk\u00e4sten werden aus hochwertigem Aluminiumblech hergestellt. Sie k\u00f6nnen eine f\u00fcnfeckige ( SK ) oder ovale ( SKO ) Form haben.<\/p>\n","protected":false},"featured_media":37126,"parent":0,"menu_order":221,"template":"","class_list":["post-5944","product","type-product","status-publish","has-post-thumbnail","hentry","product-category-ausenrollladen","product-category-vorbaurollladen","product-line-silverline-de"],"yoast_head":"<!-- This site is optimized with the Yoast SEO plugin v24.7 - https:\/\/yoast.com\/wordpress\/plugins\/seo\/ -->\n<title>Au\u00dfenrolll\u00e4den SK, SKO, SKO-P - Filplast f\u00fcr Generationen<\/title>\n<meta name=\"robots\" content=\"index, follow, max-snippet:-1, max-image-preview:large, max-video-preview:-1\" \/>\n<link rel=\"canonical\" href=\"https:\/\/filplast.pl\/de\/produkt\/rollladen-sk-sko-sko-p\/\" \/>\n<meta property=\"og:locale\" content=\"de_DE\" \/>\n<meta property=\"og:type\" content=\"article\" \/>\n<meta property=\"og:title\" content=\"Au\u00dfenrolll\u00e4den SK, SKO, SKO-P - Filplast f\u00fcr Generationen\" \/>\n<meta property=\"og:description\" content=\"Dieses System ist vor allem f\u00fcr bereits stehende Geb\u00e4ude vorgesehen. Die Rollladenk\u00e4sten werden aus hochwertigem Aluminiumblech hergestellt. Sie k\u00f6nnen eine f\u00fcnfeckige ( SK ) oder ovale ( SKO ) Form haben.\" \/>\n<meta property=\"og:url\" content=\"https:\/\/filplast.pl\/de\/produkt\/rollladen-sk-sko-sko-p\/\" \/>\n<meta property=\"og:site_name\" content=\"Filplast f\u00fcr Generationen\" \/>\n<meta property=\"article:publisher\" content=\"https:\/\/www.facebook.com\/filplast.firma\" \/>\n<meta property=\"article:modified_time\" content=\"2021-05-11T13:46:58+00:00\" \/>\n<meta property=\"og:image\" content=\"https:\/\/filplast.pl\/wp-content\/uploads\/2020\/12\/SK-SKO-SKO-P.jpg\" \/>\n\t<meta property=\"og:image:width\" content=\"1080\" \/>\n\t<meta property=\"og:image:height\" content=\"500\" \/>\n\t<meta property=\"og:image:type\" content=\"image\/jpeg\" \/>\n<meta name=\"twitter:card\" content=\"summary_large_image\" \/>\n<script type=\"application\/ld+json\" class=\"yoast-schema-graph\">{\"@context\":\"https:\/\/schema.org\",\"@graph\":[{\"@type\":\"WebPage\",\"@id\":\"https:\/\/filplast.pl\/de\/produkt\/rollladen-sk-sko-sko-p\/\",\"url\":\"https:\/\/filplast.pl\/de\/produkt\/rollladen-sk-sko-sko-p\/\",\"name\":\"Au\u00dfenrolll\u00e4den SK, SKO, SKO-P - Filplast f\u00fcr Generationen\",\"isPartOf\":{\"@id\":\"https:\/\/filplast.pl\/de\/#website\"},\"primaryImageOfPage\":{\"@id\":\"https:\/\/filplast.pl\/de\/produkt\/rollladen-sk-sko-sko-p\/#primaryimage\"},\"image\":{\"@id\":\"https:\/\/filplast.pl\/de\/produkt\/rollladen-sk-sko-sko-p\/#primaryimage\"},\"thumbnailUrl\":\"https:\/\/filplast.pl\/wp-content\/uploads\/2020\/12\/SK-SKO-SKO-P.jpg\",\"datePublished\":\"2021-03-13T15:34:46+00:00\",\"dateModified\":\"2021-05-11T13:46:58+00:00\",\"breadcrumb\":{\"@id\":\"https:\/\/filplast.pl\/de\/produkt\/rollladen-sk-sko-sko-p\/#breadcrumb\"},\"inLanguage\":\"de\",\"potentialAction\":[{\"@type\":\"ReadAction\",\"target\":[\"https:\/\/filplast.pl\/de\/produkt\/rollladen-sk-sko-sko-p\/\"]}]},{\"@type\":\"ImageObject\",\"inLanguage\":\"de\",\"@id\":\"https:\/\/filplast.pl\/de\/produkt\/rollladen-sk-sko-sko-p\/#primaryimage\",\"url\":\"https:\/\/filplast.pl\/wp-content\/uploads\/2020\/12\/SK-SKO-SKO-P.jpg\",\"contentUrl\":\"https:\/\/filplast.pl\/wp-content\/uploads\/2020\/12\/SK-SKO-SKO-P.jpg\",\"width\":1080,\"height\":500,\"caption\":\"SK, SKO, SKO-P\"},{\"@type\":\"BreadcrumbList\",\"@id\":\"https:\/\/filplast.pl\/de\/produkt\/rollladen-sk-sko-sko-p\/#breadcrumb\",\"itemListElement\":[{\"@type\":\"ListItem\",\"position\":1,\"name\":\"Startseite\",\"item\":\"https:\/\/filplast.pl\/de\/\"},{\"@type\":\"ListItem\",\"position\":2,\"name\":\"Produkte\",\"item\":\"https:\/\/filplast.pl\/de\/produkt\/\"},{\"@type\":\"ListItem\",\"position\":3,\"name\":\"SK, SKO, SKO-P\"}]},{\"@type\":\"WebSite\",\"@id\":\"https:\/\/filplast.pl\/de\/#website\",\"url\":\"https:\/\/filplast.pl\/de\/\",\"name\":\"Filplast f\u00fcr Generationen\",\"description\":\"Gersteller gesunder Fenster\",\"publisher\":{\"@id\":\"https:\/\/filplast.pl\/de\/#organization\"},\"potentialAction\":[{\"@type\":\"SearchAction\",\"target\":{\"@type\":\"EntryPoint\",\"urlTemplate\":\"https:\/\/filplast.pl\/de\/?s={search_term_string}\"},\"query-input\":{\"@type\":\"PropertyValueSpecification\",\"valueRequired\":true,\"valueName\":\"search_term_string\"}}],\"inLanguage\":\"de\"},{\"@type\":\"Organization\",\"@id\":\"https:\/\/filplast.pl\/de\/#organization\",\"name\":\"Filplast f\u00fcr Generationen\",\"url\":\"https:\/\/filplast.pl\/de\/\",\"logo\":{\"@type\":\"ImageObject\",\"inLanguage\":\"de\",\"@id\":\"https:\/\/filplast.pl\/de\/#\/schema\/logo\/image\/\",\"url\":\"https:\/\/filplast.pl\/wp-content\/uploads\/2023\/10\/favicon-filplast.png\",\"contentUrl\":\"https:\/\/filplast.pl\/wp-content\/uploads\/2023\/10\/favicon-filplast.png\",\"width\":2134,\"height\":2134,\"caption\":\"Filplast f\u00fcr Generationen\"},\"image\":{\"@id\":\"https:\/\/filplast.pl\/de\/#\/schema\/logo\/image\/\"},\"sameAs\":[\"https:\/\/www.facebook.com\/filplast.firma\",\"https:\/\/pl.pinterest.com\/filplast\/\",\"https:\/\/www.youtube.com\/FILPLASTchannel\",\"https:\/\/pl.linkedin.com\/company\/filplast-sp.-z-o.o.\",\"https:\/\/www.instagram.com\/filplast\/\"]}]}<\/script>\n<!-- \/ Yoast SEO plugin. -->","yoast_head_json":{"title":"Au\u00dfenrolll\u00e4den SK, SKO, SKO-P - Filplast f\u00fcr Generationen","robots":{"index":"index","follow":"follow","max-snippet":"max-snippet:-1","max-image-preview":"max-image-preview:large","max-video-preview":"max-video-preview:-1"},"canonical":"https:\/\/filplast.pl\/de\/produkt\/rollladen-sk-sko-sko-p\/","og_locale":"de_DE","og_type":"article","og_title":"Au\u00dfenrolll\u00e4den SK, SKO, SKO-P - Filplast f\u00fcr Generationen","og_description":"Dieses System ist vor allem f\u00fcr bereits stehende Geb\u00e4ude vorgesehen. Die Rollladenk\u00e4sten werden aus hochwertigem Aluminiumblech hergestellt. Sie k\u00f6nnen eine f\u00fcnfeckige ( SK ) oder ovale ( SKO ) Form haben.","og_url":"https:\/\/filplast.pl\/de\/produkt\/rollladen-sk-sko-sko-p\/","og_site_name":"Filplast f\u00fcr Generationen","article_publisher":"https:\/\/www.facebook.com\/filplast.firma","article_modified_time":"2021-05-11T13:46:58+00:00","og_image":[{"width":1080,"height":500,"url":"https:\/\/filplast.pl\/wp-content\/uploads\/2020\/12\/SK-SKO-SKO-P.jpg","type":"image\/jpeg"}],"twitter_card":"summary_large_image","schema":{"@context":"https:\/\/schema.org","@graph":[{"@type":"WebPage","@id":"https:\/\/filplast.pl\/de\/produkt\/rollladen-sk-sko-sko-p\/","url":"https:\/\/filplast.pl\/de\/produkt\/rollladen-sk-sko-sko-p\/","name":"Au\u00dfenrolll\u00e4den SK, SKO, SKO-P - Filplast f\u00fcr Generationen","isPartOf":{"@id":"https:\/\/filplast.pl\/de\/#website"},"primaryImageOfPage":{"@id":"https:\/\/filplast.pl\/de\/produkt\/rollladen-sk-sko-sko-p\/#primaryimage"},"image":{"@id":"https:\/\/filplast.pl\/de\/produkt\/rollladen-sk-sko-sko-p\/#primaryimage"},"thumbnailUrl":"https:\/\/filplast.pl\/wp-content\/uploads\/2020\/12\/SK-SKO-SKO-P.jpg","datePublished":"2021-03-13T15:34:46+00:00","dateModified":"2021-05-11T13:46:58+00:00","breadcrumb":{"@id":"https:\/\/filplast.pl\/de\/produkt\/rollladen-sk-sko-sko-p\/#breadcrumb"},"inLanguage":"de","potentialAction":[{"@type":"ReadAction","target":["https:\/\/filplast.pl\/de\/produkt\/rollladen-sk-sko-sko-p\/"]}]},{"@type":"ImageObject","inLanguage":"de","@id":"https:\/\/filplast.pl\/de\/produkt\/rollladen-sk-sko-sko-p\/#primaryimage","url":"https:\/\/filplast.pl\/wp-content\/uploads\/2020\/12\/SK-SKO-SKO-P.jpg","contentUrl":"https:\/\/filplast.pl\/wp-content\/uploads\/2020\/12\/SK-SKO-SKO-P.jpg","width":1080,"height":500,"caption":"SK, SKO, SKO-P"},{"@type":"BreadcrumbList","@id":"https:\/\/filplast.pl\/de\/produkt\/rollladen-sk-sko-sko-p\/#breadcrumb","itemListElement":[{"@type":"ListItem","position":1,"name":"Startseite","item":"https:\/\/filplast.pl\/de\/"},{"@type":"ListItem","position":2,"name":"Produkte","item":"https:\/\/filplast.pl\/de\/produkt\/"},{"@type":"ListItem","position":3,"name":"SK, SKO, SKO-P"}]},{"@type":"WebSite","@id":"https:\/\/filplast.pl\/de\/#website","url":"https:\/\/filplast.pl\/de\/","name":"Filplast f\u00fcr Generationen","description":"Gersteller gesunder Fenster","publisher":{"@id":"https:\/\/filplast.pl\/de\/#organization"},"potentialAction":[{"@type":"SearchAction","target":{"@type":"EntryPoint","urlTemplate":"https:\/\/filplast.pl\/de\/?s={search_term_string}"},"query-input":{"@type":"PropertyValueSpecification","valueRequired":true,"valueName":"search_term_string"}}],"inLanguage":"de"},{"@type":"Organization","@id":"https:\/\/filplast.pl\/de\/#organization","name":"Filplast f\u00fcr Generationen","url":"https:\/\/filplast.pl\/de\/","logo":{"@type":"ImageObject","inLanguage":"de","@id":"https:\/\/filplast.pl\/de\/#\/schema\/logo\/image\/","url":"https:\/\/filplast.pl\/wp-content\/uploads\/2023\/10\/favicon-filplast.png","contentUrl":"https:\/\/filplast.pl\/wp-content\/uploads\/2023\/10\/favicon-filplast.png","width":2134,"height":2134,"caption":"Filplast f\u00fcr Generationen"},"image":{"@id":"https:\/\/filplast.pl\/de\/#\/schema\/logo\/image\/"},"sameAs":["https:\/\/www.facebook.com\/filplast.firma","https:\/\/pl.pinterest.com\/filplast\/","https:\/\/www.youtube.com\/FILPLASTchannel","https:\/\/pl.linkedin.com\/company\/filplast-sp.-z-o.o.","https:\/\/www.instagram.com\/filplast\/"]}]}},"uagb_featured_image_src":{"full":["https:\/\/filplast.pl\/wp-content\/uploads\/2020\/12\/SK-SKO-SKO-P.jpg",1080,500,false],"thumbnail":["https:\/\/filplast.pl\/wp-content\/uploads\/2020\/12\/SK-SKO-SKO-P-150x150.jpg",150,150,true],"medium":["https:\/\/filplast.pl\/wp-content\/uploads\/2020\/12\/SK-SKO-SKO-P-300x139.jpg",300,139,true],"medium_large":["https:\/\/filplast.pl\/wp-content\/uploads\/2020\/12\/SK-SKO-SKO-P-768x356.jpg",768,356,true],"large":["https:\/\/filplast.pl\/wp-content\/uploads\/2020\/12\/SK-SKO-SKO-P-1024x474.jpg",1024,474,true],"1536x1536":["https:\/\/filplast.pl\/wp-content\/uploads\/2020\/12\/SK-SKO-SKO-P.jpg",1080,500,false],"2048x2048":["https:\/\/filplast.pl\/wp-content\/uploads\/2020\/12\/SK-SKO-SKO-P.jpg",1080,500,false],"depcore-widget-post-thumb":["https:\/\/filplast.pl\/wp-content\/uploads\/2020\/12\/SK-SKO-SKO-P-65x65.jpg",65,65,true],"depcore-widget-post-medium":["https:\/\/filplast.pl\/wp-content\/uploads\/2020\/12\/SK-SKO-SKO-P-280x150.jpg",280,150,true],"square":["https:\/\/filplast.pl\/wp-content\/uploads\/2020\/12\/SK-SKO-SKO-P-500x500.jpg",500,500,true],"small-square":["https:\/\/filplast.pl\/wp-content\/uploads\/2020\/12\/SK-SKO-SKO-P-250x250.jpg",250,250,true],"slider-image":["https:\/\/filplast.pl\/wp-content\/uploads\/2020\/12\/SK-SKO-SKO-P.jpg",1080,500,false],"":["https:\/\/filplast.pl\/wp-content\/uploads\/2020\/12\/SK-SKO-SKO-P.jpg",380,176,false]},"uagb_author_info":{"display_name":"admin","author_link":"https:\/\/filplast.pl\/de\/author\/"},"uagb_comment_info":0,"uagb_excerpt":"Dieses System ist vor allem f\u00fcr bereits stehende Geb\u00e4ude vorgesehen. Die Rollladenk\u00e4sten werden aus hochwertigem Aluminiumblech hergestellt. Sie k\u00f6nnen eine f\u00fcnfeckige ( SK ) oder ovale ( SKO ) Form haben.","_links":{"self":[{"href":"https:\/\/filplast.pl\/de\/wp-json\/wp\/v2\/product\/5944","targetHints":{"allow":["GET"]}}],"collection":[{"href":"https:\/\/filplast.pl\/de\/wp-json\/wp\/v2\/product"}],"about":[{"href":"https:\/\/filplast.pl\/de\/wp-json\/wp\/v2\/types\/product"}],"version-history":[{"count":3,"href":"https:\/\/filplast.pl\/de\/wp-json\/wp\/v2\/product\/5944\/revisions"}],"predecessor-version":[{"id":8660,"href":"https:\/\/filplast.pl\/de\/wp-json\/wp\/v2\/product\/5944\/revisions\/8660"}],"wp:featuredmedia":[{"embeddable":true,"href":"https:\/\/filplast.pl\/de\/wp-json\/wp\/v2\/media\/37126"}],"wp:attachment":[{"href":"https:\/\/filplast.pl\/de\/wp-json\/wp\/v2\/media?parent=5944"}],"curies":[{"name":"wp","href":"https:\/\/api.w.org\/{rel}","templated":true}]}}