{"id":61229,"date":"2025-07-30T16:01:13","date_gmt":"2025-07-30T14:01:13","guid":{"rendered":"https:\/\/filplast.pl\/?post_type=product&#038;p=61229"},"modified":"2025-07-31T09:02:42","modified_gmt":"2025-07-31T07:02:42","slug":"skyforce-franzoesischer-balkon","status":"publish","type":"product","link":"https:\/\/filplast.pl\/de\/produkt\/skyforce-franzoesischer-balkon\/","title":{"rendered":"SKYFORCE Franz\u00f6sischer Balkon"},"content":{"rendered":"<div id=\"modal-ready\">\n<p>In der modernen Wohn- und Gewerbearchitektur sind gro\u00dffl\u00e4chige Verglasungen nicht mehr wegzudenken. Sie maximieren nicht nur den Tageslichteinfall, sondern schaffen flie\u00dfende \u00dcberg\u00e4nge zwischen Innen- und Au\u00dfenraum \u2013 und verleihen dem Geb\u00e4ude Leichtigkeit und Eleganz. Glasfl\u00e4chen beseitigen visuelle Barrieren \u2013 im Gegenteil: Sie lassen Innenr\u00e4ume mit der Natur verschmelzen und steigern den Wohnkomfort sowie das allgemeine Wohlbefinden.  <\/p>\n\n<p>In den oberen Etagen wird h\u00e4ufig ein franz\u00f6sischer Balkon aus Glas eingesetzt \u2013 eine transparente Absturzsicherung, die die minimalistische und elegante Optik der Fassade bewahrt und gleichzeitig eine ungehinderte Sicht nach au\u00dfen erm\u00f6glicht.  <\/p>\n\n<p><\/p>\n<\/div>","protected":false},"excerpt":{"rendered":"<p>SKYFORCE ist ein Absturzsicherungssystem aus Glas, das mit all unseren PVC- und Aluminiumfenstern kompatibel ist.<\/p>\n","protected":false},"featured_media":61180,"parent":0,"menu_order":1,"template":"","class_list":["post-61229","product","type-product","status-publish","has-post-thumbnail","hentry","product-category-franzoesischer-balkon-glas","product-line-platinumline-de"],"yoast_head":"<!-- This site is optimized with the Yoast SEO plugin v24.7 - https:\/\/yoast.com\/wordpress\/plugins\/seo\/ -->\n<title>SKYFORCE Franz\u00f6sischer Balkon | Filplast<\/title>\n<meta name=\"description\" content=\"SKYFORCE ist ein Glasbalkon, der vor dem Herausfallen sch\u00fctzt. Kompatibel mit allen von uns hergestellten PVC- und Alu-Fenstern.\" \/>\n<meta name=\"robots\" content=\"index, follow, max-snippet:-1, max-image-preview:large, max-video-preview:-1\" \/>\n<link rel=\"canonical\" href=\"https:\/\/filplast.pl\/de\/produkt\/skyforce-franzoesischer-balkon\/\" \/>\n<meta property=\"og:locale\" content=\"de_DE\" \/>\n<meta property=\"og:type\" content=\"article\" \/>\n<meta property=\"og:title\" content=\"SKYFORCE Franz\u00f6sischer Balkon | Filplast\" \/>\n<meta property=\"og:description\" content=\"SKYFORCE ist ein Glasbalkon, der vor dem Herausfallen sch\u00fctzt. Kompatibel mit allen von uns hergestellten PVC- und Alu-Fenstern.\" \/>\n<meta property=\"og:url\" content=\"https:\/\/filplast.pl\/de\/produkt\/skyforce-franzoesischer-balkon\/\" \/>\n<meta property=\"og:site_name\" content=\"Filplast f\u00fcr Generationen\" \/>\n<meta property=\"article:publisher\" content=\"https:\/\/www.facebook.com\/filplast.firma\" \/>\n<meta property=\"article:modified_time\" content=\"2025-07-31T07:02:42+00:00\" \/>\n<meta property=\"og:image\" content=\"https:\/\/filplast.pl\/wp-content\/uploads\/2025\/07\/Skyforce-Muenster_germany-20.jpg\" \/>\n\t<meta property=\"og:image:width\" content=\"1280\" \/>\n\t<meta property=\"og:image:height\" content=\"853\" \/>\n\t<meta property=\"og:image:type\" content=\"image\/jpeg\" \/>\n<meta name=\"twitter:card\" content=\"summary_large_image\" \/>\n<meta name=\"twitter:label1\" content=\"Gesch\u00e4tzte Lesezeit\" \/>\n\t<meta name=\"twitter:data1\" content=\"1\u00a0Minute\" \/>\n<script type=\"application\/ld+json\" class=\"yoast-schema-graph\">{\"@context\":\"https:\/\/schema.org\",\"@graph\":[{\"@type\":\"WebPage\",\"@id\":\"https:\/\/filplast.pl\/de\/produkt\/skyforce-franzoesischer-balkon\/\",\"url\":\"https:\/\/filplast.pl\/de\/produkt\/skyforce-franzoesischer-balkon\/\",\"name\":\"SKYFORCE Franz\u00f6sischer Balkon | Filplast\",\"isPartOf\":{\"@id\":\"https:\/\/filplast.pl\/de\/#website\"},\"primaryImageOfPage\":{\"@id\":\"https:\/\/filplast.pl\/de\/produkt\/skyforce-franzoesischer-balkon\/#primaryimage\"},\"image\":{\"@id\":\"https:\/\/filplast.pl\/de\/produkt\/skyforce-franzoesischer-balkon\/#primaryimage\"},\"thumbnailUrl\":\"https:\/\/filplast.pl\/wp-content\/uploads\/2025\/07\/Skyforce-Muenster_germany-20.jpg\",\"datePublished\":\"2025-07-30T14:01:13+00:00\",\"dateModified\":\"2025-07-31T07:02:42+00:00\",\"description\":\"SKYFORCE ist ein Glasbalkon, der vor dem Herausfallen sch\u00fctzt. Kompatibel mit allen von uns hergestellten PVC- und Alu-Fenstern.\",\"breadcrumb\":{\"@id\":\"https:\/\/filplast.pl\/de\/produkt\/skyforce-franzoesischer-balkon\/#breadcrumb\"},\"inLanguage\":\"de\",\"potentialAction\":[{\"@type\":\"ReadAction\",\"target\":[\"https:\/\/filplast.pl\/de\/produkt\/skyforce-franzoesischer-balkon\/\"]}]},{\"@type\":\"ImageObject\",\"inLanguage\":\"de\",\"@id\":\"https:\/\/filplast.pl\/de\/produkt\/skyforce-franzoesischer-balkon\/#primaryimage\",\"url\":\"https:\/\/filplast.pl\/wp-content\/uploads\/2025\/07\/Skyforce-Muenster_germany-20.jpg\",\"contentUrl\":\"https:\/\/filplast.pl\/wp-content\/uploads\/2025\/07\/Skyforce-Muenster_germany-20.jpg\",\"width\":1280,\"height\":853},{\"@type\":\"BreadcrumbList\",\"@id\":\"https:\/\/filplast.pl\/de\/produkt\/skyforce-franzoesischer-balkon\/#breadcrumb\",\"itemListElement\":[{\"@type\":\"ListItem\",\"position\":1,\"name\":\"Startseite\",\"item\":\"https:\/\/filplast.pl\/de\/\"},{\"@type\":\"ListItem\",\"position\":2,\"name\":\"Produkte\",\"item\":\"https:\/\/filplast.pl\/de\/produkt\/\"},{\"@type\":\"ListItem\",\"position\":3,\"name\":\"SKYFORCE Franz\u00f6sischer Balkon\"}]},{\"@type\":\"WebSite\",\"@id\":\"https:\/\/filplast.pl\/de\/#website\",\"url\":\"https:\/\/filplast.pl\/de\/\",\"name\":\"Filplast f\u00fcr Generationen\",\"description\":\"Gersteller gesunder Fenster\",\"publisher\":{\"@id\":\"https:\/\/filplast.pl\/de\/#organization\"},\"potentialAction\":[{\"@type\":\"SearchAction\",\"target\":{\"@type\":\"EntryPoint\",\"urlTemplate\":\"https:\/\/filplast.pl\/de\/?s={search_term_string}\"},\"query-input\":{\"@type\":\"PropertyValueSpecification\",\"valueRequired\":true,\"valueName\":\"search_term_string\"}}],\"inLanguage\":\"de\"},{\"@type\":\"Organization\",\"@id\":\"https:\/\/filplast.pl\/de\/#organization\",\"name\":\"Filplast f\u00fcr Generationen\",\"url\":\"https:\/\/filplast.pl\/de\/\",\"logo\":{\"@type\":\"ImageObject\",\"inLanguage\":\"de\",\"@id\":\"https:\/\/filplast.pl\/de\/#\/schema\/logo\/image\/\",\"url\":\"https:\/\/filplast.pl\/wp-content\/uploads\/2023\/10\/favicon-filplast.png\",\"contentUrl\":\"https:\/\/filplast.pl\/wp-content\/uploads\/2023\/10\/favicon-filplast.png\",\"width\":2134,\"height\":2134,\"caption\":\"Filplast f\u00fcr Generationen\"},\"image\":{\"@id\":\"https:\/\/filplast.pl\/de\/#\/schema\/logo\/image\/\"},\"sameAs\":[\"https:\/\/www.facebook.com\/filplast.firma\",\"https:\/\/pl.pinterest.com\/filplast\/\",\"https:\/\/www.youtube.com\/FILPLASTchannel\",\"https:\/\/pl.linkedin.com\/company\/filplast-sp.-z-o.o.\",\"https:\/\/www.instagram.com\/filplast\/\"]}]}<\/script>\n<!-- \/ Yoast SEO plugin. -->","yoast_head_json":{"title":"SKYFORCE Franz\u00f6sischer Balkon | Filplast","description":"SKYFORCE ist ein Glasbalkon, der vor dem Herausfallen sch\u00fctzt. Kompatibel mit allen von uns hergestellten PVC- und Alu-Fenstern.","robots":{"index":"index","follow":"follow","max-snippet":"max-snippet:-1","max-image-preview":"max-image-preview:large","max-video-preview":"max-video-preview:-1"},"canonical":"https:\/\/filplast.pl\/de\/produkt\/skyforce-franzoesischer-balkon\/","og_locale":"de_DE","og_type":"article","og_title":"SKYFORCE Franz\u00f6sischer Balkon | Filplast","og_description":"SKYFORCE ist ein Glasbalkon, der vor dem Herausfallen sch\u00fctzt. Kompatibel mit allen von uns hergestellten PVC- und Alu-Fenstern.","og_url":"https:\/\/filplast.pl\/de\/produkt\/skyforce-franzoesischer-balkon\/","og_site_name":"Filplast f\u00fcr Generationen","article_publisher":"https:\/\/www.facebook.com\/filplast.firma","article_modified_time":"2025-07-31T07:02:42+00:00","og_image":[{"width":1280,"height":853,"url":"https:\/\/filplast.pl\/wp-content\/uploads\/2025\/07\/Skyforce-Muenster_germany-20.jpg","type":"image\/jpeg"}],"twitter_card":"summary_large_image","twitter_misc":{"Gesch\u00e4tzte Lesezeit":"1\u00a0Minute"},"schema":{"@context":"https:\/\/schema.org","@graph":[{"@type":"WebPage","@id":"https:\/\/filplast.pl\/de\/produkt\/skyforce-franzoesischer-balkon\/","url":"https:\/\/filplast.pl\/de\/produkt\/skyforce-franzoesischer-balkon\/","name":"SKYFORCE Franz\u00f6sischer Balkon | Filplast","isPartOf":{"@id":"https:\/\/filplast.pl\/de\/#website"},"primaryImageOfPage":{"@id":"https:\/\/filplast.pl\/de\/produkt\/skyforce-franzoesischer-balkon\/#primaryimage"},"image":{"@id":"https:\/\/filplast.pl\/de\/produkt\/skyforce-franzoesischer-balkon\/#primaryimage"},"thumbnailUrl":"https:\/\/filplast.pl\/wp-content\/uploads\/2025\/07\/Skyforce-Muenster_germany-20.jpg","datePublished":"2025-07-30T14:01:13+00:00","dateModified":"2025-07-31T07:02:42+00:00","description":"SKYFORCE ist ein Glasbalkon, der vor dem Herausfallen sch\u00fctzt. Kompatibel mit allen von uns hergestellten PVC- und Alu-Fenstern.","breadcrumb":{"@id":"https:\/\/filplast.pl\/de\/produkt\/skyforce-franzoesischer-balkon\/#breadcrumb"},"inLanguage":"de","potentialAction":[{"@type":"ReadAction","target":["https:\/\/filplast.pl\/de\/produkt\/skyforce-franzoesischer-balkon\/"]}]},{"@type":"ImageObject","inLanguage":"de","@id":"https:\/\/filplast.pl\/de\/produkt\/skyforce-franzoesischer-balkon\/#primaryimage","url":"https:\/\/filplast.pl\/wp-content\/uploads\/2025\/07\/Skyforce-Muenster_germany-20.jpg","contentUrl":"https:\/\/filplast.pl\/wp-content\/uploads\/2025\/07\/Skyforce-Muenster_germany-20.jpg","width":1280,"height":853},{"@type":"BreadcrumbList","@id":"https:\/\/filplast.pl\/de\/produkt\/skyforce-franzoesischer-balkon\/#breadcrumb","itemListElement":[{"@type":"ListItem","position":1,"name":"Startseite","item":"https:\/\/filplast.pl\/de\/"},{"@type":"ListItem","position":2,"name":"Produkte","item":"https:\/\/filplast.pl\/de\/produkt\/"},{"@type":"ListItem","position":3,"name":"SKYFORCE Franz\u00f6sischer Balkon"}]},{"@type":"WebSite","@id":"https:\/\/filplast.pl\/de\/#website","url":"https:\/\/filplast.pl\/de\/","name":"Filplast f\u00fcr Generationen","description":"Gersteller gesunder Fenster","publisher":{"@id":"https:\/\/filplast.pl\/de\/#organization"},"potentialAction":[{"@type":"SearchAction","target":{"@type":"EntryPoint","urlTemplate":"https:\/\/filplast.pl\/de\/?s={search_term_string}"},"query-input":{"@type":"PropertyValueSpecification","valueRequired":true,"valueName":"search_term_string"}}],"inLanguage":"de"},{"@type":"Organization","@id":"https:\/\/filplast.pl\/de\/#organization","name":"Filplast f\u00fcr Generationen","url":"https:\/\/filplast.pl\/de\/","logo":{"@type":"ImageObject","inLanguage":"de","@id":"https:\/\/filplast.pl\/de\/#\/schema\/logo\/image\/","url":"https:\/\/filplast.pl\/wp-content\/uploads\/2023\/10\/favicon-filplast.png","contentUrl":"https:\/\/filplast.pl\/wp-content\/uploads\/2023\/10\/favicon-filplast.png","width":2134,"height":2134,"caption":"Filplast f\u00fcr Generationen"},"image":{"@id":"https:\/\/filplast.pl\/de\/#\/schema\/logo\/image\/"},"sameAs":["https:\/\/www.facebook.com\/filplast.firma","https:\/\/pl.pinterest.com\/filplast\/","https:\/\/www.youtube.com\/FILPLASTchannel","https:\/\/pl.linkedin.com\/company\/filplast-sp.-z-o.o.","https:\/\/www.instagram.com\/filplast\/"]}]}},"uagb_featured_image_src":{"full":["https:\/\/filplast.pl\/wp-content\/uploads\/2025\/07\/Skyforce-Muenster_germany-20.jpg",1280,853,false],"thumbnail":["https:\/\/filplast.pl\/wp-content\/uploads\/2025\/07\/Skyforce-Muenster_germany-20-250x250.jpg",250,250,true],"medium":["https:\/\/filplast.pl\/wp-content\/uploads\/2025\/07\/Skyforce-Muenster_germany-20-400x267.jpg",400,267,true],"medium_large":["https:\/\/filplast.pl\/wp-content\/uploads\/2025\/07\/Skyforce-Muenster_germany-20-768x512.jpg",768,512,true],"large":["https:\/\/filplast.pl\/wp-content\/uploads\/2025\/07\/Skyforce-Muenster_germany-20-1024x682.jpg",1024,682,true],"1536x1536":["https:\/\/filplast.pl\/wp-content\/uploads\/2025\/07\/Skyforce-Muenster_germany-20.jpg",1280,853,false],"2048x2048":["https:\/\/filplast.pl\/wp-content\/uploads\/2025\/07\/Skyforce-Muenster_germany-20.jpg",1280,853,false],"depcore-widget-post-thumb":["https:\/\/filplast.pl\/wp-content\/uploads\/2025\/07\/Skyforce-Muenster_germany-20-65x65.jpg",65,65,true],"depcore-widget-post-medium":["https:\/\/filplast.pl\/wp-content\/uploads\/2025\/07\/Skyforce-Muenster_germany-20-280x150.jpg",280,150,true],"square":["https:\/\/filplast.pl\/wp-content\/uploads\/2025\/07\/Skyforce-Muenster_germany-20-500x500.jpg",500,500,true],"small-square":["https:\/\/filplast.pl\/wp-content\/uploads\/2025\/07\/Skyforce-Muenster_germany-20-250x250.jpg",250,250,true],"slider-image":["https:\/\/filplast.pl\/wp-content\/uploads\/2025\/07\/Skyforce-Muenster_germany-20-1080x500.jpg",1080,500,true],"":["https:\/\/filplast.pl\/wp-content\/uploads\/2025\/07\/Skyforce-Muenster_germany-20.jpg",375,250,false]},"uagb_author_info":{"display_name":"Micha\u0142 Mrukot","author_link":"https:\/\/filplast.pl\/de\/author\/"},"uagb_comment_info":0,"uagb_excerpt":"SKYFORCE ist ein Absturzsicherungssystem aus Glas, das mit all unseren PVC- und Aluminiumfenstern kompatibel ist.","_links":{"self":[{"href":"https:\/\/filplast.pl\/de\/wp-json\/wp\/v2\/product\/61229","targetHints":{"allow":["GET"]}}],"collection":[{"href":"https:\/\/filplast.pl\/de\/wp-json\/wp\/v2\/product"}],"about":[{"href":"https:\/\/filplast.pl\/de\/wp-json\/wp\/v2\/types\/product"}],"version-history":[{"count":3,"href":"https:\/\/filplast.pl\/de\/wp-json\/wp\/v2\/product\/61229\/revisions"}],"predecessor-version":[{"id":61628,"href":"https:\/\/filplast.pl\/de\/wp-json\/wp\/v2\/product\/61229\/revisions\/61628"}],"wp:featuredmedia":[{"embeddable":true,"href":"https:\/\/filplast.pl\/de\/wp-json\/wp\/v2\/media\/61180"}],"wp:attachment":[{"href":"https:\/\/filplast.pl\/de\/wp-json\/wp\/v2\/media?parent=61229"}],"curies":[{"name":"wp","href":"https:\/\/api.w.org\/{rel}","templated":true}]}}