{"id":6296,"date":"2021-03-17T21:02:31","date_gmt":"2021-03-17T20:02:31","guid":{"rendered":"https:\/\/filplast.pl\/produkt\/trendstar-70\/"},"modified":"2024-10-29T15:00:30","modified_gmt":"2024-10-29T14:00:30","slug":"turen-trendstar-70","status":"publish","type":"product","link":"https:\/\/filplast.pl\/de\/produkt\/turen-trendstar-70\/","title":{"rendered":"TrendStar 70"},"content":{"rendered":"<div id=\"modal-ready\"><p>TrendStar 70 ist ein klassisches und elegantes System f\u00fcr den universellen Einsatz. Die Wartung und Pflege ist \u00e4u\u00dferst einfach. Es ist ein Modell, das in der vollst\u00e4ndigen RAL-Farbpalette und in einer Vielzahl von Dekorfolien erh\u00e4ltlich ist. Diese T\u00fcren k\u00f6nnen sowohl nach innen als auch nach au\u00dfen ge\u00f6ffnet werden.<\/p>\n\n\n<p><a href=\"https:\/\/filplast.pl\/wp-content\/uploads\/2024\/10\/VEKA-Verfugbare-folierungen.pdf\" target=\"_blank\" rel=\"noreferrer noopener\"><strong>Verf\u00fcgbare folierungen \u279c<\/strong><\/a><\/p>\n\n\n\n<div style=\"height:10px\" aria-hidden=\"true\" class=\"wp-block-spacer\"><\/div>\n\n\n\n<div class=\"wp-block-buttons is-layout-flex wp-block-buttons-is-layout-flex\">\n<div class=\"wp-block-button\"><a class=\"wp-block-button__link has-background wp-element-button\" href=\"https:\/\/filplast.pl\/wp-content\/uploads\/2022\/07\/trendstar_70_DE.pdf\" style=\"background-color:#00387b\" target=\"_blank\" rel=\"noreferrer noopener\"><strong>Produktkarte<\/strong><\/a><\/div>\n<\/div>\n<\/div>","protected":false},"excerpt":{"rendered":"<p>Die TrendStar 70 T\u00fcr erf\u00fcllt verl\u00e4sslig ihre Grundfunktionen und die gestellten Aufgaben. Sie ist eine gro\u00dfartige Deckung, die vor Windb\u00f6en und vor Temperaturverlust sch\u00fctzt.<\/p>\n","protected":false},"featured_media":4410,"parent":0,"menu_order":197,"template":"","class_list":["post-6296","product","type-product","status-publish","has-post-thumbnail","hentry","product-category-ausenturen","product-category-pvc-turen","product-category-turen","product-line-silverline-de"],"yoast_head":"<!-- This site is optimized with the Yoast SEO plugin v24.7 - https:\/\/yoast.com\/wordpress\/plugins\/seo\/ -->\n<title>Au\u00dfent\u00fcren<\/title>\n<meta name=\"robots\" content=\"index, follow, max-snippet:-1, max-image-preview:large, max-video-preview:-1\" \/>\n<link rel=\"canonical\" href=\"https:\/\/filplast.pl\/de\/produkt\/turen-trendstar-70\/\" \/>\n<meta property=\"og:locale\" content=\"de_DE\" \/>\n<meta property=\"og:type\" content=\"article\" \/>\n<meta property=\"og:title\" content=\"Au\u00dfent\u00fcren\" \/>\n<meta property=\"og:description\" content=\"Die TrendStar 70 T\u00fcr erf\u00fcllt verl\u00e4sslig ihre Grundfunktionen und die gestellten Aufgaben. Sie ist eine gro\u00dfartige Deckung, die vor Windb\u00f6en und vor Temperaturverlust sch\u00fctzt.\" \/>\n<meta property=\"og:url\" content=\"https:\/\/filplast.pl\/de\/produkt\/turen-trendstar-70\/\" \/>\n<meta property=\"og:site_name\" content=\"Filplast f\u00fcr Generationen\" \/>\n<meta property=\"article:publisher\" content=\"https:\/\/www.facebook.com\/filplast.firma\" \/>\n<meta property=\"article:modified_time\" content=\"2024-10-29T14:00:30+00:00\" \/>\n<meta property=\"og:image\" content=\"https:\/\/filplast.pl\/wp-content\/uploads\/2021\/02\/Drzwi-TrendStar-70-1.png\" \/>\n\t<meta property=\"og:image:width\" content=\"2000\" \/>\n\t<meta property=\"og:image:height\" content=\"2000\" \/>\n\t<meta property=\"og:image:type\" content=\"image\/png\" \/>\n<meta name=\"twitter:card\" content=\"summary_large_image\" \/>\n<meta name=\"twitter:label1\" content=\"Gesch\u00e4tzte Lesezeit\" \/>\n\t<meta name=\"twitter:data1\" content=\"1\u00a0Minute\" \/>\n<script type=\"application\/ld+json\" class=\"yoast-schema-graph\">{\"@context\":\"https:\/\/schema.org\",\"@graph\":[{\"@type\":\"WebPage\",\"@id\":\"https:\/\/filplast.pl\/de\/produkt\/turen-trendstar-70\/\",\"url\":\"https:\/\/filplast.pl\/de\/produkt\/turen-trendstar-70\/\",\"name\":\"Au\u00dfent\u00fcren\",\"isPartOf\":{\"@id\":\"https:\/\/filplast.pl\/de\/#website\"},\"primaryImageOfPage\":{\"@id\":\"https:\/\/filplast.pl\/de\/produkt\/turen-trendstar-70\/#primaryimage\"},\"image\":{\"@id\":\"https:\/\/filplast.pl\/de\/produkt\/turen-trendstar-70\/#primaryimage\"},\"thumbnailUrl\":\"https:\/\/filplast.pl\/wp-content\/uploads\/2021\/02\/Drzwi-TrendStar-70-1.png\",\"datePublished\":\"2021-03-17T20:02:31+00:00\",\"dateModified\":\"2024-10-29T14:00:30+00:00\",\"breadcrumb\":{\"@id\":\"https:\/\/filplast.pl\/de\/produkt\/turen-trendstar-70\/#breadcrumb\"},\"inLanguage\":\"de\",\"potentialAction\":[{\"@type\":\"ReadAction\",\"target\":[\"https:\/\/filplast.pl\/de\/produkt\/turen-trendstar-70\/\"]}]},{\"@type\":\"ImageObject\",\"inLanguage\":\"de\",\"@id\":\"https:\/\/filplast.pl\/de\/produkt\/turen-trendstar-70\/#primaryimage\",\"url\":\"https:\/\/filplast.pl\/wp-content\/uploads\/2021\/02\/Drzwi-TrendStar-70-1.png\",\"contentUrl\":\"https:\/\/filplast.pl\/wp-content\/uploads\/2021\/02\/Drzwi-TrendStar-70-1.png\",\"width\":2000,\"height\":2000},{\"@type\":\"BreadcrumbList\",\"@id\":\"https:\/\/filplast.pl\/de\/produkt\/turen-trendstar-70\/#breadcrumb\",\"itemListElement\":[{\"@type\":\"ListItem\",\"position\":1,\"name\":\"Startseite\",\"item\":\"https:\/\/filplast.pl\/de\/\"},{\"@type\":\"ListItem\",\"position\":2,\"name\":\"Produkte\",\"item\":\"https:\/\/filplast.pl\/de\/produkt\/\"},{\"@type\":\"ListItem\",\"position\":3,\"name\":\"TrendStar 70\"}]},{\"@type\":\"WebSite\",\"@id\":\"https:\/\/filplast.pl\/de\/#website\",\"url\":\"https:\/\/filplast.pl\/de\/\",\"name\":\"Filplast f\u00fcr Generationen\",\"description\":\"Gersteller gesunder Fenster\",\"publisher\":{\"@id\":\"https:\/\/filplast.pl\/de\/#organization\"},\"potentialAction\":[{\"@type\":\"SearchAction\",\"target\":{\"@type\":\"EntryPoint\",\"urlTemplate\":\"https:\/\/filplast.pl\/de\/?s={search_term_string}\"},\"query-input\":{\"@type\":\"PropertyValueSpecification\",\"valueRequired\":true,\"valueName\":\"search_term_string\"}}],\"inLanguage\":\"de\"},{\"@type\":\"Organization\",\"@id\":\"https:\/\/filplast.pl\/de\/#organization\",\"name\":\"Filplast f\u00fcr Generationen\",\"url\":\"https:\/\/filplast.pl\/de\/\",\"logo\":{\"@type\":\"ImageObject\",\"inLanguage\":\"de\",\"@id\":\"https:\/\/filplast.pl\/de\/#\/schema\/logo\/image\/\",\"url\":\"https:\/\/filplast.pl\/wp-content\/uploads\/2023\/10\/favicon-filplast.png\",\"contentUrl\":\"https:\/\/filplast.pl\/wp-content\/uploads\/2023\/10\/favicon-filplast.png\",\"width\":2134,\"height\":2134,\"caption\":\"Filplast f\u00fcr Generationen\"},\"image\":{\"@id\":\"https:\/\/filplast.pl\/de\/#\/schema\/logo\/image\/\"},\"sameAs\":[\"https:\/\/www.facebook.com\/filplast.firma\",\"https:\/\/pl.pinterest.com\/filplast\/\",\"https:\/\/www.youtube.com\/FILPLASTchannel\",\"https:\/\/pl.linkedin.com\/company\/filplast-sp.-z-o.o.\",\"https:\/\/www.instagram.com\/filplast\/\"]}]}<\/script>\n<!-- \/ Yoast SEO plugin. -->","yoast_head_json":{"title":"Au\u00dfent\u00fcren","robots":{"index":"index","follow":"follow","max-snippet":"max-snippet:-1","max-image-preview":"max-image-preview:large","max-video-preview":"max-video-preview:-1"},"canonical":"https:\/\/filplast.pl\/de\/produkt\/turen-trendstar-70\/","og_locale":"de_DE","og_type":"article","og_title":"Au\u00dfent\u00fcren","og_description":"Die TrendStar 70 T\u00fcr erf\u00fcllt verl\u00e4sslig ihre Grundfunktionen und die gestellten Aufgaben. Sie ist eine gro\u00dfartige Deckung, die vor Windb\u00f6en und vor Temperaturverlust sch\u00fctzt.","og_url":"https:\/\/filplast.pl\/de\/produkt\/turen-trendstar-70\/","og_site_name":"Filplast f\u00fcr Generationen","article_publisher":"https:\/\/www.facebook.com\/filplast.firma","article_modified_time":"2024-10-29T14:00:30+00:00","og_image":[{"width":2000,"height":2000,"url":"https:\/\/filplast.pl\/wp-content\/uploads\/2021\/02\/Drzwi-TrendStar-70-1.png","type":"image\/png"}],"twitter_card":"summary_large_image","twitter_misc":{"Gesch\u00e4tzte Lesezeit":"1\u00a0Minute"},"schema":{"@context":"https:\/\/schema.org","@graph":[{"@type":"WebPage","@id":"https:\/\/filplast.pl\/de\/produkt\/turen-trendstar-70\/","url":"https:\/\/filplast.pl\/de\/produkt\/turen-trendstar-70\/","name":"Au\u00dfent\u00fcren","isPartOf":{"@id":"https:\/\/filplast.pl\/de\/#website"},"primaryImageOfPage":{"@id":"https:\/\/filplast.pl\/de\/produkt\/turen-trendstar-70\/#primaryimage"},"image":{"@id":"https:\/\/filplast.pl\/de\/produkt\/turen-trendstar-70\/#primaryimage"},"thumbnailUrl":"https:\/\/filplast.pl\/wp-content\/uploads\/2021\/02\/Drzwi-TrendStar-70-1.png","datePublished":"2021-03-17T20:02:31+00:00","dateModified":"2024-10-29T14:00:30+00:00","breadcrumb":{"@id":"https:\/\/filplast.pl\/de\/produkt\/turen-trendstar-70\/#breadcrumb"},"inLanguage":"de","potentialAction":[{"@type":"ReadAction","target":["https:\/\/filplast.pl\/de\/produkt\/turen-trendstar-70\/"]}]},{"@type":"ImageObject","inLanguage":"de","@id":"https:\/\/filplast.pl\/de\/produkt\/turen-trendstar-70\/#primaryimage","url":"https:\/\/filplast.pl\/wp-content\/uploads\/2021\/02\/Drzwi-TrendStar-70-1.png","contentUrl":"https:\/\/filplast.pl\/wp-content\/uploads\/2021\/02\/Drzwi-TrendStar-70-1.png","width":2000,"height":2000},{"@type":"BreadcrumbList","@id":"https:\/\/filplast.pl\/de\/produkt\/turen-trendstar-70\/#breadcrumb","itemListElement":[{"@type":"ListItem","position":1,"name":"Startseite","item":"https:\/\/filplast.pl\/de\/"},{"@type":"ListItem","position":2,"name":"Produkte","item":"https:\/\/filplast.pl\/de\/produkt\/"},{"@type":"ListItem","position":3,"name":"TrendStar 70"}]},{"@type":"WebSite","@id":"https:\/\/filplast.pl\/de\/#website","url":"https:\/\/filplast.pl\/de\/","name":"Filplast f\u00fcr Generationen","description":"Gersteller gesunder Fenster","publisher":{"@id":"https:\/\/filplast.pl\/de\/#organization"},"potentialAction":[{"@type":"SearchAction","target":{"@type":"EntryPoint","urlTemplate":"https:\/\/filplast.pl\/de\/?s={search_term_string}"},"query-input":{"@type":"PropertyValueSpecification","valueRequired":true,"valueName":"search_term_string"}}],"inLanguage":"de"},{"@type":"Organization","@id":"https:\/\/filplast.pl\/de\/#organization","name":"Filplast f\u00fcr Generationen","url":"https:\/\/filplast.pl\/de\/","logo":{"@type":"ImageObject","inLanguage":"de","@id":"https:\/\/filplast.pl\/de\/#\/schema\/logo\/image\/","url":"https:\/\/filplast.pl\/wp-content\/uploads\/2023\/10\/favicon-filplast.png","contentUrl":"https:\/\/filplast.pl\/wp-content\/uploads\/2023\/10\/favicon-filplast.png","width":2134,"height":2134,"caption":"Filplast f\u00fcr Generationen"},"image":{"@id":"https:\/\/filplast.pl\/de\/#\/schema\/logo\/image\/"},"sameAs":["https:\/\/www.facebook.com\/filplast.firma","https:\/\/pl.pinterest.com\/filplast\/","https:\/\/www.youtube.com\/FILPLASTchannel","https:\/\/pl.linkedin.com\/company\/filplast-sp.-z-o.o.","https:\/\/www.instagram.com\/filplast\/"]}]}},"uagb_featured_image_src":{"full":["https:\/\/filplast.pl\/wp-content\/uploads\/2021\/02\/Drzwi-TrendStar-70-1.png",2000,2000,false],"thumbnail":["https:\/\/filplast.pl\/wp-content\/uploads\/2021\/02\/Drzwi-TrendStar-70-1-150x150.png",150,150,true],"medium":["https:\/\/filplast.pl\/wp-content\/uploads\/2021\/02\/Drzwi-TrendStar-70-1-300x300.png",300,300,true],"medium_large":["https:\/\/filplast.pl\/wp-content\/uploads\/2021\/02\/Drzwi-TrendStar-70-1-768x768.png",768,768,true],"large":["https:\/\/filplast.pl\/wp-content\/uploads\/2021\/02\/Drzwi-TrendStar-70-1-1024x1024.png",1024,1024,true],"1536x1536":["https:\/\/filplast.pl\/wp-content\/uploads\/2021\/02\/Drzwi-TrendStar-70-1-1536x1536.png",1536,1536,true],"2048x2048":["https:\/\/filplast.pl\/wp-content\/uploads\/2021\/02\/Drzwi-TrendStar-70-1.png",2000,2000,false],"depcore-widget-post-thumb":["https:\/\/filplast.pl\/wp-content\/uploads\/2021\/02\/Drzwi-TrendStar-70-1-65x65.png",65,65,true],"depcore-widget-post-medium":["https:\/\/filplast.pl\/wp-content\/uploads\/2021\/02\/Drzwi-TrendStar-70-1-280x150.png",280,150,true],"square":["https:\/\/filplast.pl\/wp-content\/uploads\/2021\/02\/Drzwi-TrendStar-70-1-500x500.png",500,500,true],"small-square":["https:\/\/filplast.pl\/wp-content\/uploads\/2021\/02\/Drzwi-TrendStar-70-1-250x250.png",250,250,true],"slider-image":["https:\/\/filplast.pl\/wp-content\/uploads\/2021\/02\/Drzwi-TrendStar-70-1-1080x500.png",1080,500,true],"":["https:\/\/filplast.pl\/wp-content\/uploads\/2021\/02\/Drzwi-TrendStar-70-1.png",250,250,false]},"uagb_author_info":{"display_name":"Micha\u0142 Mrukot","author_link":"https:\/\/filplast.pl\/de\/author\/"},"uagb_comment_info":0,"uagb_excerpt":"Die TrendStar 70 T\u00fcr erf\u00fcllt verl\u00e4sslig ihre Grundfunktionen und die gestellten Aufgaben. Sie ist eine gro\u00dfartige Deckung, die vor Windb\u00f6en und vor Temperaturverlust sch\u00fctzt.","_links":{"self":[{"href":"https:\/\/filplast.pl\/de\/wp-json\/wp\/v2\/product\/6296","targetHints":{"allow":["GET"]}}],"collection":[{"href":"https:\/\/filplast.pl\/de\/wp-json\/wp\/v2\/product"}],"about":[{"href":"https:\/\/filplast.pl\/de\/wp-json\/wp\/v2\/types\/product"}],"version-history":[{"count":6,"href":"https:\/\/filplast.pl\/de\/wp-json\/wp\/v2\/product\/6296\/revisions"}],"predecessor-version":[{"id":53412,"href":"https:\/\/filplast.pl\/de\/wp-json\/wp\/v2\/product\/6296\/revisions\/53412"}],"wp:featuredmedia":[{"embeddable":true,"href":"https:\/\/filplast.pl\/de\/wp-json\/wp\/v2\/media\/4410"}],"wp:attachment":[{"href":"https:\/\/filplast.pl\/de\/wp-json\/wp\/v2\/media?parent=6296"}],"curies":[{"name":"wp","href":"https:\/\/api.w.org\/{rel}","templated":true}]}}