{"id":6298,"date":"2021-03-17T21:08:32","date_gmt":"2021-03-17T20:08:32","guid":{"rendered":"https:\/\/filplast.pl\/produkt\/climastar-82-alu\/"},"modified":"2021-05-28T09:05:25","modified_gmt":"2021-05-28T07:05:25","slug":"tueren-climastar-82-alu","status":"publish","type":"product","link":"https:\/\/filplast.pl\/de\/produkt\/tueren-climastar-82-alu\/","title":{"rendered":"ClimaStar 82 Alu"},"content":{"rendered":"<div id=\"modal-ready\"><p>In diesem System werden bis zu drei Dichtungsebenen verwendet, was sich positiv auf die W\u00e4rme- und auf die Schalld\u00e4mmung auswirkt. Das Eindringen von Au\u00dfsnger\u00e4uschen wird gehemmt.<\/p>\n<\/div>","protected":false},"excerpt":{"rendered":"<p>Die ClimaStar 82 Alu-T\u00fcr zeichnet sich durch einen sehr niedrigen W\u00e4rme\u00fcbergangskoeffizienten aus und kann erfolgreich in Energiesparh\u00e4usern eingesetzt werden. Diese T\u00fcren haben das Aussehen eines Aluminiumsystems, wobei die Vorteile von PVC-T\u00fcren erhalten bleiben.<\/p>\n","protected":false},"featured_media":4547,"parent":0,"menu_order":123,"template":"","class_list":["post-6298","product","type-product","status-publish","has-post-thumbnail","hentry","product-category-ausenturen","product-category-pvc-turen","product-category-turen","product-line-platinumline-de"],"yoast_head":"<!-- This site is optimized with the Yoast SEO plugin v24.7 - https:\/\/yoast.com\/wordpress\/plugins\/seo\/ -->\n<title>Aluminiumt\u00fcren ClimaStar 82 Alu - Filplast f\u00fcr Generationen<\/title>\n<meta name=\"robots\" content=\"index, follow, max-snippet:-1, max-image-preview:large, max-video-preview:-1\" \/>\n<link rel=\"canonical\" href=\"https:\/\/filplast.pl\/de\/produkt\/tueren-climastar-82-alu\/\" \/>\n<meta property=\"og:locale\" content=\"de_DE\" \/>\n<meta property=\"og:type\" content=\"article\" \/>\n<meta property=\"og:title\" content=\"Aluminiumt\u00fcren ClimaStar 82 Alu - Filplast f\u00fcr Generationen\" \/>\n<meta property=\"og:description\" content=\"Die ClimaStar 82 Alu-T\u00fcr zeichnet sich durch einen sehr niedrigen W\u00e4rme\u00fcbergangskoeffizienten aus und kann erfolgreich in Energiesparh\u00e4usern eingesetzt werden. Diese T\u00fcren haben das Aussehen eines Aluminiumsystems, wobei die Vorteile von PVC-T\u00fcren erhalten bleiben.\" \/>\n<meta property=\"og:url\" content=\"https:\/\/filplast.pl\/de\/produkt\/tueren-climastar-82-alu\/\" \/>\n<meta property=\"og:site_name\" content=\"Filplast f\u00fcr Generationen\" \/>\n<meta property=\"article:publisher\" content=\"https:\/\/www.facebook.com\/filplast.firma\" \/>\n<meta property=\"article:modified_time\" content=\"2021-05-28T07:05:25+00:00\" \/>\n<meta property=\"og:image\" content=\"https:\/\/filplast.pl\/wp-content\/uploads\/2021\/01\/Drzwi-ClimaStar-82-Alu-mini.jpg\" \/>\n\t<meta property=\"og:image:width\" content=\"1100\" \/>\n\t<meta property=\"og:image:height\" content=\"1099\" \/>\n\t<meta property=\"og:image:type\" content=\"image\/jpeg\" \/>\n<meta name=\"twitter:card\" content=\"summary_large_image\" \/>\n<script type=\"application\/ld+json\" class=\"yoast-schema-graph\">{\"@context\":\"https:\/\/schema.org\",\"@graph\":[{\"@type\":\"WebPage\",\"@id\":\"https:\/\/filplast.pl\/de\/produkt\/tueren-climastar-82-alu\/\",\"url\":\"https:\/\/filplast.pl\/de\/produkt\/tueren-climastar-82-alu\/\",\"name\":\"Aluminiumt\u00fcren ClimaStar 82 Alu - Filplast f\u00fcr Generationen\",\"isPartOf\":{\"@id\":\"https:\/\/filplast.pl\/de\/#website\"},\"primaryImageOfPage\":{\"@id\":\"https:\/\/filplast.pl\/de\/produkt\/tueren-climastar-82-alu\/#primaryimage\"},\"image\":{\"@id\":\"https:\/\/filplast.pl\/de\/produkt\/tueren-climastar-82-alu\/#primaryimage\"},\"thumbnailUrl\":\"https:\/\/filplast.pl\/wp-content\/uploads\/2021\/01\/Drzwi-ClimaStar-82-Alu-mini.jpg\",\"datePublished\":\"2021-03-17T20:08:32+00:00\",\"dateModified\":\"2021-05-28T07:05:25+00:00\",\"breadcrumb\":{\"@id\":\"https:\/\/filplast.pl\/de\/produkt\/tueren-climastar-82-alu\/#breadcrumb\"},\"inLanguage\":\"de\",\"potentialAction\":[{\"@type\":\"ReadAction\",\"target\":[\"https:\/\/filplast.pl\/de\/produkt\/tueren-climastar-82-alu\/\"]}]},{\"@type\":\"ImageObject\",\"inLanguage\":\"de\",\"@id\":\"https:\/\/filplast.pl\/de\/produkt\/tueren-climastar-82-alu\/#primaryimage\",\"url\":\"https:\/\/filplast.pl\/wp-content\/uploads\/2021\/01\/Drzwi-ClimaStar-82-Alu-mini.jpg\",\"contentUrl\":\"https:\/\/filplast.pl\/wp-content\/uploads\/2021\/01\/Drzwi-ClimaStar-82-Alu-mini.jpg\",\"width\":1100,\"height\":1099},{\"@type\":\"BreadcrumbList\",\"@id\":\"https:\/\/filplast.pl\/de\/produkt\/tueren-climastar-82-alu\/#breadcrumb\",\"itemListElement\":[{\"@type\":\"ListItem\",\"position\":1,\"name\":\"Startseite\",\"item\":\"https:\/\/filplast.pl\/de\/\"},{\"@type\":\"ListItem\",\"position\":2,\"name\":\"Produkte\",\"item\":\"https:\/\/filplast.pl\/de\/produkt\/\"},{\"@type\":\"ListItem\",\"position\":3,\"name\":\"ClimaStar 82 Alu\"}]},{\"@type\":\"WebSite\",\"@id\":\"https:\/\/filplast.pl\/de\/#website\",\"url\":\"https:\/\/filplast.pl\/de\/\",\"name\":\"Filplast f\u00fcr Generationen\",\"description\":\"Gersteller gesunder Fenster\",\"publisher\":{\"@id\":\"https:\/\/filplast.pl\/de\/#organization\"},\"potentialAction\":[{\"@type\":\"SearchAction\",\"target\":{\"@type\":\"EntryPoint\",\"urlTemplate\":\"https:\/\/filplast.pl\/de\/?s={search_term_string}\"},\"query-input\":{\"@type\":\"PropertyValueSpecification\",\"valueRequired\":true,\"valueName\":\"search_term_string\"}}],\"inLanguage\":\"de\"},{\"@type\":\"Organization\",\"@id\":\"https:\/\/filplast.pl\/de\/#organization\",\"name\":\"Filplast f\u00fcr Generationen\",\"url\":\"https:\/\/filplast.pl\/de\/\",\"logo\":{\"@type\":\"ImageObject\",\"inLanguage\":\"de\",\"@id\":\"https:\/\/filplast.pl\/de\/#\/schema\/logo\/image\/\",\"url\":\"https:\/\/filplast.pl\/wp-content\/uploads\/2023\/10\/favicon-filplast.png\",\"contentUrl\":\"https:\/\/filplast.pl\/wp-content\/uploads\/2023\/10\/favicon-filplast.png\",\"width\":2134,\"height\":2134,\"caption\":\"Filplast f\u00fcr Generationen\"},\"image\":{\"@id\":\"https:\/\/filplast.pl\/de\/#\/schema\/logo\/image\/\"},\"sameAs\":[\"https:\/\/www.facebook.com\/filplast.firma\",\"https:\/\/pl.pinterest.com\/filplast\/\",\"https:\/\/www.youtube.com\/FILPLASTchannel\",\"https:\/\/pl.linkedin.com\/company\/filplast-sp.-z-o.o.\",\"https:\/\/www.instagram.com\/filplast\/\"]}]}<\/script>\n<!-- \/ Yoast SEO plugin. -->","yoast_head_json":{"title":"Aluminiumt\u00fcren ClimaStar 82 Alu - Filplast f\u00fcr Generationen","robots":{"index":"index","follow":"follow","max-snippet":"max-snippet:-1","max-image-preview":"max-image-preview:large","max-video-preview":"max-video-preview:-1"},"canonical":"https:\/\/filplast.pl\/de\/produkt\/tueren-climastar-82-alu\/","og_locale":"de_DE","og_type":"article","og_title":"Aluminiumt\u00fcren ClimaStar 82 Alu - Filplast f\u00fcr Generationen","og_description":"Die ClimaStar 82 Alu-T\u00fcr zeichnet sich durch einen sehr niedrigen W\u00e4rme\u00fcbergangskoeffizienten aus und kann erfolgreich in Energiesparh\u00e4usern eingesetzt werden. Diese T\u00fcren haben das Aussehen eines Aluminiumsystems, wobei die Vorteile von PVC-T\u00fcren erhalten bleiben.","og_url":"https:\/\/filplast.pl\/de\/produkt\/tueren-climastar-82-alu\/","og_site_name":"Filplast f\u00fcr Generationen","article_publisher":"https:\/\/www.facebook.com\/filplast.firma","article_modified_time":"2021-05-28T07:05:25+00:00","og_image":[{"width":1100,"height":1099,"url":"https:\/\/filplast.pl\/wp-content\/uploads\/2021\/01\/Drzwi-ClimaStar-82-Alu-mini.jpg","type":"image\/jpeg"}],"twitter_card":"summary_large_image","schema":{"@context":"https:\/\/schema.org","@graph":[{"@type":"WebPage","@id":"https:\/\/filplast.pl\/de\/produkt\/tueren-climastar-82-alu\/","url":"https:\/\/filplast.pl\/de\/produkt\/tueren-climastar-82-alu\/","name":"Aluminiumt\u00fcren ClimaStar 82 Alu - Filplast f\u00fcr Generationen","isPartOf":{"@id":"https:\/\/filplast.pl\/de\/#website"},"primaryImageOfPage":{"@id":"https:\/\/filplast.pl\/de\/produkt\/tueren-climastar-82-alu\/#primaryimage"},"image":{"@id":"https:\/\/filplast.pl\/de\/produkt\/tueren-climastar-82-alu\/#primaryimage"},"thumbnailUrl":"https:\/\/filplast.pl\/wp-content\/uploads\/2021\/01\/Drzwi-ClimaStar-82-Alu-mini.jpg","datePublished":"2021-03-17T20:08:32+00:00","dateModified":"2021-05-28T07:05:25+00:00","breadcrumb":{"@id":"https:\/\/filplast.pl\/de\/produkt\/tueren-climastar-82-alu\/#breadcrumb"},"inLanguage":"de","potentialAction":[{"@type":"ReadAction","target":["https:\/\/filplast.pl\/de\/produkt\/tueren-climastar-82-alu\/"]}]},{"@type":"ImageObject","inLanguage":"de","@id":"https:\/\/filplast.pl\/de\/produkt\/tueren-climastar-82-alu\/#primaryimage","url":"https:\/\/filplast.pl\/wp-content\/uploads\/2021\/01\/Drzwi-ClimaStar-82-Alu-mini.jpg","contentUrl":"https:\/\/filplast.pl\/wp-content\/uploads\/2021\/01\/Drzwi-ClimaStar-82-Alu-mini.jpg","width":1100,"height":1099},{"@type":"BreadcrumbList","@id":"https:\/\/filplast.pl\/de\/produkt\/tueren-climastar-82-alu\/#breadcrumb","itemListElement":[{"@type":"ListItem","position":1,"name":"Startseite","item":"https:\/\/filplast.pl\/de\/"},{"@type":"ListItem","position":2,"name":"Produkte","item":"https:\/\/filplast.pl\/de\/produkt\/"},{"@type":"ListItem","position":3,"name":"ClimaStar 82 Alu"}]},{"@type":"WebSite","@id":"https:\/\/filplast.pl\/de\/#website","url":"https:\/\/filplast.pl\/de\/","name":"Filplast f\u00fcr Generationen","description":"Gersteller gesunder Fenster","publisher":{"@id":"https:\/\/filplast.pl\/de\/#organization"},"potentialAction":[{"@type":"SearchAction","target":{"@type":"EntryPoint","urlTemplate":"https:\/\/filplast.pl\/de\/?s={search_term_string}"},"query-input":{"@type":"PropertyValueSpecification","valueRequired":true,"valueName":"search_term_string"}}],"inLanguage":"de"},{"@type":"Organization","@id":"https:\/\/filplast.pl\/de\/#organization","name":"Filplast f\u00fcr Generationen","url":"https:\/\/filplast.pl\/de\/","logo":{"@type":"ImageObject","inLanguage":"de","@id":"https:\/\/filplast.pl\/de\/#\/schema\/logo\/image\/","url":"https:\/\/filplast.pl\/wp-content\/uploads\/2023\/10\/favicon-filplast.png","contentUrl":"https:\/\/filplast.pl\/wp-content\/uploads\/2023\/10\/favicon-filplast.png","width":2134,"height":2134,"caption":"Filplast f\u00fcr Generationen"},"image":{"@id":"https:\/\/filplast.pl\/de\/#\/schema\/logo\/image\/"},"sameAs":["https:\/\/www.facebook.com\/filplast.firma","https:\/\/pl.pinterest.com\/filplast\/","https:\/\/www.youtube.com\/FILPLASTchannel","https:\/\/pl.linkedin.com\/company\/filplast-sp.-z-o.o.","https:\/\/www.instagram.com\/filplast\/"]}]}},"uagb_featured_image_src":{"full":["https:\/\/filplast.pl\/wp-content\/uploads\/2021\/01\/Drzwi-ClimaStar-82-Alu-mini.jpg",1100,1099,false],"thumbnail":["https:\/\/filplast.pl\/wp-content\/uploads\/2021\/01\/Drzwi-ClimaStar-82-Alu-mini-150x150.jpg",150,150,true],"medium":["https:\/\/filplast.pl\/wp-content\/uploads\/2021\/01\/Drzwi-ClimaStar-82-Alu-mini-300x300.jpg",300,300,true],"medium_large":["https:\/\/filplast.pl\/wp-content\/uploads\/2021\/01\/Drzwi-ClimaStar-82-Alu-mini-768x767.jpg",768,767,true],"large":["https:\/\/filplast.pl\/wp-content\/uploads\/2021\/01\/Drzwi-ClimaStar-82-Alu-mini-1024x1024.jpg",1024,1024,true],"1536x1536":["https:\/\/filplast.pl\/wp-content\/uploads\/2021\/01\/Drzwi-ClimaStar-82-Alu-mini.jpg",1100,1099,false],"2048x2048":["https:\/\/filplast.pl\/wp-content\/uploads\/2021\/01\/Drzwi-ClimaStar-82-Alu-mini.jpg",1100,1099,false],"depcore-widget-post-thumb":["https:\/\/filplast.pl\/wp-content\/uploads\/2021\/01\/Drzwi-ClimaStar-82-Alu-mini-65x65.jpg",65,65,true],"depcore-widget-post-medium":["https:\/\/filplast.pl\/wp-content\/uploads\/2021\/01\/Drzwi-ClimaStar-82-Alu-mini-280x150.jpg",280,150,true],"square":["https:\/\/filplast.pl\/wp-content\/uploads\/2021\/01\/Drzwi-ClimaStar-82-Alu-mini-500x500.jpg",500,500,true],"small-square":["https:\/\/filplast.pl\/wp-content\/uploads\/2021\/01\/Drzwi-ClimaStar-82-Alu-mini-250x250.jpg",250,250,true],"slider-image":["https:\/\/filplast.pl\/wp-content\/uploads\/2021\/01\/Drzwi-ClimaStar-82-Alu-mini-1080x500.jpg",1080,500,true],"":["https:\/\/filplast.pl\/wp-content\/uploads\/2021\/01\/Drzwi-ClimaStar-82-Alu-mini.jpg",250,250,false]},"uagb_author_info":{"display_name":"admin","author_link":"https:\/\/filplast.pl\/de\/author\/"},"uagb_comment_info":0,"uagb_excerpt":"Die ClimaStar 82 Alu-T\u00fcr zeichnet sich durch einen sehr niedrigen W\u00e4rme\u00fcbergangskoeffizienten aus und kann erfolgreich in Energiesparh\u00e4usern eingesetzt werden. Diese T\u00fcren haben das Aussehen eines Aluminiumsystems, wobei die Vorteile von PVC-T\u00fcren erhalten bleiben.","_links":{"self":[{"href":"https:\/\/filplast.pl\/de\/wp-json\/wp\/v2\/product\/6298","targetHints":{"allow":["GET"]}}],"collection":[{"href":"https:\/\/filplast.pl\/de\/wp-json\/wp\/v2\/product"}],"about":[{"href":"https:\/\/filplast.pl\/de\/wp-json\/wp\/v2\/types\/product"}],"version-history":[{"count":2,"href":"https:\/\/filplast.pl\/de\/wp-json\/wp\/v2\/product\/6298\/revisions"}],"predecessor-version":[{"id":8538,"href":"https:\/\/filplast.pl\/de\/wp-json\/wp\/v2\/product\/6298\/revisions\/8538"}],"wp:featuredmedia":[{"embeddable":true,"href":"https:\/\/filplast.pl\/de\/wp-json\/wp\/v2\/media\/4547"}],"wp:attachment":[{"href":"https:\/\/filplast.pl\/de\/wp-json\/wp\/v2\/media?parent=6298"}],"curies":[{"name":"wp","href":"https:\/\/api.w.org\/{rel}","templated":true}]}}