{"id":6302,"date":"2021-03-17T21:56:08","date_gmt":"2021-03-17T20:56:08","guid":{"rendered":"https:\/\/filplast.pl\/produkt\/lpu-67-thermo\/"},"modified":"2021-05-14T09:47:53","modified_gmt":"2021-05-14T07:47:53","slug":"garagentore-lpu-67-thermo","status":"publish","type":"product","link":"https:\/\/filplast.pl\/de\/produkt\/garagentore-lpu-67-thermo\/","title":{"rendered":"LPU 67 Thermo"},"content":{"rendered":"<div id=\"modal-ready\"><p>Das w\u00e4rmste Garagentor in unserem Angebot. Wir empfehlen dieses Produkt besonders, wenn die Garagenw\u00e4nde gut isoliert sind. Es besteht aus 67 mm dicken Segmenten mit einer thermischen Trennung. Das untere Segment hat eine doppelte Schwellendichtung, die zus\u00e4tzlich den Isolationsgrad im Raum erh\u00f6ht.<\/p>\n<\/div>","protected":false},"excerpt":{"rendered":"<p>Die Breite der LPU 67 Thermo-Torsegmente betr\u00e4gt 67 mm und wird \u00fcber die gesamte H\u00f6he beibehalten. Das Tor ist mit doppelten Dichtungen an den Segmentverbindungen, einer doppelten Schwellendichtung und mit dreifachen Metallverst\u00e4rkungen an den Stellen wo die Beschl\u00e4ge angebracht werden, ausgestattet. Zus\u00e4tzlich ist es mit einem Feuchtigkeitssensor ausgestattet, der die Bel\u00fcftung des Raumes auch bei geschlossenem Tor regelt. F\u00fcr energieeffiziente H\u00e4user empfehlen wir das Thermotor PU 67. <\/p>\n","protected":false},"featured_media":2006,"parent":0,"menu_order":277,"template":"","class_list":["post-6302","product","type-product","status-publish","has-post-thumbnail","hentry","product-category-garagentore","product-category-sektionaltore","product-line-platinumline-de"],"yoast_head":"<!-- This site is optimized with the Yoast SEO plugin v24.7 - https:\/\/yoast.com\/wordpress\/plugins\/seo\/ -->\n<title>Sektionaltore LPU 67 Thermo - Filplast f\u00fcr Generationen<\/title>\n<meta name=\"robots\" content=\"index, follow, max-snippet:-1, max-image-preview:large, max-video-preview:-1\" \/>\n<link rel=\"canonical\" href=\"https:\/\/filplast.pl\/de\/produkt\/garagentore-lpu-67-thermo\/\" \/>\n<meta property=\"og:locale\" content=\"de_DE\" \/>\n<meta property=\"og:type\" content=\"article\" \/>\n<meta property=\"og:title\" content=\"Sektionaltore LPU 67 Thermo - Filplast f\u00fcr Generationen\" \/>\n<meta property=\"og:description\" content=\"Die Breite der LPU 67 Thermo-Torsegmente betr\u00e4gt 67 mm und wird \u00fcber die gesamte H\u00f6he beibehalten. Das Tor ist mit doppelten Dichtungen an den Segmentverbindungen, einer doppelten Schwellendichtung und mit dreifachen Metallverst\u00e4rkungen an den Stellen wo die Beschl\u00e4ge angebracht werden, ausgestattet. Zus\u00e4tzlich ist es mit einem Feuchtigkeitssensor ausgestattet, der die Bel\u00fcftung des Raumes auch bei geschlossenem Tor regelt. F\u00fcr energieeffiziente H\u00e4user empfehlen wir das Thermotor PU 67.\" \/>\n<meta property=\"og:url\" content=\"https:\/\/filplast.pl\/de\/produkt\/garagentore-lpu-67-thermo\/\" \/>\n<meta property=\"og:site_name\" content=\"Filplast f\u00fcr Generationen\" \/>\n<meta property=\"article:publisher\" content=\"https:\/\/www.facebook.com\/filplast.firma\" \/>\n<meta property=\"article:modified_time\" content=\"2021-05-14T07:47:53+00:00\" \/>\n<meta property=\"og:image\" content=\"https:\/\/filplast.pl\/wp-content\/uploads\/2021\/01\/Bramy-LPU-67-Thermo.png\" \/>\n\t<meta property=\"og:image:width\" content=\"1067\" \/>\n\t<meta property=\"og:image:height\" content=\"1067\" \/>\n\t<meta property=\"og:image:type\" content=\"image\/png\" \/>\n<meta name=\"twitter:card\" content=\"summary_large_image\" \/>\n<meta name=\"twitter:label1\" content=\"Gesch\u00e4tzte Lesezeit\" \/>\n\t<meta name=\"twitter:data1\" content=\"1\u00a0Minute\" \/>\n<script type=\"application\/ld+json\" class=\"yoast-schema-graph\">{\"@context\":\"https:\/\/schema.org\",\"@graph\":[{\"@type\":\"WebPage\",\"@id\":\"https:\/\/filplast.pl\/de\/produkt\/garagentore-lpu-67-thermo\/\",\"url\":\"https:\/\/filplast.pl\/de\/produkt\/garagentore-lpu-67-thermo\/\",\"name\":\"Sektionaltore LPU 67 Thermo - Filplast f\u00fcr Generationen\",\"isPartOf\":{\"@id\":\"https:\/\/filplast.pl\/de\/#website\"},\"primaryImageOfPage\":{\"@id\":\"https:\/\/filplast.pl\/de\/produkt\/garagentore-lpu-67-thermo\/#primaryimage\"},\"image\":{\"@id\":\"https:\/\/filplast.pl\/de\/produkt\/garagentore-lpu-67-thermo\/#primaryimage\"},\"thumbnailUrl\":\"https:\/\/filplast.pl\/wp-content\/uploads\/2021\/01\/Bramy-LPU-67-Thermo.png\",\"datePublished\":\"2021-03-17T20:56:08+00:00\",\"dateModified\":\"2021-05-14T07:47:53+00:00\",\"breadcrumb\":{\"@id\":\"https:\/\/filplast.pl\/de\/produkt\/garagentore-lpu-67-thermo\/#breadcrumb\"},\"inLanguage\":\"de\",\"potentialAction\":[{\"@type\":\"ReadAction\",\"target\":[\"https:\/\/filplast.pl\/de\/produkt\/garagentore-lpu-67-thermo\/\"]}]},{\"@type\":\"ImageObject\",\"inLanguage\":\"de\",\"@id\":\"https:\/\/filplast.pl\/de\/produkt\/garagentore-lpu-67-thermo\/#primaryimage\",\"url\":\"https:\/\/filplast.pl\/wp-content\/uploads\/2021\/01\/Bramy-LPU-67-Thermo.png\",\"contentUrl\":\"https:\/\/filplast.pl\/wp-content\/uploads\/2021\/01\/Bramy-LPU-67-Thermo.png\",\"width\":1067,\"height\":1067},{\"@type\":\"BreadcrumbList\",\"@id\":\"https:\/\/filplast.pl\/de\/produkt\/garagentore-lpu-67-thermo\/#breadcrumb\",\"itemListElement\":[{\"@type\":\"ListItem\",\"position\":1,\"name\":\"Startseite\",\"item\":\"https:\/\/filplast.pl\/de\/\"},{\"@type\":\"ListItem\",\"position\":2,\"name\":\"Produkte\",\"item\":\"https:\/\/filplast.pl\/de\/produkt\/\"},{\"@type\":\"ListItem\",\"position\":3,\"name\":\"LPU 67 Thermo\"}]},{\"@type\":\"WebSite\",\"@id\":\"https:\/\/filplast.pl\/de\/#website\",\"url\":\"https:\/\/filplast.pl\/de\/\",\"name\":\"Filplast f\u00fcr Generationen\",\"description\":\"Gersteller gesunder Fenster\",\"publisher\":{\"@id\":\"https:\/\/filplast.pl\/de\/#organization\"},\"potentialAction\":[{\"@type\":\"SearchAction\",\"target\":{\"@type\":\"EntryPoint\",\"urlTemplate\":\"https:\/\/filplast.pl\/de\/?s={search_term_string}\"},\"query-input\":{\"@type\":\"PropertyValueSpecification\",\"valueRequired\":true,\"valueName\":\"search_term_string\"}}],\"inLanguage\":\"de\"},{\"@type\":\"Organization\",\"@id\":\"https:\/\/filplast.pl\/de\/#organization\",\"name\":\"Filplast f\u00fcr Generationen\",\"url\":\"https:\/\/filplast.pl\/de\/\",\"logo\":{\"@type\":\"ImageObject\",\"inLanguage\":\"de\",\"@id\":\"https:\/\/filplast.pl\/de\/#\/schema\/logo\/image\/\",\"url\":\"https:\/\/filplast.pl\/wp-content\/uploads\/2023\/10\/favicon-filplast.png\",\"contentUrl\":\"https:\/\/filplast.pl\/wp-content\/uploads\/2023\/10\/favicon-filplast.png\",\"width\":2134,\"height\":2134,\"caption\":\"Filplast f\u00fcr Generationen\"},\"image\":{\"@id\":\"https:\/\/filplast.pl\/de\/#\/schema\/logo\/image\/\"},\"sameAs\":[\"https:\/\/www.facebook.com\/filplast.firma\",\"https:\/\/pl.pinterest.com\/filplast\/\",\"https:\/\/www.youtube.com\/FILPLASTchannel\",\"https:\/\/pl.linkedin.com\/company\/filplast-sp.-z-o.o.\",\"https:\/\/www.instagram.com\/filplast\/\"]}]}<\/script>\n<!-- \/ Yoast SEO plugin. -->","yoast_head_json":{"title":"Sektionaltore LPU 67 Thermo - Filplast f\u00fcr Generationen","robots":{"index":"index","follow":"follow","max-snippet":"max-snippet:-1","max-image-preview":"max-image-preview:large","max-video-preview":"max-video-preview:-1"},"canonical":"https:\/\/filplast.pl\/de\/produkt\/garagentore-lpu-67-thermo\/","og_locale":"de_DE","og_type":"article","og_title":"Sektionaltore LPU 67 Thermo - Filplast f\u00fcr Generationen","og_description":"Die Breite der LPU 67 Thermo-Torsegmente betr\u00e4gt 67 mm und wird \u00fcber die gesamte H\u00f6he beibehalten. Das Tor ist mit doppelten Dichtungen an den Segmentverbindungen, einer doppelten Schwellendichtung und mit dreifachen Metallverst\u00e4rkungen an den Stellen wo die Beschl\u00e4ge angebracht werden, ausgestattet. Zus\u00e4tzlich ist es mit einem Feuchtigkeitssensor ausgestattet, der die Bel\u00fcftung des Raumes auch bei geschlossenem Tor regelt. F\u00fcr energieeffiziente H\u00e4user empfehlen wir das Thermotor PU 67.","og_url":"https:\/\/filplast.pl\/de\/produkt\/garagentore-lpu-67-thermo\/","og_site_name":"Filplast f\u00fcr Generationen","article_publisher":"https:\/\/www.facebook.com\/filplast.firma","article_modified_time":"2021-05-14T07:47:53+00:00","og_image":[{"width":1067,"height":1067,"url":"https:\/\/filplast.pl\/wp-content\/uploads\/2021\/01\/Bramy-LPU-67-Thermo.png","type":"image\/png"}],"twitter_card":"summary_large_image","twitter_misc":{"Gesch\u00e4tzte Lesezeit":"1\u00a0Minute"},"schema":{"@context":"https:\/\/schema.org","@graph":[{"@type":"WebPage","@id":"https:\/\/filplast.pl\/de\/produkt\/garagentore-lpu-67-thermo\/","url":"https:\/\/filplast.pl\/de\/produkt\/garagentore-lpu-67-thermo\/","name":"Sektionaltore LPU 67 Thermo - Filplast f\u00fcr Generationen","isPartOf":{"@id":"https:\/\/filplast.pl\/de\/#website"},"primaryImageOfPage":{"@id":"https:\/\/filplast.pl\/de\/produkt\/garagentore-lpu-67-thermo\/#primaryimage"},"image":{"@id":"https:\/\/filplast.pl\/de\/produkt\/garagentore-lpu-67-thermo\/#primaryimage"},"thumbnailUrl":"https:\/\/filplast.pl\/wp-content\/uploads\/2021\/01\/Bramy-LPU-67-Thermo.png","datePublished":"2021-03-17T20:56:08+00:00","dateModified":"2021-05-14T07:47:53+00:00","breadcrumb":{"@id":"https:\/\/filplast.pl\/de\/produkt\/garagentore-lpu-67-thermo\/#breadcrumb"},"inLanguage":"de","potentialAction":[{"@type":"ReadAction","target":["https:\/\/filplast.pl\/de\/produkt\/garagentore-lpu-67-thermo\/"]}]},{"@type":"ImageObject","inLanguage":"de","@id":"https:\/\/filplast.pl\/de\/produkt\/garagentore-lpu-67-thermo\/#primaryimage","url":"https:\/\/filplast.pl\/wp-content\/uploads\/2021\/01\/Bramy-LPU-67-Thermo.png","contentUrl":"https:\/\/filplast.pl\/wp-content\/uploads\/2021\/01\/Bramy-LPU-67-Thermo.png","width":1067,"height":1067},{"@type":"BreadcrumbList","@id":"https:\/\/filplast.pl\/de\/produkt\/garagentore-lpu-67-thermo\/#breadcrumb","itemListElement":[{"@type":"ListItem","position":1,"name":"Startseite","item":"https:\/\/filplast.pl\/de\/"},{"@type":"ListItem","position":2,"name":"Produkte","item":"https:\/\/filplast.pl\/de\/produkt\/"},{"@type":"ListItem","position":3,"name":"LPU 67 Thermo"}]},{"@type":"WebSite","@id":"https:\/\/filplast.pl\/de\/#website","url":"https:\/\/filplast.pl\/de\/","name":"Filplast f\u00fcr Generationen","description":"Gersteller gesunder Fenster","publisher":{"@id":"https:\/\/filplast.pl\/de\/#organization"},"potentialAction":[{"@type":"SearchAction","target":{"@type":"EntryPoint","urlTemplate":"https:\/\/filplast.pl\/de\/?s={search_term_string}"},"query-input":{"@type":"PropertyValueSpecification","valueRequired":true,"valueName":"search_term_string"}}],"inLanguage":"de"},{"@type":"Organization","@id":"https:\/\/filplast.pl\/de\/#organization","name":"Filplast f\u00fcr Generationen","url":"https:\/\/filplast.pl\/de\/","logo":{"@type":"ImageObject","inLanguage":"de","@id":"https:\/\/filplast.pl\/de\/#\/schema\/logo\/image\/","url":"https:\/\/filplast.pl\/wp-content\/uploads\/2023\/10\/favicon-filplast.png","contentUrl":"https:\/\/filplast.pl\/wp-content\/uploads\/2023\/10\/favicon-filplast.png","width":2134,"height":2134,"caption":"Filplast f\u00fcr Generationen"},"image":{"@id":"https:\/\/filplast.pl\/de\/#\/schema\/logo\/image\/"},"sameAs":["https:\/\/www.facebook.com\/filplast.firma","https:\/\/pl.pinterest.com\/filplast\/","https:\/\/www.youtube.com\/FILPLASTchannel","https:\/\/pl.linkedin.com\/company\/filplast-sp.-z-o.o.","https:\/\/www.instagram.com\/filplast\/"]}]}},"uagb_featured_image_src":{"full":["https:\/\/filplast.pl\/wp-content\/uploads\/2021\/01\/Bramy-LPU-67-Thermo.png",1067,1067,false],"thumbnail":["https:\/\/filplast.pl\/wp-content\/uploads\/2021\/01\/Bramy-LPU-67-Thermo-150x150.png",150,150,true],"medium":["https:\/\/filplast.pl\/wp-content\/uploads\/2021\/01\/Bramy-LPU-67-Thermo-300x300.png",300,300,true],"medium_large":["https:\/\/filplast.pl\/wp-content\/uploads\/2021\/01\/Bramy-LPU-67-Thermo-768x768.png",768,768,true],"large":["https:\/\/filplast.pl\/wp-content\/uploads\/2021\/01\/Bramy-LPU-67-Thermo-1024x1024.png",1024,1024,true],"1536x1536":["https:\/\/filplast.pl\/wp-content\/uploads\/2021\/01\/Bramy-LPU-67-Thermo.png",1067,1067,false],"2048x2048":["https:\/\/filplast.pl\/wp-content\/uploads\/2021\/01\/Bramy-LPU-67-Thermo.png",1067,1067,false],"depcore-widget-post-thumb":["https:\/\/filplast.pl\/wp-content\/uploads\/2021\/01\/Bramy-LPU-67-Thermo-65x65.png",65,65,true],"depcore-widget-post-medium":["https:\/\/filplast.pl\/wp-content\/uploads\/2021\/01\/Bramy-LPU-67-Thermo-280x150.png",280,150,true],"square":["https:\/\/filplast.pl\/wp-content\/uploads\/2021\/01\/Bramy-LPU-67-Thermo-500x500.png",500,500,true],"small-square":["https:\/\/filplast.pl\/wp-content\/uploads\/2021\/01\/Bramy-LPU-67-Thermo-250x250.png",250,250,true],"slider-image":["https:\/\/filplast.pl\/wp-content\/uploads\/2021\/01\/Bramy-LPU-67-Thermo-1067x500.png",1067,500,true],"":["https:\/\/filplast.pl\/wp-content\/uploads\/2021\/01\/Bramy-LPU-67-Thermo.png",250,250,false]},"uagb_author_info":{"display_name":"admin","author_link":"https:\/\/filplast.pl\/de\/author\/"},"uagb_comment_info":0,"uagb_excerpt":"Die Breite der LPU 67 Thermo-Torsegmente betr\u00e4gt 67 mm und wird \u00fcber die gesamte H\u00f6he beibehalten. Das Tor ist mit doppelten Dichtungen an den Segmentverbindungen, einer doppelten Schwellendichtung und mit dreifachen Metallverst\u00e4rkungen an den Stellen wo die Beschl\u00e4ge angebracht werden, ausgestattet. Zus\u00e4tzlich ist es mit einem Feuchtigkeitssensor ausgestattet, der die Bel\u00fcftung des Raumes auch bei&hellip;","_links":{"self":[{"href":"https:\/\/filplast.pl\/de\/wp-json\/wp\/v2\/product\/6302","targetHints":{"allow":["GET"]}}],"collection":[{"href":"https:\/\/filplast.pl\/de\/wp-json\/wp\/v2\/product"}],"about":[{"href":"https:\/\/filplast.pl\/de\/wp-json\/wp\/v2\/types\/product"}],"version-history":[{"count":3,"href":"https:\/\/filplast.pl\/de\/wp-json\/wp\/v2\/product\/6302\/revisions"}],"predecessor-version":[{"id":8714,"href":"https:\/\/filplast.pl\/de\/wp-json\/wp\/v2\/product\/6302\/revisions\/8714"}],"wp:featuredmedia":[{"embeddable":true,"href":"https:\/\/filplast.pl\/de\/wp-json\/wp\/v2\/media\/2006"}],"wp:attachment":[{"href":"https:\/\/filplast.pl\/de\/wp-json\/wp\/v2\/media?parent=6302"}],"curies":[{"name":"wp","href":"https:\/\/api.w.org\/{rel}","templated":true}]}}