{"id":8458,"date":"2021-04-22T08:47:57","date_gmt":"2021-04-22T06:47:57","guid":{"rendered":"https:\/\/filplast.pl\/produkt\/climastar-82-2\/"},"modified":"2025-07-28T15:58:43","modified_gmt":"2025-07-28T13:58:43","slug":"pvc-fenster-climastar-82-2","status":"publish","type":"product","link":"https:\/\/filplast.pl\/de\/produkt\/pvc-fenster-climastar-82-2\/","title":{"rendered":"ClimaStar 82 Prime"},"content":{"rendered":"<div id=\"modal-ready\"><p>\u00c4sthetik und Bedienkomfort. ClimaStar 82 ist ein Fenster mit einer flachen, pr\u00e4zisen V-Naht, das die Erwartungen selbst der anspruchsvollsten Investoren erf\u00fcllt. In diesem Fenstersystem bieten wir eine gro\u00dfe Auswahl an Furnieren, mit denen Sie das Fenster sowohl an traditionelle Architektur als auch an moderne und minimalistische Designs anpassen k\u00f6nnen.<\/p>\n<p><a href=\"https:\/\/filplast.pl\/katalogi\/kolory-veka-de\/#book\/\" target=\"_blank\" rel=\"noopener\"><strong><a href=\"https:\/\/filplast.pl\/katalogi\/kolory-veka-de\/#book\/\" target=\"_blank\" rel=\"noreferrer noopener\">Verf\u00fcgbare folierungen<\/a> \u279c<\/strong><\/a><\/p>\n<p><a href=\"https:\/\/filplast.pl\/de\/climastar-82-prime-kunststofffenster-mit-verklebten-scheiben\/\" target=\"_blank\" rel=\"noopener\"><strong>Finde mehr heraus \u279c<\/strong><\/a><\/p>\n\n\n<div style=\"height:10px\" aria-hidden=\"true\" class=\"wp-block-spacer\"><\/div>\n\n\n\n<div class=\"wp-block-buttons is-layout-flex wp-block-buttons-is-layout-flex\">\n<div class=\"wp-block-button\"><a class=\"wp-block-button__link has-background wp-element-button\" href=\"https:\/\/filplast.pl\/wp-content\/uploads\/2023\/09\/climastar_82_prime_DE.pdf\" style=\"background-color:#00387b\" target=\"_blank\" rel=\"noreferrer noopener\">Produktkarte<\/a><\/div>\n<\/div>\n<\/div>","protected":false},"excerpt":{"rendered":"<p>ClimaStar 82 sind Fenster mit den h\u00f6chsten W\u00e4rme- und Schalld\u00e4mmung Parametern. Diese Fenster eignen sich nicht nur f\u00fcr Niedrigenergieh\u00e4user sondern auch f\u00fcr Passivh\u00e4user. Sie zeichnen sich durch eine hochwertige V- Nut und eine innovative Art der Verbindung von Scheiben mit Fl\u00fcgelprofilen aus.  Dank der Klebetechnologie der Isolierglasscheiben haben die Fenster einen verbesserten Einbruchschutz, geringere Profilverformungen und erm\u00f6glichen gr\u00f6\u00dfere Glasoberfl\u00e4chen.<\/p>\n","protected":false},"featured_media":24815,"parent":0,"menu_order":389,"template":"","class_list":["post-8458","product","type-product","status-publish","has-post-thumbnail","hentry","product-category-fenster","product-category-pvc-de","product-line-platinumline-de"],"yoast_head":"<!-- This site is optimized with the Yoast SEO plugin v24.7 - https:\/\/yoast.com\/wordpress\/plugins\/seo\/ -->\n<title>PVC Fenster ClimaStar 82 Prime - Filplast f\u00fcr Generationen<\/title>\n<meta name=\"robots\" content=\"index, follow, max-snippet:-1, max-image-preview:large, max-video-preview:-1\" \/>\n<link rel=\"canonical\" href=\"https:\/\/filplast.pl\/de\/produkt\/pvc-fenster-climastar-82-2\/\" \/>\n<meta property=\"og:locale\" content=\"de_DE\" \/>\n<meta property=\"og:type\" content=\"article\" \/>\n<meta property=\"og:title\" content=\"PVC Fenster ClimaStar 82 Prime - Filplast f\u00fcr Generationen\" \/>\n<meta property=\"og:description\" content=\"ClimaStar 82 sind Fenster mit den h\u00f6chsten W\u00e4rme- und Schalld\u00e4mmung Parametern. Diese Fenster eignen sich nicht nur f\u00fcr Niedrigenergieh\u00e4user sondern auch f\u00fcr Passivh\u00e4user. Sie zeichnen sich durch eine hochwertige V- Nut und eine innovative Art der Verbindung von Scheiben mit Fl\u00fcgelprofilen aus. Dank der Klebetechnologie der Isolierglasscheiben haben die Fenster einen verbesserten Einbruchschutz, geringere Profilverformungen und erm\u00f6glichen gr\u00f6\u00dfere Glasoberfl\u00e4chen.\" \/>\n<meta property=\"og:url\" content=\"https:\/\/filplast.pl\/de\/produkt\/pvc-fenster-climastar-82-2\/\" \/>\n<meta property=\"og:site_name\" content=\"Filplast f\u00fcr Generationen\" \/>\n<meta property=\"article:publisher\" content=\"https:\/\/www.facebook.com\/filplast.firma\" \/>\n<meta property=\"article:modified_time\" content=\"2025-07-28T13:58:43+00:00\" \/>\n<meta property=\"og:image\" content=\"https:\/\/filplast.pl\/wp-content\/uploads\/2020\/12\/CS_82_PRIME.png\" \/>\n\t<meta property=\"og:image:width\" content=\"2000\" \/>\n\t<meta property=\"og:image:height\" content=\"2000\" \/>\n\t<meta property=\"og:image:type\" content=\"image\/png\" \/>\n<meta name=\"twitter:card\" content=\"summary_large_image\" \/>\n<meta name=\"twitter:label1\" content=\"Gesch\u00e4tzte Lesezeit\" \/>\n\t<meta name=\"twitter:data1\" content=\"1\u00a0Minute\" \/>\n<script type=\"application\/ld+json\" class=\"yoast-schema-graph\">{\"@context\":\"https:\/\/schema.org\",\"@graph\":[{\"@type\":\"WebPage\",\"@id\":\"https:\/\/filplast.pl\/de\/produkt\/pvc-fenster-climastar-82-2\/\",\"url\":\"https:\/\/filplast.pl\/de\/produkt\/pvc-fenster-climastar-82-2\/\",\"name\":\"PVC Fenster ClimaStar 82 Prime - Filplast f\u00fcr Generationen\",\"isPartOf\":{\"@id\":\"https:\/\/filplast.pl\/de\/#website\"},\"primaryImageOfPage\":{\"@id\":\"https:\/\/filplast.pl\/de\/produkt\/pvc-fenster-climastar-82-2\/#primaryimage\"},\"image\":{\"@id\":\"https:\/\/filplast.pl\/de\/produkt\/pvc-fenster-climastar-82-2\/#primaryimage\"},\"thumbnailUrl\":\"https:\/\/filplast.pl\/wp-content\/uploads\/2020\/12\/CS_82_PRIME.png\",\"datePublished\":\"2021-04-22T06:47:57+00:00\",\"dateModified\":\"2025-07-28T13:58:43+00:00\",\"breadcrumb\":{\"@id\":\"https:\/\/filplast.pl\/de\/produkt\/pvc-fenster-climastar-82-2\/#breadcrumb\"},\"inLanguage\":\"de\",\"potentialAction\":[{\"@type\":\"ReadAction\",\"target\":[\"https:\/\/filplast.pl\/de\/produkt\/pvc-fenster-climastar-82-2\/\"]}]},{\"@type\":\"ImageObject\",\"inLanguage\":\"de\",\"@id\":\"https:\/\/filplast.pl\/de\/produkt\/pvc-fenster-climastar-82-2\/#primaryimage\",\"url\":\"https:\/\/filplast.pl\/wp-content\/uploads\/2020\/12\/CS_82_PRIME.png\",\"contentUrl\":\"https:\/\/filplast.pl\/wp-content\/uploads\/2020\/12\/CS_82_PRIME.png\",\"width\":2000,\"height\":2000},{\"@type\":\"BreadcrumbList\",\"@id\":\"https:\/\/filplast.pl\/de\/produkt\/pvc-fenster-climastar-82-2\/#breadcrumb\",\"itemListElement\":[{\"@type\":\"ListItem\",\"position\":1,\"name\":\"Startseite\",\"item\":\"https:\/\/filplast.pl\/de\/\"},{\"@type\":\"ListItem\",\"position\":2,\"name\":\"Produkte\",\"item\":\"https:\/\/filplast.pl\/de\/produkt\/\"},{\"@type\":\"ListItem\",\"position\":3,\"name\":\"ClimaStar 82 Prime\"}]},{\"@type\":\"WebSite\",\"@id\":\"https:\/\/filplast.pl\/de\/#website\",\"url\":\"https:\/\/filplast.pl\/de\/\",\"name\":\"Filplast f\u00fcr Generationen\",\"description\":\"Gersteller gesunder Fenster\",\"publisher\":{\"@id\":\"https:\/\/filplast.pl\/de\/#organization\"},\"potentialAction\":[{\"@type\":\"SearchAction\",\"target\":{\"@type\":\"EntryPoint\",\"urlTemplate\":\"https:\/\/filplast.pl\/de\/?s={search_term_string}\"},\"query-input\":{\"@type\":\"PropertyValueSpecification\",\"valueRequired\":true,\"valueName\":\"search_term_string\"}}],\"inLanguage\":\"de\"},{\"@type\":\"Organization\",\"@id\":\"https:\/\/filplast.pl\/de\/#organization\",\"name\":\"Filplast f\u00fcr Generationen\",\"url\":\"https:\/\/filplast.pl\/de\/\",\"logo\":{\"@type\":\"ImageObject\",\"inLanguage\":\"de\",\"@id\":\"https:\/\/filplast.pl\/de\/#\/schema\/logo\/image\/\",\"url\":\"https:\/\/filplast.pl\/wp-content\/uploads\/2023\/10\/favicon-filplast.png\",\"contentUrl\":\"https:\/\/filplast.pl\/wp-content\/uploads\/2023\/10\/favicon-filplast.png\",\"width\":2134,\"height\":2134,\"caption\":\"Filplast f\u00fcr Generationen\"},\"image\":{\"@id\":\"https:\/\/filplast.pl\/de\/#\/schema\/logo\/image\/\"},\"sameAs\":[\"https:\/\/www.facebook.com\/filplast.firma\",\"https:\/\/pl.pinterest.com\/filplast\/\",\"https:\/\/www.youtube.com\/FILPLASTchannel\",\"https:\/\/pl.linkedin.com\/company\/filplast-sp.-z-o.o.\",\"https:\/\/www.instagram.com\/filplast\/\"]}]}<\/script>\n<!-- \/ Yoast SEO plugin. -->","yoast_head_json":{"title":"PVC Fenster ClimaStar 82 Prime - Filplast f\u00fcr Generationen","robots":{"index":"index","follow":"follow","max-snippet":"max-snippet:-1","max-image-preview":"max-image-preview:large","max-video-preview":"max-video-preview:-1"},"canonical":"https:\/\/filplast.pl\/de\/produkt\/pvc-fenster-climastar-82-2\/","og_locale":"de_DE","og_type":"article","og_title":"PVC Fenster ClimaStar 82 Prime - Filplast f\u00fcr Generationen","og_description":"ClimaStar 82 sind Fenster mit den h\u00f6chsten W\u00e4rme- und Schalld\u00e4mmung Parametern. Diese Fenster eignen sich nicht nur f\u00fcr Niedrigenergieh\u00e4user sondern auch f\u00fcr Passivh\u00e4user. Sie zeichnen sich durch eine hochwertige V- Nut und eine innovative Art der Verbindung von Scheiben mit Fl\u00fcgelprofilen aus. Dank der Klebetechnologie der Isolierglasscheiben haben die Fenster einen verbesserten Einbruchschutz, geringere Profilverformungen und erm\u00f6glichen gr\u00f6\u00dfere Glasoberfl\u00e4chen.","og_url":"https:\/\/filplast.pl\/de\/produkt\/pvc-fenster-climastar-82-2\/","og_site_name":"Filplast f\u00fcr Generationen","article_publisher":"https:\/\/www.facebook.com\/filplast.firma","article_modified_time":"2025-07-28T13:58:43+00:00","og_image":[{"width":2000,"height":2000,"url":"https:\/\/filplast.pl\/wp-content\/uploads\/2020\/12\/CS_82_PRIME.png","type":"image\/png"}],"twitter_card":"summary_large_image","twitter_misc":{"Gesch\u00e4tzte Lesezeit":"1\u00a0Minute"},"schema":{"@context":"https:\/\/schema.org","@graph":[{"@type":"WebPage","@id":"https:\/\/filplast.pl\/de\/produkt\/pvc-fenster-climastar-82-2\/","url":"https:\/\/filplast.pl\/de\/produkt\/pvc-fenster-climastar-82-2\/","name":"PVC Fenster ClimaStar 82 Prime - Filplast f\u00fcr Generationen","isPartOf":{"@id":"https:\/\/filplast.pl\/de\/#website"},"primaryImageOfPage":{"@id":"https:\/\/filplast.pl\/de\/produkt\/pvc-fenster-climastar-82-2\/#primaryimage"},"image":{"@id":"https:\/\/filplast.pl\/de\/produkt\/pvc-fenster-climastar-82-2\/#primaryimage"},"thumbnailUrl":"https:\/\/filplast.pl\/wp-content\/uploads\/2020\/12\/CS_82_PRIME.png","datePublished":"2021-04-22T06:47:57+00:00","dateModified":"2025-07-28T13:58:43+00:00","breadcrumb":{"@id":"https:\/\/filplast.pl\/de\/produkt\/pvc-fenster-climastar-82-2\/#breadcrumb"},"inLanguage":"de","potentialAction":[{"@type":"ReadAction","target":["https:\/\/filplast.pl\/de\/produkt\/pvc-fenster-climastar-82-2\/"]}]},{"@type":"ImageObject","inLanguage":"de","@id":"https:\/\/filplast.pl\/de\/produkt\/pvc-fenster-climastar-82-2\/#primaryimage","url":"https:\/\/filplast.pl\/wp-content\/uploads\/2020\/12\/CS_82_PRIME.png","contentUrl":"https:\/\/filplast.pl\/wp-content\/uploads\/2020\/12\/CS_82_PRIME.png","width":2000,"height":2000},{"@type":"BreadcrumbList","@id":"https:\/\/filplast.pl\/de\/produkt\/pvc-fenster-climastar-82-2\/#breadcrumb","itemListElement":[{"@type":"ListItem","position":1,"name":"Startseite","item":"https:\/\/filplast.pl\/de\/"},{"@type":"ListItem","position":2,"name":"Produkte","item":"https:\/\/filplast.pl\/de\/produkt\/"},{"@type":"ListItem","position":3,"name":"ClimaStar 82 Prime"}]},{"@type":"WebSite","@id":"https:\/\/filplast.pl\/de\/#website","url":"https:\/\/filplast.pl\/de\/","name":"Filplast f\u00fcr Generationen","description":"Gersteller gesunder Fenster","publisher":{"@id":"https:\/\/filplast.pl\/de\/#organization"},"potentialAction":[{"@type":"SearchAction","target":{"@type":"EntryPoint","urlTemplate":"https:\/\/filplast.pl\/de\/?s={search_term_string}"},"query-input":{"@type":"PropertyValueSpecification","valueRequired":true,"valueName":"search_term_string"}}],"inLanguage":"de"},{"@type":"Organization","@id":"https:\/\/filplast.pl\/de\/#organization","name":"Filplast f\u00fcr Generationen","url":"https:\/\/filplast.pl\/de\/","logo":{"@type":"ImageObject","inLanguage":"de","@id":"https:\/\/filplast.pl\/de\/#\/schema\/logo\/image\/","url":"https:\/\/filplast.pl\/wp-content\/uploads\/2023\/10\/favicon-filplast.png","contentUrl":"https:\/\/filplast.pl\/wp-content\/uploads\/2023\/10\/favicon-filplast.png","width":2134,"height":2134,"caption":"Filplast f\u00fcr Generationen"},"image":{"@id":"https:\/\/filplast.pl\/de\/#\/schema\/logo\/image\/"},"sameAs":["https:\/\/www.facebook.com\/filplast.firma","https:\/\/pl.pinterest.com\/filplast\/","https:\/\/www.youtube.com\/FILPLASTchannel","https:\/\/pl.linkedin.com\/company\/filplast-sp.-z-o.o.","https:\/\/www.instagram.com\/filplast\/"]}]}},"uagb_featured_image_src":{"full":["https:\/\/filplast.pl\/wp-content\/uploads\/2020\/12\/CS_82_PRIME.png",2000,2000,false],"thumbnail":["https:\/\/filplast.pl\/wp-content\/uploads\/2020\/12\/CS_82_PRIME-150x150.png",150,150,true],"medium":["https:\/\/filplast.pl\/wp-content\/uploads\/2020\/12\/CS_82_PRIME-300x300.png",300,300,true],"medium_large":["https:\/\/filplast.pl\/wp-content\/uploads\/2020\/12\/CS_82_PRIME-768x768.png",768,768,true],"large":["https:\/\/filplast.pl\/wp-content\/uploads\/2020\/12\/CS_82_PRIME-1024x1024.png",1024,1024,true],"1536x1536":["https:\/\/filplast.pl\/wp-content\/uploads\/2020\/12\/CS_82_PRIME-1536x1536.png",1536,1536,true],"2048x2048":["https:\/\/filplast.pl\/wp-content\/uploads\/2020\/12\/CS_82_PRIME.png",2000,2000,false],"depcore-widget-post-thumb":["https:\/\/filplast.pl\/wp-content\/uploads\/2020\/12\/CS_82_PRIME-65x65.png",65,65,true],"depcore-widget-post-medium":["https:\/\/filplast.pl\/wp-content\/uploads\/2020\/12\/CS_82_PRIME-280x150.png",280,150,true],"square":["https:\/\/filplast.pl\/wp-content\/uploads\/2020\/12\/CS_82_PRIME-500x500.png",500,500,true],"small-square":["https:\/\/filplast.pl\/wp-content\/uploads\/2020\/12\/CS_82_PRIME-250x250.png",250,250,true],"slider-image":["https:\/\/filplast.pl\/wp-content\/uploads\/2020\/12\/CS_82_PRIME-1080x500.png",1080,500,true],"":["https:\/\/filplast.pl\/wp-content\/uploads\/2020\/12\/CS_82_PRIME.png",250,250,false]},"uagb_author_info":{"display_name":"Micha\u0142 Mrukot","author_link":"https:\/\/filplast.pl\/de\/author\/"},"uagb_comment_info":0,"uagb_excerpt":"ClimaStar 82 sind Fenster mit den h\u00f6chsten W\u00e4rme- und Schalld\u00e4mmung Parametern. Diese Fenster eignen sich nicht nur f\u00fcr Niedrigenergieh\u00e4user sondern auch f\u00fcr Passivh\u00e4user. Sie zeichnen sich durch eine hochwertige V- Nut und eine innovative Art der Verbindung von Scheiben mit Fl\u00fcgelprofilen aus. Dank der Klebetechnologie der Isolierglasscheiben haben die Fenster einen verbesserten Einbruchschutz, geringere Profilverformungen&hellip;","_links":{"self":[{"href":"https:\/\/filplast.pl\/de\/wp-json\/wp\/v2\/product\/8458","targetHints":{"allow":["GET"]}}],"collection":[{"href":"https:\/\/filplast.pl\/de\/wp-json\/wp\/v2\/product"}],"about":[{"href":"https:\/\/filplast.pl\/de\/wp-json\/wp\/v2\/types\/product"}],"version-history":[{"count":13,"href":"https:\/\/filplast.pl\/de\/wp-json\/wp\/v2\/product\/8458\/revisions"}],"predecessor-version":[{"id":61522,"href":"https:\/\/filplast.pl\/de\/wp-json\/wp\/v2\/product\/8458\/revisions\/61522"}],"wp:featuredmedia":[{"embeddable":true,"href":"https:\/\/filplast.pl\/de\/wp-json\/wp\/v2\/media\/24815"}],"wp:attachment":[{"href":"https:\/\/filplast.pl\/de\/wp-json\/wp\/v2\/media?parent=8458"}],"curies":[{"name":"wp","href":"https:\/\/api.w.org\/{rel}","templated":true}]}}