{"id":8487,"date":"2021-04-22T10:01:48","date_gmt":"2021-04-22T08:01:48","guid":{"rendered":"https:\/\/filplast.pl\/produkt\/psk-viva-83\/"},"modified":"2024-10-29T14:57:21","modified_gmt":"2024-10-29T13:57:21","slug":"terrassen-systeme-psk-viva-83","status":"publish","type":"product","link":"https:\/\/filplast.pl\/de\/produkt\/terrassen-systeme-psk-viva-83\/","title":{"rendered":"PSK Viva 83"},"content":{"rendered":"<div id=\"modal-ready\"><p>Eine gro\u00dfe Auswahl an Farben erm\u00f6glicht es, die Konstruktionen jedem architektonischen Stil anzupassen. Die Profile sehen aufgrund ihrer einzigartigen Acrylfarbenbeschichtung aus Acrylglas sehr modern aus. Dieses ist doppelt so hart wie das PVC, aus dem gew\u00f6hnliche Fenster hergestellt werden.<\/p>\n\n\n<p><strong><a href=\"https:\/\/filplast.pl\/wp-content\/uploads\/2024\/10\/Gealan-verfugbare-folierungen.pdf\" target=\"_blank\" rel=\"noreferrer noopener\">Verf\u00fcgbare folierungen \u279c<\/a><\/strong><\/p>\n<\/div>","protected":false},"excerpt":{"rendered":"<p>Das Terrassensystem Viva 83 zeichnet sich durch eine hervorragende W\u00e4rmed\u00e4mmung aus. F\u00fcr dieses System steht eine innovative Methode zur F\u00e4rbung von Profilen zur Verf\u00fcgung<br \/>\n&#8211; Acrycolor. Dank der Acrylglasbeschichtung sind die Konstruktionen widerstandsf\u00e4higer gegen externe Faktoren und die Farbe \u00e4ndert sich nicht,<br \/>\nauch nach vielen Jahren der Sonneneinstrahlung.<\/p>\n","protected":false},"featured_media":24767,"parent":0,"menu_order":433,"template":"","class_list":["post-8487","product","type-product","status-publish","has-post-thumbnail","hentry","product-category-turen","product-category-terrassenturen","product-category-psk-de","product-line-goldenline-de"],"yoast_head":"<!-- This site is optimized with the Yoast SEO plugin v24.7 - https:\/\/yoast.com\/wordpress\/plugins\/seo\/ -->\n<title>Terrassent\u00fcren PSK Viva 83 - Filplast f\u00fcr Generationen<\/title>\n<meta name=\"robots\" content=\"index, follow, max-snippet:-1, max-image-preview:large, max-video-preview:-1\" \/>\n<link rel=\"canonical\" href=\"https:\/\/filplast.pl\/de\/produkt\/terrassen-systeme-psk-viva-83\/\" \/>\n<meta property=\"og:locale\" content=\"de_DE\" \/>\n<meta property=\"og:type\" content=\"article\" \/>\n<meta property=\"og:title\" content=\"Terrassent\u00fcren PSK Viva 83 - Filplast f\u00fcr Generationen\" \/>\n<meta property=\"og:description\" content=\"Das Terrassensystem Viva 83 zeichnet sich durch eine hervorragende W\u00e4rmed\u00e4mmung aus. F\u00fcr dieses System steht eine innovative Methode zur F\u00e4rbung von Profilen zur Verf\u00fcgung - Acrycolor. Dank der Acrylglasbeschichtung sind die Konstruktionen widerstandsf\u00e4higer gegen externe Faktoren und die Farbe \u00e4ndert sich nicht, auch nach vielen Jahren der Sonneneinstrahlung.\" \/>\n<meta property=\"og:url\" content=\"https:\/\/filplast.pl\/de\/produkt\/terrassen-systeme-psk-viva-83\/\" \/>\n<meta property=\"og:site_name\" content=\"Filplast f\u00fcr Generationen\" \/>\n<meta property=\"article:publisher\" content=\"https:\/\/www.facebook.com\/filplast.firma\" \/>\n<meta property=\"article:modified_time\" content=\"2024-10-29T13:57:21+00:00\" \/>\n<meta property=\"og:image\" content=\"https:\/\/filplast.pl\/wp-content\/uploads\/2020\/12\/VIVA_83_PSK-1024x1024.png\" \/>\n\t<meta property=\"og:image:width\" content=\"1024\" \/>\n\t<meta property=\"og:image:height\" content=\"1024\" \/>\n\t<meta property=\"og:image:type\" content=\"image\/png\" \/>\n<meta name=\"twitter:card\" content=\"summary_large_image\" \/>\n<meta name=\"twitter:label1\" content=\"Gesch\u00e4tzte Lesezeit\" \/>\n\t<meta name=\"twitter:data1\" content=\"1\u00a0Minute\" \/>\n<script type=\"application\/ld+json\" class=\"yoast-schema-graph\">{\"@context\":\"https:\/\/schema.org\",\"@graph\":[{\"@type\":\"WebPage\",\"@id\":\"https:\/\/filplast.pl\/de\/produkt\/terrassen-systeme-psk-viva-83\/\",\"url\":\"https:\/\/filplast.pl\/de\/produkt\/terrassen-systeme-psk-viva-83\/\",\"name\":\"Terrassent\u00fcren PSK Viva 83 - Filplast f\u00fcr Generationen\",\"isPartOf\":{\"@id\":\"https:\/\/filplast.pl\/de\/#website\"},\"primaryImageOfPage\":{\"@id\":\"https:\/\/filplast.pl\/de\/produkt\/terrassen-systeme-psk-viva-83\/#primaryimage\"},\"image\":{\"@id\":\"https:\/\/filplast.pl\/de\/produkt\/terrassen-systeme-psk-viva-83\/#primaryimage\"},\"thumbnailUrl\":\"https:\/\/filplast.pl\/wp-content\/uploads\/2020\/12\/VIVA_83_PSK.png\",\"datePublished\":\"2021-04-22T08:01:48+00:00\",\"dateModified\":\"2024-10-29T13:57:21+00:00\",\"breadcrumb\":{\"@id\":\"https:\/\/filplast.pl\/de\/produkt\/terrassen-systeme-psk-viva-83\/#breadcrumb\"},\"inLanguage\":\"de\",\"potentialAction\":[{\"@type\":\"ReadAction\",\"target\":[\"https:\/\/filplast.pl\/de\/produkt\/terrassen-systeme-psk-viva-83\/\"]}]},{\"@type\":\"ImageObject\",\"inLanguage\":\"de\",\"@id\":\"https:\/\/filplast.pl\/de\/produkt\/terrassen-systeme-psk-viva-83\/#primaryimage\",\"url\":\"https:\/\/filplast.pl\/wp-content\/uploads\/2020\/12\/VIVA_83_PSK.png\",\"contentUrl\":\"https:\/\/filplast.pl\/wp-content\/uploads\/2020\/12\/VIVA_83_PSK.png\",\"width\":2000,\"height\":2000},{\"@type\":\"BreadcrumbList\",\"@id\":\"https:\/\/filplast.pl\/de\/produkt\/terrassen-systeme-psk-viva-83\/#breadcrumb\",\"itemListElement\":[{\"@type\":\"ListItem\",\"position\":1,\"name\":\"Startseite\",\"item\":\"https:\/\/filplast.pl\/de\/\"},{\"@type\":\"ListItem\",\"position\":2,\"name\":\"Produkte\",\"item\":\"https:\/\/filplast.pl\/de\/produkt\/\"},{\"@type\":\"ListItem\",\"position\":3,\"name\":\"PSK Viva 83\"}]},{\"@type\":\"WebSite\",\"@id\":\"https:\/\/filplast.pl\/de\/#website\",\"url\":\"https:\/\/filplast.pl\/de\/\",\"name\":\"Filplast f\u00fcr Generationen\",\"description\":\"Gersteller gesunder Fenster\",\"publisher\":{\"@id\":\"https:\/\/filplast.pl\/de\/#organization\"},\"potentialAction\":[{\"@type\":\"SearchAction\",\"target\":{\"@type\":\"EntryPoint\",\"urlTemplate\":\"https:\/\/filplast.pl\/de\/?s={search_term_string}\"},\"query-input\":{\"@type\":\"PropertyValueSpecification\",\"valueRequired\":true,\"valueName\":\"search_term_string\"}}],\"inLanguage\":\"de\"},{\"@type\":\"Organization\",\"@id\":\"https:\/\/filplast.pl\/de\/#organization\",\"name\":\"Filplast f\u00fcr Generationen\",\"url\":\"https:\/\/filplast.pl\/de\/\",\"logo\":{\"@type\":\"ImageObject\",\"inLanguage\":\"de\",\"@id\":\"https:\/\/filplast.pl\/de\/#\/schema\/logo\/image\/\",\"url\":\"https:\/\/filplast.pl\/wp-content\/uploads\/2023\/10\/favicon-filplast.png\",\"contentUrl\":\"https:\/\/filplast.pl\/wp-content\/uploads\/2023\/10\/favicon-filplast.png\",\"width\":2134,\"height\":2134,\"caption\":\"Filplast f\u00fcr Generationen\"},\"image\":{\"@id\":\"https:\/\/filplast.pl\/de\/#\/schema\/logo\/image\/\"},\"sameAs\":[\"https:\/\/www.facebook.com\/filplast.firma\",\"https:\/\/pl.pinterest.com\/filplast\/\",\"https:\/\/www.youtube.com\/FILPLASTchannel\",\"https:\/\/pl.linkedin.com\/company\/filplast-sp.-z-o.o.\",\"https:\/\/www.instagram.com\/filplast\/\"]}]}<\/script>\n<!-- \/ Yoast SEO plugin. -->","yoast_head_json":{"title":"Terrassent\u00fcren PSK Viva 83 - Filplast f\u00fcr Generationen","robots":{"index":"index","follow":"follow","max-snippet":"max-snippet:-1","max-image-preview":"max-image-preview:large","max-video-preview":"max-video-preview:-1"},"canonical":"https:\/\/filplast.pl\/de\/produkt\/terrassen-systeme-psk-viva-83\/","og_locale":"de_DE","og_type":"article","og_title":"Terrassent\u00fcren PSK Viva 83 - Filplast f\u00fcr Generationen","og_description":"Das Terrassensystem Viva 83 zeichnet sich durch eine hervorragende W\u00e4rmed\u00e4mmung aus. F\u00fcr dieses System steht eine innovative Methode zur F\u00e4rbung von Profilen zur Verf\u00fcgung - Acrycolor. Dank der Acrylglasbeschichtung sind die Konstruktionen widerstandsf\u00e4higer gegen externe Faktoren und die Farbe \u00e4ndert sich nicht, auch nach vielen Jahren der Sonneneinstrahlung.","og_url":"https:\/\/filplast.pl\/de\/produkt\/terrassen-systeme-psk-viva-83\/","og_site_name":"Filplast f\u00fcr Generationen","article_publisher":"https:\/\/www.facebook.com\/filplast.firma","article_modified_time":"2024-10-29T13:57:21+00:00","og_image":[{"width":1024,"height":1024,"url":"https:\/\/filplast.pl\/wp-content\/uploads\/2020\/12\/VIVA_83_PSK-1024x1024.png","type":"image\/png"}],"twitter_card":"summary_large_image","twitter_misc":{"Gesch\u00e4tzte Lesezeit":"1\u00a0Minute"},"schema":{"@context":"https:\/\/schema.org","@graph":[{"@type":"WebPage","@id":"https:\/\/filplast.pl\/de\/produkt\/terrassen-systeme-psk-viva-83\/","url":"https:\/\/filplast.pl\/de\/produkt\/terrassen-systeme-psk-viva-83\/","name":"Terrassent\u00fcren PSK Viva 83 - Filplast f\u00fcr Generationen","isPartOf":{"@id":"https:\/\/filplast.pl\/de\/#website"},"primaryImageOfPage":{"@id":"https:\/\/filplast.pl\/de\/produkt\/terrassen-systeme-psk-viva-83\/#primaryimage"},"image":{"@id":"https:\/\/filplast.pl\/de\/produkt\/terrassen-systeme-psk-viva-83\/#primaryimage"},"thumbnailUrl":"https:\/\/filplast.pl\/wp-content\/uploads\/2020\/12\/VIVA_83_PSK.png","datePublished":"2021-04-22T08:01:48+00:00","dateModified":"2024-10-29T13:57:21+00:00","breadcrumb":{"@id":"https:\/\/filplast.pl\/de\/produkt\/terrassen-systeme-psk-viva-83\/#breadcrumb"},"inLanguage":"de","potentialAction":[{"@type":"ReadAction","target":["https:\/\/filplast.pl\/de\/produkt\/terrassen-systeme-psk-viva-83\/"]}]},{"@type":"ImageObject","inLanguage":"de","@id":"https:\/\/filplast.pl\/de\/produkt\/terrassen-systeme-psk-viva-83\/#primaryimage","url":"https:\/\/filplast.pl\/wp-content\/uploads\/2020\/12\/VIVA_83_PSK.png","contentUrl":"https:\/\/filplast.pl\/wp-content\/uploads\/2020\/12\/VIVA_83_PSK.png","width":2000,"height":2000},{"@type":"BreadcrumbList","@id":"https:\/\/filplast.pl\/de\/produkt\/terrassen-systeme-psk-viva-83\/#breadcrumb","itemListElement":[{"@type":"ListItem","position":1,"name":"Startseite","item":"https:\/\/filplast.pl\/de\/"},{"@type":"ListItem","position":2,"name":"Produkte","item":"https:\/\/filplast.pl\/de\/produkt\/"},{"@type":"ListItem","position":3,"name":"PSK Viva 83"}]},{"@type":"WebSite","@id":"https:\/\/filplast.pl\/de\/#website","url":"https:\/\/filplast.pl\/de\/","name":"Filplast f\u00fcr Generationen","description":"Gersteller gesunder Fenster","publisher":{"@id":"https:\/\/filplast.pl\/de\/#organization"},"potentialAction":[{"@type":"SearchAction","target":{"@type":"EntryPoint","urlTemplate":"https:\/\/filplast.pl\/de\/?s={search_term_string}"},"query-input":{"@type":"PropertyValueSpecification","valueRequired":true,"valueName":"search_term_string"}}],"inLanguage":"de"},{"@type":"Organization","@id":"https:\/\/filplast.pl\/de\/#organization","name":"Filplast f\u00fcr Generationen","url":"https:\/\/filplast.pl\/de\/","logo":{"@type":"ImageObject","inLanguage":"de","@id":"https:\/\/filplast.pl\/de\/#\/schema\/logo\/image\/","url":"https:\/\/filplast.pl\/wp-content\/uploads\/2023\/10\/favicon-filplast.png","contentUrl":"https:\/\/filplast.pl\/wp-content\/uploads\/2023\/10\/favicon-filplast.png","width":2134,"height":2134,"caption":"Filplast f\u00fcr Generationen"},"image":{"@id":"https:\/\/filplast.pl\/de\/#\/schema\/logo\/image\/"},"sameAs":["https:\/\/www.facebook.com\/filplast.firma","https:\/\/pl.pinterest.com\/filplast\/","https:\/\/www.youtube.com\/FILPLASTchannel","https:\/\/pl.linkedin.com\/company\/filplast-sp.-z-o.o.","https:\/\/www.instagram.com\/filplast\/"]}]}},"uagb_featured_image_src":{"full":["https:\/\/filplast.pl\/wp-content\/uploads\/2020\/12\/VIVA_83_PSK.png",2000,2000,false],"thumbnail":["https:\/\/filplast.pl\/wp-content\/uploads\/2020\/12\/VIVA_83_PSK-150x150.png",150,150,true],"medium":["https:\/\/filplast.pl\/wp-content\/uploads\/2020\/12\/VIVA_83_PSK-300x300.png",300,300,true],"medium_large":["https:\/\/filplast.pl\/wp-content\/uploads\/2020\/12\/VIVA_83_PSK-768x768.png",768,768,true],"large":["https:\/\/filplast.pl\/wp-content\/uploads\/2020\/12\/VIVA_83_PSK-1024x1024.png",1024,1024,true],"1536x1536":["https:\/\/filplast.pl\/wp-content\/uploads\/2020\/12\/VIVA_83_PSK-1536x1536.png",1536,1536,true],"2048x2048":["https:\/\/filplast.pl\/wp-content\/uploads\/2020\/12\/VIVA_83_PSK.png",2000,2000,false],"depcore-widget-post-thumb":["https:\/\/filplast.pl\/wp-content\/uploads\/2020\/12\/VIVA_83_PSK-65x65.png",65,65,true],"depcore-widget-post-medium":["https:\/\/filplast.pl\/wp-content\/uploads\/2020\/12\/VIVA_83_PSK-280x150.png",280,150,true],"square":["https:\/\/filplast.pl\/wp-content\/uploads\/2020\/12\/VIVA_83_PSK-500x500.png",500,500,true],"small-square":["https:\/\/filplast.pl\/wp-content\/uploads\/2020\/12\/VIVA_83_PSK-250x250.png",250,250,true],"slider-image":["https:\/\/filplast.pl\/wp-content\/uploads\/2020\/12\/VIVA_83_PSK-1080x500.png",1080,500,true],"":["https:\/\/filplast.pl\/wp-content\/uploads\/2020\/12\/VIVA_83_PSK.png",250,250,false]},"uagb_author_info":{"display_name":"Micha\u0142 Mrukot","author_link":"https:\/\/filplast.pl\/de\/author\/"},"uagb_comment_info":0,"uagb_excerpt":"Das Terrassensystem Viva 83 zeichnet sich durch eine hervorragende W\u00e4rmed\u00e4mmung aus. F\u00fcr dieses System steht eine innovative Methode zur F\u00e4rbung von Profilen zur Verf\u00fcgung - Acrycolor. Dank der Acrylglasbeschichtung sind die Konstruktionen widerstandsf\u00e4higer gegen externe Faktoren und die Farbe \u00e4ndert sich nicht, auch nach vielen Jahren der Sonneneinstrahlung.","_links":{"self":[{"href":"https:\/\/filplast.pl\/de\/wp-json\/wp\/v2\/product\/8487","targetHints":{"allow":["GET"]}}],"collection":[{"href":"https:\/\/filplast.pl\/de\/wp-json\/wp\/v2\/product"}],"about":[{"href":"https:\/\/filplast.pl\/de\/wp-json\/wp\/v2\/types\/product"}],"version-history":[{"count":5,"href":"https:\/\/filplast.pl\/de\/wp-json\/wp\/v2\/product\/8487\/revisions"}],"predecessor-version":[{"id":53409,"href":"https:\/\/filplast.pl\/de\/wp-json\/wp\/v2\/product\/8487\/revisions\/53409"}],"wp:featuredmedia":[{"embeddable":true,"href":"https:\/\/filplast.pl\/de\/wp-json\/wp\/v2\/media\/24767"}],"wp:attachment":[{"href":"https:\/\/filplast.pl\/de\/wp-json\/wp\/v2\/media?parent=8487"}],"curies":[{"name":"wp","href":"https:\/\/api.w.org\/{rel}","templated":true}]}}