{"id":55847,"date":"2024-02-20T11:27:44","date_gmt":"2024-02-20T10:27:44","guid":{"rendered":"https:\/\/filplast.pl\/produkt\/pergola-sb-350\/"},"modified":"2025-02-13T15:09:42","modified_gmt":"2025-02-13T14:09:42","slug":"pergola-sb-350","status":"publish","type":"product","link":"https:\/\/filplast.pl\/en\/product\/pergola-sb-350\/","title":{"rendered":"SB 350 Pergola"},"content":{"rendered":"<div id=\"modal-ready\">\n<p>A freestanding structure is available in fixed dimensions. The pergola&#8217;s roof consists of flat shutters that facilitate water drainage and form a smooth, seamless surface when closed. The shutter rotation is powered by an <strong>electric engine<\/strong>. The system includes two drainage gutters with dedicated outlets that direct water flow directly into the supporting posts.<\/p>\n<\/div>","protected":false},"excerpt":{"rendered":"<p>A freestanding pergola equipped with a retractable roof, electric operation, and an integrated water drainage system.<\/p>\n","protected":false},"featured_media":45188,"parent":0,"menu_order":82,"template":"","class_list":["post-55847","product","type-product","status-publish","has-post-thumbnail","hentry","product-category-pergolas-awnings-screens","product-line-goldenline-en"],"yoast_head":"<!-- This site is optimized with the Yoast SEO plugin v24.7 - https:\/\/yoast.com\/wordpress\/plugins\/seo\/ -->\n<title>Pergola wolnostoj\u0105ca SB 350 I Filplast na pokolenia<\/title>\n<meta name=\"description\" content=\"Pergola wolnostoj\u0105ca SB 350 to nowoczesna aluminiowa konstrukcja. Ruchomy dach, odprowadzanie wody i elektryczne sterowanie - zobacz wi\u0119cej!\" \/>\n<meta name=\"robots\" content=\"index, follow, max-snippet:-1, max-image-preview:large, max-video-preview:-1\" \/>\n<link rel=\"canonical\" href=\"https:\/\/filplast.pl\/en\/product\/pergola-sb-350\/\" \/>\n<meta property=\"og:locale\" content=\"en_US\" \/>\n<meta property=\"og:type\" content=\"article\" \/>\n<meta property=\"og:title\" content=\"Pergola wolnostoj\u0105ca SB 350 I Filplast na pokolenia\" \/>\n<meta property=\"og:description\" content=\"Pergola wolnostoj\u0105ca SB 350 to nowoczesna aluminiowa konstrukcja. Ruchomy dach, odprowadzanie wody i elektryczne sterowanie - zobacz wi\u0119cej!\" \/>\n<meta property=\"og:url\" content=\"https:\/\/filplast.pl\/en\/product\/pergola-sb-350\/\" \/>\n<meta property=\"og:site_name\" content=\"Filplast for generations\" \/>\n<meta property=\"article:publisher\" content=\"https:\/\/www.facebook.com\/filplast.firma\" \/>\n<meta property=\"article:modified_time\" content=\"2025-02-13T14:09:42+00:00\" \/>\n<meta property=\"og:image\" content=\"https:\/\/filplast.pl\/wp-content\/uploads\/2024\/02\/sb-350-2-1.png\" \/>\n\t<meta property=\"og:image:width\" content=\"1080\" \/>\n\t<meta property=\"og:image:height\" content=\"1080\" \/>\n\t<meta property=\"og:image:type\" content=\"image\/png\" \/>\n<meta name=\"twitter:card\" content=\"summary_large_image\" \/>\n<meta name=\"twitter:label1\" content=\"Est. reading time\" \/>\n\t<meta name=\"twitter:data1\" content=\"1 minute\" \/>\n<script type=\"application\/ld+json\" class=\"yoast-schema-graph\">{\"@context\":\"https:\/\/schema.org\",\"@graph\":[{\"@type\":\"WebPage\",\"@id\":\"https:\/\/filplast.pl\/en\/product\/pergola-sb-350\/\",\"url\":\"https:\/\/filplast.pl\/en\/product\/pergola-sb-350\/\",\"name\":\"Pergola wolnostoj\u0105ca SB 350 I Filplast na pokolenia\",\"isPartOf\":{\"@id\":\"https:\/\/filplast.pl\/en\/#website\"},\"primaryImageOfPage\":{\"@id\":\"https:\/\/filplast.pl\/en\/product\/pergola-sb-350\/#primaryimage\"},\"image\":{\"@id\":\"https:\/\/filplast.pl\/en\/product\/pergola-sb-350\/#primaryimage\"},\"thumbnailUrl\":\"https:\/\/filplast.pl\/wp-content\/uploads\/2024\/02\/sb-350-2-1.png\",\"datePublished\":\"2024-02-20T10:27:44+00:00\",\"dateModified\":\"2025-02-13T14:09:42+00:00\",\"description\":\"Pergola wolnostoj\u0105ca SB 350 to nowoczesna aluminiowa konstrukcja. Ruchomy dach, odprowadzanie wody i elektryczne sterowanie - zobacz wi\u0119cej!\",\"breadcrumb\":{\"@id\":\"https:\/\/filplast.pl\/en\/product\/pergola-sb-350\/#breadcrumb\"},\"inLanguage\":\"en-US\",\"potentialAction\":[{\"@type\":\"ReadAction\",\"target\":[\"https:\/\/filplast.pl\/en\/product\/pergola-sb-350\/\"]}]},{\"@type\":\"ImageObject\",\"inLanguage\":\"en-US\",\"@id\":\"https:\/\/filplast.pl\/en\/product\/pergola-sb-350\/#primaryimage\",\"url\":\"https:\/\/filplast.pl\/wp-content\/uploads\/2024\/02\/sb-350-2-1.png\",\"contentUrl\":\"https:\/\/filplast.pl\/wp-content\/uploads\/2024\/02\/sb-350-2-1.png\",\"width\":1080,\"height\":1080},{\"@type\":\"BreadcrumbList\",\"@id\":\"https:\/\/filplast.pl\/en\/product\/pergola-sb-350\/#breadcrumb\",\"itemListElement\":[{\"@type\":\"ListItem\",\"position\":1,\"name\":\"Home page\",\"item\":\"https:\/\/filplast.pl\/en\/\"},{\"@type\":\"ListItem\",\"position\":2,\"name\":\"Products\",\"item\":\"https:\/\/filplast.pl\/en\/product\/\"},{\"@type\":\"ListItem\",\"position\":3,\"name\":\"SB 350 Pergola\"}]},{\"@type\":\"WebSite\",\"@id\":\"https:\/\/filplast.pl\/en\/#website\",\"url\":\"https:\/\/filplast.pl\/en\/\",\"name\":\"Filplast for generations\",\"description\":\"Healthy windows manufacturer\\n\",\"publisher\":{\"@id\":\"https:\/\/filplast.pl\/en\/#organization\"},\"potentialAction\":[{\"@type\":\"SearchAction\",\"target\":{\"@type\":\"EntryPoint\",\"urlTemplate\":\"https:\/\/filplast.pl\/en\/?s={search_term_string}\"},\"query-input\":{\"@type\":\"PropertyValueSpecification\",\"valueRequired\":true,\"valueName\":\"search_term_string\"}}],\"inLanguage\":\"en-US\"},{\"@type\":\"Organization\",\"@id\":\"https:\/\/filplast.pl\/en\/#organization\",\"name\":\"Filplast for generations\",\"url\":\"https:\/\/filplast.pl\/en\/\",\"logo\":{\"@type\":\"ImageObject\",\"inLanguage\":\"en-US\",\"@id\":\"https:\/\/filplast.pl\/en\/#\/schema\/logo\/image\/\",\"url\":\"https:\/\/filplast.pl\/wp-content\/uploads\/2023\/10\/favicon-filplast.png\",\"contentUrl\":\"https:\/\/filplast.pl\/wp-content\/uploads\/2023\/10\/favicon-filplast.png\",\"width\":2134,\"height\":2134,\"caption\":\"Filplast for generations\"},\"image\":{\"@id\":\"https:\/\/filplast.pl\/en\/#\/schema\/logo\/image\/\"},\"sameAs\":[\"https:\/\/www.facebook.com\/filplast.firma\",\"https:\/\/pl.pinterest.com\/filplast\/\",\"https:\/\/www.youtube.com\/FILPLASTchannel\",\"https:\/\/pl.linkedin.com\/company\/filplast-sp.-z-o.o.\",\"https:\/\/www.instagram.com\/filplast\/\"]}]}<\/script>\n<!-- \/ Yoast SEO plugin. -->","yoast_head_json":{"title":"Pergola wolnostoj\u0105ca SB 350 I Filplast na pokolenia","description":"Pergola wolnostoj\u0105ca SB 350 to nowoczesna aluminiowa konstrukcja. Ruchomy dach, odprowadzanie wody i elektryczne sterowanie - zobacz wi\u0119cej!","robots":{"index":"index","follow":"follow","max-snippet":"max-snippet:-1","max-image-preview":"max-image-preview:large","max-video-preview":"max-video-preview:-1"},"canonical":"https:\/\/filplast.pl\/en\/product\/pergola-sb-350\/","og_locale":"en_US","og_type":"article","og_title":"Pergola wolnostoj\u0105ca SB 350 I Filplast na pokolenia","og_description":"Pergola wolnostoj\u0105ca SB 350 to nowoczesna aluminiowa konstrukcja. Ruchomy dach, odprowadzanie wody i elektryczne sterowanie - zobacz wi\u0119cej!","og_url":"https:\/\/filplast.pl\/en\/product\/pergola-sb-350\/","og_site_name":"Filplast for generations","article_publisher":"https:\/\/www.facebook.com\/filplast.firma","article_modified_time":"2025-02-13T14:09:42+00:00","og_image":[{"width":1080,"height":1080,"url":"https:\/\/filplast.pl\/wp-content\/uploads\/2024\/02\/sb-350-2-1.png","type":"image\/png"}],"twitter_card":"summary_large_image","twitter_misc":{"Est. reading time":"1 minute"},"schema":{"@context":"https:\/\/schema.org","@graph":[{"@type":"WebPage","@id":"https:\/\/filplast.pl\/en\/product\/pergola-sb-350\/","url":"https:\/\/filplast.pl\/en\/product\/pergola-sb-350\/","name":"Pergola wolnostoj\u0105ca SB 350 I Filplast na pokolenia","isPartOf":{"@id":"https:\/\/filplast.pl\/en\/#website"},"primaryImageOfPage":{"@id":"https:\/\/filplast.pl\/en\/product\/pergola-sb-350\/#primaryimage"},"image":{"@id":"https:\/\/filplast.pl\/en\/product\/pergola-sb-350\/#primaryimage"},"thumbnailUrl":"https:\/\/filplast.pl\/wp-content\/uploads\/2024\/02\/sb-350-2-1.png","datePublished":"2024-02-20T10:27:44+00:00","dateModified":"2025-02-13T14:09:42+00:00","description":"Pergola wolnostoj\u0105ca SB 350 to nowoczesna aluminiowa konstrukcja. Ruchomy dach, odprowadzanie wody i elektryczne sterowanie - zobacz wi\u0119cej!","breadcrumb":{"@id":"https:\/\/filplast.pl\/en\/product\/pergola-sb-350\/#breadcrumb"},"inLanguage":"en-US","potentialAction":[{"@type":"ReadAction","target":["https:\/\/filplast.pl\/en\/product\/pergola-sb-350\/"]}]},{"@type":"ImageObject","inLanguage":"en-US","@id":"https:\/\/filplast.pl\/en\/product\/pergola-sb-350\/#primaryimage","url":"https:\/\/filplast.pl\/wp-content\/uploads\/2024\/02\/sb-350-2-1.png","contentUrl":"https:\/\/filplast.pl\/wp-content\/uploads\/2024\/02\/sb-350-2-1.png","width":1080,"height":1080},{"@type":"BreadcrumbList","@id":"https:\/\/filplast.pl\/en\/product\/pergola-sb-350\/#breadcrumb","itemListElement":[{"@type":"ListItem","position":1,"name":"Home page","item":"https:\/\/filplast.pl\/en\/"},{"@type":"ListItem","position":2,"name":"Products","item":"https:\/\/filplast.pl\/en\/product\/"},{"@type":"ListItem","position":3,"name":"SB 350 Pergola"}]},{"@type":"WebSite","@id":"https:\/\/filplast.pl\/en\/#website","url":"https:\/\/filplast.pl\/en\/","name":"Filplast for generations","description":"Healthy windows manufacturer\n","publisher":{"@id":"https:\/\/filplast.pl\/en\/#organization"},"potentialAction":[{"@type":"SearchAction","target":{"@type":"EntryPoint","urlTemplate":"https:\/\/filplast.pl\/en\/?s={search_term_string}"},"query-input":{"@type":"PropertyValueSpecification","valueRequired":true,"valueName":"search_term_string"}}],"inLanguage":"en-US"},{"@type":"Organization","@id":"https:\/\/filplast.pl\/en\/#organization","name":"Filplast for generations","url":"https:\/\/filplast.pl\/en\/","logo":{"@type":"ImageObject","inLanguage":"en-US","@id":"https:\/\/filplast.pl\/en\/#\/schema\/logo\/image\/","url":"https:\/\/filplast.pl\/wp-content\/uploads\/2023\/10\/favicon-filplast.png","contentUrl":"https:\/\/filplast.pl\/wp-content\/uploads\/2023\/10\/favicon-filplast.png","width":2134,"height":2134,"caption":"Filplast for generations"},"image":{"@id":"https:\/\/filplast.pl\/en\/#\/schema\/logo\/image\/"},"sameAs":["https:\/\/www.facebook.com\/filplast.firma","https:\/\/pl.pinterest.com\/filplast\/","https:\/\/www.youtube.com\/FILPLASTchannel","https:\/\/pl.linkedin.com\/company\/filplast-sp.-z-o.o.","https:\/\/www.instagram.com\/filplast\/"]}]}},"uagb_featured_image_src":{"full":["https:\/\/filplast.pl\/wp-content\/uploads\/2024\/02\/sb-350-2-1.png",1080,1080,false],"thumbnail":["https:\/\/filplast.pl\/wp-content\/uploads\/2024\/02\/sb-350-2-1-250x250.png",250,250,true],"medium":["https:\/\/filplast.pl\/wp-content\/uploads\/2024\/02\/sb-350-2-1-400x400.png",400,400,true],"medium_large":["https:\/\/filplast.pl\/wp-content\/uploads\/2024\/02\/sb-350-2-1-768x768.png",768,768,true],"large":["https:\/\/filplast.pl\/wp-content\/uploads\/2024\/02\/sb-350-2-1-1024x1024.png",1024,1024,true],"1536x1536":["https:\/\/filplast.pl\/wp-content\/uploads\/2024\/02\/sb-350-2-1.png",1080,1080,false],"2048x2048":["https:\/\/filplast.pl\/wp-content\/uploads\/2024\/02\/sb-350-2-1.png",1080,1080,false],"depcore-widget-post-thumb":["https:\/\/filplast.pl\/wp-content\/uploads\/2024\/02\/sb-350-2-1-65x65.png",65,65,true],"depcore-widget-post-medium":["https:\/\/filplast.pl\/wp-content\/uploads\/2024\/02\/sb-350-2-1-280x150.png",280,150,true],"square":["https:\/\/filplast.pl\/wp-content\/uploads\/2024\/02\/sb-350-2-1-500x500.png",500,500,true],"small-square":["https:\/\/filplast.pl\/wp-content\/uploads\/2024\/02\/sb-350-2-1-250x250.png",250,250,true],"slider-image":["https:\/\/filplast.pl\/wp-content\/uploads\/2024\/02\/sb-350-2-1-1080x500.png",1080,500,true],"":["https:\/\/filplast.pl\/wp-content\/uploads\/2024\/02\/sb-350-2-1.png",250,250,false]},"uagb_author_info":{"display_name":"Micha\u0142 Mrukot","author_link":"https:\/\/filplast.pl\/en\/author\/"},"uagb_comment_info":0,"uagb_excerpt":"A freestanding pergola equipped with a retractable roof, electric operation, and an integrated water drainage system.","_links":{"self":[{"href":"https:\/\/filplast.pl\/en\/wp-json\/wp\/v2\/product\/55847","targetHints":{"allow":["GET"]}}],"collection":[{"href":"https:\/\/filplast.pl\/en\/wp-json\/wp\/v2\/product"}],"about":[{"href":"https:\/\/filplast.pl\/en\/wp-json\/wp\/v2\/types\/product"}],"version-history":[{"count":2,"href":"https:\/\/filplast.pl\/en\/wp-json\/wp\/v2\/product\/55847\/revisions"}],"predecessor-version":[{"id":55861,"href":"https:\/\/filplast.pl\/en\/wp-json\/wp\/v2\/product\/55847\/revisions\/55861"}],"wp:featuredmedia":[{"embeddable":true,"href":"https:\/\/filplast.pl\/en\/wp-json\/wp\/v2\/media\/45188"}],"wp:attachment":[{"href":"https:\/\/filplast.pl\/en\/wp-json\/wp\/v2\/media?parent=55847"}],"curies":[{"name":"wp","href":"https:\/\/api.w.org\/{rel}","templated":true}]}}