{"id":9024,"date":"2021-05-09T20:14:28","date_gmt":"2021-05-09T18:14:28","guid":{"rendered":"https:\/\/filplast.pl\/a-telecharger\/"},"modified":"2026-01-15T15:29:36","modified_gmt":"2026-01-15T14:29:36","slug":"a-telecharger","status":"publish","type":"page","link":"https:\/\/filplast.pl\/fr\/a-telecharger\/","title":{"rendered":"A t\u00e9l\u00e9charger"},"content":{"rendered":"<div id=\"modal-ready\">\n<h2 class=\"wp-block-heading\">Les instructions<\/h2>\n\n\n\n<div style=\"height:30px\" aria-hidden=\"true\" class=\"wp-block-spacer\"><\/div>\n\n\n\n<div class=\"wp-block-file\"><a id=\"wp-block-file--media-0cc67be3-522f-4b06-8600-2409b458cba7\" href=\"https:\/\/filplast.pl\/wp-content\/uploads\/2021\/02\/Konserwacja_i_uzytkowanie_stolarki_pvc.pdf\" target=\"_blank\" rel=\"noreferrer noopener\"><strong>Le manuel de l&rsquo;utilisation et de l&rsquo;entretien <\/strong><br>des fen\u00eatres et des portes en PVC durable<\/a><\/div>\n\n\n\n<div class=\"wp-block-file\"><a id=\"wp-block-file--media-42e067f7-1d02-4a1a-8cc3-eaf78e041edd\" href=\"https:\/\/filplast.pl\/wp-content\/uploads\/2021\/02\/Instrukcja-uzytkowania-rolet.pdf\" target=\"_blank\" rel=\"noreferrer noopener\"><strong>L&rsquo;instruction de l&rsquo;utilisation <\/strong><br>des volets ext\u00e9rieurs<\/a><\/div>\n\n\n\n<div style=\"height:40px\" aria-hidden=\"true\" class=\"wp-block-spacer\"><\/div>\n\n\n\n<div style=\"height:30px\" aria-hidden=\"true\" class=\"wp-block-spacer\"><\/div>\n\n\n\n<h2 class=\"wp-block-heading\">Couleurs des placages<\/h2>\n\n\n\n<div style=\"height:30px\" aria-hidden=\"true\" class=\"wp-block-spacer\"><\/div>\n\n\n\n<div class=\"wp-block-file\"><a id=\"wp-block-file--media-0d61c3fb-8dfe-4697-8264-cdb9034b4bea\" href=\"https:\/\/filplast.pl\/katalogi\/kolory-gealan-fr\/#book\/\" target=\"_blank\" rel=\"noreferrer noopener\"><strong>Couleurs gealan<\/strong><\/a><\/div>\n\n\n\n<div class=\"wp-block-file\"><a id=\"wp-block-file--media-e352640d-cd97-4705-9f79-996170aa1e0c\" href=\"https:\/\/filplast.pl\/katalogi\/kolory-veka-fr\/#book\/\" target=\"_blank\" rel=\"noreferrer noopener\"><strong>Couleurs veka<\/strong> <\/a><\/div>\n\n\n\n<div class=\"wp-block-file\"><a id=\"wp-block-file--media-e352640d-cd97-4705-9f79-996170aa1e0c\" href=\"https:\/\/filplast.pl\/katalogi\/kolory-adec-fr\/#book\/\" target=\"_blank\" rel=\"noreferrer noopener\"><strong>Couleurs ADEC<\/strong> <\/a><\/div>\n\n\n\n<div style=\"height:40px\" aria-hidden=\"true\" class=\"wp-block-spacer\"><\/div>\n\n\n\n<div style=\"height:30px\" aria-hidden=\"true\" class=\"wp-block-spacer\"><\/div>\n\n\n\n<h2 class=\"wp-block-heading\">Livre de coloriage<\/h2>\n\n\n\n<div style=\"height:30px\" aria-hidden=\"true\" class=\"wp-block-spacer\"><\/div>\n\n\n\n<div class=\"wp-block-file\"><a id=\"wp-block-file--media-0d61c3fb-8dfe-4697-8264-cdb9034b4bea\" href=\"https:\/\/filplast.pl\/wp-content\/uploads\/2023\/12\/kolorowanka-blackwhite.pdf\" target=\"_blank\" rel=\"noreferrer noopener\"><strong>Filplast<\/strong><\/a><\/div>\n\n\n\n<div style=\"height:70px\" aria-hidden=\"true\" class=\"wp-block-spacer\"><\/div>\n\n\n\n<h2 class=\"wp-block-heading\">Catalogues<\/h2>\n\n\n\n<div style=\"height:30px\" aria-hidden=\"true\" class=\"wp-block-spacer\"><\/div>\n\n\n\n<div class=\"wp-block-file\">\n  <a href=\"https:\/\/filplast.pl\/wp-content\/uploads\/2025\/07\/Filplast-catalogue-\u2013-fenetres-PVC-ALU-portes-systemes.pdf\" target=\"_blank\" rel=\"noreferrer noopener\" type=\"application\/pdf\">\n    <strong>Filplast catalogue \u2013 fen\u00eatres PVC &#038; ALU, portes, syst\u00e8mes<\/strong>\n  <\/a>\n<\/div>\n\n\n\n<div class=\"wp-block-file\">\n  <a href=\"https:\/\/filplast.pl\/wp-content\/uploads\/2025\/07\/Trend-Collection-\u2013-les-portes-dentree.pdf\" target=\"_blank\" rel=\"noreferrer noopener\" type=\"application\/pdf\">\n    <strong>Trend Collection \u2013 les portes d\u2019entr\u00e9e<\/strong>\n  <\/a>\n<\/div>\n\n\n\n<div class=\"wp-block-file\">\n  <a href=\"https:\/\/filplast.pl\/wp-content\/uploads\/2025\/07\/Portfolio-Filplast-1.pdf\" target=\"_blank\" rel=\"noreferrer noopener\" type=\"application\/pdf\">\n    <strong>Portfolio \u2013 R\u00e9alisations Filplast en Europe<\/strong>\n  <\/a>\n<\/div>\n\n\n\n<div class=\"wp-block-file\">\n  <a href=\"https:\/\/filplast.pl\/wp-content\/uploads\/2025\/07\/Portes-interieures-MB-45.pdf\" target=\"_blank\" rel=\"noreferrer noopener\" type=\"application\/pdf\">\n    <strong>Portes int\u00e9rieures MB-45<\/strong>\n  <\/a>\n<\/div>\n\n\n\n<div class=\"wp-block-file\">\n  <a href=\"https:\/\/filplast.pl\/wp-content\/uploads\/2025\/07\/Poignees-boutons-et-poignees-de-porte.pdf\" target=\"_blank\" rel=\"noreferrer noopener\" type=\"application\/pdf\">\n    <strong>Poign\u00e9es, boutons et poign\u00e9es de porte<\/strong>\n  <\/a>\n<\/div>\n\n\n\n<div class=\"wp-block-file\">\n  <a href=\"https:\/\/filplast.pl\/wp-content\/uploads\/2025\/07\/Moustquaires.pdf\" target=\"_blank\" rel=\"noreferrer noopener\" type=\"application\/pdf\">\n    <strong>Moustiquaires<\/strong>\n  <\/a>\n<\/div>\n\n\n\n<div class=\"wp-block-file\">\n  <a href=\"https:\/\/filplast.pl\/wp-content\/uploads\/2025\/07\/Market-Doors-2.pdf\" target=\"_blank\" rel=\"noreferrer noopener\" type=\"application\/pdf\">\n    <strong>Market Doors<\/strong>\n  <\/a>\n<\/div>\n\n\n\n<div class=\"wp-block-file\">\n  <a href=\"https:\/\/filplast.pl\/wp-content\/uploads\/2025\/07\/Kits-pour-portes-dentree-avec-poignee-de-tirage-\u2013-Black-Series.pdf\" target=\"_blank\" rel=\"noreferrer noopener\" type=\"application\/pdf\">\n    <strong>Kits pour portes d\u2019entr\u00e9e avec poign\u00e9e de tirage \u2013 Black Series<\/strong>\n  <\/a>\n<\/div>\n\n\n\n<div class=\"wp-block-file\">\n  <a href=\"https:\/\/filplast.pl\/wp-content\/uploads\/2025\/07\/HybridFit-Collection-Portes-dentree.pdf\" target=\"_blank\" rel=\"noreferrer noopener\" type=\"application\/pdf\">\n    <strong>HybridFit Collection \u2013 Portes d\u2019entr\u00e9e<\/strong>\n  <\/a>\n<\/div>\n\n\n\n<div class=\"wp-block-file\">\n  <a href=\"https:\/\/filplast.pl\/wp-content\/uploads\/2025\/07\/Couvertures-de-terrasse-1.pdf\" target=\"_blank\" rel=\"noreferrer noopener\" type=\"application\/pdf\">\n    <strong>Couvertures de terrasse<\/strong>\n  <\/a>\n<\/div>\n\n\n\n<div class=\"wp-block-file\">\n  <a href=\"https:\/\/filplast.pl\/wp-content\/uploads\/2025\/07\/Classic-Collection-\u2013-les-portes-dentree.pdf\" target=\"_blank\" rel=\"noreferrer noopener\" type=\"application\/pdf\">\n    <strong>Classic Collection \u2013 les portes d\u2019entr\u00e9e<\/strong>\n  <\/a>\n<\/div>\n\n\n\n<div class=\"wp-block-file\">\n  <a href=\"https:\/\/filplast.pl\/wp-content\/uploads\/2025\/07\/AluFit-Collection.pdf\" target=\"_blank\" rel=\"noreferrer noopener\" type=\"application\/pdf\">\n    <strong>AluFit Collection \u2013 les portes d\u2019entr\u00e9e<\/strong>\n  <\/a>\n<\/div>\n<\/div>","protected":false},"excerpt":{"rendered":"<p>Les instructions Couleurs des placages Livre de coloriage Catalogues Filplast catalogue \u2013 fen\u00eatres PVC &#038; ALU, portes, syst\u00e8mes Trend Collection \u2013 les portes d\u2019entr\u00e9e Portfolio \u2013 R\u00e9alisations Filplast en Europe Portes int\u00e9rieures MB-45 Poign\u00e9es, boutons [&hellip;]<\/p>\n","protected":false},"author":1,"featured_media":1388,"parent":0,"menu_order":104,"comment_status":"closed","ping_status":"closed","template":"","meta":{"inline_featured_image":false,"_uag_custom_page_level_css":"","footnotes":""},"class_list":["post-9024","page","type-page","status-publish","has-post-thumbnail","hentry"],"yoast_head":"<!-- This site is optimized with the Yoast SEO plugin v24.7 - https:\/\/yoast.com\/wordpress\/plugins\/seo\/ -->\n<title>A t\u00e9l\u00e9charger - Filplast pour les g\u00e9n\u00e9rations<\/title>\n<meta name=\"robots\" content=\"index, follow, max-snippet:-1, max-image-preview:large, max-video-preview:-1\" \/>\n<link rel=\"canonical\" href=\"https:\/\/filplast.pl\/fr\/a-telecharger\/\" \/>\n<meta property=\"og:locale\" content=\"fr_FR\" \/>\n<meta property=\"og:type\" content=\"article\" \/>\n<meta property=\"og:title\" content=\"A t\u00e9l\u00e9charger - Filplast pour les g\u00e9n\u00e9rations\" \/>\n<meta property=\"og:description\" content=\"Les instructions Couleurs des placages Livre de coloriage Catalogues Filplast catalogue \u2013 fen\u00eatres PVC &#038; ALU, portes, syst\u00e8mes Trend Collection \u2013 les portes d\u2019entr\u00e9e Portfolio \u2013 R\u00e9alisations Filplast en Europe Portes int\u00e9rieures MB-45 Poign\u00e9es, boutons [&hellip;]\" \/>\n<meta property=\"og:url\" content=\"https:\/\/filplast.pl\/fr\/a-telecharger\/\" \/>\n<meta property=\"og:site_name\" content=\"Filplast pour les g\u00e9n\u00e9rations\" \/>\n<meta property=\"article:publisher\" content=\"https:\/\/www.facebook.com\/filplast.firma\" \/>\n<meta property=\"article:modified_time\" content=\"2026-01-15T14:29:36+00:00\" \/>\n<meta property=\"og:image\" content=\"https:\/\/filplast.pl\/wp-content\/uploads\/2021\/02\/do-pobrania.jpg\" \/>\n\t<meta property=\"og:image:width\" content=\"1080\" \/>\n\t<meta property=\"og:image:height\" content=\"500\" \/>\n\t<meta property=\"og:image:type\" content=\"image\/jpeg\" \/>\n<meta name=\"twitter:card\" content=\"summary_large_image\" \/>\n<meta name=\"twitter:label1\" content=\"Dur\u00e9e de lecture estim\u00e9e\" \/>\n\t<meta name=\"twitter:data1\" content=\"1 minute\" \/>\n<script type=\"application\/ld+json\" class=\"yoast-schema-graph\">{\"@context\":\"https:\/\/schema.org\",\"@graph\":[{\"@type\":\"WebPage\",\"@id\":\"https:\/\/filplast.pl\/fr\/a-telecharger\/\",\"url\":\"https:\/\/filplast.pl\/fr\/a-telecharger\/\",\"name\":\"A t\u00e9l\u00e9charger - Filplast pour les g\u00e9n\u00e9rations\",\"isPartOf\":{\"@id\":\"https:\/\/filplast.pl\/fr\/#website\"},\"primaryImageOfPage\":{\"@id\":\"https:\/\/filplast.pl\/fr\/a-telecharger\/#primaryimage\"},\"image\":{\"@id\":\"https:\/\/filplast.pl\/fr\/a-telecharger\/#primaryimage\"},\"thumbnailUrl\":\"https:\/\/filplast.pl\/wp-content\/uploads\/2021\/02\/do-pobrania.jpg\",\"datePublished\":\"2021-05-09T18:14:28+00:00\",\"dateModified\":\"2026-01-15T14:29:36+00:00\",\"breadcrumb\":{\"@id\":\"https:\/\/filplast.pl\/fr\/a-telecharger\/#breadcrumb\"},\"inLanguage\":\"fr-FR\",\"potentialAction\":[{\"@type\":\"ReadAction\",\"target\":[\"https:\/\/filplast.pl\/fr\/a-telecharger\/\"]}]},{\"@type\":\"ImageObject\",\"inLanguage\":\"fr-FR\",\"@id\":\"https:\/\/filplast.pl\/fr\/a-telecharger\/#primaryimage\",\"url\":\"https:\/\/filplast.pl\/wp-content\/uploads\/2021\/02\/do-pobrania.jpg\",\"contentUrl\":\"https:\/\/filplast.pl\/wp-content\/uploads\/2021\/02\/do-pobrania.jpg\",\"width\":1080,\"height\":500},{\"@type\":\"BreadcrumbList\",\"@id\":\"https:\/\/filplast.pl\/fr\/a-telecharger\/#breadcrumb\",\"itemListElement\":[{\"@type\":\"ListItem\",\"position\":1,\"name\":\"Home\",\"item\":\"https:\/\/filplast.pl\/fr\/\"},{\"@type\":\"ListItem\",\"position\":2,\"name\":\"A t\u00e9l\u00e9charger\"}]},{\"@type\":\"WebSite\",\"@id\":\"https:\/\/filplast.pl\/fr\/#website\",\"url\":\"https:\/\/filplast.pl\/fr\/\",\"name\":\"Filplast pour les g\u00e9n\u00e9rations\",\"description\":\"Producent okien, drzwi i rolet\",\"publisher\":{\"@id\":\"https:\/\/filplast.pl\/fr\/#organization\"},\"potentialAction\":[{\"@type\":\"SearchAction\",\"target\":{\"@type\":\"EntryPoint\",\"urlTemplate\":\"https:\/\/filplast.pl\/fr\/?s={search_term_string}\"},\"query-input\":{\"@type\":\"PropertyValueSpecification\",\"valueRequired\":true,\"valueName\":\"search_term_string\"}}],\"inLanguage\":\"fr-FR\"},{\"@type\":\"Organization\",\"@id\":\"https:\/\/filplast.pl\/fr\/#organization\",\"name\":\"Filplast pour les g\u00e9n\u00e9rations\",\"url\":\"https:\/\/filplast.pl\/fr\/\",\"logo\":{\"@type\":\"ImageObject\",\"inLanguage\":\"fr-FR\",\"@id\":\"https:\/\/filplast.pl\/fr\/#\/schema\/logo\/image\/\",\"url\":\"https:\/\/filplast.pl\/wp-content\/uploads\/2023\/10\/favicon-filplast.png\",\"contentUrl\":\"https:\/\/filplast.pl\/wp-content\/uploads\/2023\/10\/favicon-filplast.png\",\"width\":2134,\"height\":2134,\"caption\":\"Filplast pour les g\u00e9n\u00e9rations\"},\"image\":{\"@id\":\"https:\/\/filplast.pl\/fr\/#\/schema\/logo\/image\/\"},\"sameAs\":[\"https:\/\/www.facebook.com\/filplast.firma\",\"https:\/\/pl.pinterest.com\/filplast\/\",\"https:\/\/www.youtube.com\/FILPLASTchannel\",\"https:\/\/pl.linkedin.com\/company\/filplast-sp.-z-o.o.\",\"https:\/\/www.instagram.com\/filplast\/\"]}]}<\/script>\n<!-- \/ Yoast SEO plugin. -->","yoast_head_json":{"title":"A t\u00e9l\u00e9charger - Filplast pour les g\u00e9n\u00e9rations","robots":{"index":"index","follow":"follow","max-snippet":"max-snippet:-1","max-image-preview":"max-image-preview:large","max-video-preview":"max-video-preview:-1"},"canonical":"https:\/\/filplast.pl\/fr\/a-telecharger\/","og_locale":"fr_FR","og_type":"article","og_title":"A t\u00e9l\u00e9charger - Filplast pour les g\u00e9n\u00e9rations","og_description":"Les instructions Couleurs des placages Livre de coloriage Catalogues Filplast catalogue \u2013 fen\u00eatres PVC &#038; ALU, portes, syst\u00e8mes Trend Collection \u2013 les portes d\u2019entr\u00e9e Portfolio \u2013 R\u00e9alisations Filplast en Europe Portes int\u00e9rieures MB-45 Poign\u00e9es, boutons [&hellip;]","og_url":"https:\/\/filplast.pl\/fr\/a-telecharger\/","og_site_name":"Filplast pour les g\u00e9n\u00e9rations","article_publisher":"https:\/\/www.facebook.com\/filplast.firma","article_modified_time":"2026-01-15T14:29:36+00:00","og_image":[{"width":1080,"height":500,"url":"https:\/\/filplast.pl\/wp-content\/uploads\/2021\/02\/do-pobrania.jpg","type":"image\/jpeg"}],"twitter_card":"summary_large_image","twitter_misc":{"Dur\u00e9e de lecture estim\u00e9e":"1 minute"},"schema":{"@context":"https:\/\/schema.org","@graph":[{"@type":"WebPage","@id":"https:\/\/filplast.pl\/fr\/a-telecharger\/","url":"https:\/\/filplast.pl\/fr\/a-telecharger\/","name":"A t\u00e9l\u00e9charger - Filplast pour les g\u00e9n\u00e9rations","isPartOf":{"@id":"https:\/\/filplast.pl\/fr\/#website"},"primaryImageOfPage":{"@id":"https:\/\/filplast.pl\/fr\/a-telecharger\/#primaryimage"},"image":{"@id":"https:\/\/filplast.pl\/fr\/a-telecharger\/#primaryimage"},"thumbnailUrl":"https:\/\/filplast.pl\/wp-content\/uploads\/2021\/02\/do-pobrania.jpg","datePublished":"2021-05-09T18:14:28+00:00","dateModified":"2026-01-15T14:29:36+00:00","breadcrumb":{"@id":"https:\/\/filplast.pl\/fr\/a-telecharger\/#breadcrumb"},"inLanguage":"fr-FR","potentialAction":[{"@type":"ReadAction","target":["https:\/\/filplast.pl\/fr\/a-telecharger\/"]}]},{"@type":"ImageObject","inLanguage":"fr-FR","@id":"https:\/\/filplast.pl\/fr\/a-telecharger\/#primaryimage","url":"https:\/\/filplast.pl\/wp-content\/uploads\/2021\/02\/do-pobrania.jpg","contentUrl":"https:\/\/filplast.pl\/wp-content\/uploads\/2021\/02\/do-pobrania.jpg","width":1080,"height":500},{"@type":"BreadcrumbList","@id":"https:\/\/filplast.pl\/fr\/a-telecharger\/#breadcrumb","itemListElement":[{"@type":"ListItem","position":1,"name":"Home","item":"https:\/\/filplast.pl\/fr\/"},{"@type":"ListItem","position":2,"name":"A t\u00e9l\u00e9charger"}]},{"@type":"WebSite","@id":"https:\/\/filplast.pl\/fr\/#website","url":"https:\/\/filplast.pl\/fr\/","name":"Filplast pour les g\u00e9n\u00e9rations","description":"Producent okien, drzwi i rolet","publisher":{"@id":"https:\/\/filplast.pl\/fr\/#organization"},"potentialAction":[{"@type":"SearchAction","target":{"@type":"EntryPoint","urlTemplate":"https:\/\/filplast.pl\/fr\/?s={search_term_string}"},"query-input":{"@type":"PropertyValueSpecification","valueRequired":true,"valueName":"search_term_string"}}],"inLanguage":"fr-FR"},{"@type":"Organization","@id":"https:\/\/filplast.pl\/fr\/#organization","name":"Filplast pour les g\u00e9n\u00e9rations","url":"https:\/\/filplast.pl\/fr\/","logo":{"@type":"ImageObject","inLanguage":"fr-FR","@id":"https:\/\/filplast.pl\/fr\/#\/schema\/logo\/image\/","url":"https:\/\/filplast.pl\/wp-content\/uploads\/2023\/10\/favicon-filplast.png","contentUrl":"https:\/\/filplast.pl\/wp-content\/uploads\/2023\/10\/favicon-filplast.png","width":2134,"height":2134,"caption":"Filplast pour les g\u00e9n\u00e9rations"},"image":{"@id":"https:\/\/filplast.pl\/fr\/#\/schema\/logo\/image\/"},"sameAs":["https:\/\/www.facebook.com\/filplast.firma","https:\/\/pl.pinterest.com\/filplast\/","https:\/\/www.youtube.com\/FILPLASTchannel","https:\/\/pl.linkedin.com\/company\/filplast-sp.-z-o.o.","https:\/\/www.instagram.com\/filplast\/"]}]}},"uagb_featured_image_src":{"full":["https:\/\/filplast.pl\/wp-content\/uploads\/2021\/02\/do-pobrania.jpg",1080,500,false],"thumbnail":["https:\/\/filplast.pl\/wp-content\/uploads\/2021\/02\/do-pobrania-150x150.jpg",150,150,true],"medium":["https:\/\/filplast.pl\/wp-content\/uploads\/2021\/02\/do-pobrania-300x139.jpg",300,139,true],"medium_large":["https:\/\/filplast.pl\/wp-content\/uploads\/2021\/02\/do-pobrania-768x356.jpg",768,356,true],"large":["https:\/\/filplast.pl\/wp-content\/uploads\/2021\/02\/do-pobrania-1024x474.jpg",1024,474,true],"1536x1536":["https:\/\/filplast.pl\/wp-content\/uploads\/2021\/02\/do-pobrania.jpg",1080,500,false],"2048x2048":["https:\/\/filplast.pl\/wp-content\/uploads\/2021\/02\/do-pobrania.jpg",1080,500,false],"depcore-widget-post-thumb":["https:\/\/filplast.pl\/wp-content\/uploads\/2021\/02\/do-pobrania-65x65.jpg",65,65,true],"depcore-widget-post-medium":["https:\/\/filplast.pl\/wp-content\/uploads\/2021\/02\/do-pobrania-280x150.jpg",280,150,true],"square":["https:\/\/filplast.pl\/wp-content\/uploads\/2021\/02\/do-pobrania-500x500.jpg",500,500,true],"small-square":["https:\/\/filplast.pl\/wp-content\/uploads\/2021\/02\/do-pobrania-250x250.jpg",250,250,true],"slider-image":["https:\/\/filplast.pl\/wp-content\/uploads\/2021\/02\/do-pobrania-1080x500.jpg",1080,500,true],"":["https:\/\/filplast.pl\/wp-content\/uploads\/2021\/02\/do-pobrania.jpg",380,176,false]},"uagb_author_info":{"display_name":"admin","author_link":"https:\/\/filplast.pl\/fr\/author\/admin\/"},"uagb_comment_info":0,"uagb_excerpt":"Les instructions Couleurs des placages Livre de coloriage Catalogues Filplast catalogue \u2013 fen\u00eatres PVC &#038; ALU, portes, syst\u00e8mes Trend Collection \u2013 les portes d\u2019entr\u00e9e Portfolio \u2013 R\u00e9alisations Filplast en Europe Portes int\u00e9rieures MB-45 Poign\u00e9es, boutons [&hellip;]","_links":{"self":[{"href":"https:\/\/filplast.pl\/fr\/wp-json\/wp\/v2\/pages\/9024","targetHints":{"allow":["GET"]}}],"collection":[{"href":"https:\/\/filplast.pl\/fr\/wp-json\/wp\/v2\/pages"}],"about":[{"href":"https:\/\/filplast.pl\/fr\/wp-json\/wp\/v2\/types\/page"}],"author":[{"embeddable":true,"href":"https:\/\/filplast.pl\/fr\/wp-json\/wp\/v2\/users\/1"}],"replies":[{"embeddable":true,"href":"https:\/\/filplast.pl\/fr\/wp-json\/wp\/v2\/comments?post=9024"}],"version-history":[{"count":22,"href":"https:\/\/filplast.pl\/fr\/wp-json\/wp\/v2\/pages\/9024\/revisions"}],"predecessor-version":[{"id":64283,"href":"https:\/\/filplast.pl\/fr\/wp-json\/wp\/v2\/pages\/9024\/revisions\/64283"}],"wp:featuredmedia":[{"embeddable":true,"href":"https:\/\/filplast.pl\/fr\/wp-json\/wp\/v2\/media\/1388"}],"wp:attachment":[{"href":"https:\/\/filplast.pl\/fr\/wp-json\/wp\/v2\/media?parent=9024"}],"curies":[{"name":"wp","href":"https:\/\/api.w.org\/{rel}","templated":true}]}}