{"id":9969,"date":"2021-05-26T19:17:06","date_gmt":"2021-05-26T17:17:06","guid":{"rendered":"https:\/\/filplast.pl\/politique-de-confidentialite-www-filplast-pl\/"},"modified":"2021-05-26T19:17:07","modified_gmt":"2021-05-26T17:17:07","slug":"politique-de-confidentialite-www-filplast-pl","status":"publish","type":"page","link":"https:\/\/filplast.pl\/fr\/politique-de-confidentialite-www-filplast-pl\/","title":{"rendered":"Politique de confidentialit\u00e9 www.filplast.pl"},"content":{"rendered":"<div id=\"modal-ready\">\n<p>Le but de cette Politique de Confidentialit\u00e9 du site www.filplast.pl est d&rsquo;informer sur la protection des vos donn\u00e9es \u00e0 caract\u00e8re personnel par Filplast SARL sur la r\u00e9alisation de vos droits. Ces informations vous permetteront de r\u00e9pondre \u00e0 toutes les questions importantes sur la protection de la confidentialit\u00e9.<\/p>\n\n<ol class=\"wp-block-list\"><li>L&rsquo;administrateur des donn\u00e9es \u00e0 caract\u00e8re personnel (ADP) est l&rsquo;entreprise Filplast SARL rue 3 Maja 33, 48-250 G\u0142og\u00f3wek <br\/>(KRS 0000577630, NIP 7551932111).<\/li><li>Le d\u00e9l\u00e9gu\u00e9 d\u00e9signe par DDP va veuiller sur la protection de vos donn\u00e9es \u00e0 caract\u00e8re personnel et sur leur traitement en vigueur de la loi, vous pouvez la contacter :<ul><li>par e-mail: dane.osobowe@filplast.pl<\/li><li>ou par courrier sous l&rsquo;adresse de : Filplast Sp. z o.o., ul. 3 Maja 33, 48-250 G\u0142og\u00f3wek avec la note \u201eDane Osobowe\u201d.<\/li><\/ul><\/li><li>Le r\u00e9gl\u00e8ment de RGPD prot\u00e8ge les informations concernant :<ul><li>Des personnes physiques<\/li><li>Des personnes physiques exer\u00e7ant une activit\u00e9 \u00e9conomique.<\/li><li>Des personnes physiques participant dans les processus du business, du marketing et autres o\u00f9 les donn\u00e9es \u00e0 caract\u00e8re personnel sont trait\u00e9es<\/li><\/ul><\/li><li>Les b\u00e9n\u00e9ficiaires de vos donn\u00e9es \u00e0 caract\u00e8re personnel sont :<ul><li>les institutions autoris\u00e9es selon la loi actuelle<\/li><li>les bureaux d&rsquo;information sur l&rsquo;activit\u00e9 \u00e9conomique<\/li><li>les agents de la livraison de la correspondanse et des colis<\/li><li>les agents du service d&rsquo;h\u00e9bergement<\/li><li>les agents du service informatique et de nouvelles technologies<\/li><li>les agents du service juridique et de recouvrement<\/li><li>les agents du service du marketing, de la communication et analytiques<\/li><li>Les agents de service comptable et financier<\/li><\/ul><\/li><li>Les buts du traitement de vos donn\u00e9es \u00e0 caract\u00e8re personnel :<ul><li>la r\u00e9alisation des activit\u00e9s du marketing, surtout : l&rsquo;envoi des documents imprim\u00e9s de la nature d&rsquo;information (les cathalogues, les brochures etc.);<\/li><li>l&rsquo;envoi des invitations, des remerciements, des voeux etc.;<\/li><li>l&rsquo;envoi des gadgets publicitaires;<\/li><li>la r\u00e9alisation et les services par la voie \u00e9l\u00e9ctronique surtout par e-mail \u00e0 l&rsquo;aide des moyens de la communication \u00e9l\u00e9ctronique : l&rsquo;envoi des informations publicitaires, appell\u00e9es newsletter, qui contiennent les offres de promotion, les informations sur de nouveaux produits, les changement dans l&rsquo;offre des produits etc. ;<\/li><li>la r\u00e9alisation des actions commercialles et du marketing sur les num\u00e9ros des t\u00e9l\u00e9phones et adresses e-mail disponibles sur Internet : le contact avec les entit\u00e9s juridiques et les personnes physiques pour commencer une coop\u00e9ration potentielle, pour rassembler les informations sur la qualit\u00e9 des produits finis, pour les besoins des contenus publicitaires etc..;<\/li><li>Les donn\u00e9es \u00e0 caract\u00e8re personnel au sens de la loi (comme l&rsquo;adresse IP) concernant les personnes visitant le site Internet de Filplast SARL rassembl\u00e9es par l&rsquo;outil susmentionn\u00e9 \u201eGoogle Analytics\u201d, sont utilis\u00e9es avant tout pour analyser le trafic r\u00e9seau (pour la statistique).<\/li><\/ul><\/li><li>ADP garanti un acc\u00e8s constant \u00e0 vos donn\u00e9es et la possibilit\u00e9 de les rectifier, corriger et compl\u00e9ter \u00e0 chaque moment. Si c&rsquo;est possible techniquement, ADP garantit aussi la possibilit\u00e9 de transmettre les donn\u00e9es \u00e0 caract\u00e8re personnel chez un autre administrateur \u00e0 l&rsquo;aide d&rsquo;un format<br\/>structuris\u00e9 et couramment utilis\u00e9 LA POLITIQUE DE LA PROTECTION DES DONNEES A CARACTERE PERSONNEL qui peut \u00eatre lu m\u00e9caniquement. Si votre accord fait la base du traitement des donn\u00e9es, il peut \u00eatre annul\u00e9 \u00e0 chaque moment. Pourtant, cette d\u00e9cision n&rsquo;influence pas au droit de l&rsquo;administrateur au traitement qui a \u00e9t\u00e9 fait \u00e0 la base de l&rsquo;accord donn\u00e9 avant l&rsquo;annulation.<\/li><li>Vous avez le droit, peu importe la raison, de vous opposer au traitement des donn\u00e9es \u00e0 caract\u00e8re personnel. D\u00e8s sa r\u00e9ception le traitement de vos donn\u00e9es est arr\u00eat\u00e9<br\/>dans le cadre de(s) but(s) oppos\u00e9(s) , sauf que nous prouvons les raisons importantes judiciairement, parents \u00e0 vos int\u00e9r\u00eats, vos droits et la libert\u00e9 d&rsquo;autres personnes ou comme la base pour d\u00e9terminer, exercer ou prot\u00e9ger des r\u00e9clamations. Il faut nous contacter pour s&rsquo;opposer. En choisissant une des formes de communication ci-dessus.<\/li><li>Vous avez le droit de porter plainte \u00e0 l&rsquo;autorit\u00e9 de contr\u00f4le si vous consid\u00e9rez que le traitement de vos donn\u00e9es \u00e0 caract\u00e8re personnel efreint le r\u00e8glement en vigueur. L&rsquo;adresse du Pr\u00e9sident de l&rsquo;Autorit\u00e9 nationale de protection des donn\u00e9es: rue Stawki 2, 00-193 Warszawa.<\/li><li>La liste d\u00e9taill\u00e9e de vos droits :<ul><li>Le droit d&rsquo;exiger l&rsquo;acc\u00e8s aux donn\u00e9es \u00e0 caract\u00e8re personnel;<\/li><li>Le droit d&rsquo;exiger la correction des donn\u00e9es \u00e0 caract\u00e8re personnel;<\/li><li>Le droit d&rsquo;exiger la suppression des donn\u00e9es \u00e0 caract\u00e8re personnel si<ul><li>ces donn\u00e9es ne sont plus utiles pour la r\u00e9alisation des buts pour lesquels elles ont \u00e9t\u00e9 rassembl\u00e9es ou trait\u00e9es,<\/li><li>si vous consid\u00e9rez que nous traitons vos donn\u00e9es \u00e0 caract\u00e8re personnel ill\u00e9galement et cela sera prouv\u00e9 judicairement,<\/li><li>les donn\u00e9es \u00e0 caract\u00e8re personnel doivent \u00eatre supprim\u00e9es pour suivre l&rsquo;obligation juridique pr\u00e9vue par la loi de l&rsquo;Union Europ\u00e9enne ou de la Pologne,<\/li><li>vous supprimez l&rsquo;accord pour le traitement des donn\u00e9es \u00e0 caract\u00e8re personnel et leur traitement a \u00e9t\u00e9 r\u00e9alis\u00e9 selon cet accord.<\/li><\/ul><\/li><\/ul><\/li><li>Le r\u00e8glement g\u00e9n\u00e9ral sur le traitement de vos donn\u00e9es \u00e0 caract\u00e8re personnel:<ul><li>selon votre accord &#8211; art.6 alin\u00e9a.1 lettre a de RGPD;<\/li><li>selon les activit\u00e9s li\u00e9es \u00e0 notre contrat &#8211; art.6 alin\u00e9a1 lettre b de RGPD;<\/li><li>selon l&rsquo;obligation judiciare qui p\u00e8se sur ADP pour la r\u00e9alisation du r\u00e9gl\u00e8ment de l&rsquo;Union et de la Pologne &#8211; art.6 alin\u00e9a 1 lettre c de RGPD;<\/li><li>aux fins des int\u00e9r\u00eats l\u00e9gitimes poursuivis par ADP &#8211; art.6 alin\u00e9a 1 lettre f de RGPD.<\/li><\/ul><\/li><li>La p\u00e9riode du maintien de vos donn\u00e9es :<ul><li>vos donn\u00e9es \u00e0 caract\u00e8re personnel sont maintenues seulement aux fins des int\u00e9r\u00eats l\u00e9gitimes poursuivis par l&rsquo;Administrateur et seulement pour la p\u00e9riode indispensable pour<br\/>atteindre les objectifs pour lesquels les donn\u00e9es sont rassembl\u00e9es en vigueur de la loi sur la protection des donn\u00e9es \u00e0 caract\u00e8re personnel ;<\/li><li>Dans la situation o\u00f9 l&rsquo;Administrateur ne doit plus traiter les donn\u00e9es \u00e0 caract\u00e8re personnel, elles seront effac\u00e9es durablement des syst\u00e8mes informatiques sauf que l&rsquo;obligation de les encore garder vient de la loi en vigueur ;<\/li><li>Au cas d&rsquo;appliquer pour les annonces de postes libres annonc\u00e9es sur le site Internet www.filplast.pl, vos donn\u00e9es \u00e0 caract\u00e8re personnel seront trait\u00e9es pour la p\u00e9riode de :<ul><li>la r\u00e9crutation mais pas plus que 2 ans au cas de donner l&rsquo;accord pour participer aux autres processus de r\u00e9crutation dans l&rsquo;avenir,<\/li><li>du d\u00e9lai de l&rsquo;annulation d&rsquo;\u00e9ventuelles revendications concernant la discrimination pendant 3 ans du jour o\u00f9 la revendication est devenue exigeable mais pas plus que 10 ans depuis la fin de la r\u00e9crutation : selon l&rsquo;article 4421 de la loi du 23 avril 1964 Le Code Civil (Journal du 2018 position 1025, du 29.05.2018 ) en vue de l&rsquo;article 300 de la loi du 26 juin 1974 Le Code de Travail (Journal du 2018, pos. 917 du 16.05.2018).<\/li><\/ul><\/li><\/ul><\/li><li>Les \u201ecookies\u201d<ul><li>Nous informons qu&rsquo;au moment o\u00f9 vous vous connectez \u00e0 notre site Internet dans les logos du syst\u00e8me appara\u00eet l&rsquo;information sur le num\u00e9ro (y compris IP) et sorte de votre dispositif duquel vient la connection. Nous informons que nous allons traiter,<br\/>selon la loi en vigueur, aussi les don\u00e9es concernant le num\u00e9ro (y compris IP) et la sorte de votre dispositif final et sur la dur\u00e9e de votre connection sur le site, ainsi que d&rsquo;autres donn\u00e9es d&rsquo;exploitation concernant votre activit\u00e9. Le donn\u00e9es sont trait\u00e9es surtout pour les buts techniques et pour rassembler les informations statistiques g\u00e9n\u00e9rales.<\/li><li>Nous utilisons les cookies (donc de petits fichiers de texte envoy\u00e9s \u00e0 votre dispositif vous identifiant de la fa\u00e7on permettant de faciliter ou annuler une op\u00e9ration donn\u00e9e) pour rassembler les informations sur votre utilisation du site Internet. Les cookies permettent de : garder votre session, adapter le site \u00e0 vos besoins, cr\u00e9er les statistiques des visites sur les sous-pages.<\/li><li>A chaque moment vous pouvez changer la configuration des cookiespar le changement de la configuration de votre navigateur. Ces configurations peuvent \u00eatre chang\u00e9es<br\/>surtout pour bloquer le service authomatique des cookies dans les configurations du navigateur ou pour informer sur leur chaque mise au dispositif. Les informations d\u00e9taill\u00e9es sur la possibilit\u00e9 et le service des cookies sont disponibles dans les configurations du logiciel (au navigateur Internet).<\/li><\/ul><\/li><\/ol>\n<p><\/p>\n<\/div>","protected":false},"excerpt":{"rendered":"<p>Le but de cette Politique de Confidentialit\u00e9 du site www.filplast.pl est d&rsquo;informer sur la protection des vos donn\u00e9es \u00e0 caract\u00e8re personnel par Filplast SARL sur la r\u00e9alisation de vos droits. Ces informations vous permetteront de [&hellip;]<\/p>\n","protected":false},"author":1,"featured_media":0,"parent":0,"menu_order":136,"comment_status":"closed","ping_status":"closed","template":"","meta":{"inline_featured_image":false,"_uag_custom_page_level_css":"","footnotes":""},"class_list":["post-9969","page","type-page","status-publish","hentry"],"yoast_head":"<!-- This site is optimized with the Yoast SEO plugin v24.7 - https:\/\/yoast.com\/wordpress\/plugins\/seo\/ -->\n<title>Politique de confidentialit\u00e9 www.filplast.pl - Filplast pour les g\u00e9n\u00e9rations<\/title>\n<meta name=\"robots\" content=\"index, follow, max-snippet:-1, max-image-preview:large, max-video-preview:-1\" \/>\n<link rel=\"canonical\" href=\"https:\/\/filplast.pl\/fr\/politique-de-confidentialite-www-filplast-pl\/\" \/>\n<meta property=\"og:locale\" content=\"fr_FR\" \/>\n<meta property=\"og:type\" content=\"article\" \/>\n<meta property=\"og:title\" content=\"Politique de confidentialit\u00e9 www.filplast.pl - Filplast pour les g\u00e9n\u00e9rations\" \/>\n<meta property=\"og:description\" content=\"Le but de cette Politique de Confidentialit\u00e9 du site www.filplast.pl est d&rsquo;informer sur la protection des vos donn\u00e9es \u00e0 caract\u00e8re personnel par Filplast SARL sur la r\u00e9alisation de vos droits. Ces informations vous permetteront de [&hellip;]\" \/>\n<meta property=\"og:url\" content=\"https:\/\/filplast.pl\/fr\/politique-de-confidentialite-www-filplast-pl\/\" \/>\n<meta property=\"og:site_name\" content=\"Filplast pour les g\u00e9n\u00e9rations\" \/>\n<meta property=\"article:publisher\" content=\"https:\/\/www.facebook.com\/filplast.firma\" \/>\n<meta property=\"article:modified_time\" content=\"2021-05-26T17:17:07+00:00\" \/>\n<meta name=\"twitter:card\" content=\"summary_large_image\" \/>\n<meta name=\"twitter:label1\" content=\"Dur\u00e9e de lecture estim\u00e9e\" \/>\n\t<meta name=\"twitter:data1\" content=\"7 minutes\" \/>\n<script type=\"application\/ld+json\" class=\"yoast-schema-graph\">{\"@context\":\"https:\/\/schema.org\",\"@graph\":[{\"@type\":\"WebPage\",\"@id\":\"https:\/\/filplast.pl\/fr\/politique-de-confidentialite-www-filplast-pl\/\",\"url\":\"https:\/\/filplast.pl\/fr\/politique-de-confidentialite-www-filplast-pl\/\",\"name\":\"Politique de confidentialit\u00e9 www.filplast.pl - Filplast pour les g\u00e9n\u00e9rations\",\"isPartOf\":{\"@id\":\"https:\/\/filplast.pl\/fr\/#website\"},\"datePublished\":\"2021-05-26T17:17:06+00:00\",\"dateModified\":\"2021-05-26T17:17:07+00:00\",\"breadcrumb\":{\"@id\":\"https:\/\/filplast.pl\/fr\/politique-de-confidentialite-www-filplast-pl\/#breadcrumb\"},\"inLanguage\":\"fr-FR\",\"potentialAction\":[{\"@type\":\"ReadAction\",\"target\":[\"https:\/\/filplast.pl\/fr\/politique-de-confidentialite-www-filplast-pl\/\"]}]},{\"@type\":\"BreadcrumbList\",\"@id\":\"https:\/\/filplast.pl\/fr\/politique-de-confidentialite-www-filplast-pl\/#breadcrumb\",\"itemListElement\":[{\"@type\":\"ListItem\",\"position\":1,\"name\":\"Home\",\"item\":\"https:\/\/filplast.pl\/fr\/\"},{\"@type\":\"ListItem\",\"position\":2,\"name\":\"Politique de confidentialit\u00e9 www.filplast.pl\"}]},{\"@type\":\"WebSite\",\"@id\":\"https:\/\/filplast.pl\/fr\/#website\",\"url\":\"https:\/\/filplast.pl\/fr\/\",\"name\":\"Filplast pour les g\u00e9n\u00e9rations\",\"description\":\"Producent okien, drzwi i rolet\",\"publisher\":{\"@id\":\"https:\/\/filplast.pl\/fr\/#organization\"},\"potentialAction\":[{\"@type\":\"SearchAction\",\"target\":{\"@type\":\"EntryPoint\",\"urlTemplate\":\"https:\/\/filplast.pl\/fr\/?s={search_term_string}\"},\"query-input\":{\"@type\":\"PropertyValueSpecification\",\"valueRequired\":true,\"valueName\":\"search_term_string\"}}],\"inLanguage\":\"fr-FR\"},{\"@type\":\"Organization\",\"@id\":\"https:\/\/filplast.pl\/fr\/#organization\",\"name\":\"Filplast pour les g\u00e9n\u00e9rations\",\"url\":\"https:\/\/filplast.pl\/fr\/\",\"logo\":{\"@type\":\"ImageObject\",\"inLanguage\":\"fr-FR\",\"@id\":\"https:\/\/filplast.pl\/fr\/#\/schema\/logo\/image\/\",\"url\":\"https:\/\/filplast.pl\/wp-content\/uploads\/2023\/10\/favicon-filplast.png\",\"contentUrl\":\"https:\/\/filplast.pl\/wp-content\/uploads\/2023\/10\/favicon-filplast.png\",\"width\":2134,\"height\":2134,\"caption\":\"Filplast pour les g\u00e9n\u00e9rations\"},\"image\":{\"@id\":\"https:\/\/filplast.pl\/fr\/#\/schema\/logo\/image\/\"},\"sameAs\":[\"https:\/\/www.facebook.com\/filplast.firma\",\"https:\/\/pl.pinterest.com\/filplast\/\",\"https:\/\/www.youtube.com\/FILPLASTchannel\",\"https:\/\/pl.linkedin.com\/company\/filplast-sp.-z-o.o.\",\"https:\/\/www.instagram.com\/filplast\/\"]}]}<\/script>\n<!-- \/ Yoast SEO plugin. -->","yoast_head_json":{"title":"Politique de confidentialit\u00e9 www.filplast.pl - Filplast pour les g\u00e9n\u00e9rations","robots":{"index":"index","follow":"follow","max-snippet":"max-snippet:-1","max-image-preview":"max-image-preview:large","max-video-preview":"max-video-preview:-1"},"canonical":"https:\/\/filplast.pl\/fr\/politique-de-confidentialite-www-filplast-pl\/","og_locale":"fr_FR","og_type":"article","og_title":"Politique de confidentialit\u00e9 www.filplast.pl - Filplast pour les g\u00e9n\u00e9rations","og_description":"Le but de cette Politique de Confidentialit\u00e9 du site www.filplast.pl est d&rsquo;informer sur la protection des vos donn\u00e9es \u00e0 caract\u00e8re personnel par Filplast SARL sur la r\u00e9alisation de vos droits. Ces informations vous permetteront de [&hellip;]","og_url":"https:\/\/filplast.pl\/fr\/politique-de-confidentialite-www-filplast-pl\/","og_site_name":"Filplast pour les g\u00e9n\u00e9rations","article_publisher":"https:\/\/www.facebook.com\/filplast.firma","article_modified_time":"2021-05-26T17:17:07+00:00","twitter_card":"summary_large_image","twitter_misc":{"Dur\u00e9e de lecture estim\u00e9e":"7 minutes"},"schema":{"@context":"https:\/\/schema.org","@graph":[{"@type":"WebPage","@id":"https:\/\/filplast.pl\/fr\/politique-de-confidentialite-www-filplast-pl\/","url":"https:\/\/filplast.pl\/fr\/politique-de-confidentialite-www-filplast-pl\/","name":"Politique de confidentialit\u00e9 www.filplast.pl - Filplast pour les g\u00e9n\u00e9rations","isPartOf":{"@id":"https:\/\/filplast.pl\/fr\/#website"},"datePublished":"2021-05-26T17:17:06+00:00","dateModified":"2021-05-26T17:17:07+00:00","breadcrumb":{"@id":"https:\/\/filplast.pl\/fr\/politique-de-confidentialite-www-filplast-pl\/#breadcrumb"},"inLanguage":"fr-FR","potentialAction":[{"@type":"ReadAction","target":["https:\/\/filplast.pl\/fr\/politique-de-confidentialite-www-filplast-pl\/"]}]},{"@type":"BreadcrumbList","@id":"https:\/\/filplast.pl\/fr\/politique-de-confidentialite-www-filplast-pl\/#breadcrumb","itemListElement":[{"@type":"ListItem","position":1,"name":"Home","item":"https:\/\/filplast.pl\/fr\/"},{"@type":"ListItem","position":2,"name":"Politique de confidentialit\u00e9 www.filplast.pl"}]},{"@type":"WebSite","@id":"https:\/\/filplast.pl\/fr\/#website","url":"https:\/\/filplast.pl\/fr\/","name":"Filplast pour les g\u00e9n\u00e9rations","description":"Producent okien, drzwi i rolet","publisher":{"@id":"https:\/\/filplast.pl\/fr\/#organization"},"potentialAction":[{"@type":"SearchAction","target":{"@type":"EntryPoint","urlTemplate":"https:\/\/filplast.pl\/fr\/?s={search_term_string}"},"query-input":{"@type":"PropertyValueSpecification","valueRequired":true,"valueName":"search_term_string"}}],"inLanguage":"fr-FR"},{"@type":"Organization","@id":"https:\/\/filplast.pl\/fr\/#organization","name":"Filplast pour les g\u00e9n\u00e9rations","url":"https:\/\/filplast.pl\/fr\/","logo":{"@type":"ImageObject","inLanguage":"fr-FR","@id":"https:\/\/filplast.pl\/fr\/#\/schema\/logo\/image\/","url":"https:\/\/filplast.pl\/wp-content\/uploads\/2023\/10\/favicon-filplast.png","contentUrl":"https:\/\/filplast.pl\/wp-content\/uploads\/2023\/10\/favicon-filplast.png","width":2134,"height":2134,"caption":"Filplast pour les g\u00e9n\u00e9rations"},"image":{"@id":"https:\/\/filplast.pl\/fr\/#\/schema\/logo\/image\/"},"sameAs":["https:\/\/www.facebook.com\/filplast.firma","https:\/\/pl.pinterest.com\/filplast\/","https:\/\/www.youtube.com\/FILPLASTchannel","https:\/\/pl.linkedin.com\/company\/filplast-sp.-z-o.o.","https:\/\/www.instagram.com\/filplast\/"]}]}},"uagb_featured_image_src":{"full":false,"thumbnail":false,"medium":false,"medium_large":false,"large":false,"1536x1536":false,"2048x2048":false,"depcore-widget-post-thumb":false,"depcore-widget-post-medium":false,"square":false,"small-square":false,"slider-image":false,"":false},"uagb_author_info":{"display_name":"admin","author_link":"https:\/\/filplast.pl\/fr\/author\/admin\/"},"uagb_comment_info":0,"uagb_excerpt":"Le but de cette Politique de Confidentialit\u00e9 du site www.filplast.pl est d&rsquo;informer sur la protection des vos donn\u00e9es \u00e0 caract\u00e8re personnel par Filplast SARL sur la r\u00e9alisation de vos droits. Ces informations vous permetteront de [&hellip;]","_links":{"self":[{"href":"https:\/\/filplast.pl\/fr\/wp-json\/wp\/v2\/pages\/9969","targetHints":{"allow":["GET"]}}],"collection":[{"href":"https:\/\/filplast.pl\/fr\/wp-json\/wp\/v2\/pages"}],"about":[{"href":"https:\/\/filplast.pl\/fr\/wp-json\/wp\/v2\/types\/page"}],"author":[{"embeddable":true,"href":"https:\/\/filplast.pl\/fr\/wp-json\/wp\/v2\/users\/1"}],"replies":[{"embeddable":true,"href":"https:\/\/filplast.pl\/fr\/wp-json\/wp\/v2\/comments?post=9969"}],"version-history":[{"count":5,"href":"https:\/\/filplast.pl\/fr\/wp-json\/wp\/v2\/pages\/9969\/revisions"}],"predecessor-version":[{"id":9974,"href":"https:\/\/filplast.pl\/fr\/wp-json\/wp\/v2\/pages\/9969\/revisions\/9974"}],"wp:attachment":[{"href":"https:\/\/filplast.pl\/fr\/wp-json\/wp\/v2\/media?parent=9969"}],"curies":[{"name":"wp","href":"https:\/\/api.w.org\/{rel}","templated":true}]}}