{"id":33600,"date":"2023-01-18T11:11:59","date_gmt":"2023-01-18T10:11:59","guid":{"rendered":"https:\/\/filplast.pl\/?post_type=product&#038;p=33600"},"modified":"2024-01-09T15:37:29","modified_gmt":"2024-01-09T14:37:29","slug":"trendstar-renovation-r65","status":"publish","type":"product","link":"https:\/\/filplast.pl\/fr\/produit\/trendstar-renovation-r65\/","title":{"rendered":"TrendStar R\u00e9novation R65"},"content":{"rendered":"<div id=\"modal-ready\">\n<p>TrendStar R\u00e9novation R65 est un syst\u00e8me de cinq chambres pour une utilisation universelle. L\u2019allure classique de cette fen\u00eatre, un large choix des plaxages sp\u00e9ciaux et des accessoires permettent de l\u2019accorder facilement au style architectural du b\u00e2timent. TrendStar R\u00e9novation R65 est disponible aussi en plusieurs couleurs RAL.<\/p>\n<\/div>","protected":false},"excerpt":{"rendered":"<p>TrendStar R\u00e9novation R65 est un syst\u00e8me de cinq chambres pour une utilisation universelle. L\u2019allure classique de cette fen\u00eatre, un large choix des plaxages sp\u00e9ciaux et des accessoires permettent de l\u2019accorder facilement au style architectural du [&hellip;]<\/p>\n","protected":false},"featured_media":33601,"parent":0,"menu_order":52,"template":"","class_list":["post-33600","product","type-product","status-publish","has-post-thumbnail","hentry","product-category-fenetres-pvc-fr"],"yoast_head":"<!-- This site is optimized with the Yoast SEO plugin v24.7 - https:\/\/yoast.com\/wordpress\/plugins\/seo\/ -->\n<title>TrendStar R\u00e9novation R65 Filplast - Pour les g\u00e9n\u00e9rations<\/title>\n<meta name=\"robots\" content=\"index, follow, max-snippet:-1, max-image-preview:large, max-video-preview:-1\" \/>\n<link rel=\"canonical\" href=\"https:\/\/filplast.pl\/fr\/produit\/trendstar-renovation-r65\/\" \/>\n<meta property=\"og:locale\" content=\"fr_FR\" \/>\n<meta property=\"og:type\" content=\"article\" \/>\n<meta property=\"og:title\" content=\"TrendStar R\u00e9novation R65 Filplast - Pour les g\u00e9n\u00e9rations\" \/>\n<meta property=\"og:description\" content=\"TrendStar R\u00e9novation R65 est un syst\u00e8me de cinq chambres pour une utilisation universelle. L\u2019allure classique de cette fen\u00eatre, un large choix des plaxages sp\u00e9ciaux et des accessoires permettent de l\u2019accorder facilement au style architectural du [&hellip;]\" \/>\n<meta property=\"og:url\" content=\"https:\/\/filplast.pl\/fr\/produit\/trendstar-renovation-r65\/\" \/>\n<meta property=\"og:site_name\" content=\"Filplast pour les g\u00e9n\u00e9rations\" \/>\n<meta property=\"article:publisher\" content=\"https:\/\/www.facebook.com\/filplast.firma\" \/>\n<meta property=\"article:modified_time\" content=\"2024-01-09T14:37:29+00:00\" \/>\n<meta property=\"og:image\" content=\"https:\/\/filplast.pl\/wp-content\/uploads\/2023\/01\/TSR_65.png\" \/>\n\t<meta property=\"og:image:width\" content=\"1000\" \/>\n\t<meta property=\"og:image:height\" content=\"1000\" \/>\n\t<meta property=\"og:image:type\" content=\"image\/png\" \/>\n<meta name=\"twitter:card\" content=\"summary_large_image\" \/>\n<meta name=\"twitter:label1\" content=\"Dur\u00e9e de lecture estim\u00e9e\" \/>\n\t<meta name=\"twitter:data1\" content=\"1 minute\" \/>\n<script type=\"application\/ld+json\" class=\"yoast-schema-graph\">{\"@context\":\"https:\/\/schema.org\",\"@graph\":[{\"@type\":\"WebPage\",\"@id\":\"https:\/\/filplast.pl\/fr\/produit\/trendstar-renovation-r65\/\",\"url\":\"https:\/\/filplast.pl\/fr\/produit\/trendstar-renovation-r65\/\",\"name\":\"TrendStar R\u00e9novation R65 Filplast - Pour les g\u00e9n\u00e9rations\",\"isPartOf\":{\"@id\":\"https:\/\/filplast.pl\/fr\/#website\"},\"primaryImageOfPage\":{\"@id\":\"https:\/\/filplast.pl\/fr\/produit\/trendstar-renovation-r65\/#primaryimage\"},\"image\":{\"@id\":\"https:\/\/filplast.pl\/fr\/produit\/trendstar-renovation-r65\/#primaryimage\"},\"thumbnailUrl\":\"https:\/\/filplast.pl\/wp-content\/uploads\/2023\/01\/TSR_65.png\",\"datePublished\":\"2023-01-18T10:11:59+00:00\",\"dateModified\":\"2024-01-09T14:37:29+00:00\",\"breadcrumb\":{\"@id\":\"https:\/\/filplast.pl\/fr\/produit\/trendstar-renovation-r65\/#breadcrumb\"},\"inLanguage\":\"fr-FR\",\"potentialAction\":[{\"@type\":\"ReadAction\",\"target\":[\"https:\/\/filplast.pl\/fr\/produit\/trendstar-renovation-r65\/\"]}]},{\"@type\":\"ImageObject\",\"inLanguage\":\"fr-FR\",\"@id\":\"https:\/\/filplast.pl\/fr\/produit\/trendstar-renovation-r65\/#primaryimage\",\"url\":\"https:\/\/filplast.pl\/wp-content\/uploads\/2023\/01\/TSR_65.png\",\"contentUrl\":\"https:\/\/filplast.pl\/wp-content\/uploads\/2023\/01\/TSR_65.png\",\"width\":1000,\"height\":1000},{\"@type\":\"BreadcrumbList\",\"@id\":\"https:\/\/filplast.pl\/fr\/produit\/trendstar-renovation-r65\/#breadcrumb\",\"itemListElement\":[{\"@type\":\"ListItem\",\"position\":1,\"name\":\"Home\",\"item\":\"https:\/\/filplast.pl\/fr\/\"},{\"@type\":\"ListItem\",\"position\":2,\"name\":\"Produits\",\"item\":\"https:\/\/filplast.pl\/fr\/produit\/\"},{\"@type\":\"ListItem\",\"position\":3,\"name\":\"TrendStar R\u00e9novation R65\"}]},{\"@type\":\"WebSite\",\"@id\":\"https:\/\/filplast.pl\/fr\/#website\",\"url\":\"https:\/\/filplast.pl\/fr\/\",\"name\":\"Filplast pour les g\u00e9n\u00e9rations\",\"description\":\"Producent okien, drzwi i rolet\",\"publisher\":{\"@id\":\"https:\/\/filplast.pl\/fr\/#organization\"},\"potentialAction\":[{\"@type\":\"SearchAction\",\"target\":{\"@type\":\"EntryPoint\",\"urlTemplate\":\"https:\/\/filplast.pl\/fr\/?s={search_term_string}\"},\"query-input\":{\"@type\":\"PropertyValueSpecification\",\"valueRequired\":true,\"valueName\":\"search_term_string\"}}],\"inLanguage\":\"fr-FR\"},{\"@type\":\"Organization\",\"@id\":\"https:\/\/filplast.pl\/fr\/#organization\",\"name\":\"Filplast pour les g\u00e9n\u00e9rations\",\"url\":\"https:\/\/filplast.pl\/fr\/\",\"logo\":{\"@type\":\"ImageObject\",\"inLanguage\":\"fr-FR\",\"@id\":\"https:\/\/filplast.pl\/fr\/#\/schema\/logo\/image\/\",\"url\":\"https:\/\/filplast.pl\/wp-content\/uploads\/2023\/10\/favicon-filplast.png\",\"contentUrl\":\"https:\/\/filplast.pl\/wp-content\/uploads\/2023\/10\/favicon-filplast.png\",\"width\":2134,\"height\":2134,\"caption\":\"Filplast pour les g\u00e9n\u00e9rations\"},\"image\":{\"@id\":\"https:\/\/filplast.pl\/fr\/#\/schema\/logo\/image\/\"},\"sameAs\":[\"https:\/\/www.facebook.com\/filplast.firma\",\"https:\/\/pl.pinterest.com\/filplast\/\",\"https:\/\/www.youtube.com\/FILPLASTchannel\",\"https:\/\/pl.linkedin.com\/company\/filplast-sp.-z-o.o.\",\"https:\/\/www.instagram.com\/filplast\/\"]}]}<\/script>\n<!-- \/ Yoast SEO plugin. -->","yoast_head_json":{"title":"TrendStar R\u00e9novation R65 Filplast - Pour les g\u00e9n\u00e9rations","robots":{"index":"index","follow":"follow","max-snippet":"max-snippet:-1","max-image-preview":"max-image-preview:large","max-video-preview":"max-video-preview:-1"},"canonical":"https:\/\/filplast.pl\/fr\/produit\/trendstar-renovation-r65\/","og_locale":"fr_FR","og_type":"article","og_title":"TrendStar R\u00e9novation R65 Filplast - Pour les g\u00e9n\u00e9rations","og_description":"TrendStar R\u00e9novation R65 est un syst\u00e8me de cinq chambres pour une utilisation universelle. L\u2019allure classique de cette fen\u00eatre, un large choix des plaxages sp\u00e9ciaux et des accessoires permettent de l\u2019accorder facilement au style architectural du [&hellip;]","og_url":"https:\/\/filplast.pl\/fr\/produit\/trendstar-renovation-r65\/","og_site_name":"Filplast pour les g\u00e9n\u00e9rations","article_publisher":"https:\/\/www.facebook.com\/filplast.firma","article_modified_time":"2024-01-09T14:37:29+00:00","og_image":[{"width":1000,"height":1000,"url":"https:\/\/filplast.pl\/wp-content\/uploads\/2023\/01\/TSR_65.png","type":"image\/png"}],"twitter_card":"summary_large_image","twitter_misc":{"Dur\u00e9e de lecture estim\u00e9e":"1 minute"},"schema":{"@context":"https:\/\/schema.org","@graph":[{"@type":"WebPage","@id":"https:\/\/filplast.pl\/fr\/produit\/trendstar-renovation-r65\/","url":"https:\/\/filplast.pl\/fr\/produit\/trendstar-renovation-r65\/","name":"TrendStar R\u00e9novation R65 Filplast - Pour les g\u00e9n\u00e9rations","isPartOf":{"@id":"https:\/\/filplast.pl\/fr\/#website"},"primaryImageOfPage":{"@id":"https:\/\/filplast.pl\/fr\/produit\/trendstar-renovation-r65\/#primaryimage"},"image":{"@id":"https:\/\/filplast.pl\/fr\/produit\/trendstar-renovation-r65\/#primaryimage"},"thumbnailUrl":"https:\/\/filplast.pl\/wp-content\/uploads\/2023\/01\/TSR_65.png","datePublished":"2023-01-18T10:11:59+00:00","dateModified":"2024-01-09T14:37:29+00:00","breadcrumb":{"@id":"https:\/\/filplast.pl\/fr\/produit\/trendstar-renovation-r65\/#breadcrumb"},"inLanguage":"fr-FR","potentialAction":[{"@type":"ReadAction","target":["https:\/\/filplast.pl\/fr\/produit\/trendstar-renovation-r65\/"]}]},{"@type":"ImageObject","inLanguage":"fr-FR","@id":"https:\/\/filplast.pl\/fr\/produit\/trendstar-renovation-r65\/#primaryimage","url":"https:\/\/filplast.pl\/wp-content\/uploads\/2023\/01\/TSR_65.png","contentUrl":"https:\/\/filplast.pl\/wp-content\/uploads\/2023\/01\/TSR_65.png","width":1000,"height":1000},{"@type":"BreadcrumbList","@id":"https:\/\/filplast.pl\/fr\/produit\/trendstar-renovation-r65\/#breadcrumb","itemListElement":[{"@type":"ListItem","position":1,"name":"Home","item":"https:\/\/filplast.pl\/fr\/"},{"@type":"ListItem","position":2,"name":"Produits","item":"https:\/\/filplast.pl\/fr\/produit\/"},{"@type":"ListItem","position":3,"name":"TrendStar R\u00e9novation R65"}]},{"@type":"WebSite","@id":"https:\/\/filplast.pl\/fr\/#website","url":"https:\/\/filplast.pl\/fr\/","name":"Filplast pour les g\u00e9n\u00e9rations","description":"Producent okien, drzwi i rolet","publisher":{"@id":"https:\/\/filplast.pl\/fr\/#organization"},"potentialAction":[{"@type":"SearchAction","target":{"@type":"EntryPoint","urlTemplate":"https:\/\/filplast.pl\/fr\/?s={search_term_string}"},"query-input":{"@type":"PropertyValueSpecification","valueRequired":true,"valueName":"search_term_string"}}],"inLanguage":"fr-FR"},{"@type":"Organization","@id":"https:\/\/filplast.pl\/fr\/#organization","name":"Filplast pour les g\u00e9n\u00e9rations","url":"https:\/\/filplast.pl\/fr\/","logo":{"@type":"ImageObject","inLanguage":"fr-FR","@id":"https:\/\/filplast.pl\/fr\/#\/schema\/logo\/image\/","url":"https:\/\/filplast.pl\/wp-content\/uploads\/2023\/10\/favicon-filplast.png","contentUrl":"https:\/\/filplast.pl\/wp-content\/uploads\/2023\/10\/favicon-filplast.png","width":2134,"height":2134,"caption":"Filplast pour les g\u00e9n\u00e9rations"},"image":{"@id":"https:\/\/filplast.pl\/fr\/#\/schema\/logo\/image\/"},"sameAs":["https:\/\/www.facebook.com\/filplast.firma","https:\/\/pl.pinterest.com\/filplast\/","https:\/\/www.youtube.com\/FILPLASTchannel","https:\/\/pl.linkedin.com\/company\/filplast-sp.-z-o.o.","https:\/\/www.instagram.com\/filplast\/"]}]}},"uagb_featured_image_src":{"full":["https:\/\/filplast.pl\/wp-content\/uploads\/2023\/01\/TSR_65.png",1000,1000,false],"thumbnail":["https:\/\/filplast.pl\/wp-content\/uploads\/2023\/01\/TSR_65-150x150.png",150,150,true],"medium":["https:\/\/filplast.pl\/wp-content\/uploads\/2023\/01\/TSR_65-300x300.png",300,300,true],"medium_large":["https:\/\/filplast.pl\/wp-content\/uploads\/2023\/01\/TSR_65-768x768.png",768,768,true],"large":["https:\/\/filplast.pl\/wp-content\/uploads\/2023\/01\/TSR_65.png",1000,1000,false],"1536x1536":["https:\/\/filplast.pl\/wp-content\/uploads\/2023\/01\/TSR_65.png",1000,1000,false],"2048x2048":["https:\/\/filplast.pl\/wp-content\/uploads\/2023\/01\/TSR_65.png",1000,1000,false],"depcore-widget-post-thumb":["https:\/\/filplast.pl\/wp-content\/uploads\/2023\/01\/TSR_65-65x65.png",65,65,true],"depcore-widget-post-medium":["https:\/\/filplast.pl\/wp-content\/uploads\/2023\/01\/TSR_65-280x150.png",280,150,true],"square":["https:\/\/filplast.pl\/wp-content\/uploads\/2023\/01\/TSR_65-500x500.png",500,500,true],"small-square":["https:\/\/filplast.pl\/wp-content\/uploads\/2023\/01\/TSR_65-250x250.png",250,250,true],"slider-image":["https:\/\/filplast.pl\/wp-content\/uploads\/2023\/01\/TSR_65-1000x500.png",1000,500,true],"":["https:\/\/filplast.pl\/wp-content\/uploads\/2023\/01\/TSR_65.png",250,250,false]},"uagb_author_info":{"display_name":"Micha\u0142 Mrukot","author_link":"https:\/\/filplast.pl\/fr\/author\/"},"uagb_comment_info":0,"uagb_excerpt":"TrendStar R\u00e9novation R65 est un syst\u00e8me de cinq chambres pour une utilisation universelle. L\u2019allure classique de cette fen\u00eatre, un large choix des plaxages sp\u00e9ciaux et des accessoires permettent de l\u2019accorder facilement au style architectural du [&hellip;]","_links":{"self":[{"href":"https:\/\/filplast.pl\/fr\/wp-json\/wp\/v2\/product\/33600","targetHints":{"allow":["GET"]}}],"collection":[{"href":"https:\/\/filplast.pl\/fr\/wp-json\/wp\/v2\/product"}],"about":[{"href":"https:\/\/filplast.pl\/fr\/wp-json\/wp\/v2\/types\/product"}],"version-history":[{"count":4,"href":"https:\/\/filplast.pl\/fr\/wp-json\/wp\/v2\/product\/33600\/revisions"}],"predecessor-version":[{"id":34033,"href":"https:\/\/filplast.pl\/fr\/wp-json\/wp\/v2\/product\/33600\/revisions\/34033"}],"wp:featuredmedia":[{"embeddable":true,"href":"https:\/\/filplast.pl\/fr\/wp-json\/wp\/v2\/media\/33601"}],"wp:attachment":[{"href":"https:\/\/filplast.pl\/fr\/wp-json\/wp\/v2\/media?parent=33600"}],"curies":[{"name":"wp","href":"https:\/\/api.w.org\/{rel}","templated":true}]}}