{"id":39541,"date":"2023-08-29T08:41:07","date_gmt":"2023-08-29T06:41:07","guid":{"rendered":"https:\/\/filplast.pl\/produkt\/pergolas-sb-400\/"},"modified":"2024-12-04T09:32:05","modified_gmt":"2024-12-04T08:32:05","slug":"pergolas-sb-400","status":"publish","type":"product","link":"https:\/\/filplast.pl\/fr\/produit\/pergolas-sb-400\/","title":{"rendered":"Pergolas SB 400"},"content":{"rendered":"<div id=\"modal-ready\">\n<p>Toit en aluminium avec un angle d\u2019inclinaison des lamelles contr\u00f4l\u00e9. C\u2019est un ensemble fonctionnel et esth\u00e9tique avec un toit fixe en forme de lames rotatives qui prot\u00e8ge \u00e0 la fois du soleil et de la pluie. Le syst\u00e8me peut \u00eatre \u00e9quip\u00e9 d\u2019un kit d\u2019\u00e9clairage LED. Les plumes tournent dans la plage de 0 \u00e0 90 degr\u00e9s. <br\/><\/p>\n\n<iframe loading=\"lazy\" width=\"450\" height=\"250\" src=\"https:\/\/www.youtube.com\/embed\/CO1nz9oMti0\" title=\"YouTube video player\" frameborder=\"0\" allow=\"accelerometer; autoplay; clipboard-write; encrypted-media; gyroscope; picture-in-picture\" allowfullscreen=\"\"><\/iframe>\n<\/div>","protected":false},"excerpt":{"rendered":"<p>Toit en aluminium avec un angle d\u2019inclinaison des lamelles contr\u00f4l\u00e9.<\/p>\n","protected":false},"featured_media":23948,"parent":0,"menu_order":88,"template":"","class_list":["post-39541","product","type-product","status-publish","has-post-thumbnail","hentry","product-category-stores-bannes-pergolas-screens","product-line-platinumline-fr"],"yoast_head":"<!-- This site is optimized with the Yoast SEO plugin v24.7 - https:\/\/yoast.com\/wordpress\/plugins\/seo\/ -->\n<title>Pergolas SB 400 Filplast - Pour les g\u00e9n\u00e9rations<\/title>\n<meta name=\"robots\" content=\"index, follow, max-snippet:-1, max-image-preview:large, max-video-preview:-1\" \/>\n<link rel=\"canonical\" href=\"https:\/\/filplast.pl\/fr\/produit\/pergolas-sb-400\/\" \/>\n<meta property=\"og:locale\" content=\"fr_FR\" \/>\n<meta property=\"og:type\" content=\"article\" \/>\n<meta property=\"og:title\" content=\"Pergolas SB 400 Filplast - Pour les g\u00e9n\u00e9rations\" \/>\n<meta property=\"og:description\" content=\"Toit en aluminium avec un angle d\u2019inclinaison des lamelles contr\u00f4l\u00e9.\" \/>\n<meta property=\"og:url\" content=\"https:\/\/filplast.pl\/fr\/produit\/pergolas-sb-400\/\" \/>\n<meta property=\"og:site_name\" content=\"Filplast pour les g\u00e9n\u00e9rations\" \/>\n<meta property=\"article:publisher\" content=\"https:\/\/www.facebook.com\/filplast.firma\" \/>\n<meta property=\"article:modified_time\" content=\"2024-12-04T08:32:05+00:00\" \/>\n<meta property=\"og:image\" content=\"https:\/\/filplast.pl\/wp-content\/uploads\/2022\/05\/pergola-SB-400.png\" \/>\n\t<meta property=\"og:image:width\" content=\"500\" \/>\n\t<meta property=\"og:image:height\" content=\"500\" \/>\n\t<meta property=\"og:image:type\" content=\"image\/png\" \/>\n<meta name=\"twitter:card\" content=\"summary_large_image\" \/>\n<meta name=\"twitter:label1\" content=\"Dur\u00e9e de lecture estim\u00e9e\" \/>\n\t<meta name=\"twitter:data1\" content=\"1 minute\" \/>\n<script type=\"application\/ld+json\" class=\"yoast-schema-graph\">{\"@context\":\"https:\/\/schema.org\",\"@graph\":[{\"@type\":\"WebPage\",\"@id\":\"https:\/\/filplast.pl\/fr\/produit\/pergolas-sb-400\/\",\"url\":\"https:\/\/filplast.pl\/fr\/produit\/pergolas-sb-400\/\",\"name\":\"Pergolas SB 400 Filplast - Pour les g\u00e9n\u00e9rations\",\"isPartOf\":{\"@id\":\"https:\/\/filplast.pl\/fr\/#website\"},\"primaryImageOfPage\":{\"@id\":\"https:\/\/filplast.pl\/fr\/produit\/pergolas-sb-400\/#primaryimage\"},\"image\":{\"@id\":\"https:\/\/filplast.pl\/fr\/produit\/pergolas-sb-400\/#primaryimage\"},\"thumbnailUrl\":\"https:\/\/filplast.pl\/wp-content\/uploads\/2022\/05\/pergola-SB-400.png\",\"datePublished\":\"2023-08-29T06:41:07+00:00\",\"dateModified\":\"2024-12-04T08:32:05+00:00\",\"breadcrumb\":{\"@id\":\"https:\/\/filplast.pl\/fr\/produit\/pergolas-sb-400\/#breadcrumb\"},\"inLanguage\":\"fr-FR\",\"potentialAction\":[{\"@type\":\"ReadAction\",\"target\":[\"https:\/\/filplast.pl\/fr\/produit\/pergolas-sb-400\/\"]}]},{\"@type\":\"ImageObject\",\"inLanguage\":\"fr-FR\",\"@id\":\"https:\/\/filplast.pl\/fr\/produit\/pergolas-sb-400\/#primaryimage\",\"url\":\"https:\/\/filplast.pl\/wp-content\/uploads\/2022\/05\/pergola-SB-400.png\",\"contentUrl\":\"https:\/\/filplast.pl\/wp-content\/uploads\/2022\/05\/pergola-SB-400.png\",\"width\":500,\"height\":500},{\"@type\":\"BreadcrumbList\",\"@id\":\"https:\/\/filplast.pl\/fr\/produit\/pergolas-sb-400\/#breadcrumb\",\"itemListElement\":[{\"@type\":\"ListItem\",\"position\":1,\"name\":\"Home\",\"item\":\"https:\/\/filplast.pl\/fr\/\"},{\"@type\":\"ListItem\",\"position\":2,\"name\":\"Produits\",\"item\":\"https:\/\/filplast.pl\/fr\/produit\/\"},{\"@type\":\"ListItem\",\"position\":3,\"name\":\"Pergolas SB 400\"}]},{\"@type\":\"WebSite\",\"@id\":\"https:\/\/filplast.pl\/fr\/#website\",\"url\":\"https:\/\/filplast.pl\/fr\/\",\"name\":\"Filplast pour les g\u00e9n\u00e9rations\",\"description\":\"Producent okien, drzwi i rolet\",\"publisher\":{\"@id\":\"https:\/\/filplast.pl\/fr\/#organization\"},\"potentialAction\":[{\"@type\":\"SearchAction\",\"target\":{\"@type\":\"EntryPoint\",\"urlTemplate\":\"https:\/\/filplast.pl\/fr\/?s={search_term_string}\"},\"query-input\":{\"@type\":\"PropertyValueSpecification\",\"valueRequired\":true,\"valueName\":\"search_term_string\"}}],\"inLanguage\":\"fr-FR\"},{\"@type\":\"Organization\",\"@id\":\"https:\/\/filplast.pl\/fr\/#organization\",\"name\":\"Filplast pour les g\u00e9n\u00e9rations\",\"url\":\"https:\/\/filplast.pl\/fr\/\",\"logo\":{\"@type\":\"ImageObject\",\"inLanguage\":\"fr-FR\",\"@id\":\"https:\/\/filplast.pl\/fr\/#\/schema\/logo\/image\/\",\"url\":\"https:\/\/filplast.pl\/wp-content\/uploads\/2023\/10\/favicon-filplast.png\",\"contentUrl\":\"https:\/\/filplast.pl\/wp-content\/uploads\/2023\/10\/favicon-filplast.png\",\"width\":2134,\"height\":2134,\"caption\":\"Filplast pour les g\u00e9n\u00e9rations\"},\"image\":{\"@id\":\"https:\/\/filplast.pl\/fr\/#\/schema\/logo\/image\/\"},\"sameAs\":[\"https:\/\/www.facebook.com\/filplast.firma\",\"https:\/\/pl.pinterest.com\/filplast\/\",\"https:\/\/www.youtube.com\/FILPLASTchannel\",\"https:\/\/pl.linkedin.com\/company\/filplast-sp.-z-o.o.\",\"https:\/\/www.instagram.com\/filplast\/\"]}]}<\/script>\n<!-- \/ Yoast SEO plugin. -->","yoast_head_json":{"title":"Pergolas SB 400 Filplast - Pour les g\u00e9n\u00e9rations","robots":{"index":"index","follow":"follow","max-snippet":"max-snippet:-1","max-image-preview":"max-image-preview:large","max-video-preview":"max-video-preview:-1"},"canonical":"https:\/\/filplast.pl\/fr\/produit\/pergolas-sb-400\/","og_locale":"fr_FR","og_type":"article","og_title":"Pergolas SB 400 Filplast - Pour les g\u00e9n\u00e9rations","og_description":"Toit en aluminium avec un angle d\u2019inclinaison des lamelles contr\u00f4l\u00e9.","og_url":"https:\/\/filplast.pl\/fr\/produit\/pergolas-sb-400\/","og_site_name":"Filplast pour les g\u00e9n\u00e9rations","article_publisher":"https:\/\/www.facebook.com\/filplast.firma","article_modified_time":"2024-12-04T08:32:05+00:00","og_image":[{"width":500,"height":500,"url":"https:\/\/filplast.pl\/wp-content\/uploads\/2022\/05\/pergola-SB-400.png","type":"image\/png"}],"twitter_card":"summary_large_image","twitter_misc":{"Dur\u00e9e de lecture estim\u00e9e":"1 minute"},"schema":{"@context":"https:\/\/schema.org","@graph":[{"@type":"WebPage","@id":"https:\/\/filplast.pl\/fr\/produit\/pergolas-sb-400\/","url":"https:\/\/filplast.pl\/fr\/produit\/pergolas-sb-400\/","name":"Pergolas SB 400 Filplast - Pour les g\u00e9n\u00e9rations","isPartOf":{"@id":"https:\/\/filplast.pl\/fr\/#website"},"primaryImageOfPage":{"@id":"https:\/\/filplast.pl\/fr\/produit\/pergolas-sb-400\/#primaryimage"},"image":{"@id":"https:\/\/filplast.pl\/fr\/produit\/pergolas-sb-400\/#primaryimage"},"thumbnailUrl":"https:\/\/filplast.pl\/wp-content\/uploads\/2022\/05\/pergola-SB-400.png","datePublished":"2023-08-29T06:41:07+00:00","dateModified":"2024-12-04T08:32:05+00:00","breadcrumb":{"@id":"https:\/\/filplast.pl\/fr\/produit\/pergolas-sb-400\/#breadcrumb"},"inLanguage":"fr-FR","potentialAction":[{"@type":"ReadAction","target":["https:\/\/filplast.pl\/fr\/produit\/pergolas-sb-400\/"]}]},{"@type":"ImageObject","inLanguage":"fr-FR","@id":"https:\/\/filplast.pl\/fr\/produit\/pergolas-sb-400\/#primaryimage","url":"https:\/\/filplast.pl\/wp-content\/uploads\/2022\/05\/pergola-SB-400.png","contentUrl":"https:\/\/filplast.pl\/wp-content\/uploads\/2022\/05\/pergola-SB-400.png","width":500,"height":500},{"@type":"BreadcrumbList","@id":"https:\/\/filplast.pl\/fr\/produit\/pergolas-sb-400\/#breadcrumb","itemListElement":[{"@type":"ListItem","position":1,"name":"Home","item":"https:\/\/filplast.pl\/fr\/"},{"@type":"ListItem","position":2,"name":"Produits","item":"https:\/\/filplast.pl\/fr\/produit\/"},{"@type":"ListItem","position":3,"name":"Pergolas SB 400"}]},{"@type":"WebSite","@id":"https:\/\/filplast.pl\/fr\/#website","url":"https:\/\/filplast.pl\/fr\/","name":"Filplast pour les g\u00e9n\u00e9rations","description":"Producent okien, drzwi i rolet","publisher":{"@id":"https:\/\/filplast.pl\/fr\/#organization"},"potentialAction":[{"@type":"SearchAction","target":{"@type":"EntryPoint","urlTemplate":"https:\/\/filplast.pl\/fr\/?s={search_term_string}"},"query-input":{"@type":"PropertyValueSpecification","valueRequired":true,"valueName":"search_term_string"}}],"inLanguage":"fr-FR"},{"@type":"Organization","@id":"https:\/\/filplast.pl\/fr\/#organization","name":"Filplast pour les g\u00e9n\u00e9rations","url":"https:\/\/filplast.pl\/fr\/","logo":{"@type":"ImageObject","inLanguage":"fr-FR","@id":"https:\/\/filplast.pl\/fr\/#\/schema\/logo\/image\/","url":"https:\/\/filplast.pl\/wp-content\/uploads\/2023\/10\/favicon-filplast.png","contentUrl":"https:\/\/filplast.pl\/wp-content\/uploads\/2023\/10\/favicon-filplast.png","width":2134,"height":2134,"caption":"Filplast pour les g\u00e9n\u00e9rations"},"image":{"@id":"https:\/\/filplast.pl\/fr\/#\/schema\/logo\/image\/"},"sameAs":["https:\/\/www.facebook.com\/filplast.firma","https:\/\/pl.pinterest.com\/filplast\/","https:\/\/www.youtube.com\/FILPLASTchannel","https:\/\/pl.linkedin.com\/company\/filplast-sp.-z-o.o.","https:\/\/www.instagram.com\/filplast\/"]}]}},"uagb_featured_image_src":{"full":["https:\/\/filplast.pl\/wp-content\/uploads\/2022\/05\/pergola-SB-400.png",500,500,false],"thumbnail":["https:\/\/filplast.pl\/wp-content\/uploads\/2022\/05\/pergola-SB-400-150x150.png",150,150,true],"medium":["https:\/\/filplast.pl\/wp-content\/uploads\/2022\/05\/pergola-SB-400-300x300.png",300,300,true],"medium_large":["https:\/\/filplast.pl\/wp-content\/uploads\/2022\/05\/pergola-SB-400.png",500,500,false],"large":["https:\/\/filplast.pl\/wp-content\/uploads\/2022\/05\/pergola-SB-400.png",500,500,false],"1536x1536":["https:\/\/filplast.pl\/wp-content\/uploads\/2022\/05\/pergola-SB-400.png",500,500,false],"2048x2048":["https:\/\/filplast.pl\/wp-content\/uploads\/2022\/05\/pergola-SB-400.png",500,500,false],"depcore-widget-post-thumb":["https:\/\/filplast.pl\/wp-content\/uploads\/2022\/05\/pergola-SB-400-65x65.png",65,65,true],"depcore-widget-post-medium":["https:\/\/filplast.pl\/wp-content\/uploads\/2022\/05\/pergola-SB-400-280x150.png",280,150,true],"square":["https:\/\/filplast.pl\/wp-content\/uploads\/2022\/05\/pergola-SB-400.png",500,500,false],"small-square":["https:\/\/filplast.pl\/wp-content\/uploads\/2022\/05\/pergola-SB-400-250x250.png",250,250,true],"slider-image":["https:\/\/filplast.pl\/wp-content\/uploads\/2022\/05\/pergola-SB-400.png",500,500,false],"":["https:\/\/filplast.pl\/wp-content\/uploads\/2022\/05\/pergola-SB-400.png",250,250,false]},"uagb_author_info":{"display_name":"Micha\u0142 Mrukot","author_link":"https:\/\/filplast.pl\/fr\/author\/"},"uagb_comment_info":0,"uagb_excerpt":"Toit en aluminium avec un angle d\u2019inclinaison des lamelles contr\u00f4l\u00e9.","_links":{"self":[{"href":"https:\/\/filplast.pl\/fr\/wp-json\/wp\/v2\/product\/39541","targetHints":{"allow":["GET"]}}],"collection":[{"href":"https:\/\/filplast.pl\/fr\/wp-json\/wp\/v2\/product"}],"about":[{"href":"https:\/\/filplast.pl\/fr\/wp-json\/wp\/v2\/types\/product"}],"version-history":[{"count":3,"href":"https:\/\/filplast.pl\/fr\/wp-json\/wp\/v2\/product\/39541\/revisions"}],"predecessor-version":[{"id":53838,"href":"https:\/\/filplast.pl\/fr\/wp-json\/wp\/v2\/product\/39541\/revisions\/53838"}],"wp:featuredmedia":[{"embeddable":true,"href":"https:\/\/filplast.pl\/fr\/wp-json\/wp\/v2\/media\/23948"}],"wp:attachment":[{"href":"https:\/\/filplast.pl\/fr\/wp-json\/wp\/v2\/media?parent=39541"}],"curies":[{"name":"wp","href":"https:\/\/api.w.org\/{rel}","templated":true}]}}