{"id":39557,"date":"2023-08-29T09:43:48","date_gmt":"2023-08-29T07:43:48","guid":{"rendered":"https:\/\/filplast.pl\/produkt\/screens-veranda\/"},"modified":"2023-08-29T09:43:48","modified_gmt":"2023-08-29T07:43:48","slug":"screens-veranda","status":"publish","type":"product","link":"https:\/\/filplast.pl\/fr\/produit\/screens-veranda\/","title":{"rendered":"Screens Veranda"},"content":{"rendered":"<div id=\"modal-ready\">\n<p>Protection solaire pour les fen\u00eatres horizontales (lucarnes) ou les surfaces inclin\u00e9es des toits et des v\u00e9randas. Cette couverture peut \u00eatre mont\u00e9e \u00e0 l\u2019int\u00e9rieur et \u00e0 l\u2019ext\u00e9rieur.<\/p>\n<\/div>","protected":false},"excerpt":{"rendered":"<p>Protection solaire pour les fen\u00eatres horizontales (lucarnes) ou les surfaces inclin\u00e9es des toits et des v\u00e9randas. Cette couverture peut \u00eatre mont\u00e9e \u00e0 l\u2019int\u00e9rieur et \u00e0 l\u2019ext\u00e9rieur.<\/p>\n","protected":false},"featured_media":23965,"parent":0,"menu_order":69,"template":"","class_list":["post-39557","product","type-product","status-publish","has-post-thumbnail","hentry","product-category-stores-bannes-pergolas-screens","product-line-goldenline-fr"],"yoast_head":"<!-- This site is optimized with the Yoast SEO plugin v24.7 - https:\/\/yoast.com\/wordpress\/plugins\/seo\/ -->\n<title>Screens Veranda Filplast - Pour les g\u00e9n\u00e9rations<\/title>\n<meta name=\"robots\" content=\"index, follow, max-snippet:-1, max-image-preview:large, max-video-preview:-1\" \/>\n<link rel=\"canonical\" href=\"https:\/\/filplast.pl\/fr\/produit\/screens-veranda\/\" \/>\n<meta property=\"og:locale\" content=\"fr_FR\" \/>\n<meta property=\"og:type\" content=\"article\" \/>\n<meta property=\"og:title\" content=\"Screens Veranda Filplast - Pour les g\u00e9n\u00e9rations\" \/>\n<meta property=\"og:description\" content=\"Protection solaire pour les fen\u00eatres horizontales (lucarnes) ou les surfaces inclin\u00e9es des toits et des v\u00e9randas. Cette couverture peut \u00eatre mont\u00e9e \u00e0 l\u2019int\u00e9rieur et \u00e0 l\u2019ext\u00e9rieur.\" \/>\n<meta property=\"og:url\" content=\"https:\/\/filplast.pl\/fr\/produit\/screens-veranda\/\" \/>\n<meta property=\"og:site_name\" content=\"Filplast pour les g\u00e9n\u00e9rations\" \/>\n<meta property=\"article:publisher\" content=\"https:\/\/www.facebook.com\/filplast.firma\" \/>\n<meta property=\"og:image\" content=\"https:\/\/filplast.pl\/wp-content\/uploads\/2022\/05\/screen-Veranda.png\" \/>\n\t<meta property=\"og:image:width\" content=\"500\" \/>\n\t<meta property=\"og:image:height\" content=\"500\" \/>\n\t<meta property=\"og:image:type\" content=\"image\/png\" \/>\n<meta name=\"twitter:card\" content=\"summary_large_image\" \/>\n<script type=\"application\/ld+json\" class=\"yoast-schema-graph\">{\"@context\":\"https:\/\/schema.org\",\"@graph\":[{\"@type\":\"WebPage\",\"@id\":\"https:\/\/filplast.pl\/fr\/produit\/screens-veranda\/\",\"url\":\"https:\/\/filplast.pl\/fr\/produit\/screens-veranda\/\",\"name\":\"Screens Veranda Filplast - Pour les g\u00e9n\u00e9rations\",\"isPartOf\":{\"@id\":\"https:\/\/filplast.pl\/fr\/#website\"},\"primaryImageOfPage\":{\"@id\":\"https:\/\/filplast.pl\/fr\/produit\/screens-veranda\/#primaryimage\"},\"image\":{\"@id\":\"https:\/\/filplast.pl\/fr\/produit\/screens-veranda\/#primaryimage\"},\"thumbnailUrl\":\"https:\/\/filplast.pl\/wp-content\/uploads\/2022\/05\/screen-Veranda.png\",\"datePublished\":\"2023-08-29T07:43:48+00:00\",\"breadcrumb\":{\"@id\":\"https:\/\/filplast.pl\/fr\/produit\/screens-veranda\/#breadcrumb\"},\"inLanguage\":\"fr-FR\",\"potentialAction\":[{\"@type\":\"ReadAction\",\"target\":[\"https:\/\/filplast.pl\/fr\/produit\/screens-veranda\/\"]}]},{\"@type\":\"ImageObject\",\"inLanguage\":\"fr-FR\",\"@id\":\"https:\/\/filplast.pl\/fr\/produit\/screens-veranda\/#primaryimage\",\"url\":\"https:\/\/filplast.pl\/wp-content\/uploads\/2022\/05\/screen-Veranda.png\",\"contentUrl\":\"https:\/\/filplast.pl\/wp-content\/uploads\/2022\/05\/screen-Veranda.png\",\"width\":500,\"height\":500},{\"@type\":\"BreadcrumbList\",\"@id\":\"https:\/\/filplast.pl\/fr\/produit\/screens-veranda\/#breadcrumb\",\"itemListElement\":[{\"@type\":\"ListItem\",\"position\":1,\"name\":\"Home\",\"item\":\"https:\/\/filplast.pl\/fr\/\"},{\"@type\":\"ListItem\",\"position\":2,\"name\":\"Produits\",\"item\":\"https:\/\/filplast.pl\/fr\/produit\/\"},{\"@type\":\"ListItem\",\"position\":3,\"name\":\"Screens Veranda\"}]},{\"@type\":\"WebSite\",\"@id\":\"https:\/\/filplast.pl\/fr\/#website\",\"url\":\"https:\/\/filplast.pl\/fr\/\",\"name\":\"Filplast pour les g\u00e9n\u00e9rations\",\"description\":\"Producent okien, drzwi i rolet\",\"publisher\":{\"@id\":\"https:\/\/filplast.pl\/fr\/#organization\"},\"potentialAction\":[{\"@type\":\"SearchAction\",\"target\":{\"@type\":\"EntryPoint\",\"urlTemplate\":\"https:\/\/filplast.pl\/fr\/?s={search_term_string}\"},\"query-input\":{\"@type\":\"PropertyValueSpecification\",\"valueRequired\":true,\"valueName\":\"search_term_string\"}}],\"inLanguage\":\"fr-FR\"},{\"@type\":\"Organization\",\"@id\":\"https:\/\/filplast.pl\/fr\/#organization\",\"name\":\"Filplast pour les g\u00e9n\u00e9rations\",\"url\":\"https:\/\/filplast.pl\/fr\/\",\"logo\":{\"@type\":\"ImageObject\",\"inLanguage\":\"fr-FR\",\"@id\":\"https:\/\/filplast.pl\/fr\/#\/schema\/logo\/image\/\",\"url\":\"https:\/\/filplast.pl\/wp-content\/uploads\/2023\/10\/favicon-filplast.png\",\"contentUrl\":\"https:\/\/filplast.pl\/wp-content\/uploads\/2023\/10\/favicon-filplast.png\",\"width\":2134,\"height\":2134,\"caption\":\"Filplast pour les g\u00e9n\u00e9rations\"},\"image\":{\"@id\":\"https:\/\/filplast.pl\/fr\/#\/schema\/logo\/image\/\"},\"sameAs\":[\"https:\/\/www.facebook.com\/filplast.firma\",\"https:\/\/pl.pinterest.com\/filplast\/\",\"https:\/\/www.youtube.com\/FILPLASTchannel\",\"https:\/\/pl.linkedin.com\/company\/filplast-sp.-z-o.o.\",\"https:\/\/www.instagram.com\/filplast\/\"]}]}<\/script>\n<!-- \/ Yoast SEO plugin. -->","yoast_head_json":{"title":"Screens Veranda Filplast - Pour les g\u00e9n\u00e9rations","robots":{"index":"index","follow":"follow","max-snippet":"max-snippet:-1","max-image-preview":"max-image-preview:large","max-video-preview":"max-video-preview:-1"},"canonical":"https:\/\/filplast.pl\/fr\/produit\/screens-veranda\/","og_locale":"fr_FR","og_type":"article","og_title":"Screens Veranda Filplast - Pour les g\u00e9n\u00e9rations","og_description":"Protection solaire pour les fen\u00eatres horizontales (lucarnes) ou les surfaces inclin\u00e9es des toits et des v\u00e9randas. Cette couverture peut \u00eatre mont\u00e9e \u00e0 l\u2019int\u00e9rieur et \u00e0 l\u2019ext\u00e9rieur.","og_url":"https:\/\/filplast.pl\/fr\/produit\/screens-veranda\/","og_site_name":"Filplast pour les g\u00e9n\u00e9rations","article_publisher":"https:\/\/www.facebook.com\/filplast.firma","og_image":[{"width":500,"height":500,"url":"https:\/\/filplast.pl\/wp-content\/uploads\/2022\/05\/screen-Veranda.png","type":"image\/png"}],"twitter_card":"summary_large_image","schema":{"@context":"https:\/\/schema.org","@graph":[{"@type":"WebPage","@id":"https:\/\/filplast.pl\/fr\/produit\/screens-veranda\/","url":"https:\/\/filplast.pl\/fr\/produit\/screens-veranda\/","name":"Screens Veranda Filplast - Pour les g\u00e9n\u00e9rations","isPartOf":{"@id":"https:\/\/filplast.pl\/fr\/#website"},"primaryImageOfPage":{"@id":"https:\/\/filplast.pl\/fr\/produit\/screens-veranda\/#primaryimage"},"image":{"@id":"https:\/\/filplast.pl\/fr\/produit\/screens-veranda\/#primaryimage"},"thumbnailUrl":"https:\/\/filplast.pl\/wp-content\/uploads\/2022\/05\/screen-Veranda.png","datePublished":"2023-08-29T07:43:48+00:00","breadcrumb":{"@id":"https:\/\/filplast.pl\/fr\/produit\/screens-veranda\/#breadcrumb"},"inLanguage":"fr-FR","potentialAction":[{"@type":"ReadAction","target":["https:\/\/filplast.pl\/fr\/produit\/screens-veranda\/"]}]},{"@type":"ImageObject","inLanguage":"fr-FR","@id":"https:\/\/filplast.pl\/fr\/produit\/screens-veranda\/#primaryimage","url":"https:\/\/filplast.pl\/wp-content\/uploads\/2022\/05\/screen-Veranda.png","contentUrl":"https:\/\/filplast.pl\/wp-content\/uploads\/2022\/05\/screen-Veranda.png","width":500,"height":500},{"@type":"BreadcrumbList","@id":"https:\/\/filplast.pl\/fr\/produit\/screens-veranda\/#breadcrumb","itemListElement":[{"@type":"ListItem","position":1,"name":"Home","item":"https:\/\/filplast.pl\/fr\/"},{"@type":"ListItem","position":2,"name":"Produits","item":"https:\/\/filplast.pl\/fr\/produit\/"},{"@type":"ListItem","position":3,"name":"Screens Veranda"}]},{"@type":"WebSite","@id":"https:\/\/filplast.pl\/fr\/#website","url":"https:\/\/filplast.pl\/fr\/","name":"Filplast pour les g\u00e9n\u00e9rations","description":"Producent okien, drzwi i rolet","publisher":{"@id":"https:\/\/filplast.pl\/fr\/#organization"},"potentialAction":[{"@type":"SearchAction","target":{"@type":"EntryPoint","urlTemplate":"https:\/\/filplast.pl\/fr\/?s={search_term_string}"},"query-input":{"@type":"PropertyValueSpecification","valueRequired":true,"valueName":"search_term_string"}}],"inLanguage":"fr-FR"},{"@type":"Organization","@id":"https:\/\/filplast.pl\/fr\/#organization","name":"Filplast pour les g\u00e9n\u00e9rations","url":"https:\/\/filplast.pl\/fr\/","logo":{"@type":"ImageObject","inLanguage":"fr-FR","@id":"https:\/\/filplast.pl\/fr\/#\/schema\/logo\/image\/","url":"https:\/\/filplast.pl\/wp-content\/uploads\/2023\/10\/favicon-filplast.png","contentUrl":"https:\/\/filplast.pl\/wp-content\/uploads\/2023\/10\/favicon-filplast.png","width":2134,"height":2134,"caption":"Filplast pour les g\u00e9n\u00e9rations"},"image":{"@id":"https:\/\/filplast.pl\/fr\/#\/schema\/logo\/image\/"},"sameAs":["https:\/\/www.facebook.com\/filplast.firma","https:\/\/pl.pinterest.com\/filplast\/","https:\/\/www.youtube.com\/FILPLASTchannel","https:\/\/pl.linkedin.com\/company\/filplast-sp.-z-o.o.","https:\/\/www.instagram.com\/filplast\/"]}]}},"uagb_featured_image_src":{"full":["https:\/\/filplast.pl\/wp-content\/uploads\/2022\/05\/screen-Veranda.png",500,500,false],"thumbnail":["https:\/\/filplast.pl\/wp-content\/uploads\/2022\/05\/screen-Veranda-150x150.png",150,150,true],"medium":["https:\/\/filplast.pl\/wp-content\/uploads\/2022\/05\/screen-Veranda-300x300.png",300,300,true],"medium_large":["https:\/\/filplast.pl\/wp-content\/uploads\/2022\/05\/screen-Veranda.png",500,500,false],"large":["https:\/\/filplast.pl\/wp-content\/uploads\/2022\/05\/screen-Veranda.png",500,500,false],"1536x1536":["https:\/\/filplast.pl\/wp-content\/uploads\/2022\/05\/screen-Veranda.png",500,500,false],"2048x2048":["https:\/\/filplast.pl\/wp-content\/uploads\/2022\/05\/screen-Veranda.png",500,500,false],"depcore-widget-post-thumb":["https:\/\/filplast.pl\/wp-content\/uploads\/2022\/05\/screen-Veranda-65x65.png",65,65,true],"depcore-widget-post-medium":["https:\/\/filplast.pl\/wp-content\/uploads\/2022\/05\/screen-Veranda-280x150.png",280,150,true],"square":["https:\/\/filplast.pl\/wp-content\/uploads\/2022\/05\/screen-Veranda.png",500,500,false],"small-square":["https:\/\/filplast.pl\/wp-content\/uploads\/2022\/05\/screen-Veranda-250x250.png",250,250,true],"slider-image":["https:\/\/filplast.pl\/wp-content\/uploads\/2022\/05\/screen-Veranda.png",500,500,false],"":["https:\/\/filplast.pl\/wp-content\/uploads\/2022\/05\/screen-Veranda.png",250,250,false]},"uagb_author_info":{"display_name":"Agnieszka Losor","author_link":"https:\/\/filplast.pl\/fr\/author\/"},"uagb_comment_info":0,"uagb_excerpt":"Protection solaire pour les fen\u00eatres horizontales (lucarnes) ou les surfaces inclin\u00e9es des toits et des v\u00e9randas. Cette couverture peut \u00eatre mont\u00e9e \u00e0 l\u2019int\u00e9rieur et \u00e0 l\u2019ext\u00e9rieur.","_links":{"self":[{"href":"https:\/\/filplast.pl\/fr\/wp-json\/wp\/v2\/product\/39557","targetHints":{"allow":["GET"]}}],"collection":[{"href":"https:\/\/filplast.pl\/fr\/wp-json\/wp\/v2\/product"}],"about":[{"href":"https:\/\/filplast.pl\/fr\/wp-json\/wp\/v2\/types\/product"}],"version-history":[{"count":1,"href":"https:\/\/filplast.pl\/fr\/wp-json\/wp\/v2\/product\/39557\/revisions"}],"predecessor-version":[{"id":39558,"href":"https:\/\/filplast.pl\/fr\/wp-json\/wp\/v2\/product\/39557\/revisions\/39558"}],"wp:featuredmedia":[{"embeddable":true,"href":"https:\/\/filplast.pl\/fr\/wp-json\/wp\/v2\/media\/23965"}],"wp:attachment":[{"href":"https:\/\/filplast.pl\/fr\/wp-json\/wp\/v2\/media?parent=39557"}],"curies":[{"name":"wp","href":"https:\/\/api.w.org\/{rel}","templated":true}]}}