{"id":45725,"date":"2024-03-07T12:07:54","date_gmt":"2024-03-07T11:07:54","guid":{"rendered":"https:\/\/filplast.pl\/?post_type=product&#038;p=45725"},"modified":"2024-04-08T09:08:10","modified_gmt":"2024-04-08T07:08:10","slug":"justslide-alu","status":"publish","type":"product","link":"https:\/\/filplast.pl\/fr\/produit\/justslide-alu\/","title":{"rendered":"JustSlide Alu"},"content":{"rendered":"<div id=\"modal-ready\">\n<p>Le syst\u00e8me de porte coulissante qui donne la possibilit\u00e9 de faire les vantaux de grands dimensions<br>et poids jusqu\u2019au 400 kg. Dans les tests effectu\u00e9s par le Building Research Institute (ITB), ce<br>syst\u00e8me a re\u00e7u les notes les plus \u00e9lev\u00e9es en termes de perm\u00e9abilit\u00e9 a l\u2019air &#8211; classe 4, de r\u00e9sistance<br>\u00e0 l\u2019eau &#8211; 1050 Pa et de r\u00e9sistance au vent &#8211; classe C2\/B3.<\/p>\n\n\n\n<div class=\"wp-block-buttons is-layout-flex wp-block-buttons-is-layout-flex\">\n<div class=\"wp-block-button is-style-fill\"><a class=\"wp-block-button__link has-background\" href=\"https:\/\/filplast.pl\/wp-content\/uploads\/2024\/03\/JustSlide-Alu-ulotka-FR.pdf\" style=\"background-color:#01387b\" target=\"_blank\" rel=\"noreferrer noopener\"><strong>fiche produit\u00a0<\/strong><\/a><\/div>\n<\/div>\n<\/div>","protected":false},"excerpt":{"rendered":"<p>Le syst\u00e8me de porte coulissante qui donne la possibilit\u00e9 de faire les vantaux de grands dimensions<br \/>\net poids jusqu\u2019au 400 kg. <\/p>\n","protected":false},"featured_media":43931,"parent":0,"menu_order":317,"template":"","class_list":["post-45725","product","type-product","status-publish","has-post-thumbnail","hentry","product-category-porte-coulissante","product-category-justslide-fr","product-category-portes","product-line-goldenline-fr"],"yoast_head":"<!-- This site is optimized with the Yoast SEO plugin v24.7 - https:\/\/yoast.com\/wordpress\/plugins\/seo\/ -->\n<title>JustSlide Alu I Filplast<\/title>\n<meta name=\"description\" content=\"Le syst\u00e8me de porte coulissante qui donne la possibilit\u00e9 de faire les vantaux de grands dimensionset poids jusqu\u2019au 400 kg.\" \/>\n<meta name=\"robots\" content=\"index, follow, max-snippet:-1, max-image-preview:large, max-video-preview:-1\" \/>\n<link rel=\"canonical\" href=\"https:\/\/filplast.pl\/fr\/produit\/justslide-alu\/\" \/>\n<meta property=\"og:locale\" content=\"fr_FR\" \/>\n<meta property=\"og:type\" content=\"article\" \/>\n<meta property=\"og:title\" content=\"JustSlide Alu I Filplast\" \/>\n<meta property=\"og:description\" content=\"Le syst\u00e8me de porte coulissante qui donne la possibilit\u00e9 de faire les vantaux de grands dimensionset poids jusqu\u2019au 400 kg.\" \/>\n<meta property=\"og:url\" content=\"https:\/\/filplast.pl\/fr\/produit\/justslide-alu\/\" \/>\n<meta property=\"og:site_name\" content=\"Filplast pour les g\u00e9n\u00e9rations\" \/>\n<meta property=\"article:publisher\" content=\"https:\/\/www.facebook.com\/filplast.firma\" \/>\n<meta property=\"article:modified_time\" content=\"2024-04-08T07:08:10+00:00\" \/>\n<meta property=\"og:image\" content=\"https:\/\/filplast.pl\/wp-content\/uploads\/2024\/01\/JustSlide_Alu_uno.png\" \/>\n\t<meta property=\"og:image:width\" content=\"2024\" \/>\n\t<meta property=\"og:image:height\" content=\"2024\" \/>\n\t<meta property=\"og:image:type\" content=\"image\/png\" \/>\n<meta name=\"twitter:card\" content=\"summary_large_image\" \/>\n<meta name=\"twitter:label1\" content=\"Dur\u00e9e de lecture estim\u00e9e\" \/>\n\t<meta name=\"twitter:data1\" content=\"1 minute\" \/>\n<script type=\"application\/ld+json\" class=\"yoast-schema-graph\">{\"@context\":\"https:\/\/schema.org\",\"@graph\":[{\"@type\":\"WebPage\",\"@id\":\"https:\/\/filplast.pl\/fr\/produit\/justslide-alu\/\",\"url\":\"https:\/\/filplast.pl\/fr\/produit\/justslide-alu\/\",\"name\":\"JustSlide Alu I Filplast\",\"isPartOf\":{\"@id\":\"https:\/\/filplast.pl\/fr\/#website\"},\"primaryImageOfPage\":{\"@id\":\"https:\/\/filplast.pl\/fr\/produit\/justslide-alu\/#primaryimage\"},\"image\":{\"@id\":\"https:\/\/filplast.pl\/fr\/produit\/justslide-alu\/#primaryimage\"},\"thumbnailUrl\":\"https:\/\/filplast.pl\/wp-content\/uploads\/2024\/01\/JustSlide_Alu_uno.png\",\"datePublished\":\"2024-03-07T11:07:54+00:00\",\"dateModified\":\"2024-04-08T07:08:10+00:00\",\"description\":\"Le syst\u00e8me de porte coulissante qui donne la possibilit\u00e9 de faire les vantaux de grands dimensionset poids jusqu\u2019au 400 kg.\",\"breadcrumb\":{\"@id\":\"https:\/\/filplast.pl\/fr\/produit\/justslide-alu\/#breadcrumb\"},\"inLanguage\":\"fr-FR\",\"potentialAction\":[{\"@type\":\"ReadAction\",\"target\":[\"https:\/\/filplast.pl\/fr\/produit\/justslide-alu\/\"]}]},{\"@type\":\"ImageObject\",\"inLanguage\":\"fr-FR\",\"@id\":\"https:\/\/filplast.pl\/fr\/produit\/justslide-alu\/#primaryimage\",\"url\":\"https:\/\/filplast.pl\/wp-content\/uploads\/2024\/01\/JustSlide_Alu_uno.png\",\"contentUrl\":\"https:\/\/filplast.pl\/wp-content\/uploads\/2024\/01\/JustSlide_Alu_uno.png\",\"width\":2024,\"height\":2024,\"caption\":\"Aluminiowy system drzwi przesuwnych - przekr\u00f3j drzwi o du\u017cych gabarytach\"},{\"@type\":\"BreadcrumbList\",\"@id\":\"https:\/\/filplast.pl\/fr\/produit\/justslide-alu\/#breadcrumb\",\"itemListElement\":[{\"@type\":\"ListItem\",\"position\":1,\"name\":\"Home\",\"item\":\"https:\/\/filplast.pl\/fr\/\"},{\"@type\":\"ListItem\",\"position\":2,\"name\":\"Produits\",\"item\":\"https:\/\/filplast.pl\/fr\/produit\/\"},{\"@type\":\"ListItem\",\"position\":3,\"name\":\"JustSlide Alu\"}]},{\"@type\":\"WebSite\",\"@id\":\"https:\/\/filplast.pl\/fr\/#website\",\"url\":\"https:\/\/filplast.pl\/fr\/\",\"name\":\"Filplast pour les g\u00e9n\u00e9rations\",\"description\":\"Producent okien, drzwi i rolet\",\"publisher\":{\"@id\":\"https:\/\/filplast.pl\/fr\/#organization\"},\"potentialAction\":[{\"@type\":\"SearchAction\",\"target\":{\"@type\":\"EntryPoint\",\"urlTemplate\":\"https:\/\/filplast.pl\/fr\/?s={search_term_string}\"},\"query-input\":{\"@type\":\"PropertyValueSpecification\",\"valueRequired\":true,\"valueName\":\"search_term_string\"}}],\"inLanguage\":\"fr-FR\"},{\"@type\":\"Organization\",\"@id\":\"https:\/\/filplast.pl\/fr\/#organization\",\"name\":\"Filplast pour les g\u00e9n\u00e9rations\",\"url\":\"https:\/\/filplast.pl\/fr\/\",\"logo\":{\"@type\":\"ImageObject\",\"inLanguage\":\"fr-FR\",\"@id\":\"https:\/\/filplast.pl\/fr\/#\/schema\/logo\/image\/\",\"url\":\"https:\/\/filplast.pl\/wp-content\/uploads\/2023\/10\/favicon-filplast.png\",\"contentUrl\":\"https:\/\/filplast.pl\/wp-content\/uploads\/2023\/10\/favicon-filplast.png\",\"width\":2134,\"height\":2134,\"caption\":\"Filplast pour les g\u00e9n\u00e9rations\"},\"image\":{\"@id\":\"https:\/\/filplast.pl\/fr\/#\/schema\/logo\/image\/\"},\"sameAs\":[\"https:\/\/www.facebook.com\/filplast.firma\",\"https:\/\/pl.pinterest.com\/filplast\/\",\"https:\/\/www.youtube.com\/FILPLASTchannel\",\"https:\/\/pl.linkedin.com\/company\/filplast-sp.-z-o.o.\",\"https:\/\/www.instagram.com\/filplast\/\"]}]}<\/script>\n<!-- \/ Yoast SEO plugin. -->","yoast_head_json":{"title":"JustSlide Alu I Filplast","description":"Le syst\u00e8me de porte coulissante qui donne la possibilit\u00e9 de faire les vantaux de grands dimensionset poids jusqu\u2019au 400 kg.","robots":{"index":"index","follow":"follow","max-snippet":"max-snippet:-1","max-image-preview":"max-image-preview:large","max-video-preview":"max-video-preview:-1"},"canonical":"https:\/\/filplast.pl\/fr\/produit\/justslide-alu\/","og_locale":"fr_FR","og_type":"article","og_title":"JustSlide Alu I Filplast","og_description":"Le syst\u00e8me de porte coulissante qui donne la possibilit\u00e9 de faire les vantaux de grands dimensionset poids jusqu\u2019au 400 kg.","og_url":"https:\/\/filplast.pl\/fr\/produit\/justslide-alu\/","og_site_name":"Filplast pour les g\u00e9n\u00e9rations","article_publisher":"https:\/\/www.facebook.com\/filplast.firma","article_modified_time":"2024-04-08T07:08:10+00:00","og_image":[{"width":2024,"height":2024,"url":"https:\/\/filplast.pl\/wp-content\/uploads\/2024\/01\/JustSlide_Alu_uno.png","type":"image\/png"}],"twitter_card":"summary_large_image","twitter_misc":{"Dur\u00e9e de lecture estim\u00e9e":"1 minute"},"schema":{"@context":"https:\/\/schema.org","@graph":[{"@type":"WebPage","@id":"https:\/\/filplast.pl\/fr\/produit\/justslide-alu\/","url":"https:\/\/filplast.pl\/fr\/produit\/justslide-alu\/","name":"JustSlide Alu I Filplast","isPartOf":{"@id":"https:\/\/filplast.pl\/fr\/#website"},"primaryImageOfPage":{"@id":"https:\/\/filplast.pl\/fr\/produit\/justslide-alu\/#primaryimage"},"image":{"@id":"https:\/\/filplast.pl\/fr\/produit\/justslide-alu\/#primaryimage"},"thumbnailUrl":"https:\/\/filplast.pl\/wp-content\/uploads\/2024\/01\/JustSlide_Alu_uno.png","datePublished":"2024-03-07T11:07:54+00:00","dateModified":"2024-04-08T07:08:10+00:00","description":"Le syst\u00e8me de porte coulissante qui donne la possibilit\u00e9 de faire les vantaux de grands dimensionset poids jusqu\u2019au 400 kg.","breadcrumb":{"@id":"https:\/\/filplast.pl\/fr\/produit\/justslide-alu\/#breadcrumb"},"inLanguage":"fr-FR","potentialAction":[{"@type":"ReadAction","target":["https:\/\/filplast.pl\/fr\/produit\/justslide-alu\/"]}]},{"@type":"ImageObject","inLanguage":"fr-FR","@id":"https:\/\/filplast.pl\/fr\/produit\/justslide-alu\/#primaryimage","url":"https:\/\/filplast.pl\/wp-content\/uploads\/2024\/01\/JustSlide_Alu_uno.png","contentUrl":"https:\/\/filplast.pl\/wp-content\/uploads\/2024\/01\/JustSlide_Alu_uno.png","width":2024,"height":2024,"caption":"Aluminiowy system drzwi przesuwnych - przekr\u00f3j drzwi o du\u017cych gabarytach"},{"@type":"BreadcrumbList","@id":"https:\/\/filplast.pl\/fr\/produit\/justslide-alu\/#breadcrumb","itemListElement":[{"@type":"ListItem","position":1,"name":"Home","item":"https:\/\/filplast.pl\/fr\/"},{"@type":"ListItem","position":2,"name":"Produits","item":"https:\/\/filplast.pl\/fr\/produit\/"},{"@type":"ListItem","position":3,"name":"JustSlide Alu"}]},{"@type":"WebSite","@id":"https:\/\/filplast.pl\/fr\/#website","url":"https:\/\/filplast.pl\/fr\/","name":"Filplast pour les g\u00e9n\u00e9rations","description":"Producent okien, drzwi i rolet","publisher":{"@id":"https:\/\/filplast.pl\/fr\/#organization"},"potentialAction":[{"@type":"SearchAction","target":{"@type":"EntryPoint","urlTemplate":"https:\/\/filplast.pl\/fr\/?s={search_term_string}"},"query-input":{"@type":"PropertyValueSpecification","valueRequired":true,"valueName":"search_term_string"}}],"inLanguage":"fr-FR"},{"@type":"Organization","@id":"https:\/\/filplast.pl\/fr\/#organization","name":"Filplast pour les g\u00e9n\u00e9rations","url":"https:\/\/filplast.pl\/fr\/","logo":{"@type":"ImageObject","inLanguage":"fr-FR","@id":"https:\/\/filplast.pl\/fr\/#\/schema\/logo\/image\/","url":"https:\/\/filplast.pl\/wp-content\/uploads\/2023\/10\/favicon-filplast.png","contentUrl":"https:\/\/filplast.pl\/wp-content\/uploads\/2023\/10\/favicon-filplast.png","width":2134,"height":2134,"caption":"Filplast pour les g\u00e9n\u00e9rations"},"image":{"@id":"https:\/\/filplast.pl\/fr\/#\/schema\/logo\/image\/"},"sameAs":["https:\/\/www.facebook.com\/filplast.firma","https:\/\/pl.pinterest.com\/filplast\/","https:\/\/www.youtube.com\/FILPLASTchannel","https:\/\/pl.linkedin.com\/company\/filplast-sp.-z-o.o.","https:\/\/www.instagram.com\/filplast\/"]}]}},"uagb_featured_image_src":{"full":["https:\/\/filplast.pl\/wp-content\/uploads\/2024\/01\/JustSlide_Alu_uno.png",2024,2024,false],"thumbnail":["https:\/\/filplast.pl\/wp-content\/uploads\/2024\/01\/JustSlide_Alu_uno-250x250.png",250,250,true],"medium":["https:\/\/filplast.pl\/wp-content\/uploads\/2024\/01\/JustSlide_Alu_uno-400x400.png",400,400,true],"medium_large":["https:\/\/filplast.pl\/wp-content\/uploads\/2024\/01\/JustSlide_Alu_uno-768x768.png",768,768,true],"large":["https:\/\/filplast.pl\/wp-content\/uploads\/2024\/01\/JustSlide_Alu_uno-1024x1024.png",1024,1024,true],"1536x1536":["https:\/\/filplast.pl\/wp-content\/uploads\/2024\/01\/JustSlide_Alu_uno-1536x1536.png",1536,1536,true],"2048x2048":["https:\/\/filplast.pl\/wp-content\/uploads\/2024\/01\/JustSlide_Alu_uno.png",2024,2024,false],"depcore-widget-post-thumb":["https:\/\/filplast.pl\/wp-content\/uploads\/2024\/01\/JustSlide_Alu_uno-65x65.png",65,65,true],"depcore-widget-post-medium":["https:\/\/filplast.pl\/wp-content\/uploads\/2024\/01\/JustSlide_Alu_uno-280x150.png",280,150,true],"square":["https:\/\/filplast.pl\/wp-content\/uploads\/2024\/01\/JustSlide_Alu_uno-500x500.png",500,500,true],"small-square":["https:\/\/filplast.pl\/wp-content\/uploads\/2024\/01\/JustSlide_Alu_uno-250x250.png",250,250,true],"slider-image":["https:\/\/filplast.pl\/wp-content\/uploads\/2024\/01\/JustSlide_Alu_uno-1080x500.png",1080,500,true],"":["https:\/\/filplast.pl\/wp-content\/uploads\/2024\/01\/JustSlide_Alu_uno.png",250,250,false]},"uagb_author_info":{"display_name":"admin","author_link":"https:\/\/filplast.pl\/fr\/author\/"},"uagb_comment_info":0,"uagb_excerpt":"Le syst\u00e8me de porte coulissante qui donne la possibilit\u00e9 de faire les vantaux de grands dimensions et poids jusqu\u2019au 400 kg.","_links":{"self":[{"href":"https:\/\/filplast.pl\/fr\/wp-json\/wp\/v2\/product\/45725","targetHints":{"allow":["GET"]}}],"collection":[{"href":"https:\/\/filplast.pl\/fr\/wp-json\/wp\/v2\/product"}],"about":[{"href":"https:\/\/filplast.pl\/fr\/wp-json\/wp\/v2\/types\/product"}],"version-history":[{"count":3,"href":"https:\/\/filplast.pl\/fr\/wp-json\/wp\/v2\/product\/45725\/revisions"}],"predecessor-version":[{"id":45728,"href":"https:\/\/filplast.pl\/fr\/wp-json\/wp\/v2\/product\/45725\/revisions\/45728"}],"wp:featuredmedia":[{"embeddable":true,"href":"https:\/\/filplast.pl\/fr\/wp-json\/wp\/v2\/media\/43931"}],"wp:attachment":[{"href":"https:\/\/filplast.pl\/fr\/wp-json\/wp\/v2\/media?parent=45725"}],"curies":[{"name":"wp","href":"https:\/\/api.w.org\/{rel}","templated":true}]}}