{"id":54924,"date":"2024-05-21T13:36:02","date_gmt":"2024-05-21T11:36:02","guid":{"rendered":"https:\/\/filplast.pl\/produkt\/aluwall-80-office\/"},"modified":"2025-01-23T13:29:06","modified_gmt":"2025-01-23T12:29:06","slug":"aluwall-80-office","status":"publish","type":"product","link":"https:\/\/filplast.pl\/fr\/produit\/aluwall-80-office\/","title":{"rendered":"AluWall 80 Office"},"content":{"rendered":"<div id=\"modal-ready\">\n<p>Le syst\u00e8me AluWall 80 Office permet l&rsquo;utilisation de diff\u00e9rents types de remplissages pour les cloisons, notamment des ensembles de vitrage avec des stores int\u00e9gr\u00e9s, des panneaux de meubles et des plaques de pl\u00e2tre. Selon les mat\u00e9riaux utilis\u00e9s, ces cloisons offrent une tr\u00e8s bonne isolation acoustique, atteignant m\u00eame 50 dB.<\/p>\n<\/div>","protected":false},"excerpt":{"rendered":"<p>Le syst\u00e8me AluWall 80 Office permet l&rsquo;utilisation de diff\u00e9rents types de remplissages pour les cloisons, notamment des ensembles de vitrage avec des stores int\u00e9gr\u00e9s, des panneaux de meubles et des plaques de pl\u00e2tre.<\/p>\n","protected":false},"featured_media":48930,"parent":0,"menu_order":11,"template":"","class_list":["post-54924","product","type-product","status-publish","has-post-thumbnail","hentry","product-category-cloisons-interieures-en-verre-fr"],"yoast_head":"<!-- This site is optimized with the Yoast SEO plugin v24.7 - https:\/\/yoast.com\/wordpress\/plugins\/seo\/ -->\n<title>AluWall 80 Office Filplast - Pour les g\u00e9n\u00e9rations<\/title>\n<meta name=\"robots\" content=\"index, follow, max-snippet:-1, max-image-preview:large, max-video-preview:-1\" \/>\n<link rel=\"canonical\" href=\"https:\/\/filplast.pl\/fr\/produit\/aluwall-80-office\/\" \/>\n<meta property=\"og:locale\" content=\"fr_FR\" \/>\n<meta property=\"og:type\" content=\"article\" \/>\n<meta property=\"og:title\" content=\"AluWall 80 Office Filplast - Pour les g\u00e9n\u00e9rations\" \/>\n<meta property=\"og:description\" content=\"Le syst\u00e8me AluWall 80 Office permet l&#039;utilisation de diff\u00e9rents types de remplissages pour les cloisons, notamment des ensembles de vitrage avec des stores int\u00e9gr\u00e9s, des panneaux de meubles et des plaques de pl\u00e2tre.\" \/>\n<meta property=\"og:url\" content=\"https:\/\/filplast.pl\/fr\/produit\/aluwall-80-office\/\" \/>\n<meta property=\"og:site_name\" content=\"Filplast pour les g\u00e9n\u00e9rations\" \/>\n<meta property=\"article:publisher\" content=\"https:\/\/www.facebook.com\/filplast.firma\" \/>\n<meta property=\"article:modified_time\" content=\"2025-01-23T12:29:06+00:00\" \/>\n<meta property=\"og:image\" content=\"https:\/\/filplast.pl\/wp-content\/uploads\/2024\/05\/AluWall-80-Office.png\" \/>\n\t<meta property=\"og:image:width\" content=\"1000\" \/>\n\t<meta property=\"og:image:height\" content=\"1000\" \/>\n\t<meta property=\"og:image:type\" content=\"image\/png\" \/>\n<meta name=\"twitter:card\" content=\"summary_large_image\" \/>\n<meta name=\"twitter:label1\" content=\"Dur\u00e9e de lecture estim\u00e9e\" \/>\n\t<meta name=\"twitter:data1\" content=\"1 minute\" \/>\n<script type=\"application\/ld+json\" class=\"yoast-schema-graph\">{\"@context\":\"https:\/\/schema.org\",\"@graph\":[{\"@type\":\"WebPage\",\"@id\":\"https:\/\/filplast.pl\/fr\/produit\/aluwall-80-office\/\",\"url\":\"https:\/\/filplast.pl\/fr\/produit\/aluwall-80-office\/\",\"name\":\"AluWall 80 Office Filplast - Pour les g\u00e9n\u00e9rations\",\"isPartOf\":{\"@id\":\"https:\/\/filplast.pl\/fr\/#website\"},\"primaryImageOfPage\":{\"@id\":\"https:\/\/filplast.pl\/fr\/produit\/aluwall-80-office\/#primaryimage\"},\"image\":{\"@id\":\"https:\/\/filplast.pl\/fr\/produit\/aluwall-80-office\/#primaryimage\"},\"thumbnailUrl\":\"https:\/\/filplast.pl\/wp-content\/uploads\/2024\/05\/AluWall-80-Office.png\",\"datePublished\":\"2024-05-21T11:36:02+00:00\",\"dateModified\":\"2025-01-23T12:29:06+00:00\",\"breadcrumb\":{\"@id\":\"https:\/\/filplast.pl\/fr\/produit\/aluwall-80-office\/#breadcrumb\"},\"inLanguage\":\"fr-FR\",\"potentialAction\":[{\"@type\":\"ReadAction\",\"target\":[\"https:\/\/filplast.pl\/fr\/produit\/aluwall-80-office\/\"]}]},{\"@type\":\"ImageObject\",\"inLanguage\":\"fr-FR\",\"@id\":\"https:\/\/filplast.pl\/fr\/produit\/aluwall-80-office\/#primaryimage\",\"url\":\"https:\/\/filplast.pl\/wp-content\/uploads\/2024\/05\/AluWall-80-Office.png\",\"contentUrl\":\"https:\/\/filplast.pl\/wp-content\/uploads\/2024\/05\/AluWall-80-Office.png\",\"width\":1000,\"height\":1000},{\"@type\":\"BreadcrumbList\",\"@id\":\"https:\/\/filplast.pl\/fr\/produit\/aluwall-80-office\/#breadcrumb\",\"itemListElement\":[{\"@type\":\"ListItem\",\"position\":1,\"name\":\"Home\",\"item\":\"https:\/\/filplast.pl\/fr\/\"},{\"@type\":\"ListItem\",\"position\":2,\"name\":\"Produits\",\"item\":\"https:\/\/filplast.pl\/fr\/produit\/\"},{\"@type\":\"ListItem\",\"position\":3,\"name\":\"AluWall 80 Office\"}]},{\"@type\":\"WebSite\",\"@id\":\"https:\/\/filplast.pl\/fr\/#website\",\"url\":\"https:\/\/filplast.pl\/fr\/\",\"name\":\"Filplast pour les g\u00e9n\u00e9rations\",\"description\":\"Producent okien, drzwi i rolet\",\"publisher\":{\"@id\":\"https:\/\/filplast.pl\/fr\/#organization\"},\"potentialAction\":[{\"@type\":\"SearchAction\",\"target\":{\"@type\":\"EntryPoint\",\"urlTemplate\":\"https:\/\/filplast.pl\/fr\/?s={search_term_string}\"},\"query-input\":{\"@type\":\"PropertyValueSpecification\",\"valueRequired\":true,\"valueName\":\"search_term_string\"}}],\"inLanguage\":\"fr-FR\"},{\"@type\":\"Organization\",\"@id\":\"https:\/\/filplast.pl\/fr\/#organization\",\"name\":\"Filplast pour les g\u00e9n\u00e9rations\",\"url\":\"https:\/\/filplast.pl\/fr\/\",\"logo\":{\"@type\":\"ImageObject\",\"inLanguage\":\"fr-FR\",\"@id\":\"https:\/\/filplast.pl\/fr\/#\/schema\/logo\/image\/\",\"url\":\"https:\/\/filplast.pl\/wp-content\/uploads\/2023\/10\/favicon-filplast.png\",\"contentUrl\":\"https:\/\/filplast.pl\/wp-content\/uploads\/2023\/10\/favicon-filplast.png\",\"width\":2134,\"height\":2134,\"caption\":\"Filplast pour les g\u00e9n\u00e9rations\"},\"image\":{\"@id\":\"https:\/\/filplast.pl\/fr\/#\/schema\/logo\/image\/\"},\"sameAs\":[\"https:\/\/www.facebook.com\/filplast.firma\",\"https:\/\/pl.pinterest.com\/filplast\/\",\"https:\/\/www.youtube.com\/FILPLASTchannel\",\"https:\/\/pl.linkedin.com\/company\/filplast-sp.-z-o.o.\",\"https:\/\/www.instagram.com\/filplast\/\"]}]}<\/script>\n<!-- \/ Yoast SEO plugin. -->","yoast_head_json":{"title":"AluWall 80 Office Filplast - Pour les g\u00e9n\u00e9rations","robots":{"index":"index","follow":"follow","max-snippet":"max-snippet:-1","max-image-preview":"max-image-preview:large","max-video-preview":"max-video-preview:-1"},"canonical":"https:\/\/filplast.pl\/fr\/produit\/aluwall-80-office\/","og_locale":"fr_FR","og_type":"article","og_title":"AluWall 80 Office Filplast - Pour les g\u00e9n\u00e9rations","og_description":"Le syst\u00e8me AluWall 80 Office permet l'utilisation de diff\u00e9rents types de remplissages pour les cloisons, notamment des ensembles de vitrage avec des stores int\u00e9gr\u00e9s, des panneaux de meubles et des plaques de pl\u00e2tre.","og_url":"https:\/\/filplast.pl\/fr\/produit\/aluwall-80-office\/","og_site_name":"Filplast pour les g\u00e9n\u00e9rations","article_publisher":"https:\/\/www.facebook.com\/filplast.firma","article_modified_time":"2025-01-23T12:29:06+00:00","og_image":[{"width":1000,"height":1000,"url":"https:\/\/filplast.pl\/wp-content\/uploads\/2024\/05\/AluWall-80-Office.png","type":"image\/png"}],"twitter_card":"summary_large_image","twitter_misc":{"Dur\u00e9e de lecture estim\u00e9e":"1 minute"},"schema":{"@context":"https:\/\/schema.org","@graph":[{"@type":"WebPage","@id":"https:\/\/filplast.pl\/fr\/produit\/aluwall-80-office\/","url":"https:\/\/filplast.pl\/fr\/produit\/aluwall-80-office\/","name":"AluWall 80 Office Filplast - Pour les g\u00e9n\u00e9rations","isPartOf":{"@id":"https:\/\/filplast.pl\/fr\/#website"},"primaryImageOfPage":{"@id":"https:\/\/filplast.pl\/fr\/produit\/aluwall-80-office\/#primaryimage"},"image":{"@id":"https:\/\/filplast.pl\/fr\/produit\/aluwall-80-office\/#primaryimage"},"thumbnailUrl":"https:\/\/filplast.pl\/wp-content\/uploads\/2024\/05\/AluWall-80-Office.png","datePublished":"2024-05-21T11:36:02+00:00","dateModified":"2025-01-23T12:29:06+00:00","breadcrumb":{"@id":"https:\/\/filplast.pl\/fr\/produit\/aluwall-80-office\/#breadcrumb"},"inLanguage":"fr-FR","potentialAction":[{"@type":"ReadAction","target":["https:\/\/filplast.pl\/fr\/produit\/aluwall-80-office\/"]}]},{"@type":"ImageObject","inLanguage":"fr-FR","@id":"https:\/\/filplast.pl\/fr\/produit\/aluwall-80-office\/#primaryimage","url":"https:\/\/filplast.pl\/wp-content\/uploads\/2024\/05\/AluWall-80-Office.png","contentUrl":"https:\/\/filplast.pl\/wp-content\/uploads\/2024\/05\/AluWall-80-Office.png","width":1000,"height":1000},{"@type":"BreadcrumbList","@id":"https:\/\/filplast.pl\/fr\/produit\/aluwall-80-office\/#breadcrumb","itemListElement":[{"@type":"ListItem","position":1,"name":"Home","item":"https:\/\/filplast.pl\/fr\/"},{"@type":"ListItem","position":2,"name":"Produits","item":"https:\/\/filplast.pl\/fr\/produit\/"},{"@type":"ListItem","position":3,"name":"AluWall 80 Office"}]},{"@type":"WebSite","@id":"https:\/\/filplast.pl\/fr\/#website","url":"https:\/\/filplast.pl\/fr\/","name":"Filplast pour les g\u00e9n\u00e9rations","description":"Producent okien, drzwi i rolet","publisher":{"@id":"https:\/\/filplast.pl\/fr\/#organization"},"potentialAction":[{"@type":"SearchAction","target":{"@type":"EntryPoint","urlTemplate":"https:\/\/filplast.pl\/fr\/?s={search_term_string}"},"query-input":{"@type":"PropertyValueSpecification","valueRequired":true,"valueName":"search_term_string"}}],"inLanguage":"fr-FR"},{"@type":"Organization","@id":"https:\/\/filplast.pl\/fr\/#organization","name":"Filplast pour les g\u00e9n\u00e9rations","url":"https:\/\/filplast.pl\/fr\/","logo":{"@type":"ImageObject","inLanguage":"fr-FR","@id":"https:\/\/filplast.pl\/fr\/#\/schema\/logo\/image\/","url":"https:\/\/filplast.pl\/wp-content\/uploads\/2023\/10\/favicon-filplast.png","contentUrl":"https:\/\/filplast.pl\/wp-content\/uploads\/2023\/10\/favicon-filplast.png","width":2134,"height":2134,"caption":"Filplast pour les g\u00e9n\u00e9rations"},"image":{"@id":"https:\/\/filplast.pl\/fr\/#\/schema\/logo\/image\/"},"sameAs":["https:\/\/www.facebook.com\/filplast.firma","https:\/\/pl.pinterest.com\/filplast\/","https:\/\/www.youtube.com\/FILPLASTchannel","https:\/\/pl.linkedin.com\/company\/filplast-sp.-z-o.o.","https:\/\/www.instagram.com\/filplast\/"]}]}},"uagb_featured_image_src":{"full":["https:\/\/filplast.pl\/wp-content\/uploads\/2024\/05\/AluWall-80-Office.png",1000,1000,false],"thumbnail":["https:\/\/filplast.pl\/wp-content\/uploads\/2024\/05\/AluWall-80-Office-250x250.png",250,250,true],"medium":["https:\/\/filplast.pl\/wp-content\/uploads\/2024\/05\/AluWall-80-Office-400x400.png",400,400,true],"medium_large":["https:\/\/filplast.pl\/wp-content\/uploads\/2024\/05\/AluWall-80-Office-768x768.png",768,768,true],"large":["https:\/\/filplast.pl\/wp-content\/uploads\/2024\/05\/AluWall-80-Office.png",1000,1000,false],"1536x1536":["https:\/\/filplast.pl\/wp-content\/uploads\/2024\/05\/AluWall-80-Office.png",1000,1000,false],"2048x2048":["https:\/\/filplast.pl\/wp-content\/uploads\/2024\/05\/AluWall-80-Office.png",1000,1000,false],"depcore-widget-post-thumb":["https:\/\/filplast.pl\/wp-content\/uploads\/2024\/05\/AluWall-80-Office-65x65.png",65,65,true],"depcore-widget-post-medium":["https:\/\/filplast.pl\/wp-content\/uploads\/2024\/05\/AluWall-80-Office-280x150.png",280,150,true],"square":["https:\/\/filplast.pl\/wp-content\/uploads\/2024\/05\/AluWall-80-Office-500x500.png",500,500,true],"small-square":["https:\/\/filplast.pl\/wp-content\/uploads\/2024\/05\/AluWall-80-Office-250x250.png",250,250,true],"slider-image":["https:\/\/filplast.pl\/wp-content\/uploads\/2024\/05\/AluWall-80-Office-1000x500.png",1000,500,true],"":["https:\/\/filplast.pl\/wp-content\/uploads\/2024\/05\/AluWall-80-Office.png",250,250,false]},"uagb_author_info":{"display_name":"Micha\u0142 Mrukot","author_link":"https:\/\/filplast.pl\/fr\/author\/"},"uagb_comment_info":0,"uagb_excerpt":"Le syst\u00e8me AluWall 80 Office permet l'utilisation de diff\u00e9rents types de remplissages pour les cloisons, notamment des ensembles de vitrage avec des stores int\u00e9gr\u00e9s, des panneaux de meubles et des plaques de pl\u00e2tre.","_links":{"self":[{"href":"https:\/\/filplast.pl\/fr\/wp-json\/wp\/v2\/product\/54924","targetHints":{"allow":["GET"]}}],"collection":[{"href":"https:\/\/filplast.pl\/fr\/wp-json\/wp\/v2\/product"}],"about":[{"href":"https:\/\/filplast.pl\/fr\/wp-json\/wp\/v2\/types\/product"}],"version-history":[{"count":2,"href":"https:\/\/filplast.pl\/fr\/wp-json\/wp\/v2\/product\/54924\/revisions"}],"predecessor-version":[{"id":55011,"href":"https:\/\/filplast.pl\/fr\/wp-json\/wp\/v2\/product\/54924\/revisions\/55011"}],"wp:featuredmedia":[{"embeddable":true,"href":"https:\/\/filplast.pl\/fr\/wp-json\/wp\/v2\/media\/48930"}],"wp:attachment":[{"href":"https:\/\/filplast.pl\/fr\/wp-json\/wp\/v2\/media?parent=54924"}],"curies":[{"name":"wp","href":"https:\/\/api.w.org\/{rel}","templated":true}]}}