{"id":55488,"date":"2022-06-14T11:07:20","date_gmt":"2022-06-14T09:07:20","guid":{"rendered":"https:\/\/filplast.pl\/produkt\/zaluzje-na-skosne-okna-c-80-flexi\/"},"modified":"2025-01-30T15:38:52","modified_gmt":"2025-01-30T14:38:52","slug":"stores-fenetres-inclinees-c-80-flexi","status":"publish","type":"product","link":"https:\/\/filplast.pl\/fr\/produit\/stores-fenetres-inclinees-c-80-flexi\/","title":{"rendered":"Stores v\u00e9nitiens inclin\u00e9s"},"content":{"rendered":"<div id=\"modal-ready\"><p>Les stores pour fen\u00eatres inclin\u00e9es sont la solution id\u00e9ale pour les fen\u00eatres aux formes non standard. Les lames en aluminium s\u2019alignent parall\u00e8lement au cadre sup\u00e9rieur de la fen\u00eatre, cr\u00e9ant un motif unique et \u00e9l\u00e9gant. Le store est \u00e9quip\u00e9 d\u2019un m\u00e9canisme sp\u00e9cial qui \u00e9quilibre les diff\u00e9rentes longueurs des bandes textiles lors de la mont\u00e9e et de la descente. Une barre inf\u00e9rieure t\u00e9lescopique permet d\u2019ajuster la largeur du store en fonction de sa position par rapport au cadre sup\u00e9rieur.<\/p>\n\n\n<figure class=\"wp-block-image size-full is-resized is-style-default\"><img loading=\"lazy\" decoding=\"async\" width=\"1080\" height=\"1080\" src=\"https:\/\/filplast.pl\/wp-content\/uploads\/2024\/06\/zaluzje-skosne-na-www.png\" alt=\"\u017baluzje na sko\u015bne okna - monta\u017c na placu budowy domu jednorodzinnego\" class=\"wp-image-50397\" style=\"width:337px;height:auto\" srcset=\"https:\/\/filplast.pl\/wp-content\/uploads\/2024\/06\/zaluzje-skosne-na-www.png 1080w, https:\/\/filplast.pl\/wp-content\/uploads\/2024\/06\/zaluzje-skosne-na-www-400x400.png 400w, https:\/\/filplast.pl\/wp-content\/uploads\/2024\/06\/zaluzje-skosne-na-www-1024x1024.png 1024w, https:\/\/filplast.pl\/wp-content\/uploads\/2024\/06\/zaluzje-skosne-na-www-250x250.png 250w, https:\/\/filplast.pl\/wp-content\/uploads\/2024\/06\/zaluzje-skosne-na-www-768x768.png 768w, https:\/\/filplast.pl\/wp-content\/uploads\/2024\/06\/zaluzje-skosne-na-www-65x65.png 65w, https:\/\/filplast.pl\/wp-content\/uploads\/2024\/06\/zaluzje-skosne-na-www-500x500.png 500w\" sizes=\"auto, (max-width: 1080px) 100vw, 1080px\" \/><\/figure>\n<\/div>","protected":false},"excerpt":{"rendered":"<p>Les stores inclin\u00e9s sont la solution id\u00e9ale pour les fen\u00eatres aux dimensions triangulaires non standard.<\/p>\n","protected":false},"featured_media":25068,"parent":0,"menu_order":209,"template":"","class_list":["post-55488","product","type-product","status-publish","has-post-thumbnail","hentry","product-category-brise-soleil-orientables","product-line-goldenline-fr"],"yoast_head":"<!-- This site is optimized with the Yoast SEO plugin v24.7 - https:\/\/yoast.com\/wordpress\/plugins\/seo\/ -->\n<title>Stores pour fen\u00eatres inclin\u00e9es \u2013 structures triangulaires I Filplast<\/title>\n<meta name=\"description\" content=\"Stores v\u00e9nitiens inclin\u00e9s pour fen\u00eatres triangulaires. Stores pour une maison moderne avec installation incluse.\" \/>\n<meta name=\"robots\" content=\"index, follow, max-snippet:-1, max-image-preview:large, max-video-preview:-1\" \/>\n<link rel=\"canonical\" href=\"https:\/\/filplast.pl\/fr\/produit\/stores-fenetres-inclinees-c-80-flexi\/\" \/>\n<meta property=\"og:locale\" content=\"fr_FR\" \/>\n<meta property=\"og:type\" content=\"article\" \/>\n<meta property=\"og:title\" content=\"Stores pour fen\u00eatres inclin\u00e9es \u2013 structures triangulaires I Filplast\" \/>\n<meta property=\"og:description\" content=\"Stores v\u00e9nitiens inclin\u00e9s pour fen\u00eatres triangulaires. Stores pour une maison moderne avec installation incluse.\" \/>\n<meta property=\"og:url\" content=\"https:\/\/filplast.pl\/fr\/produit\/stores-fenetres-inclinees-c-80-flexi\/\" \/>\n<meta property=\"og:site_name\" content=\"Filplast pour les g\u00e9n\u00e9rations\" \/>\n<meta property=\"article:publisher\" content=\"https:\/\/www.facebook.com\/filplast.firma\" \/>\n<meta property=\"article:modified_time\" content=\"2025-01-30T14:38:52+00:00\" \/>\n<meta property=\"og:image\" content=\"https:\/\/filplast.pl\/wp-content\/uploads\/2022\/06\/Cetta-80F-TE-1-big-1.jpg\" \/>\n\t<meta property=\"og:image:width\" content=\"1815\" \/>\n\t<meta property=\"og:image:height\" content=\"2048\" \/>\n\t<meta property=\"og:image:type\" content=\"image\/jpeg\" \/>\n<meta name=\"twitter:card\" content=\"summary_large_image\" \/>\n<meta name=\"twitter:label1\" content=\"Dur\u00e9e de lecture estim\u00e9e\" \/>\n\t<meta name=\"twitter:data1\" content=\"1 minute\" \/>\n<script type=\"application\/ld+json\" class=\"yoast-schema-graph\">{\"@context\":\"https:\/\/schema.org\",\"@graph\":[{\"@type\":\"WebPage\",\"@id\":\"https:\/\/filplast.pl\/fr\/produit\/stores-fenetres-inclinees-c-80-flexi\/\",\"url\":\"https:\/\/filplast.pl\/fr\/produit\/stores-fenetres-inclinees-c-80-flexi\/\",\"name\":\"Stores pour fen\u00eatres inclin\u00e9es \u2013 structures triangulaires I Filplast\",\"isPartOf\":{\"@id\":\"https:\/\/filplast.pl\/fr\/#website\"},\"primaryImageOfPage\":{\"@id\":\"https:\/\/filplast.pl\/fr\/produit\/stores-fenetres-inclinees-c-80-flexi\/#primaryimage\"},\"image\":{\"@id\":\"https:\/\/filplast.pl\/fr\/produit\/stores-fenetres-inclinees-c-80-flexi\/#primaryimage\"},\"thumbnailUrl\":\"https:\/\/filplast.pl\/wp-content\/uploads\/2022\/06\/Cetta-80F-TE-1-big-1.jpg\",\"datePublished\":\"2022-06-14T09:07:20+00:00\",\"dateModified\":\"2025-01-30T14:38:52+00:00\",\"description\":\"Stores v\u00e9nitiens inclin\u00e9s pour fen\u00eatres triangulaires. Stores pour une maison moderne avec installation incluse.\",\"breadcrumb\":{\"@id\":\"https:\/\/filplast.pl\/fr\/produit\/stores-fenetres-inclinees-c-80-flexi\/#breadcrumb\"},\"inLanguage\":\"fr-FR\",\"potentialAction\":[{\"@type\":\"ReadAction\",\"target\":[\"https:\/\/filplast.pl\/fr\/produit\/stores-fenetres-inclinees-c-80-flexi\/\"]}]},{\"@type\":\"ImageObject\",\"inLanguage\":\"fr-FR\",\"@id\":\"https:\/\/filplast.pl\/fr\/produit\/stores-fenetres-inclinees-c-80-flexi\/#primaryimage\",\"url\":\"https:\/\/filplast.pl\/wp-content\/uploads\/2022\/06\/Cetta-80F-TE-1-big-1.jpg\",\"contentUrl\":\"https:\/\/filplast.pl\/wp-content\/uploads\/2022\/06\/Cetta-80F-TE-1-big-1.jpg\",\"width\":1815,\"height\":2048,\"caption\":\"\u017baluzje na sko\u015bne okna - grafika przedstawiaj\u0105ca konstrukcj\u0119 do tr\u00f3jk\u0105tnych okien\"},{\"@type\":\"BreadcrumbList\",\"@id\":\"https:\/\/filplast.pl\/fr\/produit\/stores-fenetres-inclinees-c-80-flexi\/#breadcrumb\",\"itemListElement\":[{\"@type\":\"ListItem\",\"position\":1,\"name\":\"Home\",\"item\":\"https:\/\/filplast.pl\/fr\/\"},{\"@type\":\"ListItem\",\"position\":2,\"name\":\"Produits\",\"item\":\"https:\/\/filplast.pl\/fr\/produit\/\"},{\"@type\":\"ListItem\",\"position\":3,\"name\":\"Stores v\u00e9nitiens inclin\u00e9s\"}]},{\"@type\":\"WebSite\",\"@id\":\"https:\/\/filplast.pl\/fr\/#website\",\"url\":\"https:\/\/filplast.pl\/fr\/\",\"name\":\"Filplast pour les g\u00e9n\u00e9rations\",\"description\":\"Producent okien, drzwi i rolet\",\"publisher\":{\"@id\":\"https:\/\/filplast.pl\/fr\/#organization\"},\"potentialAction\":[{\"@type\":\"SearchAction\",\"target\":{\"@type\":\"EntryPoint\",\"urlTemplate\":\"https:\/\/filplast.pl\/fr\/?s={search_term_string}\"},\"query-input\":{\"@type\":\"PropertyValueSpecification\",\"valueRequired\":true,\"valueName\":\"search_term_string\"}}],\"inLanguage\":\"fr-FR\"},{\"@type\":\"Organization\",\"@id\":\"https:\/\/filplast.pl\/fr\/#organization\",\"name\":\"Filplast pour les g\u00e9n\u00e9rations\",\"url\":\"https:\/\/filplast.pl\/fr\/\",\"logo\":{\"@type\":\"ImageObject\",\"inLanguage\":\"fr-FR\",\"@id\":\"https:\/\/filplast.pl\/fr\/#\/schema\/logo\/image\/\",\"url\":\"https:\/\/filplast.pl\/wp-content\/uploads\/2023\/10\/favicon-filplast.png\",\"contentUrl\":\"https:\/\/filplast.pl\/wp-content\/uploads\/2023\/10\/favicon-filplast.png\",\"width\":2134,\"height\":2134,\"caption\":\"Filplast pour les g\u00e9n\u00e9rations\"},\"image\":{\"@id\":\"https:\/\/filplast.pl\/fr\/#\/schema\/logo\/image\/\"},\"sameAs\":[\"https:\/\/www.facebook.com\/filplast.firma\",\"https:\/\/pl.pinterest.com\/filplast\/\",\"https:\/\/www.youtube.com\/FILPLASTchannel\",\"https:\/\/pl.linkedin.com\/company\/filplast-sp.-z-o.o.\",\"https:\/\/www.instagram.com\/filplast\/\"]}]}<\/script>\n<!-- \/ Yoast SEO plugin. -->","yoast_head_json":{"title":"Stores pour fen\u00eatres inclin\u00e9es \u2013 structures triangulaires I Filplast","description":"Stores v\u00e9nitiens inclin\u00e9s pour fen\u00eatres triangulaires. Stores pour une maison moderne avec installation incluse.","robots":{"index":"index","follow":"follow","max-snippet":"max-snippet:-1","max-image-preview":"max-image-preview:large","max-video-preview":"max-video-preview:-1"},"canonical":"https:\/\/filplast.pl\/fr\/produit\/stores-fenetres-inclinees-c-80-flexi\/","og_locale":"fr_FR","og_type":"article","og_title":"Stores pour fen\u00eatres inclin\u00e9es \u2013 structures triangulaires I Filplast","og_description":"Stores v\u00e9nitiens inclin\u00e9s pour fen\u00eatres triangulaires. Stores pour une maison moderne avec installation incluse.","og_url":"https:\/\/filplast.pl\/fr\/produit\/stores-fenetres-inclinees-c-80-flexi\/","og_site_name":"Filplast pour les g\u00e9n\u00e9rations","article_publisher":"https:\/\/www.facebook.com\/filplast.firma","article_modified_time":"2025-01-30T14:38:52+00:00","og_image":[{"width":1815,"height":2048,"url":"https:\/\/filplast.pl\/wp-content\/uploads\/2022\/06\/Cetta-80F-TE-1-big-1.jpg","type":"image\/jpeg"}],"twitter_card":"summary_large_image","twitter_misc":{"Dur\u00e9e de lecture estim\u00e9e":"1 minute"},"schema":{"@context":"https:\/\/schema.org","@graph":[{"@type":"WebPage","@id":"https:\/\/filplast.pl\/fr\/produit\/stores-fenetres-inclinees-c-80-flexi\/","url":"https:\/\/filplast.pl\/fr\/produit\/stores-fenetres-inclinees-c-80-flexi\/","name":"Stores pour fen\u00eatres inclin\u00e9es \u2013 structures triangulaires I Filplast","isPartOf":{"@id":"https:\/\/filplast.pl\/fr\/#website"},"primaryImageOfPage":{"@id":"https:\/\/filplast.pl\/fr\/produit\/stores-fenetres-inclinees-c-80-flexi\/#primaryimage"},"image":{"@id":"https:\/\/filplast.pl\/fr\/produit\/stores-fenetres-inclinees-c-80-flexi\/#primaryimage"},"thumbnailUrl":"https:\/\/filplast.pl\/wp-content\/uploads\/2022\/06\/Cetta-80F-TE-1-big-1.jpg","datePublished":"2022-06-14T09:07:20+00:00","dateModified":"2025-01-30T14:38:52+00:00","description":"Stores v\u00e9nitiens inclin\u00e9s pour fen\u00eatres triangulaires. Stores pour une maison moderne avec installation incluse.","breadcrumb":{"@id":"https:\/\/filplast.pl\/fr\/produit\/stores-fenetres-inclinees-c-80-flexi\/#breadcrumb"},"inLanguage":"fr-FR","potentialAction":[{"@type":"ReadAction","target":["https:\/\/filplast.pl\/fr\/produit\/stores-fenetres-inclinees-c-80-flexi\/"]}]},{"@type":"ImageObject","inLanguage":"fr-FR","@id":"https:\/\/filplast.pl\/fr\/produit\/stores-fenetres-inclinees-c-80-flexi\/#primaryimage","url":"https:\/\/filplast.pl\/wp-content\/uploads\/2022\/06\/Cetta-80F-TE-1-big-1.jpg","contentUrl":"https:\/\/filplast.pl\/wp-content\/uploads\/2022\/06\/Cetta-80F-TE-1-big-1.jpg","width":1815,"height":2048,"caption":"\u017baluzje na sko\u015bne okna - grafika przedstawiaj\u0105ca konstrukcj\u0119 do tr\u00f3jk\u0105tnych okien"},{"@type":"BreadcrumbList","@id":"https:\/\/filplast.pl\/fr\/produit\/stores-fenetres-inclinees-c-80-flexi\/#breadcrumb","itemListElement":[{"@type":"ListItem","position":1,"name":"Home","item":"https:\/\/filplast.pl\/fr\/"},{"@type":"ListItem","position":2,"name":"Produits","item":"https:\/\/filplast.pl\/fr\/produit\/"},{"@type":"ListItem","position":3,"name":"Stores v\u00e9nitiens inclin\u00e9s"}]},{"@type":"WebSite","@id":"https:\/\/filplast.pl\/fr\/#website","url":"https:\/\/filplast.pl\/fr\/","name":"Filplast pour les g\u00e9n\u00e9rations","description":"Producent okien, drzwi i rolet","publisher":{"@id":"https:\/\/filplast.pl\/fr\/#organization"},"potentialAction":[{"@type":"SearchAction","target":{"@type":"EntryPoint","urlTemplate":"https:\/\/filplast.pl\/fr\/?s={search_term_string}"},"query-input":{"@type":"PropertyValueSpecification","valueRequired":true,"valueName":"search_term_string"}}],"inLanguage":"fr-FR"},{"@type":"Organization","@id":"https:\/\/filplast.pl\/fr\/#organization","name":"Filplast pour les g\u00e9n\u00e9rations","url":"https:\/\/filplast.pl\/fr\/","logo":{"@type":"ImageObject","inLanguage":"fr-FR","@id":"https:\/\/filplast.pl\/fr\/#\/schema\/logo\/image\/","url":"https:\/\/filplast.pl\/wp-content\/uploads\/2023\/10\/favicon-filplast.png","contentUrl":"https:\/\/filplast.pl\/wp-content\/uploads\/2023\/10\/favicon-filplast.png","width":2134,"height":2134,"caption":"Filplast pour les g\u00e9n\u00e9rations"},"image":{"@id":"https:\/\/filplast.pl\/fr\/#\/schema\/logo\/image\/"},"sameAs":["https:\/\/www.facebook.com\/filplast.firma","https:\/\/pl.pinterest.com\/filplast\/","https:\/\/www.youtube.com\/FILPLASTchannel","https:\/\/pl.linkedin.com\/company\/filplast-sp.-z-o.o.","https:\/\/www.instagram.com\/filplast\/"]}]}},"uagb_featured_image_src":{"full":["https:\/\/filplast.pl\/wp-content\/uploads\/2022\/06\/Cetta-80F-TE-1-big-1.jpg",1815,2048,false],"thumbnail":["https:\/\/filplast.pl\/wp-content\/uploads\/2022\/06\/Cetta-80F-TE-1-big-1-150x150.jpg",150,150,true],"medium":["https:\/\/filplast.pl\/wp-content\/uploads\/2022\/06\/Cetta-80F-TE-1-big-1-266x300.jpg",266,300,true],"medium_large":["https:\/\/filplast.pl\/wp-content\/uploads\/2022\/06\/Cetta-80F-TE-1-big-1-768x867.jpg",768,867,true],"large":["https:\/\/filplast.pl\/wp-content\/uploads\/2022\/06\/Cetta-80F-TE-1-big-1-908x1024.jpg",908,1024,true],"1536x1536":["https:\/\/filplast.pl\/wp-content\/uploads\/2022\/06\/Cetta-80F-TE-1-big-1-1361x1536.jpg",1361,1536,true],"2048x2048":["https:\/\/filplast.pl\/wp-content\/uploads\/2022\/06\/Cetta-80F-TE-1-big-1.jpg",1815,2048,false],"depcore-widget-post-thumb":["https:\/\/filplast.pl\/wp-content\/uploads\/2022\/06\/Cetta-80F-TE-1-big-1-65x65.jpg",65,65,true],"depcore-widget-post-medium":["https:\/\/filplast.pl\/wp-content\/uploads\/2022\/06\/Cetta-80F-TE-1-big-1-280x150.jpg",280,150,true],"square":["https:\/\/filplast.pl\/wp-content\/uploads\/2022\/06\/Cetta-80F-TE-1-big-1-500x500.jpg",500,500,true],"small-square":["https:\/\/filplast.pl\/wp-content\/uploads\/2022\/06\/Cetta-80F-TE-1-big-1-250x250.jpg",250,250,true],"slider-image":["https:\/\/filplast.pl\/wp-content\/uploads\/2022\/06\/Cetta-80F-TE-1-big-1-1080x500.jpg",1080,500,true],"":["https:\/\/filplast.pl\/wp-content\/uploads\/2022\/06\/Cetta-80F-TE-1-big-1.jpg",222,250,false]},"uagb_author_info":{"display_name":"Micha\u0142 Mrukot","author_link":"https:\/\/filplast.pl\/fr\/author\/"},"uagb_comment_info":0,"uagb_excerpt":"Les stores inclin\u00e9s sont la solution id\u00e9ale pour les fen\u00eatres aux dimensions triangulaires non standard.","_links":{"self":[{"href":"https:\/\/filplast.pl\/fr\/wp-json\/wp\/v2\/product\/55488","targetHints":{"allow":["GET"]}}],"collection":[{"href":"https:\/\/filplast.pl\/fr\/wp-json\/wp\/v2\/product"}],"about":[{"href":"https:\/\/filplast.pl\/fr\/wp-json\/wp\/v2\/types\/product"}],"version-history":[{"count":4,"href":"https:\/\/filplast.pl\/fr\/wp-json\/wp\/v2\/product\/55488\/revisions"}],"predecessor-version":[{"id":55512,"href":"https:\/\/filplast.pl\/fr\/wp-json\/wp\/v2\/product\/55488\/revisions\/55512"}],"wp:featuredmedia":[{"embeddable":true,"href":"https:\/\/filplast.pl\/fr\/wp-json\/wp\/v2\/media\/25068"}],"wp:attachment":[{"href":"https:\/\/filplast.pl\/fr\/wp-json\/wp\/v2\/media?parent=55488"}],"curies":[{"name":"wp","href":"https:\/\/api.w.org\/{rel}","templated":true}]}}