{"id":61090,"date":"2025-07-17T14:45:30","date_gmt":"2025-07-17T12:45:30","guid":{"rendered":"https:\/\/filplast.pl\/produkt\/viva-83-acrylcolor\/"},"modified":"2025-07-28T15:26:03","modified_gmt":"2025-07-28T13:26:03","slug":"viva-83-acrylcolor","status":"publish","type":"product","link":"https:\/\/filplast.pl\/fr\/produit\/viva-83-acrylcolor\/","title":{"rendered":"Viva 83 Acrylcolor"},"content":{"rendered":"<div id=\"modal-ready\">\n<p>Viva\u202f83 offre une tr\u00e8s bonne isolation thermique et une surface de profil\u00e9 tr\u00e8s r\u00e9sistante. Les profils sont recouverts d\u2019une couche en verre acrylique selon la technologie Acrylcolor, garantissant une couleur intense, une r\u00e9sistance aux rayures, \u00e0 la d\u00e9coloration et aux d\u00e9formations thermiques. Cette solution est tr\u00e8s appr\u00e9ci\u00e9e en architecture moderne pour son esth\u00e9tique et sa facilit\u00e9 d\u2019entretien.<\/p>\n\n\n\n<div style=\"height:10px\" aria-hidden=\"true\" class=\"wp-block-spacer\"><\/div>\n\n\n\n<p><a href=\"https:\/\/filplast.pl\/wp-content\/uploads\/2025\/07\/Viva-83-Acrylcolor-FR.pdf\" target=\"_blank\" rel=\"noreferrer noopener\"><strong>Fiche produit \u279c<\/strong><\/a><\/p>\n\n\n\n<div style=\"height:10px\" aria-hidden=\"true\" class=\"wp-block-spacer\"><\/div>\n\n\n\n<div class=\"wp-block-buttons is-layout-flex wp-block-buttons-is-layout-flex\">\n<div class=\"wp-block-button is-style-fill\"><a class=\"wp-block-button__link has-white-color has-text-color has-background wp-element-button\" href=\"https:\/\/filplast.pl\/fr\/gealan-acrylcolor-fenetres-qui-ne-delogent-pas\/#couleurs\" style=\"border-radius:9px;background-color:#00387b\" target=\"_blank\" rel=\"noreferrer noopener\">Voir les couleurs Acrylcolor<\/a><\/div>\n<\/div>\n\n\n\n<p><\/p>\n<\/div>","protected":false},"excerpt":{"rendered":"<p>Viva\u202f83\u202fAcrylcolor \u2013 excellente isolation thermique et une couche en verre acrylique, qui conf\u00e8re \u00e0 la structure une couleur intense et durable.<\/p>\n","protected":false},"featured_media":60933,"parent":0,"menu_order":396,"template":"","class_list":["post-61090","product","type-product","status-publish","has-post-thumbnail","hentry","product-category-fenetres","product-category-fenetres-pvc-fr","product-line-goldenline-fr"],"yoast_head":"<!-- This site is optimized with the Yoast SEO plugin v24.7 - https:\/\/yoast.com\/wordpress\/plugins\/seo\/ -->\n<title>Les fen\u00eatres PVC Viva 83 Acrylcolor I Filplast<\/title>\n<meta name=\"robots\" content=\"index, follow, max-snippet:-1, max-image-preview:large, max-video-preview:-1\" \/>\n<link rel=\"canonical\" href=\"https:\/\/filplast.pl\/fr\/produit\/viva-83-acrylcolor\/\" \/>\n<meta property=\"og:locale\" content=\"fr_FR\" \/>\n<meta property=\"og:type\" content=\"article\" \/>\n<meta property=\"og:title\" content=\"Les fen\u00eatres PVC Viva 83 Acrylcolor I Filplast\" \/>\n<meta property=\"og:description\" content=\"Viva\u202f83\u202fAcrylcolor \u2013 excellente isolation thermique et une couche en verre acrylique, qui conf\u00e8re \u00e0 la structure une couleur intense et durable.\" \/>\n<meta property=\"og:url\" content=\"https:\/\/filplast.pl\/fr\/produit\/viva-83-acrylcolor\/\" \/>\n<meta property=\"og:site_name\" content=\"Filplast pour les g\u00e9n\u00e9rations\" \/>\n<meta property=\"article:publisher\" content=\"https:\/\/www.facebook.com\/filplast.firma\" \/>\n<meta property=\"article:modified_time\" content=\"2025-07-28T13:26:03+00:00\" \/>\n<meta property=\"og:image\" content=\"https:\/\/filplast.pl\/wp-content\/uploads\/2025\/07\/V83_7016_Acrylcolor-2-1024x1024.png\" \/>\n\t<meta property=\"og:image:width\" content=\"1024\" \/>\n\t<meta property=\"og:image:height\" content=\"1024\" \/>\n\t<meta property=\"og:image:type\" content=\"image\/png\" \/>\n<meta name=\"twitter:card\" content=\"summary_large_image\" \/>\n<meta name=\"twitter:label1\" content=\"Dur\u00e9e de lecture estim\u00e9e\" \/>\n\t<meta name=\"twitter:data1\" content=\"1 minute\" \/>\n<script type=\"application\/ld+json\" class=\"yoast-schema-graph\">{\"@context\":\"https:\/\/schema.org\",\"@graph\":[{\"@type\":\"WebPage\",\"@id\":\"https:\/\/filplast.pl\/fr\/produit\/viva-83-acrylcolor\/\",\"url\":\"https:\/\/filplast.pl\/fr\/produit\/viva-83-acrylcolor\/\",\"name\":\"Les fen\u00eatres PVC Viva 83 Acrylcolor I Filplast\",\"isPartOf\":{\"@id\":\"https:\/\/filplast.pl\/fr\/#website\"},\"primaryImageOfPage\":{\"@id\":\"https:\/\/filplast.pl\/fr\/produit\/viva-83-acrylcolor\/#primaryimage\"},\"image\":{\"@id\":\"https:\/\/filplast.pl\/fr\/produit\/viva-83-acrylcolor\/#primaryimage\"},\"thumbnailUrl\":\"https:\/\/filplast.pl\/wp-content\/uploads\/2025\/07\/V83_7016_Acrylcolor-2.png\",\"datePublished\":\"2025-07-17T12:45:30+00:00\",\"dateModified\":\"2025-07-28T13:26:03+00:00\",\"breadcrumb\":{\"@id\":\"https:\/\/filplast.pl\/fr\/produit\/viva-83-acrylcolor\/#breadcrumb\"},\"inLanguage\":\"fr-FR\",\"potentialAction\":[{\"@type\":\"ReadAction\",\"target\":[\"https:\/\/filplast.pl\/fr\/produit\/viva-83-acrylcolor\/\"]}]},{\"@type\":\"ImageObject\",\"inLanguage\":\"fr-FR\",\"@id\":\"https:\/\/filplast.pl\/fr\/produit\/viva-83-acrylcolor\/#primaryimage\",\"url\":\"https:\/\/filplast.pl\/wp-content\/uploads\/2025\/07\/V83_7016_Acrylcolor-2.png\",\"contentUrl\":\"https:\/\/filplast.pl\/wp-content\/uploads\/2025\/07\/V83_7016_Acrylcolor-2.png\",\"width\":2000,\"height\":2000},{\"@type\":\"BreadcrumbList\",\"@id\":\"https:\/\/filplast.pl\/fr\/produit\/viva-83-acrylcolor\/#breadcrumb\",\"itemListElement\":[{\"@type\":\"ListItem\",\"position\":1,\"name\":\"Home\",\"item\":\"https:\/\/filplast.pl\/fr\/\"},{\"@type\":\"ListItem\",\"position\":2,\"name\":\"Produits\",\"item\":\"https:\/\/filplast.pl\/fr\/produit\/\"},{\"@type\":\"ListItem\",\"position\":3,\"name\":\"Viva 83 Acrylcolor\"}]},{\"@type\":\"WebSite\",\"@id\":\"https:\/\/filplast.pl\/fr\/#website\",\"url\":\"https:\/\/filplast.pl\/fr\/\",\"name\":\"Filplast pour les g\u00e9n\u00e9rations\",\"description\":\"Producent okien, drzwi i rolet\",\"publisher\":{\"@id\":\"https:\/\/filplast.pl\/fr\/#organization\"},\"potentialAction\":[{\"@type\":\"SearchAction\",\"target\":{\"@type\":\"EntryPoint\",\"urlTemplate\":\"https:\/\/filplast.pl\/fr\/?s={search_term_string}\"},\"query-input\":{\"@type\":\"PropertyValueSpecification\",\"valueRequired\":true,\"valueName\":\"search_term_string\"}}],\"inLanguage\":\"fr-FR\"},{\"@type\":\"Organization\",\"@id\":\"https:\/\/filplast.pl\/fr\/#organization\",\"name\":\"Filplast pour les g\u00e9n\u00e9rations\",\"url\":\"https:\/\/filplast.pl\/fr\/\",\"logo\":{\"@type\":\"ImageObject\",\"inLanguage\":\"fr-FR\",\"@id\":\"https:\/\/filplast.pl\/fr\/#\/schema\/logo\/image\/\",\"url\":\"https:\/\/filplast.pl\/wp-content\/uploads\/2023\/10\/favicon-filplast.png\",\"contentUrl\":\"https:\/\/filplast.pl\/wp-content\/uploads\/2023\/10\/favicon-filplast.png\",\"width\":2134,\"height\":2134,\"caption\":\"Filplast pour les g\u00e9n\u00e9rations\"},\"image\":{\"@id\":\"https:\/\/filplast.pl\/fr\/#\/schema\/logo\/image\/\"},\"sameAs\":[\"https:\/\/www.facebook.com\/filplast.firma\",\"https:\/\/pl.pinterest.com\/filplast\/\",\"https:\/\/www.youtube.com\/FILPLASTchannel\",\"https:\/\/pl.linkedin.com\/company\/filplast-sp.-z-o.o.\",\"https:\/\/www.instagram.com\/filplast\/\"]}]}<\/script>\n<!-- \/ Yoast SEO plugin. -->","yoast_head_json":{"title":"Les fen\u00eatres PVC Viva 83 Acrylcolor I Filplast","robots":{"index":"index","follow":"follow","max-snippet":"max-snippet:-1","max-image-preview":"max-image-preview:large","max-video-preview":"max-video-preview:-1"},"canonical":"https:\/\/filplast.pl\/fr\/produit\/viva-83-acrylcolor\/","og_locale":"fr_FR","og_type":"article","og_title":"Les fen\u00eatres PVC Viva 83 Acrylcolor I Filplast","og_description":"Viva\u202f83\u202fAcrylcolor \u2013 excellente isolation thermique et une couche en verre acrylique, qui conf\u00e8re \u00e0 la structure une couleur intense et durable.","og_url":"https:\/\/filplast.pl\/fr\/produit\/viva-83-acrylcolor\/","og_site_name":"Filplast pour les g\u00e9n\u00e9rations","article_publisher":"https:\/\/www.facebook.com\/filplast.firma","article_modified_time":"2025-07-28T13:26:03+00:00","og_image":[{"width":1024,"height":1024,"url":"https:\/\/filplast.pl\/wp-content\/uploads\/2025\/07\/V83_7016_Acrylcolor-2-1024x1024.png","type":"image\/png"}],"twitter_card":"summary_large_image","twitter_misc":{"Dur\u00e9e de lecture estim\u00e9e":"1 minute"},"schema":{"@context":"https:\/\/schema.org","@graph":[{"@type":"WebPage","@id":"https:\/\/filplast.pl\/fr\/produit\/viva-83-acrylcolor\/","url":"https:\/\/filplast.pl\/fr\/produit\/viva-83-acrylcolor\/","name":"Les fen\u00eatres PVC Viva 83 Acrylcolor I Filplast","isPartOf":{"@id":"https:\/\/filplast.pl\/fr\/#website"},"primaryImageOfPage":{"@id":"https:\/\/filplast.pl\/fr\/produit\/viva-83-acrylcolor\/#primaryimage"},"image":{"@id":"https:\/\/filplast.pl\/fr\/produit\/viva-83-acrylcolor\/#primaryimage"},"thumbnailUrl":"https:\/\/filplast.pl\/wp-content\/uploads\/2025\/07\/V83_7016_Acrylcolor-2.png","datePublished":"2025-07-17T12:45:30+00:00","dateModified":"2025-07-28T13:26:03+00:00","breadcrumb":{"@id":"https:\/\/filplast.pl\/fr\/produit\/viva-83-acrylcolor\/#breadcrumb"},"inLanguage":"fr-FR","potentialAction":[{"@type":"ReadAction","target":["https:\/\/filplast.pl\/fr\/produit\/viva-83-acrylcolor\/"]}]},{"@type":"ImageObject","inLanguage":"fr-FR","@id":"https:\/\/filplast.pl\/fr\/produit\/viva-83-acrylcolor\/#primaryimage","url":"https:\/\/filplast.pl\/wp-content\/uploads\/2025\/07\/V83_7016_Acrylcolor-2.png","contentUrl":"https:\/\/filplast.pl\/wp-content\/uploads\/2025\/07\/V83_7016_Acrylcolor-2.png","width":2000,"height":2000},{"@type":"BreadcrumbList","@id":"https:\/\/filplast.pl\/fr\/produit\/viva-83-acrylcolor\/#breadcrumb","itemListElement":[{"@type":"ListItem","position":1,"name":"Home","item":"https:\/\/filplast.pl\/fr\/"},{"@type":"ListItem","position":2,"name":"Produits","item":"https:\/\/filplast.pl\/fr\/produit\/"},{"@type":"ListItem","position":3,"name":"Viva 83 Acrylcolor"}]},{"@type":"WebSite","@id":"https:\/\/filplast.pl\/fr\/#website","url":"https:\/\/filplast.pl\/fr\/","name":"Filplast pour les g\u00e9n\u00e9rations","description":"Producent okien, drzwi i rolet","publisher":{"@id":"https:\/\/filplast.pl\/fr\/#organization"},"potentialAction":[{"@type":"SearchAction","target":{"@type":"EntryPoint","urlTemplate":"https:\/\/filplast.pl\/fr\/?s={search_term_string}"},"query-input":{"@type":"PropertyValueSpecification","valueRequired":true,"valueName":"search_term_string"}}],"inLanguage":"fr-FR"},{"@type":"Organization","@id":"https:\/\/filplast.pl\/fr\/#organization","name":"Filplast pour les g\u00e9n\u00e9rations","url":"https:\/\/filplast.pl\/fr\/","logo":{"@type":"ImageObject","inLanguage":"fr-FR","@id":"https:\/\/filplast.pl\/fr\/#\/schema\/logo\/image\/","url":"https:\/\/filplast.pl\/wp-content\/uploads\/2023\/10\/favicon-filplast.png","contentUrl":"https:\/\/filplast.pl\/wp-content\/uploads\/2023\/10\/favicon-filplast.png","width":2134,"height":2134,"caption":"Filplast pour les g\u00e9n\u00e9rations"},"image":{"@id":"https:\/\/filplast.pl\/fr\/#\/schema\/logo\/image\/"},"sameAs":["https:\/\/www.facebook.com\/filplast.firma","https:\/\/pl.pinterest.com\/filplast\/","https:\/\/www.youtube.com\/FILPLASTchannel","https:\/\/pl.linkedin.com\/company\/filplast-sp.-z-o.o.","https:\/\/www.instagram.com\/filplast\/"]}]}},"uagb_featured_image_src":{"full":["https:\/\/filplast.pl\/wp-content\/uploads\/2025\/07\/V83_7016_Acrylcolor-2.png",2000,2000,false],"thumbnail":["https:\/\/filplast.pl\/wp-content\/uploads\/2025\/07\/V83_7016_Acrylcolor-2-250x250.png",250,250,true],"medium":["https:\/\/filplast.pl\/wp-content\/uploads\/2025\/07\/V83_7016_Acrylcolor-2-400x400.png",400,400,true],"medium_large":["https:\/\/filplast.pl\/wp-content\/uploads\/2025\/07\/V83_7016_Acrylcolor-2-768x768.png",768,768,true],"large":["https:\/\/filplast.pl\/wp-content\/uploads\/2025\/07\/V83_7016_Acrylcolor-2-1024x1024.png",1024,1024,true],"1536x1536":["https:\/\/filplast.pl\/wp-content\/uploads\/2025\/07\/V83_7016_Acrylcolor-2-1536x1536.png",1536,1536,true],"2048x2048":["https:\/\/filplast.pl\/wp-content\/uploads\/2025\/07\/V83_7016_Acrylcolor-2.png",2000,2000,false],"depcore-widget-post-thumb":["https:\/\/filplast.pl\/wp-content\/uploads\/2025\/07\/V83_7016_Acrylcolor-2-65x65.png",65,65,true],"depcore-widget-post-medium":["https:\/\/filplast.pl\/wp-content\/uploads\/2025\/07\/V83_7016_Acrylcolor-2-280x150.png",280,150,true],"square":["https:\/\/filplast.pl\/wp-content\/uploads\/2025\/07\/V83_7016_Acrylcolor-2-500x500.png",500,500,true],"small-square":["https:\/\/filplast.pl\/wp-content\/uploads\/2025\/07\/V83_7016_Acrylcolor-2-250x250.png",250,250,true],"slider-image":["https:\/\/filplast.pl\/wp-content\/uploads\/2025\/07\/V83_7016_Acrylcolor-2-1080x500.png",1080,500,true],"":["https:\/\/filplast.pl\/wp-content\/uploads\/2025\/07\/V83_7016_Acrylcolor-2.png",250,250,false]},"uagb_author_info":{"display_name":"Micha\u0142 Mrukot","author_link":"https:\/\/filplast.pl\/fr\/author\/"},"uagb_comment_info":0,"uagb_excerpt":"Viva\u202f83\u202fAcrylcolor \u2013 excellente isolation thermique et une couche en verre acrylique, qui conf\u00e8re \u00e0 la structure une couleur intense et durable.","_links":{"self":[{"href":"https:\/\/filplast.pl\/fr\/wp-json\/wp\/v2\/product\/61090","targetHints":{"allow":["GET"]}}],"collection":[{"href":"https:\/\/filplast.pl\/fr\/wp-json\/wp\/v2\/product"}],"about":[{"href":"https:\/\/filplast.pl\/fr\/wp-json\/wp\/v2\/types\/product"}],"version-history":[{"count":4,"href":"https:\/\/filplast.pl\/fr\/wp-json\/wp\/v2\/product\/61090\/revisions"}],"predecessor-version":[{"id":61512,"href":"https:\/\/filplast.pl\/fr\/wp-json\/wp\/v2\/product\/61090\/revisions\/61512"}],"wp:featuredmedia":[{"embeddable":true,"href":"https:\/\/filplast.pl\/fr\/wp-json\/wp\/v2\/media\/60933"}],"wp:attachment":[{"href":"https:\/\/filplast.pl\/fr\/wp-json\/wp\/v2\/media?parent=61090"}],"curies":[{"name":"wp","href":"https:\/\/api.w.org\/{rel}","templated":true}]}}