{"id":61636,"date":"2025-07-21T13:49:03","date_gmt":"2025-07-21T11:49:03","guid":{"rendered":"https:\/\/filplast.pl\/produkt\/balustrady-szklane-skyforce\/"},"modified":"2025-07-31T09:30:23","modified_gmt":"2025-07-31T07:30:23","slug":"garde-corps-en-verre-skyforce","status":"publish","type":"product","link":"https:\/\/filplast.pl\/fr\/produit\/garde-corps-en-verre-skyforce\/","title":{"rendered":"Garde-corps en verre SKYFORCE"},"content":{"rendered":"<div id=\"modal-ready\">\n<p>Dans l\u2019architecture r\u00e9sidentielle et tertiaire contemporaine, les grandes surfaces vitr\u00e9es sont devenues incontournables. Elles favorisent la lumi\u00e8re naturelle, agrandissent visuellement les espaces int\u00e9rieurs et effacent les fronti\u00e8res entre l\u2019int\u00e9rieur et l\u2019ext\u00e9rieur. Le garde-corps en verre SKYFORCE accompagne cette \u00e9volution en alliant s\u00e9curit\u00e9, l\u00e9g\u00e8ret\u00e9 visuelle et design moderne.<\/p>\n\n\n\n<p>Particuli\u00e8rement adapt\u00e9 aux \u00e9tages sup\u00e9rieurs, ce type de garde-corps en verre remplace le balcon traditionnel par une solution minimaliste : un balcon \u00e0 la fran\u00e7aise qui prot\u00e8ge sans obstruer. Install\u00e9 \u00e0 l\u2019ext\u00e9rieur, directement sur le cadre de la fen\u00eatre ou dans le mur, il s\u2019int\u00e8gre harmonieusement \u00e0 la fa\u00e7ade.<\/p>\n\n\n\n<p><\/p>\n<\/div>","protected":false},"excerpt":{"rendered":"<p>Le garde-corps en verre SKYFORCE est un syst\u00e8me de s\u00e9curit\u00e9 \u00e9l\u00e9gant et discret con\u00e7u pour les fen\u00eatres et portes-fen\u00eatres en PVC ou en aluminium. Il emp\u00eache les chutes accidentelles tout en pr\u00e9servant la transparence et le style architectural de la fa\u00e7ade.<\/p>\n","protected":false},"featured_media":61179,"parent":0,"menu_order":4,"template":"","class_list":["post-61636","product","type-product","status-publish","has-post-thumbnail","hentry","product-category-garde-corps-en-verre-pour-fenetre","product-line-platinumline-fr"],"yoast_head":"<!-- This site is optimized with the Yoast SEO plugin v24.7 - https:\/\/yoast.com\/wordpress\/plugins\/seo\/ -->\n<title>Garde-corps en verre SKYFORCE | Filplast<\/title>\n<meta name=\"description\" content=\"Garde-corps en verre SKYFORCE pour fen\u00eatre : s\u00e9curit\u00e9, design \u00e9pur\u00e9 et compatibilit\u00e9 avec nos menuiseries PVC et aluminium.\" \/>\n<meta name=\"robots\" content=\"index, follow, max-snippet:-1, max-image-preview:large, max-video-preview:-1\" \/>\n<link rel=\"canonical\" href=\"https:\/\/filplast.pl\/fr\/produit\/garde-corps-en-verre-skyforce\/\" \/>\n<meta property=\"og:locale\" content=\"fr_FR\" \/>\n<meta property=\"og:type\" content=\"article\" \/>\n<meta property=\"og:title\" content=\"Garde-corps en verre SKYFORCE | Filplast\" \/>\n<meta property=\"og:description\" content=\"Garde-corps en verre SKYFORCE pour fen\u00eatre : s\u00e9curit\u00e9, design \u00e9pur\u00e9 et compatibilit\u00e9 avec nos menuiseries PVC et aluminium.\" \/>\n<meta property=\"og:url\" content=\"https:\/\/filplast.pl\/fr\/produit\/garde-corps-en-verre-skyforce\/\" \/>\n<meta property=\"og:site_name\" content=\"Filplast pour les g\u00e9n\u00e9rations\" \/>\n<meta property=\"article:publisher\" content=\"https:\/\/www.facebook.com\/filplast.firma\" \/>\n<meta property=\"article:modified_time\" content=\"2025-07-31T07:30:23+00:00\" \/>\n<meta property=\"og:image\" content=\"https:\/\/filplast.pl\/wp-content\/uploads\/2025\/07\/Skyforce-Muenster_germany-20.jpg\" \/>\n\t<meta property=\"og:image:width\" content=\"1280\" \/>\n\t<meta property=\"og:image:height\" content=\"853\" \/>\n\t<meta property=\"og:image:type\" content=\"image\/jpeg\" \/>\n<meta name=\"twitter:card\" content=\"summary_large_image\" \/>\n<meta name=\"twitter:label1\" content=\"Dur\u00e9e de lecture estim\u00e9e\" \/>\n\t<meta name=\"twitter:data1\" content=\"1 minute\" \/>\n<script type=\"application\/ld+json\" class=\"yoast-schema-graph\">{\"@context\":\"https:\/\/schema.org\",\"@graph\":[{\"@type\":\"WebPage\",\"@id\":\"https:\/\/filplast.pl\/fr\/produit\/garde-corps-en-verre-skyforce\/\",\"url\":\"https:\/\/filplast.pl\/fr\/produit\/garde-corps-en-verre-skyforce\/\",\"name\":\"Garde-corps en verre SKYFORCE | Filplast\",\"isPartOf\":{\"@id\":\"https:\/\/filplast.pl\/fr\/#website\"},\"primaryImageOfPage\":{\"@id\":\"https:\/\/filplast.pl\/fr\/produit\/garde-corps-en-verre-skyforce\/#primaryimage\"},\"image\":{\"@id\":\"https:\/\/filplast.pl\/fr\/produit\/garde-corps-en-verre-skyforce\/#primaryimage\"},\"thumbnailUrl\":\"https:\/\/filplast.pl\/wp-content\/uploads\/2025\/07\/Skyforce-Muenster_germany-20.jpg\",\"datePublished\":\"2025-07-21T11:49:03+00:00\",\"dateModified\":\"2025-07-31T07:30:23+00:00\",\"description\":\"Garde-corps en verre SKYFORCE pour fen\u00eatre : s\u00e9curit\u00e9, design \u00e9pur\u00e9 et compatibilit\u00e9 avec nos menuiseries PVC et aluminium.\",\"breadcrumb\":{\"@id\":\"https:\/\/filplast.pl\/fr\/produit\/garde-corps-en-verre-skyforce\/#breadcrumb\"},\"inLanguage\":\"fr-FR\",\"potentialAction\":[{\"@type\":\"ReadAction\",\"target\":[\"https:\/\/filplast.pl\/fr\/produit\/garde-corps-en-verre-skyforce\/\"]}]},{\"@type\":\"ImageObject\",\"inLanguage\":\"fr-FR\",\"@id\":\"https:\/\/filplast.pl\/fr\/produit\/garde-corps-en-verre-skyforce\/#primaryimage\",\"url\":\"https:\/\/filplast.pl\/wp-content\/uploads\/2025\/07\/Skyforce-Muenster_germany-20.jpg\",\"contentUrl\":\"https:\/\/filplast.pl\/wp-content\/uploads\/2025\/07\/Skyforce-Muenster_germany-20.jpg\",\"width\":1280,\"height\":853},{\"@type\":\"BreadcrumbList\",\"@id\":\"https:\/\/filplast.pl\/fr\/produit\/garde-corps-en-verre-skyforce\/#breadcrumb\",\"itemListElement\":[{\"@type\":\"ListItem\",\"position\":1,\"name\":\"Home\",\"item\":\"https:\/\/filplast.pl\/fr\/\"},{\"@type\":\"ListItem\",\"position\":2,\"name\":\"Produits\",\"item\":\"https:\/\/filplast.pl\/fr\/produit\/\"},{\"@type\":\"ListItem\",\"position\":3,\"name\":\"Garde-corps en verre SKYFORCE\"}]},{\"@type\":\"WebSite\",\"@id\":\"https:\/\/filplast.pl\/fr\/#website\",\"url\":\"https:\/\/filplast.pl\/fr\/\",\"name\":\"Filplast pour les g\u00e9n\u00e9rations\",\"description\":\"Producent okien, drzwi i rolet\",\"publisher\":{\"@id\":\"https:\/\/filplast.pl\/fr\/#organization\"},\"potentialAction\":[{\"@type\":\"SearchAction\",\"target\":{\"@type\":\"EntryPoint\",\"urlTemplate\":\"https:\/\/filplast.pl\/fr\/?s={search_term_string}\"},\"query-input\":{\"@type\":\"PropertyValueSpecification\",\"valueRequired\":true,\"valueName\":\"search_term_string\"}}],\"inLanguage\":\"fr-FR\"},{\"@type\":\"Organization\",\"@id\":\"https:\/\/filplast.pl\/fr\/#organization\",\"name\":\"Filplast pour les g\u00e9n\u00e9rations\",\"url\":\"https:\/\/filplast.pl\/fr\/\",\"logo\":{\"@type\":\"ImageObject\",\"inLanguage\":\"fr-FR\",\"@id\":\"https:\/\/filplast.pl\/fr\/#\/schema\/logo\/image\/\",\"url\":\"https:\/\/filplast.pl\/wp-content\/uploads\/2023\/10\/favicon-filplast.png\",\"contentUrl\":\"https:\/\/filplast.pl\/wp-content\/uploads\/2023\/10\/favicon-filplast.png\",\"width\":2134,\"height\":2134,\"caption\":\"Filplast pour les g\u00e9n\u00e9rations\"},\"image\":{\"@id\":\"https:\/\/filplast.pl\/fr\/#\/schema\/logo\/image\/\"},\"sameAs\":[\"https:\/\/www.facebook.com\/filplast.firma\",\"https:\/\/pl.pinterest.com\/filplast\/\",\"https:\/\/www.youtube.com\/FILPLASTchannel\",\"https:\/\/pl.linkedin.com\/company\/filplast-sp.-z-o.o.\",\"https:\/\/www.instagram.com\/filplast\/\"]}]}<\/script>\n<!-- \/ Yoast SEO plugin. -->","yoast_head_json":{"title":"Garde-corps en verre SKYFORCE | Filplast","description":"Garde-corps en verre SKYFORCE pour fen\u00eatre : s\u00e9curit\u00e9, design \u00e9pur\u00e9 et compatibilit\u00e9 avec nos menuiseries PVC et aluminium.","robots":{"index":"index","follow":"follow","max-snippet":"max-snippet:-1","max-image-preview":"max-image-preview:large","max-video-preview":"max-video-preview:-1"},"canonical":"https:\/\/filplast.pl\/fr\/produit\/garde-corps-en-verre-skyforce\/","og_locale":"fr_FR","og_type":"article","og_title":"Garde-corps en verre SKYFORCE | Filplast","og_description":"Garde-corps en verre SKYFORCE pour fen\u00eatre : s\u00e9curit\u00e9, design \u00e9pur\u00e9 et compatibilit\u00e9 avec nos menuiseries PVC et aluminium.","og_url":"https:\/\/filplast.pl\/fr\/produit\/garde-corps-en-verre-skyforce\/","og_site_name":"Filplast pour les g\u00e9n\u00e9rations","article_publisher":"https:\/\/www.facebook.com\/filplast.firma","article_modified_time":"2025-07-31T07:30:23+00:00","og_image":[{"width":1280,"height":853,"url":"https:\/\/filplast.pl\/wp-content\/uploads\/2025\/07\/Skyforce-Muenster_germany-20.jpg","type":"image\/jpeg"}],"twitter_card":"summary_large_image","twitter_misc":{"Dur\u00e9e de lecture estim\u00e9e":"1 minute"},"schema":{"@context":"https:\/\/schema.org","@graph":[{"@type":"WebPage","@id":"https:\/\/filplast.pl\/fr\/produit\/garde-corps-en-verre-skyforce\/","url":"https:\/\/filplast.pl\/fr\/produit\/garde-corps-en-verre-skyforce\/","name":"Garde-corps en verre SKYFORCE | Filplast","isPartOf":{"@id":"https:\/\/filplast.pl\/fr\/#website"},"primaryImageOfPage":{"@id":"https:\/\/filplast.pl\/fr\/produit\/garde-corps-en-verre-skyforce\/#primaryimage"},"image":{"@id":"https:\/\/filplast.pl\/fr\/produit\/garde-corps-en-verre-skyforce\/#primaryimage"},"thumbnailUrl":"https:\/\/filplast.pl\/wp-content\/uploads\/2025\/07\/Skyforce-Muenster_germany-20.jpg","datePublished":"2025-07-21T11:49:03+00:00","dateModified":"2025-07-31T07:30:23+00:00","description":"Garde-corps en verre SKYFORCE pour fen\u00eatre : s\u00e9curit\u00e9, design \u00e9pur\u00e9 et compatibilit\u00e9 avec nos menuiseries PVC et aluminium.","breadcrumb":{"@id":"https:\/\/filplast.pl\/fr\/produit\/garde-corps-en-verre-skyforce\/#breadcrumb"},"inLanguage":"fr-FR","potentialAction":[{"@type":"ReadAction","target":["https:\/\/filplast.pl\/fr\/produit\/garde-corps-en-verre-skyforce\/"]}]},{"@type":"ImageObject","inLanguage":"fr-FR","@id":"https:\/\/filplast.pl\/fr\/produit\/garde-corps-en-verre-skyforce\/#primaryimage","url":"https:\/\/filplast.pl\/wp-content\/uploads\/2025\/07\/Skyforce-Muenster_germany-20.jpg","contentUrl":"https:\/\/filplast.pl\/wp-content\/uploads\/2025\/07\/Skyforce-Muenster_germany-20.jpg","width":1280,"height":853},{"@type":"BreadcrumbList","@id":"https:\/\/filplast.pl\/fr\/produit\/garde-corps-en-verre-skyforce\/#breadcrumb","itemListElement":[{"@type":"ListItem","position":1,"name":"Home","item":"https:\/\/filplast.pl\/fr\/"},{"@type":"ListItem","position":2,"name":"Produits","item":"https:\/\/filplast.pl\/fr\/produit\/"},{"@type":"ListItem","position":3,"name":"Garde-corps en verre SKYFORCE"}]},{"@type":"WebSite","@id":"https:\/\/filplast.pl\/fr\/#website","url":"https:\/\/filplast.pl\/fr\/","name":"Filplast pour les g\u00e9n\u00e9rations","description":"Producent okien, drzwi i rolet","publisher":{"@id":"https:\/\/filplast.pl\/fr\/#organization"},"potentialAction":[{"@type":"SearchAction","target":{"@type":"EntryPoint","urlTemplate":"https:\/\/filplast.pl\/fr\/?s={search_term_string}"},"query-input":{"@type":"PropertyValueSpecification","valueRequired":true,"valueName":"search_term_string"}}],"inLanguage":"fr-FR"},{"@type":"Organization","@id":"https:\/\/filplast.pl\/fr\/#organization","name":"Filplast pour les g\u00e9n\u00e9rations","url":"https:\/\/filplast.pl\/fr\/","logo":{"@type":"ImageObject","inLanguage":"fr-FR","@id":"https:\/\/filplast.pl\/fr\/#\/schema\/logo\/image\/","url":"https:\/\/filplast.pl\/wp-content\/uploads\/2023\/10\/favicon-filplast.png","contentUrl":"https:\/\/filplast.pl\/wp-content\/uploads\/2023\/10\/favicon-filplast.png","width":2134,"height":2134,"caption":"Filplast pour les g\u00e9n\u00e9rations"},"image":{"@id":"https:\/\/filplast.pl\/fr\/#\/schema\/logo\/image\/"},"sameAs":["https:\/\/www.facebook.com\/filplast.firma","https:\/\/pl.pinterest.com\/filplast\/","https:\/\/www.youtube.com\/FILPLASTchannel","https:\/\/pl.linkedin.com\/company\/filplast-sp.-z-o.o.","https:\/\/www.instagram.com\/filplast\/"]}]}},"uagb_featured_image_src":{"full":["https:\/\/filplast.pl\/wp-content\/uploads\/2025\/07\/Skyforce-Muenster_germany-20.jpg",1280,853,false],"thumbnail":["https:\/\/filplast.pl\/wp-content\/uploads\/2025\/07\/Skyforce-Muenster_germany-20-250x250.jpg",250,250,true],"medium":["https:\/\/filplast.pl\/wp-content\/uploads\/2025\/07\/Skyforce-Muenster_germany-20-400x267.jpg",400,267,true],"medium_large":["https:\/\/filplast.pl\/wp-content\/uploads\/2025\/07\/Skyforce-Muenster_germany-20-768x512.jpg",768,512,true],"large":["https:\/\/filplast.pl\/wp-content\/uploads\/2025\/07\/Skyforce-Muenster_germany-20-1024x682.jpg",1024,682,true],"1536x1536":["https:\/\/filplast.pl\/wp-content\/uploads\/2025\/07\/Skyforce-Muenster_germany-20.jpg",1280,853,false],"2048x2048":["https:\/\/filplast.pl\/wp-content\/uploads\/2025\/07\/Skyforce-Muenster_germany-20.jpg",1280,853,false],"depcore-widget-post-thumb":["https:\/\/filplast.pl\/wp-content\/uploads\/2025\/07\/Skyforce-Muenster_germany-20-65x65.jpg",65,65,true],"depcore-widget-post-medium":["https:\/\/filplast.pl\/wp-content\/uploads\/2025\/07\/Skyforce-Muenster_germany-20-280x150.jpg",280,150,true],"square":["https:\/\/filplast.pl\/wp-content\/uploads\/2025\/07\/Skyforce-Muenster_germany-20-500x500.jpg",500,500,true],"small-square":["https:\/\/filplast.pl\/wp-content\/uploads\/2025\/07\/Skyforce-Muenster_germany-20-250x250.jpg",250,250,true],"slider-image":["https:\/\/filplast.pl\/wp-content\/uploads\/2025\/07\/Skyforce-Muenster_germany-20-1080x500.jpg",1080,500,true],"":["https:\/\/filplast.pl\/wp-content\/uploads\/2025\/07\/Skyforce-Muenster_germany-20.jpg",375,250,false]},"uagb_author_info":{"display_name":"Micha\u0142 Mrukot","author_link":"https:\/\/filplast.pl\/fr\/author\/"},"uagb_comment_info":0,"uagb_excerpt":"Le garde-corps en verre SKYFORCE est un syst\u00e8me de s\u00e9curit\u00e9 \u00e9l\u00e9gant et discret con\u00e7u pour les fen\u00eatres et portes-fen\u00eatres en PVC ou en aluminium. Il emp\u00eache les chutes accidentelles tout en pr\u00e9servant la transparence et le style architectural de la fa\u00e7ade.","_links":{"self":[{"href":"https:\/\/filplast.pl\/fr\/wp-json\/wp\/v2\/product\/61636","targetHints":{"allow":["GET"]}}],"collection":[{"href":"https:\/\/filplast.pl\/fr\/wp-json\/wp\/v2\/product"}],"about":[{"href":"https:\/\/filplast.pl\/fr\/wp-json\/wp\/v2\/types\/product"}],"version-history":[{"count":1,"href":"https:\/\/filplast.pl\/fr\/wp-json\/wp\/v2\/product\/61636\/revisions"}],"predecessor-version":[{"id":61638,"href":"https:\/\/filplast.pl\/fr\/wp-json\/wp\/v2\/product\/61636\/revisions\/61638"}],"wp:featuredmedia":[{"embeddable":true,"href":"https:\/\/filplast.pl\/fr\/wp-json\/wp\/v2\/media\/61179"}],"wp:attachment":[{"href":"https:\/\/filplast.pl\/fr\/wp-json\/wp\/v2\/media?parent=61636"}],"curies":[{"name":"wp","href":"https:\/\/api.w.org\/{rel}","templated":true}]}}