{"id":8226,"date":"2021-04-14T16:42:06","date_gmt":"2021-04-14T14:42:06","guid":{"rendered":"https:\/\/filplast.pl\/produkt\/viva-slide-190-acryl\/"},"modified":"2025-10-21T10:26:34","modified_gmt":"2025-10-21T08:26:34","slug":"viva-slide-83-acryl","status":"publish","type":"product","link":"https:\/\/filplast.pl\/fr\/produit\/viva-slide-83-acryl\/","title":{"rendered":"VivaSlide 83 Acryl"},"content":{"rendered":"<div id=\"modal-ready\"><p>Une large gamme des couleurs permet d&rsquo;accorder le syst\u00e8me VivaSlide 83 Acryl \u00e0 chaque style architectural du b\u00e2timent. L&rsquo;allure unique de la construction vient de l&rsquo;usage de la couche en verre acrylique.<\/p>\n<\/div>","protected":false},"excerpt":{"rendered":"<p>Un usage facile, une isolation thermique et phonique parfaite, un seuil presque invisible et la possibilit\u00e9 de finition en technologie acrylcolor &#8211; voici les traits les plus importants du syst\u00e8me VivaSlide 83 Acryl. <\/p>\n","protected":false},"featured_media":1890,"parent":0,"menu_order":97,"template":"","class_list":["post-8226","product","type-product","status-publish","has-post-thumbnail","hentry","product-category-porte-coulissante","product-category-hst-fr-2","product-category-portes","product-line-goldenline-fr"],"yoast_head":"<!-- This site is optimized with the Yoast SEO plugin v24.7 - https:\/\/yoast.com\/wordpress\/plugins\/seo\/ -->\n<title>Porte coulissante<\/title>\n<meta name=\"description\" content=\"Une large gamme des couleurs permet d&#039;accorder le syst\u00e8me VivaSlide 83 Acryl \u00e0 chaque style architectural du b\u00e2timent.\" \/>\n<meta name=\"robots\" content=\"index, follow, max-snippet:-1, max-image-preview:large, max-video-preview:-1\" \/>\n<link rel=\"canonical\" href=\"https:\/\/filplast.pl\/fr\/produit\/viva-slide-83-acryl\/\" \/>\n<meta property=\"og:locale\" content=\"fr_FR\" \/>\n<meta property=\"og:type\" content=\"article\" \/>\n<meta property=\"og:title\" content=\"Porte coulissante\" \/>\n<meta property=\"og:description\" content=\"Une large gamme des couleurs permet d&#039;accorder le syst\u00e8me VivaSlide 83 Acryl \u00e0 chaque style architectural du b\u00e2timent.\" \/>\n<meta property=\"og:url\" content=\"https:\/\/filplast.pl\/fr\/produit\/viva-slide-83-acryl\/\" \/>\n<meta property=\"og:site_name\" content=\"Filplast pour les g\u00e9n\u00e9rations\" \/>\n<meta property=\"article:publisher\" content=\"https:\/\/www.facebook.com\/filplast.firma\" \/>\n<meta property=\"article:modified_time\" content=\"2025-10-21T08:26:34+00:00\" \/>\n<meta property=\"og:image\" content=\"https:\/\/filplast.pl\/wp-content\/uploads\/2021\/01\/HST-Viva-Slide-190-Acryl.png\" \/>\n\t<meta property=\"og:image:width\" content=\"800\" \/>\n\t<meta property=\"og:image:height\" content=\"800\" \/>\n\t<meta property=\"og:image:type\" content=\"image\/png\" \/>\n<meta name=\"twitter:card\" content=\"summary_large_image\" \/>\n<meta name=\"twitter:label1\" content=\"Dur\u00e9e de lecture estim\u00e9e\" \/>\n\t<meta name=\"twitter:data1\" content=\"1 minute\" \/>\n<script type=\"application\/ld+json\" class=\"yoast-schema-graph\">{\"@context\":\"https:\/\/schema.org\",\"@graph\":[{\"@type\":\"WebPage\",\"@id\":\"https:\/\/filplast.pl\/fr\/produit\/viva-slide-83-acryl\/\",\"url\":\"https:\/\/filplast.pl\/fr\/produit\/viva-slide-83-acryl\/\",\"name\":\"Porte coulissante\",\"isPartOf\":{\"@id\":\"https:\/\/filplast.pl\/fr\/#website\"},\"primaryImageOfPage\":{\"@id\":\"https:\/\/filplast.pl\/fr\/produit\/viva-slide-83-acryl\/#primaryimage\"},\"image\":{\"@id\":\"https:\/\/filplast.pl\/fr\/produit\/viva-slide-83-acryl\/#primaryimage\"},\"thumbnailUrl\":\"https:\/\/filplast.pl\/wp-content\/uploads\/2021\/01\/HST-Viva-Slide-190-Acryl.png\",\"datePublished\":\"2021-04-14T14:42:06+00:00\",\"dateModified\":\"2025-10-21T08:26:34+00:00\",\"description\":\"Une large gamme des couleurs permet d'accorder le syst\u00e8me VivaSlide 83 Acryl \u00e0 chaque style architectural du b\u00e2timent.\",\"breadcrumb\":{\"@id\":\"https:\/\/filplast.pl\/fr\/produit\/viva-slide-83-acryl\/#breadcrumb\"},\"inLanguage\":\"fr-FR\",\"potentialAction\":[{\"@type\":\"ReadAction\",\"target\":[\"https:\/\/filplast.pl\/fr\/produit\/viva-slide-83-acryl\/\"]}]},{\"@type\":\"ImageObject\",\"inLanguage\":\"fr-FR\",\"@id\":\"https:\/\/filplast.pl\/fr\/produit\/viva-slide-83-acryl\/#primaryimage\",\"url\":\"https:\/\/filplast.pl\/wp-content\/uploads\/2021\/01\/HST-Viva-Slide-190-Acryl.png\",\"contentUrl\":\"https:\/\/filplast.pl\/wp-content\/uploads\/2021\/01\/HST-Viva-Slide-190-Acryl.png\",\"width\":800,\"height\":800,\"caption\":\"HST-Viva-Slide-190-Acryl filplast\"},{\"@type\":\"BreadcrumbList\",\"@id\":\"https:\/\/filplast.pl\/fr\/produit\/viva-slide-83-acryl\/#breadcrumb\",\"itemListElement\":[{\"@type\":\"ListItem\",\"position\":1,\"name\":\"Home\",\"item\":\"https:\/\/filplast.pl\/fr\/\"},{\"@type\":\"ListItem\",\"position\":2,\"name\":\"Produits\",\"item\":\"https:\/\/filplast.pl\/fr\/produit\/\"},{\"@type\":\"ListItem\",\"position\":3,\"name\":\"VivaSlide 83 Acryl\"}]},{\"@type\":\"WebSite\",\"@id\":\"https:\/\/filplast.pl\/fr\/#website\",\"url\":\"https:\/\/filplast.pl\/fr\/\",\"name\":\"Filplast pour les g\u00e9n\u00e9rations\",\"description\":\"Producent okien, drzwi i rolet\",\"publisher\":{\"@id\":\"https:\/\/filplast.pl\/fr\/#organization\"},\"potentialAction\":[{\"@type\":\"SearchAction\",\"target\":{\"@type\":\"EntryPoint\",\"urlTemplate\":\"https:\/\/filplast.pl\/fr\/?s={search_term_string}\"},\"query-input\":{\"@type\":\"PropertyValueSpecification\",\"valueRequired\":true,\"valueName\":\"search_term_string\"}}],\"inLanguage\":\"fr-FR\"},{\"@type\":\"Organization\",\"@id\":\"https:\/\/filplast.pl\/fr\/#organization\",\"name\":\"Filplast pour les g\u00e9n\u00e9rations\",\"url\":\"https:\/\/filplast.pl\/fr\/\",\"logo\":{\"@type\":\"ImageObject\",\"inLanguage\":\"fr-FR\",\"@id\":\"https:\/\/filplast.pl\/fr\/#\/schema\/logo\/image\/\",\"url\":\"https:\/\/filplast.pl\/wp-content\/uploads\/2023\/10\/favicon-filplast.png\",\"contentUrl\":\"https:\/\/filplast.pl\/wp-content\/uploads\/2023\/10\/favicon-filplast.png\",\"width\":2134,\"height\":2134,\"caption\":\"Filplast pour les g\u00e9n\u00e9rations\"},\"image\":{\"@id\":\"https:\/\/filplast.pl\/fr\/#\/schema\/logo\/image\/\"},\"sameAs\":[\"https:\/\/www.facebook.com\/filplast.firma\",\"https:\/\/pl.pinterest.com\/filplast\/\",\"https:\/\/www.youtube.com\/FILPLASTchannel\",\"https:\/\/pl.linkedin.com\/company\/filplast-sp.-z-o.o.\",\"https:\/\/www.instagram.com\/filplast\/\"]}]}<\/script>\n<!-- \/ Yoast SEO plugin. -->","yoast_head_json":{"title":"Porte coulissante","description":"Une large gamme des couleurs permet d'accorder le syst\u00e8me VivaSlide 83 Acryl \u00e0 chaque style architectural du b\u00e2timent.","robots":{"index":"index","follow":"follow","max-snippet":"max-snippet:-1","max-image-preview":"max-image-preview:large","max-video-preview":"max-video-preview:-1"},"canonical":"https:\/\/filplast.pl\/fr\/produit\/viva-slide-83-acryl\/","og_locale":"fr_FR","og_type":"article","og_title":"Porte coulissante","og_description":"Une large gamme des couleurs permet d'accorder le syst\u00e8me VivaSlide 83 Acryl \u00e0 chaque style architectural du b\u00e2timent.","og_url":"https:\/\/filplast.pl\/fr\/produit\/viva-slide-83-acryl\/","og_site_name":"Filplast pour les g\u00e9n\u00e9rations","article_publisher":"https:\/\/www.facebook.com\/filplast.firma","article_modified_time":"2025-10-21T08:26:34+00:00","og_image":[{"width":800,"height":800,"url":"https:\/\/filplast.pl\/wp-content\/uploads\/2021\/01\/HST-Viva-Slide-190-Acryl.png","type":"image\/png"}],"twitter_card":"summary_large_image","twitter_misc":{"Dur\u00e9e de lecture estim\u00e9e":"1 minute"},"schema":{"@context":"https:\/\/schema.org","@graph":[{"@type":"WebPage","@id":"https:\/\/filplast.pl\/fr\/produit\/viva-slide-83-acryl\/","url":"https:\/\/filplast.pl\/fr\/produit\/viva-slide-83-acryl\/","name":"Porte coulissante","isPartOf":{"@id":"https:\/\/filplast.pl\/fr\/#website"},"primaryImageOfPage":{"@id":"https:\/\/filplast.pl\/fr\/produit\/viva-slide-83-acryl\/#primaryimage"},"image":{"@id":"https:\/\/filplast.pl\/fr\/produit\/viva-slide-83-acryl\/#primaryimage"},"thumbnailUrl":"https:\/\/filplast.pl\/wp-content\/uploads\/2021\/01\/HST-Viva-Slide-190-Acryl.png","datePublished":"2021-04-14T14:42:06+00:00","dateModified":"2025-10-21T08:26:34+00:00","description":"Une large gamme des couleurs permet d'accorder le syst\u00e8me VivaSlide 83 Acryl \u00e0 chaque style architectural du b\u00e2timent.","breadcrumb":{"@id":"https:\/\/filplast.pl\/fr\/produit\/viva-slide-83-acryl\/#breadcrumb"},"inLanguage":"fr-FR","potentialAction":[{"@type":"ReadAction","target":["https:\/\/filplast.pl\/fr\/produit\/viva-slide-83-acryl\/"]}]},{"@type":"ImageObject","inLanguage":"fr-FR","@id":"https:\/\/filplast.pl\/fr\/produit\/viva-slide-83-acryl\/#primaryimage","url":"https:\/\/filplast.pl\/wp-content\/uploads\/2021\/01\/HST-Viva-Slide-190-Acryl.png","contentUrl":"https:\/\/filplast.pl\/wp-content\/uploads\/2021\/01\/HST-Viva-Slide-190-Acryl.png","width":800,"height":800,"caption":"HST-Viva-Slide-190-Acryl filplast"},{"@type":"BreadcrumbList","@id":"https:\/\/filplast.pl\/fr\/produit\/viva-slide-83-acryl\/#breadcrumb","itemListElement":[{"@type":"ListItem","position":1,"name":"Home","item":"https:\/\/filplast.pl\/fr\/"},{"@type":"ListItem","position":2,"name":"Produits","item":"https:\/\/filplast.pl\/fr\/produit\/"},{"@type":"ListItem","position":3,"name":"VivaSlide 83 Acryl"}]},{"@type":"WebSite","@id":"https:\/\/filplast.pl\/fr\/#website","url":"https:\/\/filplast.pl\/fr\/","name":"Filplast pour les g\u00e9n\u00e9rations","description":"Producent okien, drzwi i rolet","publisher":{"@id":"https:\/\/filplast.pl\/fr\/#organization"},"potentialAction":[{"@type":"SearchAction","target":{"@type":"EntryPoint","urlTemplate":"https:\/\/filplast.pl\/fr\/?s={search_term_string}"},"query-input":{"@type":"PropertyValueSpecification","valueRequired":true,"valueName":"search_term_string"}}],"inLanguage":"fr-FR"},{"@type":"Organization","@id":"https:\/\/filplast.pl\/fr\/#organization","name":"Filplast pour les g\u00e9n\u00e9rations","url":"https:\/\/filplast.pl\/fr\/","logo":{"@type":"ImageObject","inLanguage":"fr-FR","@id":"https:\/\/filplast.pl\/fr\/#\/schema\/logo\/image\/","url":"https:\/\/filplast.pl\/wp-content\/uploads\/2023\/10\/favicon-filplast.png","contentUrl":"https:\/\/filplast.pl\/wp-content\/uploads\/2023\/10\/favicon-filplast.png","width":2134,"height":2134,"caption":"Filplast pour les g\u00e9n\u00e9rations"},"image":{"@id":"https:\/\/filplast.pl\/fr\/#\/schema\/logo\/image\/"},"sameAs":["https:\/\/www.facebook.com\/filplast.firma","https:\/\/pl.pinterest.com\/filplast\/","https:\/\/www.youtube.com\/FILPLASTchannel","https:\/\/pl.linkedin.com\/company\/filplast-sp.-z-o.o.","https:\/\/www.instagram.com\/filplast\/"]}]}},"uagb_featured_image_src":{"full":["https:\/\/filplast.pl\/wp-content\/uploads\/2021\/01\/HST-Viva-Slide-190-Acryl.png",800,800,false],"thumbnail":["https:\/\/filplast.pl\/wp-content\/uploads\/2021\/01\/HST-Viva-Slide-190-Acryl-150x150.png",150,150,true],"medium":["https:\/\/filplast.pl\/wp-content\/uploads\/2021\/01\/HST-Viva-Slide-190-Acryl-300x300.png",300,300,true],"medium_large":["https:\/\/filplast.pl\/wp-content\/uploads\/2021\/01\/HST-Viva-Slide-190-Acryl-768x768.png",768,768,true],"large":["https:\/\/filplast.pl\/wp-content\/uploads\/2021\/01\/HST-Viva-Slide-190-Acryl.png",800,800,false],"1536x1536":["https:\/\/filplast.pl\/wp-content\/uploads\/2021\/01\/HST-Viva-Slide-190-Acryl.png",800,800,false],"2048x2048":["https:\/\/filplast.pl\/wp-content\/uploads\/2021\/01\/HST-Viva-Slide-190-Acryl.png",800,800,false],"depcore-widget-post-thumb":["https:\/\/filplast.pl\/wp-content\/uploads\/2021\/01\/HST-Viva-Slide-190-Acryl-65x65.png",65,65,true],"depcore-widget-post-medium":["https:\/\/filplast.pl\/wp-content\/uploads\/2021\/01\/HST-Viva-Slide-190-Acryl-280x150.png",280,150,true],"square":["https:\/\/filplast.pl\/wp-content\/uploads\/2021\/01\/HST-Viva-Slide-190-Acryl-500x500.png",500,500,true],"small-square":["https:\/\/filplast.pl\/wp-content\/uploads\/2021\/01\/HST-Viva-Slide-190-Acryl-250x250.png",250,250,true],"slider-image":["https:\/\/filplast.pl\/wp-content\/uploads\/2021\/01\/HST-Viva-Slide-190-Acryl-800x500.png",800,500,true],"":["https:\/\/filplast.pl\/wp-content\/uploads\/2021\/01\/HST-Viva-Slide-190-Acryl.png",250,250,false]},"uagb_author_info":{"display_name":"Micha\u0142 Mrukot","author_link":"https:\/\/filplast.pl\/fr\/author\/"},"uagb_comment_info":0,"uagb_excerpt":"Un usage facile, une isolation thermique et phonique parfaite, un seuil presque invisible et la possibilit\u00e9 de finition en technologie acrylcolor - voici les traits les plus importants du syst\u00e8me VivaSlide 83 Acryl.","_links":{"self":[{"href":"https:\/\/filplast.pl\/fr\/wp-json\/wp\/v2\/product\/8226","targetHints":{"allow":["GET"]}}],"collection":[{"href":"https:\/\/filplast.pl\/fr\/wp-json\/wp\/v2\/product"}],"about":[{"href":"https:\/\/filplast.pl\/fr\/wp-json\/wp\/v2\/types\/product"}],"version-history":[{"count":3,"href":"https:\/\/filplast.pl\/fr\/wp-json\/wp\/v2\/product\/8226\/revisions"}],"predecessor-version":[{"id":62216,"href":"https:\/\/filplast.pl\/fr\/wp-json\/wp\/v2\/product\/8226\/revisions\/62216"}],"wp:featuredmedia":[{"embeddable":true,"href":"https:\/\/filplast.pl\/fr\/wp-json\/wp\/v2\/media\/1890"}],"wp:attachment":[{"href":"https:\/\/filplast.pl\/fr\/wp-json\/wp\/v2\/media?parent=8226"}],"curies":[{"name":"wp","href":"https:\/\/api.w.org\/{rel}","templated":true}]}}