{"id":8227,"date":"2021-04-14T16:43:14","date_gmt":"2021-04-14T14:43:14","guid":{"rendered":"https:\/\/filplast.pl\/produkt\/aluprof-mb-78ei\/"},"modified":"2021-05-17T11:28:07","modified_gmt":"2021-05-17T09:28:07","slug":"aluprof-mb-78ei","status":"publish","type":"product","link":"https:\/\/filplast.pl\/fr\/produit\/aluprof-mb-78ei\/","title":{"rendered":"Aluprof MB 78EI"},"content":{"rendered":"<div id=\"modal-ready\"><p>La porte AluStar 78EI est disponible en couleurs diff\u00e9rentes et avec les vitres r\u00e9sistantes au feu ou les panneaux non-transparants. Elle est faite avec des mati\u00e8res de haute r\u00e9sistance aux pannes m\u00e9caniques.<\/p>\n<\/div>","protected":false},"excerpt":{"rendered":"<p>Le syst\u00e8me est utilis\u00e9 pour cr\u00e9er les parois int\u00e9rieures et ext\u00e9rieures contre l&rsquo;incendie avec des portes d&rsquo;un ou deux ventaux selon la classe de r\u00e9sistance diff\u00e9rente, de 15 minutes \u00e0 m\u00eame 90 minutes. Elle se caract\u00e9rise par une haute isolation thermique et phonique.<\/p>\n","protected":false},"featured_media":1645,"parent":0,"menu_order":128,"template":"","class_list":["post-8227","product","type-product","status-publish","has-post-thumbnail","hentry","product-category-solutions-pour-les-entreprises","product-category-systemes-de-securite-anti-incendie"],"yoast_head":"<!-- This site is optimized with the Yoast SEO plugin v24.7 - https:\/\/yoast.com\/wordpress\/plugins\/seo\/ -->\n<title>Porte coupe-feu<\/title>\n<meta name=\"robots\" content=\"index, follow, max-snippet:-1, max-image-preview:large, max-video-preview:-1\" \/>\n<link rel=\"canonical\" href=\"https:\/\/filplast.pl\/fr\/produit\/aluprof-mb-78ei\/\" \/>\n<meta property=\"og:locale\" content=\"fr_FR\" \/>\n<meta property=\"og:type\" content=\"article\" \/>\n<meta property=\"og:title\" content=\"Porte coupe-feu\" \/>\n<meta property=\"og:description\" content=\"Le syst\u00e8me est utilis\u00e9 pour cr\u00e9er les parois int\u00e9rieures et ext\u00e9rieures contre l&#039;incendie avec des portes d&#039;un ou deux ventaux selon la classe de r\u00e9sistance diff\u00e9rente, de 15 minutes \u00e0 m\u00eame 90 minutes. Elle se caract\u00e9rise par une haute isolation thermique et phonique.\" \/>\n<meta property=\"og:url\" content=\"https:\/\/filplast.pl\/fr\/produit\/aluprof-mb-78ei\/\" \/>\n<meta property=\"og:site_name\" content=\"Filplast pour les g\u00e9n\u00e9rations\" \/>\n<meta property=\"article:publisher\" content=\"https:\/\/www.facebook.com\/filplast.firma\" \/>\n<meta property=\"article:modified_time\" content=\"2021-05-17T09:28:07+00:00\" \/>\n<meta property=\"og:image\" content=\"https:\/\/filplast.pl\/wp-content\/uploads\/2020\/12\/Drzwi-AluStar-78EI.png\" \/>\n\t<meta property=\"og:image:width\" content=\"800\" \/>\n\t<meta property=\"og:image:height\" content=\"800\" \/>\n\t<meta property=\"og:image:type\" content=\"image\/png\" \/>\n<meta name=\"twitter:card\" content=\"summary_large_image\" \/>\n<script type=\"application\/ld+json\" class=\"yoast-schema-graph\">{\"@context\":\"https:\/\/schema.org\",\"@graph\":[{\"@type\":\"WebPage\",\"@id\":\"https:\/\/filplast.pl\/fr\/produit\/aluprof-mb-78ei\/\",\"url\":\"https:\/\/filplast.pl\/fr\/produit\/aluprof-mb-78ei\/\",\"name\":\"Porte coupe-feu\",\"isPartOf\":{\"@id\":\"https:\/\/filplast.pl\/fr\/#website\"},\"primaryImageOfPage\":{\"@id\":\"https:\/\/filplast.pl\/fr\/produit\/aluprof-mb-78ei\/#primaryimage\"},\"image\":{\"@id\":\"https:\/\/filplast.pl\/fr\/produit\/aluprof-mb-78ei\/#primaryimage\"},\"thumbnailUrl\":\"https:\/\/filplast.pl\/wp-content\/uploads\/2020\/12\/Drzwi-AluStar-78EI.png\",\"datePublished\":\"2021-04-14T14:43:14+00:00\",\"dateModified\":\"2021-05-17T09:28:07+00:00\",\"breadcrumb\":{\"@id\":\"https:\/\/filplast.pl\/fr\/produit\/aluprof-mb-78ei\/#breadcrumb\"},\"inLanguage\":\"fr-FR\",\"potentialAction\":[{\"@type\":\"ReadAction\",\"target\":[\"https:\/\/filplast.pl\/fr\/produit\/aluprof-mb-78ei\/\"]}]},{\"@type\":\"ImageObject\",\"inLanguage\":\"fr-FR\",\"@id\":\"https:\/\/filplast.pl\/fr\/produit\/aluprof-mb-78ei\/#primaryimage\",\"url\":\"https:\/\/filplast.pl\/wp-content\/uploads\/2020\/12\/Drzwi-AluStar-78EI.png\",\"contentUrl\":\"https:\/\/filplast.pl\/wp-content\/uploads\/2020\/12\/Drzwi-AluStar-78EI.png\",\"width\":800,\"height\":800,\"caption\":\"Porte AluStar 78EI\"},{\"@type\":\"BreadcrumbList\",\"@id\":\"https:\/\/filplast.pl\/fr\/produit\/aluprof-mb-78ei\/#breadcrumb\",\"itemListElement\":[{\"@type\":\"ListItem\",\"position\":1,\"name\":\"Home\",\"item\":\"https:\/\/filplast.pl\/fr\/\"},{\"@type\":\"ListItem\",\"position\":2,\"name\":\"Produits\",\"item\":\"https:\/\/filplast.pl\/fr\/produit\/\"},{\"@type\":\"ListItem\",\"position\":3,\"name\":\"Aluprof MB 78EI\"}]},{\"@type\":\"WebSite\",\"@id\":\"https:\/\/filplast.pl\/fr\/#website\",\"url\":\"https:\/\/filplast.pl\/fr\/\",\"name\":\"Filplast pour les g\u00e9n\u00e9rations\",\"description\":\"Producent okien, drzwi i rolet\",\"publisher\":{\"@id\":\"https:\/\/filplast.pl\/fr\/#organization\"},\"potentialAction\":[{\"@type\":\"SearchAction\",\"target\":{\"@type\":\"EntryPoint\",\"urlTemplate\":\"https:\/\/filplast.pl\/fr\/?s={search_term_string}\"},\"query-input\":{\"@type\":\"PropertyValueSpecification\",\"valueRequired\":true,\"valueName\":\"search_term_string\"}}],\"inLanguage\":\"fr-FR\"},{\"@type\":\"Organization\",\"@id\":\"https:\/\/filplast.pl\/fr\/#organization\",\"name\":\"Filplast pour les g\u00e9n\u00e9rations\",\"url\":\"https:\/\/filplast.pl\/fr\/\",\"logo\":{\"@type\":\"ImageObject\",\"inLanguage\":\"fr-FR\",\"@id\":\"https:\/\/filplast.pl\/fr\/#\/schema\/logo\/image\/\",\"url\":\"https:\/\/filplast.pl\/wp-content\/uploads\/2023\/10\/favicon-filplast.png\",\"contentUrl\":\"https:\/\/filplast.pl\/wp-content\/uploads\/2023\/10\/favicon-filplast.png\",\"width\":2134,\"height\":2134,\"caption\":\"Filplast pour les g\u00e9n\u00e9rations\"},\"image\":{\"@id\":\"https:\/\/filplast.pl\/fr\/#\/schema\/logo\/image\/\"},\"sameAs\":[\"https:\/\/www.facebook.com\/filplast.firma\",\"https:\/\/pl.pinterest.com\/filplast\/\",\"https:\/\/www.youtube.com\/FILPLASTchannel\",\"https:\/\/pl.linkedin.com\/company\/filplast-sp.-z-o.o.\",\"https:\/\/www.instagram.com\/filplast\/\"]}]}<\/script>\n<!-- \/ Yoast SEO plugin. -->","yoast_head_json":{"title":"Porte coupe-feu","robots":{"index":"index","follow":"follow","max-snippet":"max-snippet:-1","max-image-preview":"max-image-preview:large","max-video-preview":"max-video-preview:-1"},"canonical":"https:\/\/filplast.pl\/fr\/produit\/aluprof-mb-78ei\/","og_locale":"fr_FR","og_type":"article","og_title":"Porte coupe-feu","og_description":"Le syst\u00e8me est utilis\u00e9 pour cr\u00e9er les parois int\u00e9rieures et ext\u00e9rieures contre l'incendie avec des portes d'un ou deux ventaux selon la classe de r\u00e9sistance diff\u00e9rente, de 15 minutes \u00e0 m\u00eame 90 minutes. Elle se caract\u00e9rise par une haute isolation thermique et phonique.","og_url":"https:\/\/filplast.pl\/fr\/produit\/aluprof-mb-78ei\/","og_site_name":"Filplast pour les g\u00e9n\u00e9rations","article_publisher":"https:\/\/www.facebook.com\/filplast.firma","article_modified_time":"2021-05-17T09:28:07+00:00","og_image":[{"width":800,"height":800,"url":"https:\/\/filplast.pl\/wp-content\/uploads\/2020\/12\/Drzwi-AluStar-78EI.png","type":"image\/png"}],"twitter_card":"summary_large_image","schema":{"@context":"https:\/\/schema.org","@graph":[{"@type":"WebPage","@id":"https:\/\/filplast.pl\/fr\/produit\/aluprof-mb-78ei\/","url":"https:\/\/filplast.pl\/fr\/produit\/aluprof-mb-78ei\/","name":"Porte coupe-feu","isPartOf":{"@id":"https:\/\/filplast.pl\/fr\/#website"},"primaryImageOfPage":{"@id":"https:\/\/filplast.pl\/fr\/produit\/aluprof-mb-78ei\/#primaryimage"},"image":{"@id":"https:\/\/filplast.pl\/fr\/produit\/aluprof-mb-78ei\/#primaryimage"},"thumbnailUrl":"https:\/\/filplast.pl\/wp-content\/uploads\/2020\/12\/Drzwi-AluStar-78EI.png","datePublished":"2021-04-14T14:43:14+00:00","dateModified":"2021-05-17T09:28:07+00:00","breadcrumb":{"@id":"https:\/\/filplast.pl\/fr\/produit\/aluprof-mb-78ei\/#breadcrumb"},"inLanguage":"fr-FR","potentialAction":[{"@type":"ReadAction","target":["https:\/\/filplast.pl\/fr\/produit\/aluprof-mb-78ei\/"]}]},{"@type":"ImageObject","inLanguage":"fr-FR","@id":"https:\/\/filplast.pl\/fr\/produit\/aluprof-mb-78ei\/#primaryimage","url":"https:\/\/filplast.pl\/wp-content\/uploads\/2020\/12\/Drzwi-AluStar-78EI.png","contentUrl":"https:\/\/filplast.pl\/wp-content\/uploads\/2020\/12\/Drzwi-AluStar-78EI.png","width":800,"height":800,"caption":"Porte AluStar 78EI"},{"@type":"BreadcrumbList","@id":"https:\/\/filplast.pl\/fr\/produit\/aluprof-mb-78ei\/#breadcrumb","itemListElement":[{"@type":"ListItem","position":1,"name":"Home","item":"https:\/\/filplast.pl\/fr\/"},{"@type":"ListItem","position":2,"name":"Produits","item":"https:\/\/filplast.pl\/fr\/produit\/"},{"@type":"ListItem","position":3,"name":"Aluprof MB 78EI"}]},{"@type":"WebSite","@id":"https:\/\/filplast.pl\/fr\/#website","url":"https:\/\/filplast.pl\/fr\/","name":"Filplast pour les g\u00e9n\u00e9rations","description":"Producent okien, drzwi i rolet","publisher":{"@id":"https:\/\/filplast.pl\/fr\/#organization"},"potentialAction":[{"@type":"SearchAction","target":{"@type":"EntryPoint","urlTemplate":"https:\/\/filplast.pl\/fr\/?s={search_term_string}"},"query-input":{"@type":"PropertyValueSpecification","valueRequired":true,"valueName":"search_term_string"}}],"inLanguage":"fr-FR"},{"@type":"Organization","@id":"https:\/\/filplast.pl\/fr\/#organization","name":"Filplast pour les g\u00e9n\u00e9rations","url":"https:\/\/filplast.pl\/fr\/","logo":{"@type":"ImageObject","inLanguage":"fr-FR","@id":"https:\/\/filplast.pl\/fr\/#\/schema\/logo\/image\/","url":"https:\/\/filplast.pl\/wp-content\/uploads\/2023\/10\/favicon-filplast.png","contentUrl":"https:\/\/filplast.pl\/wp-content\/uploads\/2023\/10\/favicon-filplast.png","width":2134,"height":2134,"caption":"Filplast pour les g\u00e9n\u00e9rations"},"image":{"@id":"https:\/\/filplast.pl\/fr\/#\/schema\/logo\/image\/"},"sameAs":["https:\/\/www.facebook.com\/filplast.firma","https:\/\/pl.pinterest.com\/filplast\/","https:\/\/www.youtube.com\/FILPLASTchannel","https:\/\/pl.linkedin.com\/company\/filplast-sp.-z-o.o.","https:\/\/www.instagram.com\/filplast\/"]}]}},"uagb_featured_image_src":{"full":["https:\/\/filplast.pl\/wp-content\/uploads\/2020\/12\/Drzwi-AluStar-78EI.png",800,800,false],"thumbnail":["https:\/\/filplast.pl\/wp-content\/uploads\/2020\/12\/Drzwi-AluStar-78EI-150x150.png",150,150,true],"medium":["https:\/\/filplast.pl\/wp-content\/uploads\/2020\/12\/Drzwi-AluStar-78EI-300x300.png",300,300,true],"medium_large":["https:\/\/filplast.pl\/wp-content\/uploads\/2020\/12\/Drzwi-AluStar-78EI-768x768.png",768,768,true],"large":["https:\/\/filplast.pl\/wp-content\/uploads\/2020\/12\/Drzwi-AluStar-78EI.png",800,800,false],"1536x1536":["https:\/\/filplast.pl\/wp-content\/uploads\/2020\/12\/Drzwi-AluStar-78EI.png",800,800,false],"2048x2048":["https:\/\/filplast.pl\/wp-content\/uploads\/2020\/12\/Drzwi-AluStar-78EI.png",800,800,false],"depcore-widget-post-thumb":["https:\/\/filplast.pl\/wp-content\/uploads\/2020\/12\/Drzwi-AluStar-78EI.png",65,65,false],"depcore-widget-post-medium":["https:\/\/filplast.pl\/wp-content\/uploads\/2020\/12\/Drzwi-AluStar-78EI.png",150,150,false],"square":["https:\/\/filplast.pl\/wp-content\/uploads\/2020\/12\/Drzwi-AluStar-78EI-500x500.png",500,500,true],"small-square":["https:\/\/filplast.pl\/wp-content\/uploads\/2020\/12\/Drzwi-AluStar-78EI.png",250,250,false],"slider-image":["https:\/\/filplast.pl\/wp-content\/uploads\/2020\/12\/Drzwi-AluStar-78EI-800x500.png",800,500,true],"":["https:\/\/filplast.pl\/wp-content\/uploads\/2020\/12\/Drzwi-AluStar-78EI.png",250,250,false]},"uagb_author_info":{"display_name":"admin","author_link":"https:\/\/filplast.pl\/fr\/author\/"},"uagb_comment_info":0,"uagb_excerpt":"Le syst\u00e8me est utilis\u00e9 pour cr\u00e9er les parois int\u00e9rieures et ext\u00e9rieures contre l'incendie avec des portes d'un ou deux ventaux selon la classe de r\u00e9sistance diff\u00e9rente, de 15 minutes \u00e0 m\u00eame 90 minutes. Elle se caract\u00e9rise par une haute isolation thermique et phonique.","_links":{"self":[{"href":"https:\/\/filplast.pl\/fr\/wp-json\/wp\/v2\/product\/8227","targetHints":{"allow":["GET"]}}],"collection":[{"href":"https:\/\/filplast.pl\/fr\/wp-json\/wp\/v2\/product"}],"about":[{"href":"https:\/\/filplast.pl\/fr\/wp-json\/wp\/v2\/types\/product"}],"version-history":[{"count":1,"href":"https:\/\/filplast.pl\/fr\/wp-json\/wp\/v2\/product\/8227\/revisions"}],"predecessor-version":[{"id":8228,"href":"https:\/\/filplast.pl\/fr\/wp-json\/wp\/v2\/product\/8227\/revisions\/8228"}],"wp:featuredmedia":[{"embeddable":true,"href":"https:\/\/filplast.pl\/fr\/wp-json\/wp\/v2\/media\/1645"}],"wp:attachment":[{"href":"https:\/\/filplast.pl\/fr\/wp-json\/wp\/v2\/media?parent=8227"}],"curies":[{"name":"wp","href":"https:\/\/api.w.org\/{rel}","templated":true}]}}