{"id":8231,"date":"2021-04-14T16:44:29","date_gmt":"2021-04-14T14:44:29","guid":{"rendered":"https:\/\/filplast.pl\/produkt\/alustar-86\/"},"modified":"2021-05-17T11:54:25","modified_gmt":"2021-05-17T09:54:25","slug":"alustar-86","status":"publish","type":"product","link":"https:\/\/filplast.pl\/fr\/produit\/alustar-86\/","title":{"rendered":"AluStar 86"},"content":{"rendered":"<div id=\"modal-ready\"><p>Les profil\u00e9s Alustar 86 se distinguent par un parfaite r\u00e9sistance des profil\u00e9s. Por cette porte il est possible de monter tous les vitrages disponibles &#8211; entre autres \u00e0 deux compartiments, phoniques, anti-cambriolage et toute sorte de remplissages. Pour une commande individuelle, il est possible d&rsquo;avoir des variantes avec des param\u00e8tres d&rsquo;isolation thermique plus \u00e9lev\u00e9s.<\/p>\n<\/div>","protected":false},"excerpt":{"rendered":"<p>Une parfaite isolation thermique, une possibilit\u00e9 de cr\u00e9er une construction de grand poids et gabarits &#8211; le syst\u00e8me AluStar 86 est recommand\u00e9 pour les b\u00e2timents \u00e9conomes en \u00e9nergie et pour les projets avec extr\u00e9mments grandes portes (comme les \u00e9glises, bureaux, banques et immeubles).<\/p>\n","protected":false},"featured_media":4210,"parent":0,"menu_order":156,"template":"","class_list":["post-8231","product","type-product","status-publish","has-post-thumbnail","hentry","product-category-portes-aluminium-fr","product-category-porte-dentree","product-category-portes","product-line-goldenline-fr"],"yoast_head":"<!-- This site is optimized with the Yoast SEO plugin v24.7 - https:\/\/yoast.com\/wordpress\/plugins\/seo\/ -->\n<title>Porte ext\u00e9rieure en aluminium<\/title>\n<meta name=\"robots\" content=\"index, follow, max-snippet:-1, max-image-preview:large, max-video-preview:-1\" \/>\n<link rel=\"canonical\" href=\"https:\/\/filplast.pl\/fr\/produit\/alustar-86\/\" \/>\n<meta property=\"og:locale\" content=\"fr_FR\" \/>\n<meta property=\"og:type\" content=\"article\" \/>\n<meta property=\"og:title\" content=\"Porte ext\u00e9rieure en aluminium\" \/>\n<meta property=\"og:description\" content=\"Une parfaite isolation thermique, une possibilit\u00e9 de cr\u00e9er une construction de grand poids et gabarits - le syst\u00e8me AluStar 86 est recommand\u00e9 pour les b\u00e2timents \u00e9conomes en \u00e9nergie et pour les projets avec extr\u00e9mments grandes portes (comme les \u00e9glises, bureaux, banques et immeubles).\" \/>\n<meta property=\"og:url\" content=\"https:\/\/filplast.pl\/fr\/produit\/alustar-86\/\" \/>\n<meta property=\"og:site_name\" content=\"Filplast pour les g\u00e9n\u00e9rations\" \/>\n<meta property=\"article:publisher\" content=\"https:\/\/www.facebook.com\/filplast.firma\" \/>\n<meta property=\"article:modified_time\" content=\"2021-05-17T09:54:25+00:00\" \/>\n<meta property=\"og:image\" content=\"https:\/\/filplast.pl\/wp-content\/uploads\/2021\/02\/Drzwi-AluStar-86.png\" \/>\n\t<meta property=\"og:image:width\" content=\"2000\" \/>\n\t<meta property=\"og:image:height\" content=\"2000\" \/>\n\t<meta property=\"og:image:type\" content=\"image\/png\" \/>\n<meta name=\"twitter:card\" content=\"summary_large_image\" \/>\n<script type=\"application\/ld+json\" class=\"yoast-schema-graph\">{\"@context\":\"https:\/\/schema.org\",\"@graph\":[{\"@type\":\"WebPage\",\"@id\":\"https:\/\/filplast.pl\/fr\/produit\/alustar-86\/\",\"url\":\"https:\/\/filplast.pl\/fr\/produit\/alustar-86\/\",\"name\":\"Porte ext\u00e9rieure en aluminium\",\"isPartOf\":{\"@id\":\"https:\/\/filplast.pl\/fr\/#website\"},\"primaryImageOfPage\":{\"@id\":\"https:\/\/filplast.pl\/fr\/produit\/alustar-86\/#primaryimage\"},\"image\":{\"@id\":\"https:\/\/filplast.pl\/fr\/produit\/alustar-86\/#primaryimage\"},\"thumbnailUrl\":\"https:\/\/filplast.pl\/wp-content\/uploads\/2021\/02\/Drzwi-AluStar-86.png\",\"datePublished\":\"2021-04-14T14:44:29+00:00\",\"dateModified\":\"2021-05-17T09:54:25+00:00\",\"breadcrumb\":{\"@id\":\"https:\/\/filplast.pl\/fr\/produit\/alustar-86\/#breadcrumb\"},\"inLanguage\":\"fr-FR\",\"potentialAction\":[{\"@type\":\"ReadAction\",\"target\":[\"https:\/\/filplast.pl\/fr\/produit\/alustar-86\/\"]}]},{\"@type\":\"ImageObject\",\"inLanguage\":\"fr-FR\",\"@id\":\"https:\/\/filplast.pl\/fr\/produit\/alustar-86\/#primaryimage\",\"url\":\"https:\/\/filplast.pl\/wp-content\/uploads\/2021\/02\/Drzwi-AluStar-86.png\",\"contentUrl\":\"https:\/\/filplast.pl\/wp-content\/uploads\/2021\/02\/Drzwi-AluStar-86.png\",\"width\":2000,\"height\":2000,\"caption\":\"Porte AluStar 86\"},{\"@type\":\"BreadcrumbList\",\"@id\":\"https:\/\/filplast.pl\/fr\/produit\/alustar-86\/#breadcrumb\",\"itemListElement\":[{\"@type\":\"ListItem\",\"position\":1,\"name\":\"Home\",\"item\":\"https:\/\/filplast.pl\/fr\/\"},{\"@type\":\"ListItem\",\"position\":2,\"name\":\"Produits\",\"item\":\"https:\/\/filplast.pl\/fr\/produit\/\"},{\"@type\":\"ListItem\",\"position\":3,\"name\":\"AluStar 86\"}]},{\"@type\":\"WebSite\",\"@id\":\"https:\/\/filplast.pl\/fr\/#website\",\"url\":\"https:\/\/filplast.pl\/fr\/\",\"name\":\"Filplast pour les g\u00e9n\u00e9rations\",\"description\":\"Producent okien, drzwi i rolet\",\"publisher\":{\"@id\":\"https:\/\/filplast.pl\/fr\/#organization\"},\"potentialAction\":[{\"@type\":\"SearchAction\",\"target\":{\"@type\":\"EntryPoint\",\"urlTemplate\":\"https:\/\/filplast.pl\/fr\/?s={search_term_string}\"},\"query-input\":{\"@type\":\"PropertyValueSpecification\",\"valueRequired\":true,\"valueName\":\"search_term_string\"}}],\"inLanguage\":\"fr-FR\"},{\"@type\":\"Organization\",\"@id\":\"https:\/\/filplast.pl\/fr\/#organization\",\"name\":\"Filplast pour les g\u00e9n\u00e9rations\",\"url\":\"https:\/\/filplast.pl\/fr\/\",\"logo\":{\"@type\":\"ImageObject\",\"inLanguage\":\"fr-FR\",\"@id\":\"https:\/\/filplast.pl\/fr\/#\/schema\/logo\/image\/\",\"url\":\"https:\/\/filplast.pl\/wp-content\/uploads\/2023\/10\/favicon-filplast.png\",\"contentUrl\":\"https:\/\/filplast.pl\/wp-content\/uploads\/2023\/10\/favicon-filplast.png\",\"width\":2134,\"height\":2134,\"caption\":\"Filplast pour les g\u00e9n\u00e9rations\"},\"image\":{\"@id\":\"https:\/\/filplast.pl\/fr\/#\/schema\/logo\/image\/\"},\"sameAs\":[\"https:\/\/www.facebook.com\/filplast.firma\",\"https:\/\/pl.pinterest.com\/filplast\/\",\"https:\/\/www.youtube.com\/FILPLASTchannel\",\"https:\/\/pl.linkedin.com\/company\/filplast-sp.-z-o.o.\",\"https:\/\/www.instagram.com\/filplast\/\"]}]}<\/script>\n<!-- \/ Yoast SEO plugin. -->","yoast_head_json":{"title":"Porte ext\u00e9rieure en aluminium","robots":{"index":"index","follow":"follow","max-snippet":"max-snippet:-1","max-image-preview":"max-image-preview:large","max-video-preview":"max-video-preview:-1"},"canonical":"https:\/\/filplast.pl\/fr\/produit\/alustar-86\/","og_locale":"fr_FR","og_type":"article","og_title":"Porte ext\u00e9rieure en aluminium","og_description":"Une parfaite isolation thermique, une possibilit\u00e9 de cr\u00e9er une construction de grand poids et gabarits - le syst\u00e8me AluStar 86 est recommand\u00e9 pour les b\u00e2timents \u00e9conomes en \u00e9nergie et pour les projets avec extr\u00e9mments grandes portes (comme les \u00e9glises, bureaux, banques et immeubles).","og_url":"https:\/\/filplast.pl\/fr\/produit\/alustar-86\/","og_site_name":"Filplast pour les g\u00e9n\u00e9rations","article_publisher":"https:\/\/www.facebook.com\/filplast.firma","article_modified_time":"2021-05-17T09:54:25+00:00","og_image":[{"width":2000,"height":2000,"url":"https:\/\/filplast.pl\/wp-content\/uploads\/2021\/02\/Drzwi-AluStar-86.png","type":"image\/png"}],"twitter_card":"summary_large_image","schema":{"@context":"https:\/\/schema.org","@graph":[{"@type":"WebPage","@id":"https:\/\/filplast.pl\/fr\/produit\/alustar-86\/","url":"https:\/\/filplast.pl\/fr\/produit\/alustar-86\/","name":"Porte ext\u00e9rieure en aluminium","isPartOf":{"@id":"https:\/\/filplast.pl\/fr\/#website"},"primaryImageOfPage":{"@id":"https:\/\/filplast.pl\/fr\/produit\/alustar-86\/#primaryimage"},"image":{"@id":"https:\/\/filplast.pl\/fr\/produit\/alustar-86\/#primaryimage"},"thumbnailUrl":"https:\/\/filplast.pl\/wp-content\/uploads\/2021\/02\/Drzwi-AluStar-86.png","datePublished":"2021-04-14T14:44:29+00:00","dateModified":"2021-05-17T09:54:25+00:00","breadcrumb":{"@id":"https:\/\/filplast.pl\/fr\/produit\/alustar-86\/#breadcrumb"},"inLanguage":"fr-FR","potentialAction":[{"@type":"ReadAction","target":["https:\/\/filplast.pl\/fr\/produit\/alustar-86\/"]}]},{"@type":"ImageObject","inLanguage":"fr-FR","@id":"https:\/\/filplast.pl\/fr\/produit\/alustar-86\/#primaryimage","url":"https:\/\/filplast.pl\/wp-content\/uploads\/2021\/02\/Drzwi-AluStar-86.png","contentUrl":"https:\/\/filplast.pl\/wp-content\/uploads\/2021\/02\/Drzwi-AluStar-86.png","width":2000,"height":2000,"caption":"Porte AluStar 86"},{"@type":"BreadcrumbList","@id":"https:\/\/filplast.pl\/fr\/produit\/alustar-86\/#breadcrumb","itemListElement":[{"@type":"ListItem","position":1,"name":"Home","item":"https:\/\/filplast.pl\/fr\/"},{"@type":"ListItem","position":2,"name":"Produits","item":"https:\/\/filplast.pl\/fr\/produit\/"},{"@type":"ListItem","position":3,"name":"AluStar 86"}]},{"@type":"WebSite","@id":"https:\/\/filplast.pl\/fr\/#website","url":"https:\/\/filplast.pl\/fr\/","name":"Filplast pour les g\u00e9n\u00e9rations","description":"Producent okien, drzwi i rolet","publisher":{"@id":"https:\/\/filplast.pl\/fr\/#organization"},"potentialAction":[{"@type":"SearchAction","target":{"@type":"EntryPoint","urlTemplate":"https:\/\/filplast.pl\/fr\/?s={search_term_string}"},"query-input":{"@type":"PropertyValueSpecification","valueRequired":true,"valueName":"search_term_string"}}],"inLanguage":"fr-FR"},{"@type":"Organization","@id":"https:\/\/filplast.pl\/fr\/#organization","name":"Filplast pour les g\u00e9n\u00e9rations","url":"https:\/\/filplast.pl\/fr\/","logo":{"@type":"ImageObject","inLanguage":"fr-FR","@id":"https:\/\/filplast.pl\/fr\/#\/schema\/logo\/image\/","url":"https:\/\/filplast.pl\/wp-content\/uploads\/2023\/10\/favicon-filplast.png","contentUrl":"https:\/\/filplast.pl\/wp-content\/uploads\/2023\/10\/favicon-filplast.png","width":2134,"height":2134,"caption":"Filplast pour les g\u00e9n\u00e9rations"},"image":{"@id":"https:\/\/filplast.pl\/fr\/#\/schema\/logo\/image\/"},"sameAs":["https:\/\/www.facebook.com\/filplast.firma","https:\/\/pl.pinterest.com\/filplast\/","https:\/\/www.youtube.com\/FILPLASTchannel","https:\/\/pl.linkedin.com\/company\/filplast-sp.-z-o.o.","https:\/\/www.instagram.com\/filplast\/"]}]}},"uagb_featured_image_src":{"full":["https:\/\/filplast.pl\/wp-content\/uploads\/2021\/02\/Drzwi-AluStar-86.png",2000,2000,false],"thumbnail":["https:\/\/filplast.pl\/wp-content\/uploads\/2021\/02\/Drzwi-AluStar-86-150x150.png",150,150,true],"medium":["https:\/\/filplast.pl\/wp-content\/uploads\/2021\/02\/Drzwi-AluStar-86-300x300.png",300,300,true],"medium_large":["https:\/\/filplast.pl\/wp-content\/uploads\/2021\/02\/Drzwi-AluStar-86-768x768.png",768,768,true],"large":["https:\/\/filplast.pl\/wp-content\/uploads\/2021\/02\/Drzwi-AluStar-86-1024x1024.png",1024,1024,true],"1536x1536":["https:\/\/filplast.pl\/wp-content\/uploads\/2021\/02\/Drzwi-AluStar-86-1536x1536.png",1536,1536,true],"2048x2048":["https:\/\/filplast.pl\/wp-content\/uploads\/2021\/02\/Drzwi-AluStar-86.png",2000,2000,false],"depcore-widget-post-thumb":["https:\/\/filplast.pl\/wp-content\/uploads\/2021\/02\/Drzwi-AluStar-86-65x65.png",65,65,true],"depcore-widget-post-medium":["https:\/\/filplast.pl\/wp-content\/uploads\/2021\/02\/Drzwi-AluStar-86-280x150.png",280,150,true],"square":["https:\/\/filplast.pl\/wp-content\/uploads\/2021\/02\/Drzwi-AluStar-86-500x500.png",500,500,true],"small-square":["https:\/\/filplast.pl\/wp-content\/uploads\/2021\/02\/Drzwi-AluStar-86-250x250.png",250,250,true],"slider-image":["https:\/\/filplast.pl\/wp-content\/uploads\/2021\/02\/Drzwi-AluStar-86-1080x500.png",1080,500,true],"":["https:\/\/filplast.pl\/wp-content\/uploads\/2021\/02\/Drzwi-AluStar-86.png",250,250,false]},"uagb_author_info":{"display_name":"admin","author_link":"https:\/\/filplast.pl\/fr\/author\/"},"uagb_comment_info":0,"uagb_excerpt":"Une parfaite isolation thermique, une possibilit\u00e9 de cr\u00e9er une construction de grand poids et gabarits - le syst\u00e8me AluStar 86 est recommand\u00e9 pour les b\u00e2timents \u00e9conomes en \u00e9nergie et pour les projets avec extr\u00e9mments grandes portes (comme les \u00e9glises, bureaux, banques et immeubles).","_links":{"self":[{"href":"https:\/\/filplast.pl\/fr\/wp-json\/wp\/v2\/product\/8231","targetHints":{"allow":["GET"]}}],"collection":[{"href":"https:\/\/filplast.pl\/fr\/wp-json\/wp\/v2\/product"}],"about":[{"href":"https:\/\/filplast.pl\/fr\/wp-json\/wp\/v2\/types\/product"}],"version-history":[{"count":1,"href":"https:\/\/filplast.pl\/fr\/wp-json\/wp\/v2\/product\/8231\/revisions"}],"predecessor-version":[{"id":8232,"href":"https:\/\/filplast.pl\/fr\/wp-json\/wp\/v2\/product\/8231\/revisions\/8232"}],"wp:featuredmedia":[{"embeddable":true,"href":"https:\/\/filplast.pl\/fr\/wp-json\/wp\/v2\/media\/4210"}],"wp:attachment":[{"href":"https:\/\/filplast.pl\/fr\/wp-json\/wp\/v2\/media?parent=8231"}],"curies":[{"name":"wp","href":"https:\/\/api.w.org\/{rel}","templated":true}]}}