{"id":8244,"date":"2021-04-14T17:16:13","date_gmt":"2021-04-14T15:16:13","guid":{"rendered":"https:\/\/filplast.pl\/produkt\/climastar-slide-194-alu\/"},"modified":"2024-01-09T15:47:13","modified_gmt":"2024-01-09T14:47:13","slug":"climastar-slide-194-alu","status":"publish","type":"product","link":"https:\/\/filplast.pl\/fr\/produit\/climastar-slide-194-alu\/","title":{"rendered":"ClimaSlide 82 Motion Alu"},"content":{"rendered":"<div id=\"modal-ready\"><p>Le syst\u00e8me levat coulissant ClimaSlide 82 Motion Alu est construit \u00e0 la base du profil\u00e9 \u00e9conomique en \u00e9nergie ClimaStar 82. Il prot\u00e8ge parfaitement de la perte de chaleur.<\/p>\n<\/div>","protected":false},"excerpt":{"rendered":"<p>Parfaites propri\u00e9t\u00e9s thermiques, une haute \u00e9tanch\u00e9it\u00e9, la possibilit\u00e9 de cr\u00e9er de grandes constructions &#8211; ClimaStar Slide 194 r\u00e9pond aux attentes des utilisateurs les plus exigeants. C&rsquo;est un syst\u00e8me enrichi en capotage alu ce qui lui rend une allure alu en gardant les atouts du syst\u00e8me PVC.<\/p>\n","protected":false},"featured_media":33738,"parent":0,"menu_order":110,"template":"","class_list":["post-8244","product","type-product","status-publish","has-post-thumbnail","hentry","product-category-porte-coulissante","product-category-hst-fr-2","product-category-portes","product-line-platinumline-fr"],"yoast_head":"<!-- This site is optimized with the Yoast SEO plugin v24.7 - https:\/\/yoast.com\/wordpress\/plugins\/seo\/ -->\n<title>Porte coulissante<\/title>\n<meta name=\"robots\" content=\"index, follow, max-snippet:-1, max-image-preview:large, max-video-preview:-1\" \/>\n<link rel=\"canonical\" href=\"https:\/\/filplast.pl\/fr\/produit\/climastar-slide-194-alu\/\" \/>\n<meta property=\"og:locale\" content=\"fr_FR\" \/>\n<meta property=\"og:type\" content=\"article\" \/>\n<meta property=\"og:title\" content=\"Porte coulissante\" \/>\n<meta property=\"og:description\" content=\"Parfaites propri\u00e9t\u00e9s thermiques, une haute \u00e9tanch\u00e9it\u00e9, la possibilit\u00e9 de cr\u00e9er de grandes constructions - ClimaStar Slide 194 r\u00e9pond aux attentes des utilisateurs les plus exigeants. C&#039;est un syst\u00e8me enrichi en capotage alu ce qui lui rend une allure alu en gardant les atouts du syst\u00e8me PVC.\" \/>\n<meta property=\"og:url\" content=\"https:\/\/filplast.pl\/fr\/produit\/climastar-slide-194-alu\/\" \/>\n<meta property=\"og:site_name\" content=\"Filplast pour les g\u00e9n\u00e9rations\" \/>\n<meta property=\"article:publisher\" content=\"https:\/\/www.facebook.com\/filplast.firma\" \/>\n<meta property=\"article:modified_time\" content=\"2024-01-09T14:47:13+00:00\" \/>\n<meta property=\"og:image\" content=\"https:\/\/filplast.pl\/wp-content\/uploads\/2021\/01\/VEKAMOTION-82_ALU.jpg\" \/>\n\t<meta property=\"og:image:width\" content=\"1467\" \/>\n\t<meta property=\"og:image:height\" content=\"904\" \/>\n\t<meta property=\"og:image:type\" content=\"image\/jpeg\" \/>\n<meta name=\"twitter:card\" content=\"summary_large_image\" \/>\n<meta name=\"twitter:label1\" content=\"Dur\u00e9e de lecture estim\u00e9e\" \/>\n\t<meta name=\"twitter:data1\" content=\"1 minute\" \/>\n<script type=\"application\/ld+json\" class=\"yoast-schema-graph\">{\"@context\":\"https:\/\/schema.org\",\"@graph\":[{\"@type\":\"WebPage\",\"@id\":\"https:\/\/filplast.pl\/fr\/produit\/climastar-slide-194-alu\/\",\"url\":\"https:\/\/filplast.pl\/fr\/produit\/climastar-slide-194-alu\/\",\"name\":\"Porte coulissante\",\"isPartOf\":{\"@id\":\"https:\/\/filplast.pl\/fr\/#website\"},\"primaryImageOfPage\":{\"@id\":\"https:\/\/filplast.pl\/fr\/produit\/climastar-slide-194-alu\/#primaryimage\"},\"image\":{\"@id\":\"https:\/\/filplast.pl\/fr\/produit\/climastar-slide-194-alu\/#primaryimage\"},\"thumbnailUrl\":\"https:\/\/filplast.pl\/wp-content\/uploads\/2021\/01\/VEKAMOTION-82_ALU.jpg\",\"datePublished\":\"2021-04-14T15:16:13+00:00\",\"dateModified\":\"2024-01-09T14:47:13+00:00\",\"breadcrumb\":{\"@id\":\"https:\/\/filplast.pl\/fr\/produit\/climastar-slide-194-alu\/#breadcrumb\"},\"inLanguage\":\"fr-FR\",\"potentialAction\":[{\"@type\":\"ReadAction\",\"target\":[\"https:\/\/filplast.pl\/fr\/produit\/climastar-slide-194-alu\/\"]}]},{\"@type\":\"ImageObject\",\"inLanguage\":\"fr-FR\",\"@id\":\"https:\/\/filplast.pl\/fr\/produit\/climastar-slide-194-alu\/#primaryimage\",\"url\":\"https:\/\/filplast.pl\/wp-content\/uploads\/2021\/01\/VEKAMOTION-82_ALU.jpg\",\"contentUrl\":\"https:\/\/filplast.pl\/wp-content\/uploads\/2021\/01\/VEKAMOTION-82_ALU.jpg\",\"width\":1467,\"height\":904},{\"@type\":\"BreadcrumbList\",\"@id\":\"https:\/\/filplast.pl\/fr\/produit\/climastar-slide-194-alu\/#breadcrumb\",\"itemListElement\":[{\"@type\":\"ListItem\",\"position\":1,\"name\":\"Home\",\"item\":\"https:\/\/filplast.pl\/fr\/\"},{\"@type\":\"ListItem\",\"position\":2,\"name\":\"Produits\",\"item\":\"https:\/\/filplast.pl\/fr\/produit\/\"},{\"@type\":\"ListItem\",\"position\":3,\"name\":\"ClimaSlide 82 Motion Alu\"}]},{\"@type\":\"WebSite\",\"@id\":\"https:\/\/filplast.pl\/fr\/#website\",\"url\":\"https:\/\/filplast.pl\/fr\/\",\"name\":\"Filplast pour les g\u00e9n\u00e9rations\",\"description\":\"Producent okien, drzwi i rolet\",\"publisher\":{\"@id\":\"https:\/\/filplast.pl\/fr\/#organization\"},\"potentialAction\":[{\"@type\":\"SearchAction\",\"target\":{\"@type\":\"EntryPoint\",\"urlTemplate\":\"https:\/\/filplast.pl\/fr\/?s={search_term_string}\"},\"query-input\":{\"@type\":\"PropertyValueSpecification\",\"valueRequired\":true,\"valueName\":\"search_term_string\"}}],\"inLanguage\":\"fr-FR\"},{\"@type\":\"Organization\",\"@id\":\"https:\/\/filplast.pl\/fr\/#organization\",\"name\":\"Filplast pour les g\u00e9n\u00e9rations\",\"url\":\"https:\/\/filplast.pl\/fr\/\",\"logo\":{\"@type\":\"ImageObject\",\"inLanguage\":\"fr-FR\",\"@id\":\"https:\/\/filplast.pl\/fr\/#\/schema\/logo\/image\/\",\"url\":\"https:\/\/filplast.pl\/wp-content\/uploads\/2023\/10\/favicon-filplast.png\",\"contentUrl\":\"https:\/\/filplast.pl\/wp-content\/uploads\/2023\/10\/favicon-filplast.png\",\"width\":2134,\"height\":2134,\"caption\":\"Filplast pour les g\u00e9n\u00e9rations\"},\"image\":{\"@id\":\"https:\/\/filplast.pl\/fr\/#\/schema\/logo\/image\/\"},\"sameAs\":[\"https:\/\/www.facebook.com\/filplast.firma\",\"https:\/\/pl.pinterest.com\/filplast\/\",\"https:\/\/www.youtube.com\/FILPLASTchannel\",\"https:\/\/pl.linkedin.com\/company\/filplast-sp.-z-o.o.\",\"https:\/\/www.instagram.com\/filplast\/\"]}]}<\/script>\n<!-- \/ Yoast SEO plugin. -->","yoast_head_json":{"title":"Porte coulissante","robots":{"index":"index","follow":"follow","max-snippet":"max-snippet:-1","max-image-preview":"max-image-preview:large","max-video-preview":"max-video-preview:-1"},"canonical":"https:\/\/filplast.pl\/fr\/produit\/climastar-slide-194-alu\/","og_locale":"fr_FR","og_type":"article","og_title":"Porte coulissante","og_description":"Parfaites propri\u00e9t\u00e9s thermiques, une haute \u00e9tanch\u00e9it\u00e9, la possibilit\u00e9 de cr\u00e9er de grandes constructions - ClimaStar Slide 194 r\u00e9pond aux attentes des utilisateurs les plus exigeants. C'est un syst\u00e8me enrichi en capotage alu ce qui lui rend une allure alu en gardant les atouts du syst\u00e8me PVC.","og_url":"https:\/\/filplast.pl\/fr\/produit\/climastar-slide-194-alu\/","og_site_name":"Filplast pour les g\u00e9n\u00e9rations","article_publisher":"https:\/\/www.facebook.com\/filplast.firma","article_modified_time":"2024-01-09T14:47:13+00:00","og_image":[{"width":1467,"height":904,"url":"https:\/\/filplast.pl\/wp-content\/uploads\/2021\/01\/VEKAMOTION-82_ALU.jpg","type":"image\/jpeg"}],"twitter_card":"summary_large_image","twitter_misc":{"Dur\u00e9e de lecture estim\u00e9e":"1 minute"},"schema":{"@context":"https:\/\/schema.org","@graph":[{"@type":"WebPage","@id":"https:\/\/filplast.pl\/fr\/produit\/climastar-slide-194-alu\/","url":"https:\/\/filplast.pl\/fr\/produit\/climastar-slide-194-alu\/","name":"Porte coulissante","isPartOf":{"@id":"https:\/\/filplast.pl\/fr\/#website"},"primaryImageOfPage":{"@id":"https:\/\/filplast.pl\/fr\/produit\/climastar-slide-194-alu\/#primaryimage"},"image":{"@id":"https:\/\/filplast.pl\/fr\/produit\/climastar-slide-194-alu\/#primaryimage"},"thumbnailUrl":"https:\/\/filplast.pl\/wp-content\/uploads\/2021\/01\/VEKAMOTION-82_ALU.jpg","datePublished":"2021-04-14T15:16:13+00:00","dateModified":"2024-01-09T14:47:13+00:00","breadcrumb":{"@id":"https:\/\/filplast.pl\/fr\/produit\/climastar-slide-194-alu\/#breadcrumb"},"inLanguage":"fr-FR","potentialAction":[{"@type":"ReadAction","target":["https:\/\/filplast.pl\/fr\/produit\/climastar-slide-194-alu\/"]}]},{"@type":"ImageObject","inLanguage":"fr-FR","@id":"https:\/\/filplast.pl\/fr\/produit\/climastar-slide-194-alu\/#primaryimage","url":"https:\/\/filplast.pl\/wp-content\/uploads\/2021\/01\/VEKAMOTION-82_ALU.jpg","contentUrl":"https:\/\/filplast.pl\/wp-content\/uploads\/2021\/01\/VEKAMOTION-82_ALU.jpg","width":1467,"height":904},{"@type":"BreadcrumbList","@id":"https:\/\/filplast.pl\/fr\/produit\/climastar-slide-194-alu\/#breadcrumb","itemListElement":[{"@type":"ListItem","position":1,"name":"Home","item":"https:\/\/filplast.pl\/fr\/"},{"@type":"ListItem","position":2,"name":"Produits","item":"https:\/\/filplast.pl\/fr\/produit\/"},{"@type":"ListItem","position":3,"name":"ClimaSlide 82 Motion Alu"}]},{"@type":"WebSite","@id":"https:\/\/filplast.pl\/fr\/#website","url":"https:\/\/filplast.pl\/fr\/","name":"Filplast pour les g\u00e9n\u00e9rations","description":"Producent okien, drzwi i rolet","publisher":{"@id":"https:\/\/filplast.pl\/fr\/#organization"},"potentialAction":[{"@type":"SearchAction","target":{"@type":"EntryPoint","urlTemplate":"https:\/\/filplast.pl\/fr\/?s={search_term_string}"},"query-input":{"@type":"PropertyValueSpecification","valueRequired":true,"valueName":"search_term_string"}}],"inLanguage":"fr-FR"},{"@type":"Organization","@id":"https:\/\/filplast.pl\/fr\/#organization","name":"Filplast pour les g\u00e9n\u00e9rations","url":"https:\/\/filplast.pl\/fr\/","logo":{"@type":"ImageObject","inLanguage":"fr-FR","@id":"https:\/\/filplast.pl\/fr\/#\/schema\/logo\/image\/","url":"https:\/\/filplast.pl\/wp-content\/uploads\/2023\/10\/favicon-filplast.png","contentUrl":"https:\/\/filplast.pl\/wp-content\/uploads\/2023\/10\/favicon-filplast.png","width":2134,"height":2134,"caption":"Filplast pour les g\u00e9n\u00e9rations"},"image":{"@id":"https:\/\/filplast.pl\/fr\/#\/schema\/logo\/image\/"},"sameAs":["https:\/\/www.facebook.com\/filplast.firma","https:\/\/pl.pinterest.com\/filplast\/","https:\/\/www.youtube.com\/FILPLASTchannel","https:\/\/pl.linkedin.com\/company\/filplast-sp.-z-o.o.","https:\/\/www.instagram.com\/filplast\/"]}]}},"uagb_featured_image_src":{"full":["https:\/\/filplast.pl\/wp-content\/uploads\/2021\/01\/VEKAMOTION-82_ALU.jpg",1467,904,false],"thumbnail":["https:\/\/filplast.pl\/wp-content\/uploads\/2021\/01\/VEKAMOTION-82_ALU-150x150.jpg",150,150,true],"medium":["https:\/\/filplast.pl\/wp-content\/uploads\/2021\/01\/VEKAMOTION-82_ALU-300x185.jpg",300,185,true],"medium_large":["https:\/\/filplast.pl\/wp-content\/uploads\/2021\/01\/VEKAMOTION-82_ALU-768x473.jpg",768,473,true],"large":["https:\/\/filplast.pl\/wp-content\/uploads\/2021\/01\/VEKAMOTION-82_ALU-1024x631.jpg",1024,631,true],"1536x1536":["https:\/\/filplast.pl\/wp-content\/uploads\/2021\/01\/VEKAMOTION-82_ALU.jpg",1467,904,false],"2048x2048":["https:\/\/filplast.pl\/wp-content\/uploads\/2021\/01\/VEKAMOTION-82_ALU.jpg",1467,904,false],"depcore-widget-post-thumb":["https:\/\/filplast.pl\/wp-content\/uploads\/2021\/01\/VEKAMOTION-82_ALU-65x65.jpg",65,65,true],"depcore-widget-post-medium":["https:\/\/filplast.pl\/wp-content\/uploads\/2021\/01\/VEKAMOTION-82_ALU-280x150.jpg",280,150,true],"square":["https:\/\/filplast.pl\/wp-content\/uploads\/2021\/01\/VEKAMOTION-82_ALU-500x500.jpg",500,500,true],"small-square":["https:\/\/filplast.pl\/wp-content\/uploads\/2021\/01\/VEKAMOTION-82_ALU-250x250.jpg",250,250,true],"slider-image":["https:\/\/filplast.pl\/wp-content\/uploads\/2021\/01\/VEKAMOTION-82_ALU-1080x500.jpg",1080,500,true],"":["https:\/\/filplast.pl\/wp-content\/uploads\/2021\/01\/VEKAMOTION-82_ALU.jpg",380,234,false]},"uagb_author_info":{"display_name":"Micha\u0142 Mrukot","author_link":"https:\/\/filplast.pl\/fr\/author\/"},"uagb_comment_info":0,"uagb_excerpt":"Parfaites propri\u00e9t\u00e9s thermiques, une haute \u00e9tanch\u00e9it\u00e9, la possibilit\u00e9 de cr\u00e9er de grandes constructions - ClimaStar Slide 194 r\u00e9pond aux attentes des utilisateurs les plus exigeants. C'est un syst\u00e8me enrichi en capotage alu ce qui lui rend une allure alu en gardant les atouts du syst\u00e8me PVC.","_links":{"self":[{"href":"https:\/\/filplast.pl\/fr\/wp-json\/wp\/v2\/product\/8244","targetHints":{"allow":["GET"]}}],"collection":[{"href":"https:\/\/filplast.pl\/fr\/wp-json\/wp\/v2\/product"}],"about":[{"href":"https:\/\/filplast.pl\/fr\/wp-json\/wp\/v2\/types\/product"}],"version-history":[{"count":2,"href":"https:\/\/filplast.pl\/fr\/wp-json\/wp\/v2\/product\/8244\/revisions"}],"predecessor-version":[{"id":33781,"href":"https:\/\/filplast.pl\/fr\/wp-json\/wp\/v2\/product\/8244\/revisions\/33781"}],"wp:featuredmedia":[{"embeddable":true,"href":"https:\/\/filplast.pl\/fr\/wp-json\/wp\/v2\/media\/33738"}],"wp:attachment":[{"href":"https:\/\/filplast.pl\/fr\/wp-json\/wp\/v2\/media?parent=8244"}],"curies":[{"name":"wp","href":"https:\/\/api.w.org\/{rel}","templated":true}]}}