{"id":8312,"date":"2021-04-16T18:56:24","date_gmt":"2021-04-16T16:56:24","guid":{"rendered":"https:\/\/filplast.pl\/produkt\/climastar-82\/"},"modified":"2022-07-20T08:29:30","modified_gmt":"2022-07-20T06:29:30","slug":"climastar-82-fr","status":"publish","type":"product","link":"https:\/\/filplast.pl\/fr\/produit\/climastar-82-fr\/","title":{"rendered":"ClimaStar 82"},"content":{"rendered":"<div id=\"modal-ready\"><p>Les profil\u00e9s du syst\u00e8me ClimaStar c&rsquo;est un mod\u00e8le le plus moderne de la porte PVC. C&rsquo;est une porte de la plus haute isolation thermique et phonique. En utilisant dans le b\u00e2timent la menuiserie au syst\u00e8me apparent\u00e9 \u00e0 ClimaStar 82 il y a moins de bruit \u00e0 l&rsquo;int\u00e9rieur que si on utilisera les produits de gamme plus basse.<\/p>\n<p>&nbsp;<\/p>\n<\/div>","protected":false},"excerpt":{"rendered":"<p>La porte qui permet d&rsquo;avoir un bas niveau de perte de la chaleur peut \u00eatre facilement utilis\u00e9e pour les maisons \u00e9conomes en \u00e9nergie. Elle poss\u00e8de trois joints qui augmentent l&rsquo;isolation thermique et phonique.<\/p>\n","protected":false},"featured_media":4540,"parent":0,"menu_order":190,"template":"","class_list":["post-8312","product","type-product","status-publish","has-post-thumbnail","hentry","product-category-porte-dentree","product-category-porte-pvc","product-category-portes","product-category-porte-de-securite","product-line-platinumline-fr"],"yoast_head":"<!-- This site is optimized with the Yoast SEO plugin v24.7 - https:\/\/yoast.com\/wordpress\/plugins\/seo\/ -->\n<title>Porte d&#039;entr\u00e9e<\/title>\n<meta name=\"robots\" content=\"index, follow, max-snippet:-1, max-image-preview:large, max-video-preview:-1\" \/>\n<link rel=\"canonical\" href=\"https:\/\/filplast.pl\/fr\/produit\/climastar-82-fr\/\" \/>\n<meta property=\"og:locale\" content=\"fr_FR\" \/>\n<meta property=\"og:type\" content=\"article\" \/>\n<meta property=\"og:title\" content=\"Porte d&#039;entr\u00e9e\" \/>\n<meta property=\"og:description\" content=\"La porte qui permet d&#039;avoir un bas niveau de perte de la chaleur peut \u00eatre facilement utilis\u00e9e pour les maisons \u00e9conomes en \u00e9nergie. Elle poss\u00e8de trois joints qui augmentent l&#039;isolation thermique et phonique.\" \/>\n<meta property=\"og:url\" content=\"https:\/\/filplast.pl\/fr\/produit\/climastar-82-fr\/\" \/>\n<meta property=\"og:site_name\" content=\"Filplast pour les g\u00e9n\u00e9rations\" \/>\n<meta property=\"article:publisher\" content=\"https:\/\/www.facebook.com\/filplast.firma\" \/>\n<meta property=\"article:modified_time\" content=\"2022-07-20T06:29:30+00:00\" \/>\n<meta property=\"og:image\" content=\"https:\/\/filplast.pl\/wp-content\/uploads\/2021\/01\/Drzwi-ClimaStar-82-mini.jpg\" \/>\n\t<meta property=\"og:image:width\" content=\"1100\" \/>\n\t<meta property=\"og:image:height\" content=\"1100\" \/>\n\t<meta property=\"og:image:type\" content=\"image\/jpeg\" \/>\n<meta name=\"twitter:card\" content=\"summary_large_image\" \/>\n<meta name=\"twitter:label1\" content=\"Dur\u00e9e de lecture estim\u00e9e\" \/>\n\t<meta name=\"twitter:data1\" content=\"1 minute\" \/>\n<script type=\"application\/ld+json\" class=\"yoast-schema-graph\">{\"@context\":\"https:\/\/schema.org\",\"@graph\":[{\"@type\":\"WebPage\",\"@id\":\"https:\/\/filplast.pl\/fr\/produit\/climastar-82-fr\/\",\"url\":\"https:\/\/filplast.pl\/fr\/produit\/climastar-82-fr\/\",\"name\":\"Porte d'entr\u00e9e\",\"isPartOf\":{\"@id\":\"https:\/\/filplast.pl\/fr\/#website\"},\"primaryImageOfPage\":{\"@id\":\"https:\/\/filplast.pl\/fr\/produit\/climastar-82-fr\/#primaryimage\"},\"image\":{\"@id\":\"https:\/\/filplast.pl\/fr\/produit\/climastar-82-fr\/#primaryimage\"},\"thumbnailUrl\":\"https:\/\/filplast.pl\/wp-content\/uploads\/2021\/01\/Drzwi-ClimaStar-82-mini.jpg\",\"datePublished\":\"2021-04-16T16:56:24+00:00\",\"dateModified\":\"2022-07-20T06:29:30+00:00\",\"breadcrumb\":{\"@id\":\"https:\/\/filplast.pl\/fr\/produit\/climastar-82-fr\/#breadcrumb\"},\"inLanguage\":\"fr-FR\",\"potentialAction\":[{\"@type\":\"ReadAction\",\"target\":[\"https:\/\/filplast.pl\/fr\/produit\/climastar-82-fr\/\"]}]},{\"@type\":\"ImageObject\",\"inLanguage\":\"fr-FR\",\"@id\":\"https:\/\/filplast.pl\/fr\/produit\/climastar-82-fr\/#primaryimage\",\"url\":\"https:\/\/filplast.pl\/wp-content\/uploads\/2021\/01\/Drzwi-ClimaStar-82-mini.jpg\",\"contentUrl\":\"https:\/\/filplast.pl\/wp-content\/uploads\/2021\/01\/Drzwi-ClimaStar-82-mini.jpg\",\"width\":1100,\"height\":1100},{\"@type\":\"BreadcrumbList\",\"@id\":\"https:\/\/filplast.pl\/fr\/produit\/climastar-82-fr\/#breadcrumb\",\"itemListElement\":[{\"@type\":\"ListItem\",\"position\":1,\"name\":\"Home\",\"item\":\"https:\/\/filplast.pl\/fr\/\"},{\"@type\":\"ListItem\",\"position\":2,\"name\":\"Produits\",\"item\":\"https:\/\/filplast.pl\/fr\/produit\/\"},{\"@type\":\"ListItem\",\"position\":3,\"name\":\"ClimaStar 82\"}]},{\"@type\":\"WebSite\",\"@id\":\"https:\/\/filplast.pl\/fr\/#website\",\"url\":\"https:\/\/filplast.pl\/fr\/\",\"name\":\"Filplast pour les g\u00e9n\u00e9rations\",\"description\":\"Producent okien, drzwi i rolet\",\"publisher\":{\"@id\":\"https:\/\/filplast.pl\/fr\/#organization\"},\"potentialAction\":[{\"@type\":\"SearchAction\",\"target\":{\"@type\":\"EntryPoint\",\"urlTemplate\":\"https:\/\/filplast.pl\/fr\/?s={search_term_string}\"},\"query-input\":{\"@type\":\"PropertyValueSpecification\",\"valueRequired\":true,\"valueName\":\"search_term_string\"}}],\"inLanguage\":\"fr-FR\"},{\"@type\":\"Organization\",\"@id\":\"https:\/\/filplast.pl\/fr\/#organization\",\"name\":\"Filplast pour les g\u00e9n\u00e9rations\",\"url\":\"https:\/\/filplast.pl\/fr\/\",\"logo\":{\"@type\":\"ImageObject\",\"inLanguage\":\"fr-FR\",\"@id\":\"https:\/\/filplast.pl\/fr\/#\/schema\/logo\/image\/\",\"url\":\"https:\/\/filplast.pl\/wp-content\/uploads\/2023\/10\/favicon-filplast.png\",\"contentUrl\":\"https:\/\/filplast.pl\/wp-content\/uploads\/2023\/10\/favicon-filplast.png\",\"width\":2134,\"height\":2134,\"caption\":\"Filplast pour les g\u00e9n\u00e9rations\"},\"image\":{\"@id\":\"https:\/\/filplast.pl\/fr\/#\/schema\/logo\/image\/\"},\"sameAs\":[\"https:\/\/www.facebook.com\/filplast.firma\",\"https:\/\/pl.pinterest.com\/filplast\/\",\"https:\/\/www.youtube.com\/FILPLASTchannel\",\"https:\/\/pl.linkedin.com\/company\/filplast-sp.-z-o.o.\",\"https:\/\/www.instagram.com\/filplast\/\"]}]}<\/script>\n<!-- \/ Yoast SEO plugin. -->","yoast_head_json":{"title":"Porte d'entr\u00e9e","robots":{"index":"index","follow":"follow","max-snippet":"max-snippet:-1","max-image-preview":"max-image-preview:large","max-video-preview":"max-video-preview:-1"},"canonical":"https:\/\/filplast.pl\/fr\/produit\/climastar-82-fr\/","og_locale":"fr_FR","og_type":"article","og_title":"Porte d'entr\u00e9e","og_description":"La porte qui permet d'avoir un bas niveau de perte de la chaleur peut \u00eatre facilement utilis\u00e9e pour les maisons \u00e9conomes en \u00e9nergie. Elle poss\u00e8de trois joints qui augmentent l'isolation thermique et phonique.","og_url":"https:\/\/filplast.pl\/fr\/produit\/climastar-82-fr\/","og_site_name":"Filplast pour les g\u00e9n\u00e9rations","article_publisher":"https:\/\/www.facebook.com\/filplast.firma","article_modified_time":"2022-07-20T06:29:30+00:00","og_image":[{"width":1100,"height":1100,"url":"https:\/\/filplast.pl\/wp-content\/uploads\/2021\/01\/Drzwi-ClimaStar-82-mini.jpg","type":"image\/jpeg"}],"twitter_card":"summary_large_image","twitter_misc":{"Dur\u00e9e de lecture estim\u00e9e":"1 minute"},"schema":{"@context":"https:\/\/schema.org","@graph":[{"@type":"WebPage","@id":"https:\/\/filplast.pl\/fr\/produit\/climastar-82-fr\/","url":"https:\/\/filplast.pl\/fr\/produit\/climastar-82-fr\/","name":"Porte d'entr\u00e9e","isPartOf":{"@id":"https:\/\/filplast.pl\/fr\/#website"},"primaryImageOfPage":{"@id":"https:\/\/filplast.pl\/fr\/produit\/climastar-82-fr\/#primaryimage"},"image":{"@id":"https:\/\/filplast.pl\/fr\/produit\/climastar-82-fr\/#primaryimage"},"thumbnailUrl":"https:\/\/filplast.pl\/wp-content\/uploads\/2021\/01\/Drzwi-ClimaStar-82-mini.jpg","datePublished":"2021-04-16T16:56:24+00:00","dateModified":"2022-07-20T06:29:30+00:00","breadcrumb":{"@id":"https:\/\/filplast.pl\/fr\/produit\/climastar-82-fr\/#breadcrumb"},"inLanguage":"fr-FR","potentialAction":[{"@type":"ReadAction","target":["https:\/\/filplast.pl\/fr\/produit\/climastar-82-fr\/"]}]},{"@type":"ImageObject","inLanguage":"fr-FR","@id":"https:\/\/filplast.pl\/fr\/produit\/climastar-82-fr\/#primaryimage","url":"https:\/\/filplast.pl\/wp-content\/uploads\/2021\/01\/Drzwi-ClimaStar-82-mini.jpg","contentUrl":"https:\/\/filplast.pl\/wp-content\/uploads\/2021\/01\/Drzwi-ClimaStar-82-mini.jpg","width":1100,"height":1100},{"@type":"BreadcrumbList","@id":"https:\/\/filplast.pl\/fr\/produit\/climastar-82-fr\/#breadcrumb","itemListElement":[{"@type":"ListItem","position":1,"name":"Home","item":"https:\/\/filplast.pl\/fr\/"},{"@type":"ListItem","position":2,"name":"Produits","item":"https:\/\/filplast.pl\/fr\/produit\/"},{"@type":"ListItem","position":3,"name":"ClimaStar 82"}]},{"@type":"WebSite","@id":"https:\/\/filplast.pl\/fr\/#website","url":"https:\/\/filplast.pl\/fr\/","name":"Filplast pour les g\u00e9n\u00e9rations","description":"Producent okien, drzwi i rolet","publisher":{"@id":"https:\/\/filplast.pl\/fr\/#organization"},"potentialAction":[{"@type":"SearchAction","target":{"@type":"EntryPoint","urlTemplate":"https:\/\/filplast.pl\/fr\/?s={search_term_string}"},"query-input":{"@type":"PropertyValueSpecification","valueRequired":true,"valueName":"search_term_string"}}],"inLanguage":"fr-FR"},{"@type":"Organization","@id":"https:\/\/filplast.pl\/fr\/#organization","name":"Filplast pour les g\u00e9n\u00e9rations","url":"https:\/\/filplast.pl\/fr\/","logo":{"@type":"ImageObject","inLanguage":"fr-FR","@id":"https:\/\/filplast.pl\/fr\/#\/schema\/logo\/image\/","url":"https:\/\/filplast.pl\/wp-content\/uploads\/2023\/10\/favicon-filplast.png","contentUrl":"https:\/\/filplast.pl\/wp-content\/uploads\/2023\/10\/favicon-filplast.png","width":2134,"height":2134,"caption":"Filplast pour les g\u00e9n\u00e9rations"},"image":{"@id":"https:\/\/filplast.pl\/fr\/#\/schema\/logo\/image\/"},"sameAs":["https:\/\/www.facebook.com\/filplast.firma","https:\/\/pl.pinterest.com\/filplast\/","https:\/\/www.youtube.com\/FILPLASTchannel","https:\/\/pl.linkedin.com\/company\/filplast-sp.-z-o.o.","https:\/\/www.instagram.com\/filplast\/"]}]}},"uagb_featured_image_src":{"full":["https:\/\/filplast.pl\/wp-content\/uploads\/2021\/01\/Drzwi-ClimaStar-82-mini.jpg",1100,1100,false],"thumbnail":["https:\/\/filplast.pl\/wp-content\/uploads\/2021\/01\/Drzwi-ClimaStar-82-mini-150x150.jpg",150,150,true],"medium":["https:\/\/filplast.pl\/wp-content\/uploads\/2021\/01\/Drzwi-ClimaStar-82-mini-300x300.jpg",300,300,true],"medium_large":["https:\/\/filplast.pl\/wp-content\/uploads\/2021\/01\/Drzwi-ClimaStar-82-mini-768x768.jpg",768,768,true],"large":["https:\/\/filplast.pl\/wp-content\/uploads\/2021\/01\/Drzwi-ClimaStar-82-mini-1024x1024.jpg",1024,1024,true],"1536x1536":["https:\/\/filplast.pl\/wp-content\/uploads\/2021\/01\/Drzwi-ClimaStar-82-mini.jpg",1100,1100,false],"2048x2048":["https:\/\/filplast.pl\/wp-content\/uploads\/2021\/01\/Drzwi-ClimaStar-82-mini.jpg",1100,1100,false],"depcore-widget-post-thumb":["https:\/\/filplast.pl\/wp-content\/uploads\/2021\/01\/Drzwi-ClimaStar-82-mini-65x65.jpg",65,65,true],"depcore-widget-post-medium":["https:\/\/filplast.pl\/wp-content\/uploads\/2021\/01\/Drzwi-ClimaStar-82-mini-280x150.jpg",280,150,true],"square":["https:\/\/filplast.pl\/wp-content\/uploads\/2021\/01\/Drzwi-ClimaStar-82-mini-500x500.jpg",500,500,true],"small-square":["https:\/\/filplast.pl\/wp-content\/uploads\/2021\/01\/Drzwi-ClimaStar-82-mini-250x250.jpg",250,250,true],"slider-image":["https:\/\/filplast.pl\/wp-content\/uploads\/2021\/01\/Drzwi-ClimaStar-82-mini-1080x500.jpg",1080,500,true],"":["https:\/\/filplast.pl\/wp-content\/uploads\/2021\/01\/Drzwi-ClimaStar-82-mini.jpg",250,250,false]},"uagb_author_info":{"display_name":"Agnieszka Losor","author_link":"https:\/\/filplast.pl\/fr\/author\/"},"uagb_comment_info":0,"uagb_excerpt":"La porte qui permet d'avoir un bas niveau de perte de la chaleur peut \u00eatre facilement utilis\u00e9e pour les maisons \u00e9conomes en \u00e9nergie. Elle poss\u00e8de trois joints qui augmentent l'isolation thermique et phonique.","_links":{"self":[{"href":"https:\/\/filplast.pl\/fr\/wp-json\/wp\/v2\/product\/8312","targetHints":{"allow":["GET"]}}],"collection":[{"href":"https:\/\/filplast.pl\/fr\/wp-json\/wp\/v2\/product"}],"about":[{"href":"https:\/\/filplast.pl\/fr\/wp-json\/wp\/v2\/types\/product"}],"version-history":[{"count":1,"href":"https:\/\/filplast.pl\/fr\/wp-json\/wp\/v2\/product\/8312\/revisions"}],"predecessor-version":[{"id":8313,"href":"https:\/\/filplast.pl\/fr\/wp-json\/wp\/v2\/product\/8312\/revisions\/8313"}],"wp:featuredmedia":[{"embeddable":true,"href":"https:\/\/filplast.pl\/fr\/wp-json\/wp\/v2\/media\/4540"}],"wp:attachment":[{"href":"https:\/\/filplast.pl\/fr\/wp-json\/wp\/v2\/media?parent=8312"}],"curies":[{"name":"wp","href":"https:\/\/api.w.org\/{rel}","templated":true}]}}