{"id":8314,"date":"2021-04-16T19:05:07","date_gmt":"2021-04-16T17:05:07","guid":{"rendered":"https:\/\/filplast.pl\/produkt\/climastar-82-alu\/"},"modified":"2021-05-17T11:11:51","modified_gmt":"2021-05-17T09:11:51","slug":"climastar-82-alu","status":"publish","type":"product","link":"https:\/\/filplast.pl\/fr\/produit\/climastar-82-alu\/","title":{"rendered":"ClimaStar 82 Alu"},"content":{"rendered":"<div id=\"modal-ready\"><p>Dans ce syst\u00e8me on utilise trois joints qui augmentent l&rsquo;isolation thermique et phonique et limitent l&rsquo;acc\u00e8s des sons d&rsquo;ext\u00e9rieur \u00e0 l&rsquo;int\u00e9rieur du b\u00e2timent.<\/p>\n<\/div>","protected":false},"excerpt":{"rendered":"<p>La porte ClimaStar 82 Alu permet d&rsquo;avoir un taux bas de la perte de la chaleur et peut \u00eatre utilis\u00e9e dans les maisons \u00e9conomes en \u00e9nergie. Cette porte ressemble au syst\u00e8me en aluminium en gardant les atouts de la porte PVC.<\/p>\n","protected":false},"featured_media":4546,"parent":0,"menu_order":126,"template":"","class_list":["post-8314","product","type-product","status-publish","has-post-thumbnail","hentry","product-category-porte-dentree","product-category-porte-pvc","product-category-portes","product-line-platinumline-fr"],"yoast_head":"<!-- This site is optimized with the Yoast SEO plugin v24.7 - https:\/\/yoast.com\/wordpress\/plugins\/seo\/ -->\n<title>Porte en aluminium<\/title>\n<meta name=\"robots\" content=\"index, follow, max-snippet:-1, max-image-preview:large, max-video-preview:-1\" \/>\n<link rel=\"canonical\" href=\"https:\/\/filplast.pl\/fr\/produit\/climastar-82-alu\/\" \/>\n<meta property=\"og:locale\" content=\"fr_FR\" \/>\n<meta property=\"og:type\" content=\"article\" \/>\n<meta property=\"og:title\" content=\"Porte en aluminium\" \/>\n<meta property=\"og:description\" content=\"La porte ClimaStar 82 Alu permet d&#039;avoir un taux bas de la perte de la chaleur et peut \u00eatre utilis\u00e9e dans les maisons \u00e9conomes en \u00e9nergie. Cette porte ressemble au syst\u00e8me en aluminium en gardant les atouts de la porte PVC.\" \/>\n<meta property=\"og:url\" content=\"https:\/\/filplast.pl\/fr\/produit\/climastar-82-alu\/\" \/>\n<meta property=\"og:site_name\" content=\"Filplast pour les g\u00e9n\u00e9rations\" \/>\n<meta property=\"article:publisher\" content=\"https:\/\/www.facebook.com\/filplast.firma\" \/>\n<meta property=\"article:modified_time\" content=\"2021-05-17T09:11:51+00:00\" \/>\n<meta property=\"og:image\" content=\"https:\/\/filplast.pl\/wp-content\/uploads\/2021\/01\/Drzwi-ClimaStar-82-Alu-mini.jpg\" \/>\n\t<meta property=\"og:image:width\" content=\"1100\" \/>\n\t<meta property=\"og:image:height\" content=\"1099\" \/>\n\t<meta property=\"og:image:type\" content=\"image\/jpeg\" \/>\n<meta name=\"twitter:card\" content=\"summary_large_image\" \/>\n<script type=\"application\/ld+json\" class=\"yoast-schema-graph\">{\"@context\":\"https:\/\/schema.org\",\"@graph\":[{\"@type\":\"WebPage\",\"@id\":\"https:\/\/filplast.pl\/fr\/produit\/climastar-82-alu\/\",\"url\":\"https:\/\/filplast.pl\/fr\/produit\/climastar-82-alu\/\",\"name\":\"Porte en aluminium\",\"isPartOf\":{\"@id\":\"https:\/\/filplast.pl\/fr\/#website\"},\"primaryImageOfPage\":{\"@id\":\"https:\/\/filplast.pl\/fr\/produit\/climastar-82-alu\/#primaryimage\"},\"image\":{\"@id\":\"https:\/\/filplast.pl\/fr\/produit\/climastar-82-alu\/#primaryimage\"},\"thumbnailUrl\":\"https:\/\/filplast.pl\/wp-content\/uploads\/2021\/01\/Drzwi-ClimaStar-82-Alu-mini.jpg\",\"datePublished\":\"2021-04-16T17:05:07+00:00\",\"dateModified\":\"2021-05-17T09:11:51+00:00\",\"breadcrumb\":{\"@id\":\"https:\/\/filplast.pl\/fr\/produit\/climastar-82-alu\/#breadcrumb\"},\"inLanguage\":\"fr-FR\",\"potentialAction\":[{\"@type\":\"ReadAction\",\"target\":[\"https:\/\/filplast.pl\/fr\/produit\/climastar-82-alu\/\"]}]},{\"@type\":\"ImageObject\",\"inLanguage\":\"fr-FR\",\"@id\":\"https:\/\/filplast.pl\/fr\/produit\/climastar-82-alu\/#primaryimage\",\"url\":\"https:\/\/filplast.pl\/wp-content\/uploads\/2021\/01\/Drzwi-ClimaStar-82-Alu-mini.jpg\",\"contentUrl\":\"https:\/\/filplast.pl\/wp-content\/uploads\/2021\/01\/Drzwi-ClimaStar-82-Alu-mini.jpg\",\"width\":1100,\"height\":1099},{\"@type\":\"BreadcrumbList\",\"@id\":\"https:\/\/filplast.pl\/fr\/produit\/climastar-82-alu\/#breadcrumb\",\"itemListElement\":[{\"@type\":\"ListItem\",\"position\":1,\"name\":\"Home\",\"item\":\"https:\/\/filplast.pl\/fr\/\"},{\"@type\":\"ListItem\",\"position\":2,\"name\":\"Produits\",\"item\":\"https:\/\/filplast.pl\/fr\/produit\/\"},{\"@type\":\"ListItem\",\"position\":3,\"name\":\"ClimaStar 82 Alu\"}]},{\"@type\":\"WebSite\",\"@id\":\"https:\/\/filplast.pl\/fr\/#website\",\"url\":\"https:\/\/filplast.pl\/fr\/\",\"name\":\"Filplast pour les g\u00e9n\u00e9rations\",\"description\":\"Producent okien, drzwi i rolet\",\"publisher\":{\"@id\":\"https:\/\/filplast.pl\/fr\/#organization\"},\"potentialAction\":[{\"@type\":\"SearchAction\",\"target\":{\"@type\":\"EntryPoint\",\"urlTemplate\":\"https:\/\/filplast.pl\/fr\/?s={search_term_string}\"},\"query-input\":{\"@type\":\"PropertyValueSpecification\",\"valueRequired\":true,\"valueName\":\"search_term_string\"}}],\"inLanguage\":\"fr-FR\"},{\"@type\":\"Organization\",\"@id\":\"https:\/\/filplast.pl\/fr\/#organization\",\"name\":\"Filplast pour les g\u00e9n\u00e9rations\",\"url\":\"https:\/\/filplast.pl\/fr\/\",\"logo\":{\"@type\":\"ImageObject\",\"inLanguage\":\"fr-FR\",\"@id\":\"https:\/\/filplast.pl\/fr\/#\/schema\/logo\/image\/\",\"url\":\"https:\/\/filplast.pl\/wp-content\/uploads\/2023\/10\/favicon-filplast.png\",\"contentUrl\":\"https:\/\/filplast.pl\/wp-content\/uploads\/2023\/10\/favicon-filplast.png\",\"width\":2134,\"height\":2134,\"caption\":\"Filplast pour les g\u00e9n\u00e9rations\"},\"image\":{\"@id\":\"https:\/\/filplast.pl\/fr\/#\/schema\/logo\/image\/\"},\"sameAs\":[\"https:\/\/www.facebook.com\/filplast.firma\",\"https:\/\/pl.pinterest.com\/filplast\/\",\"https:\/\/www.youtube.com\/FILPLASTchannel\",\"https:\/\/pl.linkedin.com\/company\/filplast-sp.-z-o.o.\",\"https:\/\/www.instagram.com\/filplast\/\"]}]}<\/script>\n<!-- \/ Yoast SEO plugin. -->","yoast_head_json":{"title":"Porte en aluminium","robots":{"index":"index","follow":"follow","max-snippet":"max-snippet:-1","max-image-preview":"max-image-preview:large","max-video-preview":"max-video-preview:-1"},"canonical":"https:\/\/filplast.pl\/fr\/produit\/climastar-82-alu\/","og_locale":"fr_FR","og_type":"article","og_title":"Porte en aluminium","og_description":"La porte ClimaStar 82 Alu permet d'avoir un taux bas de la perte de la chaleur et peut \u00eatre utilis\u00e9e dans les maisons \u00e9conomes en \u00e9nergie. Cette porte ressemble au syst\u00e8me en aluminium en gardant les atouts de la porte PVC.","og_url":"https:\/\/filplast.pl\/fr\/produit\/climastar-82-alu\/","og_site_name":"Filplast pour les g\u00e9n\u00e9rations","article_publisher":"https:\/\/www.facebook.com\/filplast.firma","article_modified_time":"2021-05-17T09:11:51+00:00","og_image":[{"width":1100,"height":1099,"url":"https:\/\/filplast.pl\/wp-content\/uploads\/2021\/01\/Drzwi-ClimaStar-82-Alu-mini.jpg","type":"image\/jpeg"}],"twitter_card":"summary_large_image","schema":{"@context":"https:\/\/schema.org","@graph":[{"@type":"WebPage","@id":"https:\/\/filplast.pl\/fr\/produit\/climastar-82-alu\/","url":"https:\/\/filplast.pl\/fr\/produit\/climastar-82-alu\/","name":"Porte en aluminium","isPartOf":{"@id":"https:\/\/filplast.pl\/fr\/#website"},"primaryImageOfPage":{"@id":"https:\/\/filplast.pl\/fr\/produit\/climastar-82-alu\/#primaryimage"},"image":{"@id":"https:\/\/filplast.pl\/fr\/produit\/climastar-82-alu\/#primaryimage"},"thumbnailUrl":"https:\/\/filplast.pl\/wp-content\/uploads\/2021\/01\/Drzwi-ClimaStar-82-Alu-mini.jpg","datePublished":"2021-04-16T17:05:07+00:00","dateModified":"2021-05-17T09:11:51+00:00","breadcrumb":{"@id":"https:\/\/filplast.pl\/fr\/produit\/climastar-82-alu\/#breadcrumb"},"inLanguage":"fr-FR","potentialAction":[{"@type":"ReadAction","target":["https:\/\/filplast.pl\/fr\/produit\/climastar-82-alu\/"]}]},{"@type":"ImageObject","inLanguage":"fr-FR","@id":"https:\/\/filplast.pl\/fr\/produit\/climastar-82-alu\/#primaryimage","url":"https:\/\/filplast.pl\/wp-content\/uploads\/2021\/01\/Drzwi-ClimaStar-82-Alu-mini.jpg","contentUrl":"https:\/\/filplast.pl\/wp-content\/uploads\/2021\/01\/Drzwi-ClimaStar-82-Alu-mini.jpg","width":1100,"height":1099},{"@type":"BreadcrumbList","@id":"https:\/\/filplast.pl\/fr\/produit\/climastar-82-alu\/#breadcrumb","itemListElement":[{"@type":"ListItem","position":1,"name":"Home","item":"https:\/\/filplast.pl\/fr\/"},{"@type":"ListItem","position":2,"name":"Produits","item":"https:\/\/filplast.pl\/fr\/produit\/"},{"@type":"ListItem","position":3,"name":"ClimaStar 82 Alu"}]},{"@type":"WebSite","@id":"https:\/\/filplast.pl\/fr\/#website","url":"https:\/\/filplast.pl\/fr\/","name":"Filplast pour les g\u00e9n\u00e9rations","description":"Producent okien, drzwi i rolet","publisher":{"@id":"https:\/\/filplast.pl\/fr\/#organization"},"potentialAction":[{"@type":"SearchAction","target":{"@type":"EntryPoint","urlTemplate":"https:\/\/filplast.pl\/fr\/?s={search_term_string}"},"query-input":{"@type":"PropertyValueSpecification","valueRequired":true,"valueName":"search_term_string"}}],"inLanguage":"fr-FR"},{"@type":"Organization","@id":"https:\/\/filplast.pl\/fr\/#organization","name":"Filplast pour les g\u00e9n\u00e9rations","url":"https:\/\/filplast.pl\/fr\/","logo":{"@type":"ImageObject","inLanguage":"fr-FR","@id":"https:\/\/filplast.pl\/fr\/#\/schema\/logo\/image\/","url":"https:\/\/filplast.pl\/wp-content\/uploads\/2023\/10\/favicon-filplast.png","contentUrl":"https:\/\/filplast.pl\/wp-content\/uploads\/2023\/10\/favicon-filplast.png","width":2134,"height":2134,"caption":"Filplast pour les g\u00e9n\u00e9rations"},"image":{"@id":"https:\/\/filplast.pl\/fr\/#\/schema\/logo\/image\/"},"sameAs":["https:\/\/www.facebook.com\/filplast.firma","https:\/\/pl.pinterest.com\/filplast\/","https:\/\/www.youtube.com\/FILPLASTchannel","https:\/\/pl.linkedin.com\/company\/filplast-sp.-z-o.o.","https:\/\/www.instagram.com\/filplast\/"]}]}},"uagb_featured_image_src":{"full":["https:\/\/filplast.pl\/wp-content\/uploads\/2021\/01\/Drzwi-ClimaStar-82-Alu-mini.jpg",1100,1099,false],"thumbnail":["https:\/\/filplast.pl\/wp-content\/uploads\/2021\/01\/Drzwi-ClimaStar-82-Alu-mini-150x150.jpg",150,150,true],"medium":["https:\/\/filplast.pl\/wp-content\/uploads\/2021\/01\/Drzwi-ClimaStar-82-Alu-mini-300x300.jpg",300,300,true],"medium_large":["https:\/\/filplast.pl\/wp-content\/uploads\/2021\/01\/Drzwi-ClimaStar-82-Alu-mini-768x767.jpg",768,767,true],"large":["https:\/\/filplast.pl\/wp-content\/uploads\/2021\/01\/Drzwi-ClimaStar-82-Alu-mini-1024x1024.jpg",1024,1024,true],"1536x1536":["https:\/\/filplast.pl\/wp-content\/uploads\/2021\/01\/Drzwi-ClimaStar-82-Alu-mini.jpg",1100,1099,false],"2048x2048":["https:\/\/filplast.pl\/wp-content\/uploads\/2021\/01\/Drzwi-ClimaStar-82-Alu-mini.jpg",1100,1099,false],"depcore-widget-post-thumb":["https:\/\/filplast.pl\/wp-content\/uploads\/2021\/01\/Drzwi-ClimaStar-82-Alu-mini-65x65.jpg",65,65,true],"depcore-widget-post-medium":["https:\/\/filplast.pl\/wp-content\/uploads\/2021\/01\/Drzwi-ClimaStar-82-Alu-mini-280x150.jpg",280,150,true],"square":["https:\/\/filplast.pl\/wp-content\/uploads\/2021\/01\/Drzwi-ClimaStar-82-Alu-mini-500x500.jpg",500,500,true],"small-square":["https:\/\/filplast.pl\/wp-content\/uploads\/2021\/01\/Drzwi-ClimaStar-82-Alu-mini-250x250.jpg",250,250,true],"slider-image":["https:\/\/filplast.pl\/wp-content\/uploads\/2021\/01\/Drzwi-ClimaStar-82-Alu-mini-1080x500.jpg",1080,500,true],"":["https:\/\/filplast.pl\/wp-content\/uploads\/2021\/01\/Drzwi-ClimaStar-82-Alu-mini.jpg",250,250,false]},"uagb_author_info":{"display_name":"admin","author_link":"https:\/\/filplast.pl\/fr\/author\/"},"uagb_comment_info":0,"uagb_excerpt":"La porte ClimaStar 82 Alu permet d'avoir un taux bas de la perte de la chaleur et peut \u00eatre utilis\u00e9e dans les maisons \u00e9conomes en \u00e9nergie. Cette porte ressemble au syst\u00e8me en aluminium en gardant les atouts de la porte PVC.","_links":{"self":[{"href":"https:\/\/filplast.pl\/fr\/wp-json\/wp\/v2\/product\/8314","targetHints":{"allow":["GET"]}}],"collection":[{"href":"https:\/\/filplast.pl\/fr\/wp-json\/wp\/v2\/product"}],"about":[{"href":"https:\/\/filplast.pl\/fr\/wp-json\/wp\/v2\/types\/product"}],"version-history":[{"count":1,"href":"https:\/\/filplast.pl\/fr\/wp-json\/wp\/v2\/product\/8314\/revisions"}],"predecessor-version":[{"id":8315,"href":"https:\/\/filplast.pl\/fr\/wp-json\/wp\/v2\/product\/8314\/revisions\/8315"}],"wp:featuredmedia":[{"embeddable":true,"href":"https:\/\/filplast.pl\/fr\/wp-json\/wp\/v2\/media\/4546"}],"wp:attachment":[{"href":"https:\/\/filplast.pl\/fr\/wp-json\/wp\/v2\/media?parent=8314"}],"curies":[{"name":"wp","href":"https:\/\/api.w.org\/{rel}","templated":true}]}}