{"id":8329,"date":"2021-04-18T15:31:24","date_gmt":"2021-04-18T13:31:24","guid":{"rendered":"https:\/\/filplast.pl\/produkt\/lpu-67-thermo\/"},"modified":"2021-05-17T19:23:07","modified_gmt":"2021-05-17T17:23:07","slug":"lpu-67-thermo","status":"publish","type":"product","link":"https:\/\/filplast.pl\/fr\/produit\/lpu-67-thermo\/","title":{"rendered":"LPU 67 Thermo"},"content":{"rendered":"<div id=\"modal-ready\"><p>La porte de garage la plus chaude entre celles disponibles dans notre offre. Nous la recommandons avant tout aux garages o\u00f9 les murs ont \u00e9t\u00e9 calorifug\u00e9s. Elle est construite des segments de 67 mm d&rsquo;\u00e9paisseur avec une cale thermique. Le segment du bas poss\u00e8de un double joint de seuil qui augmente le niveau d&rsquo;isolation de la pi\u00e8ce.<\/p>\n<\/div>","protected":false},"excerpt":{"rendered":"<p>L&rsquo;\u00e9paisseur des segments de la porte de garage LPU 67 Thermo passe jusqu&rsquo;\u00e0 67 mm et elle est gard\u00e9e sur leur totalit\u00e9. Cette porte est \u00e9quip\u00e9e en double joint sur les liaisons des segments, un double joint du seuil et en triple renforcement des plaques sous les raccords. En plus, elle est \u00e9quip\u00e9e en capteur d&rsquo;humidit\u00e9 qui r\u00e8gle la ventilation de la pi\u00e8ce m\u00eame si la porte est ferm\u00e9e. La porte de garage PU 67 Thermo est recommand\u00e9e pour les constructions \u00e9conomes en \u00e9nergie. <\/p>\n","protected":false},"featured_media":2005,"parent":0,"menu_order":279,"template":"","class_list":["post-8329","product","type-product","status-publish","has-post-thumbnail","hentry","product-category-porte-de-garage","product-category-portes-de-garage-sectionnelles","product-line-platinumline-fr"],"yoast_head":"<!-- This site is optimized with the Yoast SEO plugin v24.7 - https:\/\/yoast.com\/wordpress\/plugins\/seo\/ -->\n<title>Porte de garage sectionnelle<\/title>\n<meta name=\"robots\" content=\"index, follow, max-snippet:-1, max-image-preview:large, max-video-preview:-1\" \/>\n<link rel=\"canonical\" href=\"https:\/\/filplast.pl\/fr\/produit\/lpu-67-thermo\/\" \/>\n<meta property=\"og:locale\" content=\"fr_FR\" \/>\n<meta property=\"og:type\" content=\"article\" \/>\n<meta property=\"og:title\" content=\"Porte de garage sectionnelle\" \/>\n<meta property=\"og:description\" content=\"L&#039;\u00e9paisseur des segments de la porte de garage LPU 67 Thermo passe jusqu&#039;\u00e0 67 mm et elle est gard\u00e9e sur leur totalit\u00e9. Cette porte est \u00e9quip\u00e9e en double joint sur les liaisons des segments, un double joint du seuil et en triple renforcement des plaques sous les raccords. En plus, elle est \u00e9quip\u00e9e en capteur d&#039;humidit\u00e9 qui r\u00e8gle la ventilation de la pi\u00e8ce m\u00eame si la porte est ferm\u00e9e. La porte de garage PU 67 Thermo est recommand\u00e9e pour les constructions \u00e9conomes en \u00e9nergie.\" \/>\n<meta property=\"og:url\" content=\"https:\/\/filplast.pl\/fr\/produit\/lpu-67-thermo\/\" \/>\n<meta property=\"og:site_name\" content=\"Filplast pour les g\u00e9n\u00e9rations\" \/>\n<meta property=\"article:publisher\" content=\"https:\/\/www.facebook.com\/filplast.firma\" \/>\n<meta property=\"article:modified_time\" content=\"2021-05-17T17:23:07+00:00\" \/>\n<meta property=\"og:image\" content=\"https:\/\/filplast.pl\/wp-content\/uploads\/2021\/01\/Bramy-LPU-67-Thermo.png\" \/>\n\t<meta property=\"og:image:width\" content=\"1067\" \/>\n\t<meta property=\"og:image:height\" content=\"1067\" \/>\n\t<meta property=\"og:image:type\" content=\"image\/png\" \/>\n<meta name=\"twitter:card\" content=\"summary_large_image\" \/>\n<script type=\"application\/ld+json\" class=\"yoast-schema-graph\">{\"@context\":\"https:\/\/schema.org\",\"@graph\":[{\"@type\":\"WebPage\",\"@id\":\"https:\/\/filplast.pl\/fr\/produit\/lpu-67-thermo\/\",\"url\":\"https:\/\/filplast.pl\/fr\/produit\/lpu-67-thermo\/\",\"name\":\"Porte de garage sectionnelle\",\"isPartOf\":{\"@id\":\"https:\/\/filplast.pl\/fr\/#website\"},\"primaryImageOfPage\":{\"@id\":\"https:\/\/filplast.pl\/fr\/produit\/lpu-67-thermo\/#primaryimage\"},\"image\":{\"@id\":\"https:\/\/filplast.pl\/fr\/produit\/lpu-67-thermo\/#primaryimage\"},\"thumbnailUrl\":\"https:\/\/filplast.pl\/wp-content\/uploads\/2021\/01\/Bramy-LPU-67-Thermo.png\",\"datePublished\":\"2021-04-18T13:31:24+00:00\",\"dateModified\":\"2021-05-17T17:23:07+00:00\",\"breadcrumb\":{\"@id\":\"https:\/\/filplast.pl\/fr\/produit\/lpu-67-thermo\/#breadcrumb\"},\"inLanguage\":\"fr-FR\",\"potentialAction\":[{\"@type\":\"ReadAction\",\"target\":[\"https:\/\/filplast.pl\/fr\/produit\/lpu-67-thermo\/\"]}]},{\"@type\":\"ImageObject\",\"inLanguage\":\"fr-FR\",\"@id\":\"https:\/\/filplast.pl\/fr\/produit\/lpu-67-thermo\/#primaryimage\",\"url\":\"https:\/\/filplast.pl\/wp-content\/uploads\/2021\/01\/Bramy-LPU-67-Thermo.png\",\"contentUrl\":\"https:\/\/filplast.pl\/wp-content\/uploads\/2021\/01\/Bramy-LPU-67-Thermo.png\",\"width\":1067,\"height\":1067},{\"@type\":\"BreadcrumbList\",\"@id\":\"https:\/\/filplast.pl\/fr\/produit\/lpu-67-thermo\/#breadcrumb\",\"itemListElement\":[{\"@type\":\"ListItem\",\"position\":1,\"name\":\"Home\",\"item\":\"https:\/\/filplast.pl\/fr\/\"},{\"@type\":\"ListItem\",\"position\":2,\"name\":\"Produits\",\"item\":\"https:\/\/filplast.pl\/fr\/produit\/\"},{\"@type\":\"ListItem\",\"position\":3,\"name\":\"LPU 67 Thermo\"}]},{\"@type\":\"WebSite\",\"@id\":\"https:\/\/filplast.pl\/fr\/#website\",\"url\":\"https:\/\/filplast.pl\/fr\/\",\"name\":\"Filplast pour les g\u00e9n\u00e9rations\",\"description\":\"Producent okien, drzwi i rolet\",\"publisher\":{\"@id\":\"https:\/\/filplast.pl\/fr\/#organization\"},\"potentialAction\":[{\"@type\":\"SearchAction\",\"target\":{\"@type\":\"EntryPoint\",\"urlTemplate\":\"https:\/\/filplast.pl\/fr\/?s={search_term_string}\"},\"query-input\":{\"@type\":\"PropertyValueSpecification\",\"valueRequired\":true,\"valueName\":\"search_term_string\"}}],\"inLanguage\":\"fr-FR\"},{\"@type\":\"Organization\",\"@id\":\"https:\/\/filplast.pl\/fr\/#organization\",\"name\":\"Filplast pour les g\u00e9n\u00e9rations\",\"url\":\"https:\/\/filplast.pl\/fr\/\",\"logo\":{\"@type\":\"ImageObject\",\"inLanguage\":\"fr-FR\",\"@id\":\"https:\/\/filplast.pl\/fr\/#\/schema\/logo\/image\/\",\"url\":\"https:\/\/filplast.pl\/wp-content\/uploads\/2023\/10\/favicon-filplast.png\",\"contentUrl\":\"https:\/\/filplast.pl\/wp-content\/uploads\/2023\/10\/favicon-filplast.png\",\"width\":2134,\"height\":2134,\"caption\":\"Filplast pour les g\u00e9n\u00e9rations\"},\"image\":{\"@id\":\"https:\/\/filplast.pl\/fr\/#\/schema\/logo\/image\/\"},\"sameAs\":[\"https:\/\/www.facebook.com\/filplast.firma\",\"https:\/\/pl.pinterest.com\/filplast\/\",\"https:\/\/www.youtube.com\/FILPLASTchannel\",\"https:\/\/pl.linkedin.com\/company\/filplast-sp.-z-o.o.\",\"https:\/\/www.instagram.com\/filplast\/\"]}]}<\/script>\n<!-- \/ Yoast SEO plugin. -->","yoast_head_json":{"title":"Porte de garage sectionnelle","robots":{"index":"index","follow":"follow","max-snippet":"max-snippet:-1","max-image-preview":"max-image-preview:large","max-video-preview":"max-video-preview:-1"},"canonical":"https:\/\/filplast.pl\/fr\/produit\/lpu-67-thermo\/","og_locale":"fr_FR","og_type":"article","og_title":"Porte de garage sectionnelle","og_description":"L'\u00e9paisseur des segments de la porte de garage LPU 67 Thermo passe jusqu'\u00e0 67 mm et elle est gard\u00e9e sur leur totalit\u00e9. Cette porte est \u00e9quip\u00e9e en double joint sur les liaisons des segments, un double joint du seuil et en triple renforcement des plaques sous les raccords. En plus, elle est \u00e9quip\u00e9e en capteur d'humidit\u00e9 qui r\u00e8gle la ventilation de la pi\u00e8ce m\u00eame si la porte est ferm\u00e9e. La porte de garage PU 67 Thermo est recommand\u00e9e pour les constructions \u00e9conomes en \u00e9nergie.","og_url":"https:\/\/filplast.pl\/fr\/produit\/lpu-67-thermo\/","og_site_name":"Filplast pour les g\u00e9n\u00e9rations","article_publisher":"https:\/\/www.facebook.com\/filplast.firma","article_modified_time":"2021-05-17T17:23:07+00:00","og_image":[{"width":1067,"height":1067,"url":"https:\/\/filplast.pl\/wp-content\/uploads\/2021\/01\/Bramy-LPU-67-Thermo.png","type":"image\/png"}],"twitter_card":"summary_large_image","schema":{"@context":"https:\/\/schema.org","@graph":[{"@type":"WebPage","@id":"https:\/\/filplast.pl\/fr\/produit\/lpu-67-thermo\/","url":"https:\/\/filplast.pl\/fr\/produit\/lpu-67-thermo\/","name":"Porte de garage sectionnelle","isPartOf":{"@id":"https:\/\/filplast.pl\/fr\/#website"},"primaryImageOfPage":{"@id":"https:\/\/filplast.pl\/fr\/produit\/lpu-67-thermo\/#primaryimage"},"image":{"@id":"https:\/\/filplast.pl\/fr\/produit\/lpu-67-thermo\/#primaryimage"},"thumbnailUrl":"https:\/\/filplast.pl\/wp-content\/uploads\/2021\/01\/Bramy-LPU-67-Thermo.png","datePublished":"2021-04-18T13:31:24+00:00","dateModified":"2021-05-17T17:23:07+00:00","breadcrumb":{"@id":"https:\/\/filplast.pl\/fr\/produit\/lpu-67-thermo\/#breadcrumb"},"inLanguage":"fr-FR","potentialAction":[{"@type":"ReadAction","target":["https:\/\/filplast.pl\/fr\/produit\/lpu-67-thermo\/"]}]},{"@type":"ImageObject","inLanguage":"fr-FR","@id":"https:\/\/filplast.pl\/fr\/produit\/lpu-67-thermo\/#primaryimage","url":"https:\/\/filplast.pl\/wp-content\/uploads\/2021\/01\/Bramy-LPU-67-Thermo.png","contentUrl":"https:\/\/filplast.pl\/wp-content\/uploads\/2021\/01\/Bramy-LPU-67-Thermo.png","width":1067,"height":1067},{"@type":"BreadcrumbList","@id":"https:\/\/filplast.pl\/fr\/produit\/lpu-67-thermo\/#breadcrumb","itemListElement":[{"@type":"ListItem","position":1,"name":"Home","item":"https:\/\/filplast.pl\/fr\/"},{"@type":"ListItem","position":2,"name":"Produits","item":"https:\/\/filplast.pl\/fr\/produit\/"},{"@type":"ListItem","position":3,"name":"LPU 67 Thermo"}]},{"@type":"WebSite","@id":"https:\/\/filplast.pl\/fr\/#website","url":"https:\/\/filplast.pl\/fr\/","name":"Filplast pour les g\u00e9n\u00e9rations","description":"Producent okien, drzwi i rolet","publisher":{"@id":"https:\/\/filplast.pl\/fr\/#organization"},"potentialAction":[{"@type":"SearchAction","target":{"@type":"EntryPoint","urlTemplate":"https:\/\/filplast.pl\/fr\/?s={search_term_string}"},"query-input":{"@type":"PropertyValueSpecification","valueRequired":true,"valueName":"search_term_string"}}],"inLanguage":"fr-FR"},{"@type":"Organization","@id":"https:\/\/filplast.pl\/fr\/#organization","name":"Filplast pour les g\u00e9n\u00e9rations","url":"https:\/\/filplast.pl\/fr\/","logo":{"@type":"ImageObject","inLanguage":"fr-FR","@id":"https:\/\/filplast.pl\/fr\/#\/schema\/logo\/image\/","url":"https:\/\/filplast.pl\/wp-content\/uploads\/2023\/10\/favicon-filplast.png","contentUrl":"https:\/\/filplast.pl\/wp-content\/uploads\/2023\/10\/favicon-filplast.png","width":2134,"height":2134,"caption":"Filplast pour les g\u00e9n\u00e9rations"},"image":{"@id":"https:\/\/filplast.pl\/fr\/#\/schema\/logo\/image\/"},"sameAs":["https:\/\/www.facebook.com\/filplast.firma","https:\/\/pl.pinterest.com\/filplast\/","https:\/\/www.youtube.com\/FILPLASTchannel","https:\/\/pl.linkedin.com\/company\/filplast-sp.-z-o.o.","https:\/\/www.instagram.com\/filplast\/"]}]}},"uagb_featured_image_src":{"full":["https:\/\/filplast.pl\/wp-content\/uploads\/2021\/01\/Bramy-LPU-67-Thermo.png",1067,1067,false],"thumbnail":["https:\/\/filplast.pl\/wp-content\/uploads\/2021\/01\/Bramy-LPU-67-Thermo-150x150.png",150,150,true],"medium":["https:\/\/filplast.pl\/wp-content\/uploads\/2021\/01\/Bramy-LPU-67-Thermo-300x300.png",300,300,true],"medium_large":["https:\/\/filplast.pl\/wp-content\/uploads\/2021\/01\/Bramy-LPU-67-Thermo-768x768.png",768,768,true],"large":["https:\/\/filplast.pl\/wp-content\/uploads\/2021\/01\/Bramy-LPU-67-Thermo-1024x1024.png",1024,1024,true],"1536x1536":["https:\/\/filplast.pl\/wp-content\/uploads\/2021\/01\/Bramy-LPU-67-Thermo.png",1067,1067,false],"2048x2048":["https:\/\/filplast.pl\/wp-content\/uploads\/2021\/01\/Bramy-LPU-67-Thermo.png",1067,1067,false],"depcore-widget-post-thumb":["https:\/\/filplast.pl\/wp-content\/uploads\/2021\/01\/Bramy-LPU-67-Thermo-65x65.png",65,65,true],"depcore-widget-post-medium":["https:\/\/filplast.pl\/wp-content\/uploads\/2021\/01\/Bramy-LPU-67-Thermo-280x150.png",280,150,true],"square":["https:\/\/filplast.pl\/wp-content\/uploads\/2021\/01\/Bramy-LPU-67-Thermo-500x500.png",500,500,true],"small-square":["https:\/\/filplast.pl\/wp-content\/uploads\/2021\/01\/Bramy-LPU-67-Thermo-250x250.png",250,250,true],"slider-image":["https:\/\/filplast.pl\/wp-content\/uploads\/2021\/01\/Bramy-LPU-67-Thermo-1067x500.png",1067,500,true],"":["https:\/\/filplast.pl\/wp-content\/uploads\/2021\/01\/Bramy-LPU-67-Thermo.png",250,250,false]},"uagb_author_info":{"display_name":"admin","author_link":"https:\/\/filplast.pl\/fr\/author\/"},"uagb_comment_info":0,"uagb_excerpt":"L'\u00e9paisseur des segments de la porte de garage LPU 67 Thermo passe jusqu'\u00e0 67 mm et elle est gard\u00e9e sur leur totalit\u00e9. Cette porte est \u00e9quip\u00e9e en double joint sur les liaisons des segments, un double joint du seuil et en triple renforcement des plaques sous les raccords. En plus, elle est \u00e9quip\u00e9e en capteur\u2026","_links":{"self":[{"href":"https:\/\/filplast.pl\/fr\/wp-json\/wp\/v2\/product\/8329","targetHints":{"allow":["GET"]}}],"collection":[{"href":"https:\/\/filplast.pl\/fr\/wp-json\/wp\/v2\/product"}],"about":[{"href":"https:\/\/filplast.pl\/fr\/wp-json\/wp\/v2\/types\/product"}],"version-history":[{"count":1,"href":"https:\/\/filplast.pl\/fr\/wp-json\/wp\/v2\/product\/8329\/revisions"}],"predecessor-version":[{"id":9615,"href":"https:\/\/filplast.pl\/fr\/wp-json\/wp\/v2\/product\/8329\/revisions\/9615"}],"wp:featuredmedia":[{"embeddable":true,"href":"https:\/\/filplast.pl\/fr\/wp-json\/wp\/v2\/media\/2005"}],"wp:attachment":[{"href":"https:\/\/filplast.pl\/fr\/wp-json\/wp\/v2\/media?parent=8329"}],"curies":[{"name":"wp","href":"https:\/\/api.w.org\/{rel}","templated":true}]}}