{"id":8350,"date":"2021-04-18T23:56:14","date_gmt":"2021-04-18T21:56:14","guid":{"rendered":"https:\/\/filplast.pl\/produkt\/alustar-slide-174\/"},"modified":"2024-01-09T15:49:39","modified_gmt":"2024-01-09T14:49:39","slug":"alustar-slide-174","status":"publish","type":"product","link":"https:\/\/filplast.pl\/fr\/produit\/alustar-slide-174\/","title":{"rendered":"AluStar Slide 174"},"content":{"rendered":"<div id=\"modal-ready\"><p>Dans le syst\u00e8me AluStar Slide 174 il est possible de cr\u00e9er une porte en angle avec une barre mobile. Dans ce syst\u00e8me de terasse on utilise le m\u00e9canisme \u00ab\u00a0Comfort Close\u00a0\u00bb qui prend le r\u00f4le d&rsquo;amortisateur. Son r\u00f4le est de freiner le ventail avant sa fermeture et puis de le renfermer en douceur.<\/p>\n<\/div>","protected":false},"excerpt":{"rendered":"<p>Le syst\u00e8me AluStar Slide 174 permet de cr\u00e9er des vitrages \u00e9l\u00e9gants de tr\u00e8s grandes dimensions. Une haute qualit\u00e9 des mati\u00e8res utilis\u00e9es dans sa construction fait qu&rsquo;il isole parfaitement de la chaleur, de l&rsquo;eau et du vent.<\/p>\n","protected":false},"featured_media":1870,"parent":0,"menu_order":443,"template":"","class_list":["post-8350","product","type-product","status-publish","has-post-thumbnail","hentry","product-category-porte-coulissante","product-category-hst-fr-2","product-category-portes","product-line-goldenline-fr"],"yoast_head":"<!-- This site is optimized with the Yoast SEO plugin v24.7 - https:\/\/yoast.com\/wordpress\/plugins\/seo\/ -->\n<title>Porte coulissante<\/title>\n<meta name=\"robots\" content=\"index, follow, max-snippet:-1, max-image-preview:large, max-video-preview:-1\" \/>\n<link rel=\"canonical\" href=\"https:\/\/filplast.pl\/fr\/produit\/alustar-slide-174\/\" \/>\n<meta property=\"og:locale\" content=\"fr_FR\" \/>\n<meta property=\"og:type\" content=\"article\" \/>\n<meta property=\"og:title\" content=\"Porte coulissante\" \/>\n<meta property=\"og:description\" content=\"Le syst\u00e8me AluStar Slide 174 permet de cr\u00e9er des vitrages \u00e9l\u00e9gants de tr\u00e8s grandes dimensions. Une haute qualit\u00e9 des mati\u00e8res utilis\u00e9es dans sa construction fait qu&#039;il isole parfaitement de la chaleur, de l&#039;eau et du vent.\" \/>\n<meta property=\"og:url\" content=\"https:\/\/filplast.pl\/fr\/produit\/alustar-slide-174\/\" \/>\n<meta property=\"og:site_name\" content=\"Filplast pour les g\u00e9n\u00e9rations\" \/>\n<meta property=\"article:publisher\" content=\"https:\/\/www.facebook.com\/filplast.firma\" \/>\n<meta property=\"article:modified_time\" content=\"2024-01-09T14:49:39+00:00\" \/>\n<meta property=\"og:image\" content=\"https:\/\/filplast.pl\/wp-content\/uploads\/2021\/01\/HST-AluStar-Slide-174.png\" \/>\n\t<meta property=\"og:image:width\" content=\"800\" \/>\n\t<meta property=\"og:image:height\" content=\"800\" \/>\n\t<meta property=\"og:image:type\" content=\"image\/png\" \/>\n<meta name=\"twitter:card\" content=\"summary_large_image\" \/>\n<meta name=\"twitter:label1\" content=\"Dur\u00e9e de lecture estim\u00e9e\" \/>\n\t<meta name=\"twitter:data1\" content=\"1 minute\" \/>\n<script type=\"application\/ld+json\" class=\"yoast-schema-graph\">{\"@context\":\"https:\/\/schema.org\",\"@graph\":[{\"@type\":\"WebPage\",\"@id\":\"https:\/\/filplast.pl\/fr\/produit\/alustar-slide-174\/\",\"url\":\"https:\/\/filplast.pl\/fr\/produit\/alustar-slide-174\/\",\"name\":\"Porte coulissante\",\"isPartOf\":{\"@id\":\"https:\/\/filplast.pl\/fr\/#website\"},\"primaryImageOfPage\":{\"@id\":\"https:\/\/filplast.pl\/fr\/produit\/alustar-slide-174\/#primaryimage\"},\"image\":{\"@id\":\"https:\/\/filplast.pl\/fr\/produit\/alustar-slide-174\/#primaryimage\"},\"thumbnailUrl\":\"https:\/\/filplast.pl\/wp-content\/uploads\/2021\/01\/HST-AluStar-Slide-174.png\",\"datePublished\":\"2021-04-18T21:56:14+00:00\",\"dateModified\":\"2024-01-09T14:49:39+00:00\",\"breadcrumb\":{\"@id\":\"https:\/\/filplast.pl\/fr\/produit\/alustar-slide-174\/#breadcrumb\"},\"inLanguage\":\"fr-FR\",\"potentialAction\":[{\"@type\":\"ReadAction\",\"target\":[\"https:\/\/filplast.pl\/fr\/produit\/alustar-slide-174\/\"]}]},{\"@type\":\"ImageObject\",\"inLanguage\":\"fr-FR\",\"@id\":\"https:\/\/filplast.pl\/fr\/produit\/alustar-slide-174\/#primaryimage\",\"url\":\"https:\/\/filplast.pl\/wp-content\/uploads\/2021\/01\/HST-AluStar-Slide-174.png\",\"contentUrl\":\"https:\/\/filplast.pl\/wp-content\/uploads\/2021\/01\/HST-AluStar-Slide-174.png\",\"width\":800,\"height\":800},{\"@type\":\"BreadcrumbList\",\"@id\":\"https:\/\/filplast.pl\/fr\/produit\/alustar-slide-174\/#breadcrumb\",\"itemListElement\":[{\"@type\":\"ListItem\",\"position\":1,\"name\":\"Home\",\"item\":\"https:\/\/filplast.pl\/fr\/\"},{\"@type\":\"ListItem\",\"position\":2,\"name\":\"Produits\",\"item\":\"https:\/\/filplast.pl\/fr\/produit\/\"},{\"@type\":\"ListItem\",\"position\":3,\"name\":\"AluStar Slide 174\"}]},{\"@type\":\"WebSite\",\"@id\":\"https:\/\/filplast.pl\/fr\/#website\",\"url\":\"https:\/\/filplast.pl\/fr\/\",\"name\":\"Filplast pour les g\u00e9n\u00e9rations\",\"description\":\"Producent okien, drzwi i rolet\",\"publisher\":{\"@id\":\"https:\/\/filplast.pl\/fr\/#organization\"},\"potentialAction\":[{\"@type\":\"SearchAction\",\"target\":{\"@type\":\"EntryPoint\",\"urlTemplate\":\"https:\/\/filplast.pl\/fr\/?s={search_term_string}\"},\"query-input\":{\"@type\":\"PropertyValueSpecification\",\"valueRequired\":true,\"valueName\":\"search_term_string\"}}],\"inLanguage\":\"fr-FR\"},{\"@type\":\"Organization\",\"@id\":\"https:\/\/filplast.pl\/fr\/#organization\",\"name\":\"Filplast pour les g\u00e9n\u00e9rations\",\"url\":\"https:\/\/filplast.pl\/fr\/\",\"logo\":{\"@type\":\"ImageObject\",\"inLanguage\":\"fr-FR\",\"@id\":\"https:\/\/filplast.pl\/fr\/#\/schema\/logo\/image\/\",\"url\":\"https:\/\/filplast.pl\/wp-content\/uploads\/2023\/10\/favicon-filplast.png\",\"contentUrl\":\"https:\/\/filplast.pl\/wp-content\/uploads\/2023\/10\/favicon-filplast.png\",\"width\":2134,\"height\":2134,\"caption\":\"Filplast pour les g\u00e9n\u00e9rations\"},\"image\":{\"@id\":\"https:\/\/filplast.pl\/fr\/#\/schema\/logo\/image\/\"},\"sameAs\":[\"https:\/\/www.facebook.com\/filplast.firma\",\"https:\/\/pl.pinterest.com\/filplast\/\",\"https:\/\/www.youtube.com\/FILPLASTchannel\",\"https:\/\/pl.linkedin.com\/company\/filplast-sp.-z-o.o.\",\"https:\/\/www.instagram.com\/filplast\/\"]}]}<\/script>\n<!-- \/ Yoast SEO plugin. -->","yoast_head_json":{"title":"Porte coulissante","robots":{"index":"index","follow":"follow","max-snippet":"max-snippet:-1","max-image-preview":"max-image-preview:large","max-video-preview":"max-video-preview:-1"},"canonical":"https:\/\/filplast.pl\/fr\/produit\/alustar-slide-174\/","og_locale":"fr_FR","og_type":"article","og_title":"Porte coulissante","og_description":"Le syst\u00e8me AluStar Slide 174 permet de cr\u00e9er des vitrages \u00e9l\u00e9gants de tr\u00e8s grandes dimensions. Une haute qualit\u00e9 des mati\u00e8res utilis\u00e9es dans sa construction fait qu'il isole parfaitement de la chaleur, de l'eau et du vent.","og_url":"https:\/\/filplast.pl\/fr\/produit\/alustar-slide-174\/","og_site_name":"Filplast pour les g\u00e9n\u00e9rations","article_publisher":"https:\/\/www.facebook.com\/filplast.firma","article_modified_time":"2024-01-09T14:49:39+00:00","og_image":[{"width":800,"height":800,"url":"https:\/\/filplast.pl\/wp-content\/uploads\/2021\/01\/HST-AluStar-Slide-174.png","type":"image\/png"}],"twitter_card":"summary_large_image","twitter_misc":{"Dur\u00e9e de lecture estim\u00e9e":"1 minute"},"schema":{"@context":"https:\/\/schema.org","@graph":[{"@type":"WebPage","@id":"https:\/\/filplast.pl\/fr\/produit\/alustar-slide-174\/","url":"https:\/\/filplast.pl\/fr\/produit\/alustar-slide-174\/","name":"Porte coulissante","isPartOf":{"@id":"https:\/\/filplast.pl\/fr\/#website"},"primaryImageOfPage":{"@id":"https:\/\/filplast.pl\/fr\/produit\/alustar-slide-174\/#primaryimage"},"image":{"@id":"https:\/\/filplast.pl\/fr\/produit\/alustar-slide-174\/#primaryimage"},"thumbnailUrl":"https:\/\/filplast.pl\/wp-content\/uploads\/2021\/01\/HST-AluStar-Slide-174.png","datePublished":"2021-04-18T21:56:14+00:00","dateModified":"2024-01-09T14:49:39+00:00","breadcrumb":{"@id":"https:\/\/filplast.pl\/fr\/produit\/alustar-slide-174\/#breadcrumb"},"inLanguage":"fr-FR","potentialAction":[{"@type":"ReadAction","target":["https:\/\/filplast.pl\/fr\/produit\/alustar-slide-174\/"]}]},{"@type":"ImageObject","inLanguage":"fr-FR","@id":"https:\/\/filplast.pl\/fr\/produit\/alustar-slide-174\/#primaryimage","url":"https:\/\/filplast.pl\/wp-content\/uploads\/2021\/01\/HST-AluStar-Slide-174.png","contentUrl":"https:\/\/filplast.pl\/wp-content\/uploads\/2021\/01\/HST-AluStar-Slide-174.png","width":800,"height":800},{"@type":"BreadcrumbList","@id":"https:\/\/filplast.pl\/fr\/produit\/alustar-slide-174\/#breadcrumb","itemListElement":[{"@type":"ListItem","position":1,"name":"Home","item":"https:\/\/filplast.pl\/fr\/"},{"@type":"ListItem","position":2,"name":"Produits","item":"https:\/\/filplast.pl\/fr\/produit\/"},{"@type":"ListItem","position":3,"name":"AluStar Slide 174"}]},{"@type":"WebSite","@id":"https:\/\/filplast.pl\/fr\/#website","url":"https:\/\/filplast.pl\/fr\/","name":"Filplast pour les g\u00e9n\u00e9rations","description":"Producent okien, drzwi i rolet","publisher":{"@id":"https:\/\/filplast.pl\/fr\/#organization"},"potentialAction":[{"@type":"SearchAction","target":{"@type":"EntryPoint","urlTemplate":"https:\/\/filplast.pl\/fr\/?s={search_term_string}"},"query-input":{"@type":"PropertyValueSpecification","valueRequired":true,"valueName":"search_term_string"}}],"inLanguage":"fr-FR"},{"@type":"Organization","@id":"https:\/\/filplast.pl\/fr\/#organization","name":"Filplast pour les g\u00e9n\u00e9rations","url":"https:\/\/filplast.pl\/fr\/","logo":{"@type":"ImageObject","inLanguage":"fr-FR","@id":"https:\/\/filplast.pl\/fr\/#\/schema\/logo\/image\/","url":"https:\/\/filplast.pl\/wp-content\/uploads\/2023\/10\/favicon-filplast.png","contentUrl":"https:\/\/filplast.pl\/wp-content\/uploads\/2023\/10\/favicon-filplast.png","width":2134,"height":2134,"caption":"Filplast pour les g\u00e9n\u00e9rations"},"image":{"@id":"https:\/\/filplast.pl\/fr\/#\/schema\/logo\/image\/"},"sameAs":["https:\/\/www.facebook.com\/filplast.firma","https:\/\/pl.pinterest.com\/filplast\/","https:\/\/www.youtube.com\/FILPLASTchannel","https:\/\/pl.linkedin.com\/company\/filplast-sp.-z-o.o.","https:\/\/www.instagram.com\/filplast\/"]}]}},"uagb_featured_image_src":{"full":["https:\/\/filplast.pl\/wp-content\/uploads\/2021\/01\/HST-AluStar-Slide-174.png",800,800,false],"thumbnail":["https:\/\/filplast.pl\/wp-content\/uploads\/2021\/01\/HST-AluStar-Slide-174-150x150.png",150,150,true],"medium":["https:\/\/filplast.pl\/wp-content\/uploads\/2021\/01\/HST-AluStar-Slide-174-300x300.png",300,300,true],"medium_large":["https:\/\/filplast.pl\/wp-content\/uploads\/2021\/01\/HST-AluStar-Slide-174-768x768.png",768,768,true],"large":["https:\/\/filplast.pl\/wp-content\/uploads\/2021\/01\/HST-AluStar-Slide-174.png",800,800,false],"1536x1536":["https:\/\/filplast.pl\/wp-content\/uploads\/2021\/01\/HST-AluStar-Slide-174.png",800,800,false],"2048x2048":["https:\/\/filplast.pl\/wp-content\/uploads\/2021\/01\/HST-AluStar-Slide-174.png",800,800,false],"depcore-widget-post-thumb":["https:\/\/filplast.pl\/wp-content\/uploads\/2021\/01\/HST-AluStar-Slide-174-65x65.png",65,65,true],"depcore-widget-post-medium":["https:\/\/filplast.pl\/wp-content\/uploads\/2021\/01\/HST-AluStar-Slide-174-280x150.png",280,150,true],"square":["https:\/\/filplast.pl\/wp-content\/uploads\/2021\/01\/HST-AluStar-Slide-174-500x500.png",500,500,true],"small-square":["https:\/\/filplast.pl\/wp-content\/uploads\/2021\/01\/HST-AluStar-Slide-174-250x250.png",250,250,true],"slider-image":["https:\/\/filplast.pl\/wp-content\/uploads\/2021\/01\/HST-AluStar-Slide-174-800x500.png",800,500,true],"":["https:\/\/filplast.pl\/wp-content\/uploads\/2021\/01\/HST-AluStar-Slide-174.png",250,250,false]},"uagb_author_info":{"display_name":"Micha\u0142 Mrukot","author_link":"https:\/\/filplast.pl\/fr\/author\/"},"uagb_comment_info":0,"uagb_excerpt":"Le syst\u00e8me AluStar Slide 174 permet de cr\u00e9er des vitrages \u00e9l\u00e9gants de tr\u00e8s grandes dimensions. Une haute qualit\u00e9 des mati\u00e8res utilis\u00e9es dans sa construction fait qu'il isole parfaitement de la chaleur, de l'eau et du vent.","_links":{"self":[{"href":"https:\/\/filplast.pl\/fr\/wp-json\/wp\/v2\/product\/8350","targetHints":{"allow":["GET"]}}],"collection":[{"href":"https:\/\/filplast.pl\/fr\/wp-json\/wp\/v2\/product"}],"about":[{"href":"https:\/\/filplast.pl\/fr\/wp-json\/wp\/v2\/types\/product"}],"version-history":[{"count":2,"href":"https:\/\/filplast.pl\/fr\/wp-json\/wp\/v2\/product\/8350\/revisions"}],"predecessor-version":[{"id":8352,"href":"https:\/\/filplast.pl\/fr\/wp-json\/wp\/v2\/product\/8350\/revisions\/8352"}],"wp:featuredmedia":[{"embeddable":true,"href":"https:\/\/filplast.pl\/fr\/wp-json\/wp\/v2\/media\/1870"}],"wp:attachment":[{"href":"https:\/\/filplast.pl\/fr\/wp-json\/wp\/v2\/media?parent=8350"}],"curies":[{"name":"wp","href":"https:\/\/api.w.org\/{rel}","templated":true}]}}