{"id":8382,"date":"2021-04-19T19:11:39","date_gmt":"2021-04-19T17:11:39","guid":{"rendered":"https:\/\/filplast.pl\/produkt\/alustar-slide-120\/"},"modified":"2024-01-09T15:50:33","modified_gmt":"2024-01-09T14:50:33","slug":"alustar-slide-120","status":"publish","type":"product","link":"https:\/\/filplast.pl\/fr\/produit\/alustar-slide-120\/","title":{"rendered":"AluStar Slide 120"},"content":{"rendered":"<div id=\"modal-ready\"><p>AluStar Slide 120 est construit des profil\u00e9s r\u00e9sistants de trois chambres. Leur \u00e9l\u00e9ment clef est une chambre d&rsquo;isolation avec de larges cales thermiques qui isole parfaitement la chaleur. Un large choix de dimensions des vitrages permet d&rsquo;utiliser ses diff\u00e9rents variants.<\/p>\n<\/div>","protected":false},"excerpt":{"rendered":"<p>Le syst\u00e8me AluStar Slide 120 permet de cr\u00e9er des constructions de dimensions hors standard &#8211; son ventail peut avoir m\u00eame 3,3 m de largeur et peser 300 kg. Le syst\u00e8me est aussi disponible avec un seuil bas qui facilite le passage aux enfants, aux personnes \u00e0 mobilit\u00e9 r\u00e9duite et aux personnes \u00e2g\u00e9es.<\/p>\n","protected":false},"featured_media":1865,"parent":0,"menu_order":449,"template":"","class_list":["post-8382","product","type-product","status-publish","has-post-thumbnail","hentry","product-category-porte-coulissante","product-category-hst-fr-2","product-category-portes","product-line-silverline-fr"],"yoast_head":"<!-- This site is optimized with the Yoast SEO plugin v24.7 - https:\/\/yoast.com\/wordpress\/plugins\/seo\/ -->\n<title>Porte coulissante<\/title>\n<meta name=\"robots\" content=\"index, follow, max-snippet:-1, max-image-preview:large, max-video-preview:-1\" \/>\n<link rel=\"canonical\" href=\"https:\/\/filplast.pl\/fr\/produit\/alustar-slide-120\/\" \/>\n<meta property=\"og:locale\" content=\"fr_FR\" \/>\n<meta property=\"og:type\" content=\"article\" \/>\n<meta property=\"og:title\" content=\"Porte coulissante\" \/>\n<meta property=\"og:description\" content=\"Le syst\u00e8me AluStar Slide 120 permet de cr\u00e9er des constructions de dimensions hors standard - son ventail peut avoir m\u00eame 3,3 m de largeur et peser 300 kg. Le syst\u00e8me est aussi disponible avec un seuil bas qui facilite le passage aux enfants, aux personnes \u00e0 mobilit\u00e9 r\u00e9duite et aux personnes \u00e2g\u00e9es.\" \/>\n<meta property=\"og:url\" content=\"https:\/\/filplast.pl\/fr\/produit\/alustar-slide-120\/\" \/>\n<meta property=\"og:site_name\" content=\"Filplast pour les g\u00e9n\u00e9rations\" \/>\n<meta property=\"article:publisher\" content=\"https:\/\/www.facebook.com\/filplast.firma\" \/>\n<meta property=\"article:modified_time\" content=\"2024-01-09T14:50:33+00:00\" \/>\n<meta property=\"og:image\" content=\"https:\/\/filplast.pl\/wp-content\/uploads\/2021\/01\/HST-AluStar-Slide-120.png\" \/>\n\t<meta property=\"og:image:width\" content=\"800\" \/>\n\t<meta property=\"og:image:height\" content=\"800\" \/>\n\t<meta property=\"og:image:type\" content=\"image\/png\" \/>\n<meta name=\"twitter:card\" content=\"summary_large_image\" \/>\n<meta name=\"twitter:label1\" content=\"Dur\u00e9e de lecture estim\u00e9e\" \/>\n\t<meta name=\"twitter:data1\" content=\"1 minute\" \/>\n<script type=\"application\/ld+json\" class=\"yoast-schema-graph\">{\"@context\":\"https:\/\/schema.org\",\"@graph\":[{\"@type\":\"WebPage\",\"@id\":\"https:\/\/filplast.pl\/fr\/produit\/alustar-slide-120\/\",\"url\":\"https:\/\/filplast.pl\/fr\/produit\/alustar-slide-120\/\",\"name\":\"Porte coulissante\",\"isPartOf\":{\"@id\":\"https:\/\/filplast.pl\/fr\/#website\"},\"primaryImageOfPage\":{\"@id\":\"https:\/\/filplast.pl\/fr\/produit\/alustar-slide-120\/#primaryimage\"},\"image\":{\"@id\":\"https:\/\/filplast.pl\/fr\/produit\/alustar-slide-120\/#primaryimage\"},\"thumbnailUrl\":\"https:\/\/filplast.pl\/wp-content\/uploads\/2021\/01\/HST-AluStar-Slide-120.png\",\"datePublished\":\"2021-04-19T17:11:39+00:00\",\"dateModified\":\"2024-01-09T14:50:33+00:00\",\"breadcrumb\":{\"@id\":\"https:\/\/filplast.pl\/fr\/produit\/alustar-slide-120\/#breadcrumb\"},\"inLanguage\":\"fr-FR\",\"potentialAction\":[{\"@type\":\"ReadAction\",\"target\":[\"https:\/\/filplast.pl\/fr\/produit\/alustar-slide-120\/\"]}]},{\"@type\":\"ImageObject\",\"inLanguage\":\"fr-FR\",\"@id\":\"https:\/\/filplast.pl\/fr\/produit\/alustar-slide-120\/#primaryimage\",\"url\":\"https:\/\/filplast.pl\/wp-content\/uploads\/2021\/01\/HST-AluStar-Slide-120.png\",\"contentUrl\":\"https:\/\/filplast.pl\/wp-content\/uploads\/2021\/01\/HST-AluStar-Slide-120.png\",\"width\":800,\"height\":800},{\"@type\":\"BreadcrumbList\",\"@id\":\"https:\/\/filplast.pl\/fr\/produit\/alustar-slide-120\/#breadcrumb\",\"itemListElement\":[{\"@type\":\"ListItem\",\"position\":1,\"name\":\"Home\",\"item\":\"https:\/\/filplast.pl\/fr\/\"},{\"@type\":\"ListItem\",\"position\":2,\"name\":\"Produits\",\"item\":\"https:\/\/filplast.pl\/fr\/produit\/\"},{\"@type\":\"ListItem\",\"position\":3,\"name\":\"AluStar Slide 120\"}]},{\"@type\":\"WebSite\",\"@id\":\"https:\/\/filplast.pl\/fr\/#website\",\"url\":\"https:\/\/filplast.pl\/fr\/\",\"name\":\"Filplast pour les g\u00e9n\u00e9rations\",\"description\":\"Producent okien, drzwi i rolet\",\"publisher\":{\"@id\":\"https:\/\/filplast.pl\/fr\/#organization\"},\"potentialAction\":[{\"@type\":\"SearchAction\",\"target\":{\"@type\":\"EntryPoint\",\"urlTemplate\":\"https:\/\/filplast.pl\/fr\/?s={search_term_string}\"},\"query-input\":{\"@type\":\"PropertyValueSpecification\",\"valueRequired\":true,\"valueName\":\"search_term_string\"}}],\"inLanguage\":\"fr-FR\"},{\"@type\":\"Organization\",\"@id\":\"https:\/\/filplast.pl\/fr\/#organization\",\"name\":\"Filplast pour les g\u00e9n\u00e9rations\",\"url\":\"https:\/\/filplast.pl\/fr\/\",\"logo\":{\"@type\":\"ImageObject\",\"inLanguage\":\"fr-FR\",\"@id\":\"https:\/\/filplast.pl\/fr\/#\/schema\/logo\/image\/\",\"url\":\"https:\/\/filplast.pl\/wp-content\/uploads\/2023\/10\/favicon-filplast.png\",\"contentUrl\":\"https:\/\/filplast.pl\/wp-content\/uploads\/2023\/10\/favicon-filplast.png\",\"width\":2134,\"height\":2134,\"caption\":\"Filplast pour les g\u00e9n\u00e9rations\"},\"image\":{\"@id\":\"https:\/\/filplast.pl\/fr\/#\/schema\/logo\/image\/\"},\"sameAs\":[\"https:\/\/www.facebook.com\/filplast.firma\",\"https:\/\/pl.pinterest.com\/filplast\/\",\"https:\/\/www.youtube.com\/FILPLASTchannel\",\"https:\/\/pl.linkedin.com\/company\/filplast-sp.-z-o.o.\",\"https:\/\/www.instagram.com\/filplast\/\"]}]}<\/script>\n<!-- \/ Yoast SEO plugin. -->","yoast_head_json":{"title":"Porte coulissante","robots":{"index":"index","follow":"follow","max-snippet":"max-snippet:-1","max-image-preview":"max-image-preview:large","max-video-preview":"max-video-preview:-1"},"canonical":"https:\/\/filplast.pl\/fr\/produit\/alustar-slide-120\/","og_locale":"fr_FR","og_type":"article","og_title":"Porte coulissante","og_description":"Le syst\u00e8me AluStar Slide 120 permet de cr\u00e9er des constructions de dimensions hors standard - son ventail peut avoir m\u00eame 3,3 m de largeur et peser 300 kg. Le syst\u00e8me est aussi disponible avec un seuil bas qui facilite le passage aux enfants, aux personnes \u00e0 mobilit\u00e9 r\u00e9duite et aux personnes \u00e2g\u00e9es.","og_url":"https:\/\/filplast.pl\/fr\/produit\/alustar-slide-120\/","og_site_name":"Filplast pour les g\u00e9n\u00e9rations","article_publisher":"https:\/\/www.facebook.com\/filplast.firma","article_modified_time":"2024-01-09T14:50:33+00:00","og_image":[{"width":800,"height":800,"url":"https:\/\/filplast.pl\/wp-content\/uploads\/2021\/01\/HST-AluStar-Slide-120.png","type":"image\/png"}],"twitter_card":"summary_large_image","twitter_misc":{"Dur\u00e9e de lecture estim\u00e9e":"1 minute"},"schema":{"@context":"https:\/\/schema.org","@graph":[{"@type":"WebPage","@id":"https:\/\/filplast.pl\/fr\/produit\/alustar-slide-120\/","url":"https:\/\/filplast.pl\/fr\/produit\/alustar-slide-120\/","name":"Porte coulissante","isPartOf":{"@id":"https:\/\/filplast.pl\/fr\/#website"},"primaryImageOfPage":{"@id":"https:\/\/filplast.pl\/fr\/produit\/alustar-slide-120\/#primaryimage"},"image":{"@id":"https:\/\/filplast.pl\/fr\/produit\/alustar-slide-120\/#primaryimage"},"thumbnailUrl":"https:\/\/filplast.pl\/wp-content\/uploads\/2021\/01\/HST-AluStar-Slide-120.png","datePublished":"2021-04-19T17:11:39+00:00","dateModified":"2024-01-09T14:50:33+00:00","breadcrumb":{"@id":"https:\/\/filplast.pl\/fr\/produit\/alustar-slide-120\/#breadcrumb"},"inLanguage":"fr-FR","potentialAction":[{"@type":"ReadAction","target":["https:\/\/filplast.pl\/fr\/produit\/alustar-slide-120\/"]}]},{"@type":"ImageObject","inLanguage":"fr-FR","@id":"https:\/\/filplast.pl\/fr\/produit\/alustar-slide-120\/#primaryimage","url":"https:\/\/filplast.pl\/wp-content\/uploads\/2021\/01\/HST-AluStar-Slide-120.png","contentUrl":"https:\/\/filplast.pl\/wp-content\/uploads\/2021\/01\/HST-AluStar-Slide-120.png","width":800,"height":800},{"@type":"BreadcrumbList","@id":"https:\/\/filplast.pl\/fr\/produit\/alustar-slide-120\/#breadcrumb","itemListElement":[{"@type":"ListItem","position":1,"name":"Home","item":"https:\/\/filplast.pl\/fr\/"},{"@type":"ListItem","position":2,"name":"Produits","item":"https:\/\/filplast.pl\/fr\/produit\/"},{"@type":"ListItem","position":3,"name":"AluStar Slide 120"}]},{"@type":"WebSite","@id":"https:\/\/filplast.pl\/fr\/#website","url":"https:\/\/filplast.pl\/fr\/","name":"Filplast pour les g\u00e9n\u00e9rations","description":"Producent okien, drzwi i rolet","publisher":{"@id":"https:\/\/filplast.pl\/fr\/#organization"},"potentialAction":[{"@type":"SearchAction","target":{"@type":"EntryPoint","urlTemplate":"https:\/\/filplast.pl\/fr\/?s={search_term_string}"},"query-input":{"@type":"PropertyValueSpecification","valueRequired":true,"valueName":"search_term_string"}}],"inLanguage":"fr-FR"},{"@type":"Organization","@id":"https:\/\/filplast.pl\/fr\/#organization","name":"Filplast pour les g\u00e9n\u00e9rations","url":"https:\/\/filplast.pl\/fr\/","logo":{"@type":"ImageObject","inLanguage":"fr-FR","@id":"https:\/\/filplast.pl\/fr\/#\/schema\/logo\/image\/","url":"https:\/\/filplast.pl\/wp-content\/uploads\/2023\/10\/favicon-filplast.png","contentUrl":"https:\/\/filplast.pl\/wp-content\/uploads\/2023\/10\/favicon-filplast.png","width":2134,"height":2134,"caption":"Filplast pour les g\u00e9n\u00e9rations"},"image":{"@id":"https:\/\/filplast.pl\/fr\/#\/schema\/logo\/image\/"},"sameAs":["https:\/\/www.facebook.com\/filplast.firma","https:\/\/pl.pinterest.com\/filplast\/","https:\/\/www.youtube.com\/FILPLASTchannel","https:\/\/pl.linkedin.com\/company\/filplast-sp.-z-o.o.","https:\/\/www.instagram.com\/filplast\/"]}]}},"uagb_featured_image_src":{"full":["https:\/\/filplast.pl\/wp-content\/uploads\/2021\/01\/HST-AluStar-Slide-120.png",800,800,false],"thumbnail":["https:\/\/filplast.pl\/wp-content\/uploads\/2021\/01\/HST-AluStar-Slide-120-150x150.png",150,150,true],"medium":["https:\/\/filplast.pl\/wp-content\/uploads\/2021\/01\/HST-AluStar-Slide-120-300x300.png",300,300,true],"medium_large":["https:\/\/filplast.pl\/wp-content\/uploads\/2021\/01\/HST-AluStar-Slide-120-768x768.png",768,768,true],"large":["https:\/\/filplast.pl\/wp-content\/uploads\/2021\/01\/HST-AluStar-Slide-120.png",800,800,false],"1536x1536":["https:\/\/filplast.pl\/wp-content\/uploads\/2021\/01\/HST-AluStar-Slide-120.png",800,800,false],"2048x2048":["https:\/\/filplast.pl\/wp-content\/uploads\/2021\/01\/HST-AluStar-Slide-120.png",800,800,false],"depcore-widget-post-thumb":["https:\/\/filplast.pl\/wp-content\/uploads\/2021\/01\/HST-AluStar-Slide-120-65x65.png",65,65,true],"depcore-widget-post-medium":["https:\/\/filplast.pl\/wp-content\/uploads\/2021\/01\/HST-AluStar-Slide-120-280x150.png",280,150,true],"square":["https:\/\/filplast.pl\/wp-content\/uploads\/2021\/01\/HST-AluStar-Slide-120-500x500.png",500,500,true],"small-square":["https:\/\/filplast.pl\/wp-content\/uploads\/2021\/01\/HST-AluStar-Slide-120-250x250.png",250,250,true],"slider-image":["https:\/\/filplast.pl\/wp-content\/uploads\/2021\/01\/HST-AluStar-Slide-120-800x500.png",800,500,true],"":["https:\/\/filplast.pl\/wp-content\/uploads\/2021\/01\/HST-AluStar-Slide-120.png",250,250,false]},"uagb_author_info":{"display_name":"Micha\u0142 Mrukot","author_link":"https:\/\/filplast.pl\/fr\/author\/"},"uagb_comment_info":0,"uagb_excerpt":"Le syst\u00e8me AluStar Slide 120 permet de cr\u00e9er des constructions de dimensions hors standard - son ventail peut avoir m\u00eame 3,3 m de largeur et peser 300 kg. Le syst\u00e8me est aussi disponible avec un seuil bas qui facilite le passage aux enfants, aux personnes \u00e0 mobilit\u00e9 r\u00e9duite et aux personnes \u00e2g\u00e9es.","_links":{"self":[{"href":"https:\/\/filplast.pl\/fr\/wp-json\/wp\/v2\/product\/8382","targetHints":{"allow":["GET"]}}],"collection":[{"href":"https:\/\/filplast.pl\/fr\/wp-json\/wp\/v2\/product"}],"about":[{"href":"https:\/\/filplast.pl\/fr\/wp-json\/wp\/v2\/types\/product"}],"version-history":[{"count":1,"href":"https:\/\/filplast.pl\/fr\/wp-json\/wp\/v2\/product\/8382\/revisions"}],"predecessor-version":[{"id":8383,"href":"https:\/\/filplast.pl\/fr\/wp-json\/wp\/v2\/product\/8382\/revisions\/8383"}],"wp:featuredmedia":[{"embeddable":true,"href":"https:\/\/filplast.pl\/fr\/wp-json\/wp\/v2\/media\/1865"}],"wp:attachment":[{"href":"https:\/\/filplast.pl\/fr\/wp-json\/wp\/v2\/media?parent=8382"}],"curies":[{"name":"wp","href":"https:\/\/api.w.org\/{rel}","templated":true}]}}