{"id":8432,"date":"2021-04-21T17:40:00","date_gmt":"2021-04-21T15:40:00","guid":{"rendered":"https:\/\/filplast.pl\/produkt\/psk-climastar-76\/"},"modified":"2024-01-09T15:51:01","modified_gmt":"2024-01-09T14:51:01","slug":"psk-climastar-76","status":"publish","type":"product","link":"https:\/\/filplast.pl\/fr\/produit\/psk-climastar-76\/","title":{"rendered":"PSK ClimaStar 76"},"content":{"rendered":"<div id=\"modal-ready\"><p>ClimaStar 76 se distingue entre autres syst\u00e8mes de terasse PVC par une petite profondeur de construction et par les propri\u00e9t\u00e9s thermiques \u00e9lev\u00e9es. C&rsquo;est un syst\u00e8me cr\u00e9e des profil\u00e9s de la plus haute classe &#8211; classe A.<\/p>\n<\/div>","protected":false},"excerpt":{"rendered":"<p>La construction du syst\u00e8me ClimaStar 76 est stable et r\u00e9sistante. Gr\u00e2ce \u00e0 l&rsquo;utilisation de joint central particulier il prot\u00e8ge efficacement du froid, du vent et des pluies fortes.<\/p>\n","protected":false},"featured_media":24792,"parent":0,"menu_order":429,"template":"","class_list":["post-8432","product","type-product","status-publish","has-post-thumbnail","hentry","product-category-porte-coulissante","product-category-psk-fr","product-category-portes","product-line-goldenline-fr"],"yoast_head":"<!-- This site is optimized with the Yoast SEO plugin v24.7 - https:\/\/yoast.com\/wordpress\/plugins\/seo\/ -->\n<title>Porte coulissante<\/title>\n<meta name=\"robots\" content=\"index, follow, max-snippet:-1, max-image-preview:large, max-video-preview:-1\" \/>\n<link rel=\"canonical\" href=\"https:\/\/filplast.pl\/fr\/produit\/psk-climastar-76\/\" \/>\n<meta property=\"og:locale\" content=\"fr_FR\" \/>\n<meta property=\"og:type\" content=\"article\" \/>\n<meta property=\"og:title\" content=\"Porte coulissante\" \/>\n<meta property=\"og:description\" content=\"La construction du syst\u00e8me ClimaStar 76 est stable et r\u00e9sistante. Gr\u00e2ce \u00e0 l&#039;utilisation de joint central particulier il prot\u00e8ge efficacement du froid, du vent et des pluies fortes.\" \/>\n<meta property=\"og:url\" content=\"https:\/\/filplast.pl\/fr\/produit\/psk-climastar-76\/\" \/>\n<meta property=\"og:site_name\" content=\"Filplast pour les g\u00e9n\u00e9rations\" \/>\n<meta property=\"article:publisher\" content=\"https:\/\/www.facebook.com\/filplast.firma\" \/>\n<meta property=\"article:modified_time\" content=\"2024-01-09T14:51:01+00:00\" \/>\n<meta property=\"og:image\" content=\"https:\/\/filplast.pl\/wp-content\/uploads\/2020\/12\/CS_76MD_PSK.png\" \/>\n\t<meta property=\"og:image:width\" content=\"2000\" \/>\n\t<meta property=\"og:image:height\" content=\"2000\" \/>\n\t<meta property=\"og:image:type\" content=\"image\/png\" \/>\n<meta name=\"twitter:card\" content=\"summary_large_image\" \/>\n<meta name=\"twitter:label1\" content=\"Dur\u00e9e de lecture estim\u00e9e\" \/>\n\t<meta name=\"twitter:data1\" content=\"1 minute\" \/>\n<script type=\"application\/ld+json\" class=\"yoast-schema-graph\">{\"@context\":\"https:\/\/schema.org\",\"@graph\":[{\"@type\":\"WebPage\",\"@id\":\"https:\/\/filplast.pl\/fr\/produit\/psk-climastar-76\/\",\"url\":\"https:\/\/filplast.pl\/fr\/produit\/psk-climastar-76\/\",\"name\":\"Porte coulissante\",\"isPartOf\":{\"@id\":\"https:\/\/filplast.pl\/fr\/#website\"},\"primaryImageOfPage\":{\"@id\":\"https:\/\/filplast.pl\/fr\/produit\/psk-climastar-76\/#primaryimage\"},\"image\":{\"@id\":\"https:\/\/filplast.pl\/fr\/produit\/psk-climastar-76\/#primaryimage\"},\"thumbnailUrl\":\"https:\/\/filplast.pl\/wp-content\/uploads\/2020\/12\/CS_76MD_PSK.png\",\"datePublished\":\"2021-04-21T15:40:00+00:00\",\"dateModified\":\"2024-01-09T14:51:01+00:00\",\"breadcrumb\":{\"@id\":\"https:\/\/filplast.pl\/fr\/produit\/psk-climastar-76\/#breadcrumb\"},\"inLanguage\":\"fr-FR\",\"potentialAction\":[{\"@type\":\"ReadAction\",\"target\":[\"https:\/\/filplast.pl\/fr\/produit\/psk-climastar-76\/\"]}]},{\"@type\":\"ImageObject\",\"inLanguage\":\"fr-FR\",\"@id\":\"https:\/\/filplast.pl\/fr\/produit\/psk-climastar-76\/#primaryimage\",\"url\":\"https:\/\/filplast.pl\/wp-content\/uploads\/2020\/12\/CS_76MD_PSK.png\",\"contentUrl\":\"https:\/\/filplast.pl\/wp-content\/uploads\/2020\/12\/CS_76MD_PSK.png\",\"width\":2000,\"height\":2000},{\"@type\":\"BreadcrumbList\",\"@id\":\"https:\/\/filplast.pl\/fr\/produit\/psk-climastar-76\/#breadcrumb\",\"itemListElement\":[{\"@type\":\"ListItem\",\"position\":1,\"name\":\"Home\",\"item\":\"https:\/\/filplast.pl\/fr\/\"},{\"@type\":\"ListItem\",\"position\":2,\"name\":\"Produits\",\"item\":\"https:\/\/filplast.pl\/fr\/produit\/\"},{\"@type\":\"ListItem\",\"position\":3,\"name\":\"PSK ClimaStar 76\"}]},{\"@type\":\"WebSite\",\"@id\":\"https:\/\/filplast.pl\/fr\/#website\",\"url\":\"https:\/\/filplast.pl\/fr\/\",\"name\":\"Filplast pour les g\u00e9n\u00e9rations\",\"description\":\"Producent okien, drzwi i rolet\",\"publisher\":{\"@id\":\"https:\/\/filplast.pl\/fr\/#organization\"},\"potentialAction\":[{\"@type\":\"SearchAction\",\"target\":{\"@type\":\"EntryPoint\",\"urlTemplate\":\"https:\/\/filplast.pl\/fr\/?s={search_term_string}\"},\"query-input\":{\"@type\":\"PropertyValueSpecification\",\"valueRequired\":true,\"valueName\":\"search_term_string\"}}],\"inLanguage\":\"fr-FR\"},{\"@type\":\"Organization\",\"@id\":\"https:\/\/filplast.pl\/fr\/#organization\",\"name\":\"Filplast pour les g\u00e9n\u00e9rations\",\"url\":\"https:\/\/filplast.pl\/fr\/\",\"logo\":{\"@type\":\"ImageObject\",\"inLanguage\":\"fr-FR\",\"@id\":\"https:\/\/filplast.pl\/fr\/#\/schema\/logo\/image\/\",\"url\":\"https:\/\/filplast.pl\/wp-content\/uploads\/2023\/10\/favicon-filplast.png\",\"contentUrl\":\"https:\/\/filplast.pl\/wp-content\/uploads\/2023\/10\/favicon-filplast.png\",\"width\":2134,\"height\":2134,\"caption\":\"Filplast pour les g\u00e9n\u00e9rations\"},\"image\":{\"@id\":\"https:\/\/filplast.pl\/fr\/#\/schema\/logo\/image\/\"},\"sameAs\":[\"https:\/\/www.facebook.com\/filplast.firma\",\"https:\/\/pl.pinterest.com\/filplast\/\",\"https:\/\/www.youtube.com\/FILPLASTchannel\",\"https:\/\/pl.linkedin.com\/company\/filplast-sp.-z-o.o.\",\"https:\/\/www.instagram.com\/filplast\/\"]}]}<\/script>\n<!-- \/ Yoast SEO plugin. -->","yoast_head_json":{"title":"Porte coulissante","robots":{"index":"index","follow":"follow","max-snippet":"max-snippet:-1","max-image-preview":"max-image-preview:large","max-video-preview":"max-video-preview:-1"},"canonical":"https:\/\/filplast.pl\/fr\/produit\/psk-climastar-76\/","og_locale":"fr_FR","og_type":"article","og_title":"Porte coulissante","og_description":"La construction du syst\u00e8me ClimaStar 76 est stable et r\u00e9sistante. Gr\u00e2ce \u00e0 l'utilisation de joint central particulier il prot\u00e8ge efficacement du froid, du vent et des pluies fortes.","og_url":"https:\/\/filplast.pl\/fr\/produit\/psk-climastar-76\/","og_site_name":"Filplast pour les g\u00e9n\u00e9rations","article_publisher":"https:\/\/www.facebook.com\/filplast.firma","article_modified_time":"2024-01-09T14:51:01+00:00","og_image":[{"width":2000,"height":2000,"url":"https:\/\/filplast.pl\/wp-content\/uploads\/2020\/12\/CS_76MD_PSK.png","type":"image\/png"}],"twitter_card":"summary_large_image","twitter_misc":{"Dur\u00e9e de lecture estim\u00e9e":"1 minute"},"schema":{"@context":"https:\/\/schema.org","@graph":[{"@type":"WebPage","@id":"https:\/\/filplast.pl\/fr\/produit\/psk-climastar-76\/","url":"https:\/\/filplast.pl\/fr\/produit\/psk-climastar-76\/","name":"Porte coulissante","isPartOf":{"@id":"https:\/\/filplast.pl\/fr\/#website"},"primaryImageOfPage":{"@id":"https:\/\/filplast.pl\/fr\/produit\/psk-climastar-76\/#primaryimage"},"image":{"@id":"https:\/\/filplast.pl\/fr\/produit\/psk-climastar-76\/#primaryimage"},"thumbnailUrl":"https:\/\/filplast.pl\/wp-content\/uploads\/2020\/12\/CS_76MD_PSK.png","datePublished":"2021-04-21T15:40:00+00:00","dateModified":"2024-01-09T14:51:01+00:00","breadcrumb":{"@id":"https:\/\/filplast.pl\/fr\/produit\/psk-climastar-76\/#breadcrumb"},"inLanguage":"fr-FR","potentialAction":[{"@type":"ReadAction","target":["https:\/\/filplast.pl\/fr\/produit\/psk-climastar-76\/"]}]},{"@type":"ImageObject","inLanguage":"fr-FR","@id":"https:\/\/filplast.pl\/fr\/produit\/psk-climastar-76\/#primaryimage","url":"https:\/\/filplast.pl\/wp-content\/uploads\/2020\/12\/CS_76MD_PSK.png","contentUrl":"https:\/\/filplast.pl\/wp-content\/uploads\/2020\/12\/CS_76MD_PSK.png","width":2000,"height":2000},{"@type":"BreadcrumbList","@id":"https:\/\/filplast.pl\/fr\/produit\/psk-climastar-76\/#breadcrumb","itemListElement":[{"@type":"ListItem","position":1,"name":"Home","item":"https:\/\/filplast.pl\/fr\/"},{"@type":"ListItem","position":2,"name":"Produits","item":"https:\/\/filplast.pl\/fr\/produit\/"},{"@type":"ListItem","position":3,"name":"PSK ClimaStar 76"}]},{"@type":"WebSite","@id":"https:\/\/filplast.pl\/fr\/#website","url":"https:\/\/filplast.pl\/fr\/","name":"Filplast pour les g\u00e9n\u00e9rations","description":"Producent okien, drzwi i rolet","publisher":{"@id":"https:\/\/filplast.pl\/fr\/#organization"},"potentialAction":[{"@type":"SearchAction","target":{"@type":"EntryPoint","urlTemplate":"https:\/\/filplast.pl\/fr\/?s={search_term_string}"},"query-input":{"@type":"PropertyValueSpecification","valueRequired":true,"valueName":"search_term_string"}}],"inLanguage":"fr-FR"},{"@type":"Organization","@id":"https:\/\/filplast.pl\/fr\/#organization","name":"Filplast pour les g\u00e9n\u00e9rations","url":"https:\/\/filplast.pl\/fr\/","logo":{"@type":"ImageObject","inLanguage":"fr-FR","@id":"https:\/\/filplast.pl\/fr\/#\/schema\/logo\/image\/","url":"https:\/\/filplast.pl\/wp-content\/uploads\/2023\/10\/favicon-filplast.png","contentUrl":"https:\/\/filplast.pl\/wp-content\/uploads\/2023\/10\/favicon-filplast.png","width":2134,"height":2134,"caption":"Filplast pour les g\u00e9n\u00e9rations"},"image":{"@id":"https:\/\/filplast.pl\/fr\/#\/schema\/logo\/image\/"},"sameAs":["https:\/\/www.facebook.com\/filplast.firma","https:\/\/pl.pinterest.com\/filplast\/","https:\/\/www.youtube.com\/FILPLASTchannel","https:\/\/pl.linkedin.com\/company\/filplast-sp.-z-o.o.","https:\/\/www.instagram.com\/filplast\/"]}]}},"uagb_featured_image_src":{"full":["https:\/\/filplast.pl\/wp-content\/uploads\/2020\/12\/CS_76MD_PSK.png",2000,2000,false],"thumbnail":["https:\/\/filplast.pl\/wp-content\/uploads\/2020\/12\/CS_76MD_PSK-150x150.png",150,150,true],"medium":["https:\/\/filplast.pl\/wp-content\/uploads\/2020\/12\/CS_76MD_PSK-300x300.png",300,300,true],"medium_large":["https:\/\/filplast.pl\/wp-content\/uploads\/2020\/12\/CS_76MD_PSK-768x768.png",768,768,true],"large":["https:\/\/filplast.pl\/wp-content\/uploads\/2020\/12\/CS_76MD_PSK-1024x1024.png",1024,1024,true],"1536x1536":["https:\/\/filplast.pl\/wp-content\/uploads\/2020\/12\/CS_76MD_PSK-1536x1536.png",1536,1536,true],"2048x2048":["https:\/\/filplast.pl\/wp-content\/uploads\/2020\/12\/CS_76MD_PSK.png",2000,2000,false],"depcore-widget-post-thumb":["https:\/\/filplast.pl\/wp-content\/uploads\/2020\/12\/CS_76MD_PSK-65x65.png",65,65,true],"depcore-widget-post-medium":["https:\/\/filplast.pl\/wp-content\/uploads\/2020\/12\/CS_76MD_PSK-280x150.png",280,150,true],"square":["https:\/\/filplast.pl\/wp-content\/uploads\/2020\/12\/CS_76MD_PSK-500x500.png",500,500,true],"small-square":["https:\/\/filplast.pl\/wp-content\/uploads\/2020\/12\/CS_76MD_PSK-250x250.png",250,250,true],"slider-image":["https:\/\/filplast.pl\/wp-content\/uploads\/2020\/12\/CS_76MD_PSK-1080x500.png",1080,500,true],"":["https:\/\/filplast.pl\/wp-content\/uploads\/2020\/12\/CS_76MD_PSK.png",250,250,false]},"uagb_author_info":{"display_name":"Micha\u0142 Mrukot","author_link":"https:\/\/filplast.pl\/fr\/author\/"},"uagb_comment_info":0,"uagb_excerpt":"La construction du syst\u00e8me ClimaStar 76 est stable et r\u00e9sistante. Gr\u00e2ce \u00e0 l'utilisation de joint central particulier il prot\u00e8ge efficacement du froid, du vent et des pluies fortes.","_links":{"self":[{"href":"https:\/\/filplast.pl\/fr\/wp-json\/wp\/v2\/product\/8432","targetHints":{"allow":["GET"]}}],"collection":[{"href":"https:\/\/filplast.pl\/fr\/wp-json\/wp\/v2\/product"}],"about":[{"href":"https:\/\/filplast.pl\/fr\/wp-json\/wp\/v2\/types\/product"}],"version-history":[{"count":1,"href":"https:\/\/filplast.pl\/fr\/wp-json\/wp\/v2\/product\/8432\/revisions"}],"predecessor-version":[{"id":8433,"href":"https:\/\/filplast.pl\/fr\/wp-json\/wp\/v2\/product\/8432\/revisions\/8433"}],"wp:featuredmedia":[{"embeddable":true,"href":"https:\/\/filplast.pl\/fr\/wp-json\/wp\/v2\/media\/24792"}],"wp:attachment":[{"href":"https:\/\/filplast.pl\/fr\/wp-json\/wp\/v2\/media?parent=8432"}],"curies":[{"name":"wp","href":"https:\/\/api.w.org\/{rel}","templated":true}]}}