{"id":8517,"date":"2021-04-22T18:17:04","date_gmt":"2021-04-22T16:17:04","guid":{"rendered":"https:\/\/filplast.pl\/produkt\/viva-83\/"},"modified":"2025-03-13T10:27:11","modified_gmt":"2025-03-13T09:27:11","slug":"viva-83","status":"publish","type":"product","link":"https:\/\/filplast.pl\/fr\/produit\/viva-83\/","title":{"rendered":"Viva 83"},"content":{"rendered":"<div id=\"modal-ready\"><p>La fen\u00eatre Viva 83 se distingue par sa r\u00e9sistance aux conditions atmosph\u00e9riques, \u00e0 l&rsquo;abrasion, au rechauffement, \u00e0 la d\u00e9coloration et au vieillissement. La couche en verre acrylique est deux fois plus dure que PVC utilis\u00e9 dans la production des fen\u00eatres.<\/p>\n\n\n<p><strong><a href=\"https:\/\/filplast.pl\/katalogi\/kolory-gealan-fr\/#book\/\" target=\"_blank\" rel=\"noreferrer noopener\">Couleurs.<\/a><\/strong><\/p>\n<\/div>","protected":false},"excerpt":{"rendered":"<p>Viva 83 se distingue par une bonne isolation thermique. Pour cette fen\u00eatre il est possible d&rsquo;utiliser le syst\u00e8me innovatif de coloriage des profil\u00e9s &#8211; Acrylcolor. G\u00e2ce \u00e0 la couche en verre acrylique cette fen\u00eatre est encore plus r\u00e9sistante aux conditions atmosph\u00e9riques.<\/p>\n","protected":false},"featured_media":24758,"parent":0,"menu_order":400,"template":"","class_list":["post-8517","product","type-product","status-publish","has-post-thumbnail","hentry","product-category-fenetres","product-category-fenetres-pvc-fr","product-line-goldenline-fr"],"yoast_head":"<!-- This site is optimized with the Yoast SEO plugin v24.7 - https:\/\/yoast.com\/wordpress\/plugins\/seo\/ -->\n<title>Fen\u00eatre PCV Viva 83 - Filplast pour les g\u00e9n\u00e9rations<\/title>\n<meta name=\"robots\" content=\"index, follow, max-snippet:-1, max-image-preview:large, max-video-preview:-1\" \/>\n<link rel=\"canonical\" href=\"https:\/\/filplast.pl\/fr\/produit\/viva-83\/\" \/>\n<meta property=\"og:locale\" content=\"fr_FR\" \/>\n<meta property=\"og:type\" content=\"article\" \/>\n<meta property=\"og:title\" content=\"Fen\u00eatre PCV Viva 83 - Filplast pour les g\u00e9n\u00e9rations\" \/>\n<meta property=\"og:description\" content=\"Viva 83 se distingue par une bonne isolation thermique. Pour cette fen\u00eatre il est possible d&#039;utiliser le syst\u00e8me innovatif de coloriage des profil\u00e9s - Acrylcolor. G\u00e2ce \u00e0 la couche en verre acrylique cette fen\u00eatre est encore plus r\u00e9sistante aux conditions atmosph\u00e9riques.\" \/>\n<meta property=\"og:url\" content=\"https:\/\/filplast.pl\/fr\/produit\/viva-83\/\" \/>\n<meta property=\"og:site_name\" content=\"Filplast pour les g\u00e9n\u00e9rations\" \/>\n<meta property=\"article:publisher\" content=\"https:\/\/www.facebook.com\/filplast.firma\" \/>\n<meta property=\"article:modified_time\" content=\"2025-03-13T09:27:11+00:00\" \/>\n<meta property=\"og:image\" content=\"https:\/\/filplast.pl\/wp-content\/uploads\/2020\/12\/VIVA_83-1024x1024.png\" \/>\n\t<meta property=\"og:image:width\" content=\"1024\" \/>\n\t<meta property=\"og:image:height\" content=\"1024\" \/>\n\t<meta property=\"og:image:type\" content=\"image\/png\" \/>\n<meta name=\"twitter:card\" content=\"summary_large_image\" \/>\n<meta name=\"twitter:label1\" content=\"Dur\u00e9e de lecture estim\u00e9e\" \/>\n\t<meta name=\"twitter:data1\" content=\"1 minute\" \/>\n<script type=\"application\/ld+json\" class=\"yoast-schema-graph\">{\"@context\":\"https:\/\/schema.org\",\"@graph\":[{\"@type\":\"WebPage\",\"@id\":\"https:\/\/filplast.pl\/fr\/produit\/viva-83\/\",\"url\":\"https:\/\/filplast.pl\/fr\/produit\/viva-83\/\",\"name\":\"Fen\u00eatre PCV Viva 83 - Filplast pour les g\u00e9n\u00e9rations\",\"isPartOf\":{\"@id\":\"https:\/\/filplast.pl\/fr\/#website\"},\"primaryImageOfPage\":{\"@id\":\"https:\/\/filplast.pl\/fr\/produit\/viva-83\/#primaryimage\"},\"image\":{\"@id\":\"https:\/\/filplast.pl\/fr\/produit\/viva-83\/#primaryimage\"},\"thumbnailUrl\":\"https:\/\/filplast.pl\/wp-content\/uploads\/2020\/12\/VIVA_83.png\",\"datePublished\":\"2021-04-22T16:17:04+00:00\",\"dateModified\":\"2025-03-13T09:27:11+00:00\",\"breadcrumb\":{\"@id\":\"https:\/\/filplast.pl\/fr\/produit\/viva-83\/#breadcrumb\"},\"inLanguage\":\"fr-FR\",\"potentialAction\":[{\"@type\":\"ReadAction\",\"target\":[\"https:\/\/filplast.pl\/fr\/produit\/viva-83\/\"]}]},{\"@type\":\"ImageObject\",\"inLanguage\":\"fr-FR\",\"@id\":\"https:\/\/filplast.pl\/fr\/produit\/viva-83\/#primaryimage\",\"url\":\"https:\/\/filplast.pl\/wp-content\/uploads\/2020\/12\/VIVA_83.png\",\"contentUrl\":\"https:\/\/filplast.pl\/wp-content\/uploads\/2020\/12\/VIVA_83.png\",\"width\":2000,\"height\":2000},{\"@type\":\"BreadcrumbList\",\"@id\":\"https:\/\/filplast.pl\/fr\/produit\/viva-83\/#breadcrumb\",\"itemListElement\":[{\"@type\":\"ListItem\",\"position\":1,\"name\":\"Home\",\"item\":\"https:\/\/filplast.pl\/fr\/\"},{\"@type\":\"ListItem\",\"position\":2,\"name\":\"Produits\",\"item\":\"https:\/\/filplast.pl\/fr\/produit\/\"},{\"@type\":\"ListItem\",\"position\":3,\"name\":\"Viva 83\"}]},{\"@type\":\"WebSite\",\"@id\":\"https:\/\/filplast.pl\/fr\/#website\",\"url\":\"https:\/\/filplast.pl\/fr\/\",\"name\":\"Filplast pour les g\u00e9n\u00e9rations\",\"description\":\"Producent okien, drzwi i rolet\",\"publisher\":{\"@id\":\"https:\/\/filplast.pl\/fr\/#organization\"},\"potentialAction\":[{\"@type\":\"SearchAction\",\"target\":{\"@type\":\"EntryPoint\",\"urlTemplate\":\"https:\/\/filplast.pl\/fr\/?s={search_term_string}\"},\"query-input\":{\"@type\":\"PropertyValueSpecification\",\"valueRequired\":true,\"valueName\":\"search_term_string\"}}],\"inLanguage\":\"fr-FR\"},{\"@type\":\"Organization\",\"@id\":\"https:\/\/filplast.pl\/fr\/#organization\",\"name\":\"Filplast pour les g\u00e9n\u00e9rations\",\"url\":\"https:\/\/filplast.pl\/fr\/\",\"logo\":{\"@type\":\"ImageObject\",\"inLanguage\":\"fr-FR\",\"@id\":\"https:\/\/filplast.pl\/fr\/#\/schema\/logo\/image\/\",\"url\":\"https:\/\/filplast.pl\/wp-content\/uploads\/2023\/10\/favicon-filplast.png\",\"contentUrl\":\"https:\/\/filplast.pl\/wp-content\/uploads\/2023\/10\/favicon-filplast.png\",\"width\":2134,\"height\":2134,\"caption\":\"Filplast pour les g\u00e9n\u00e9rations\"},\"image\":{\"@id\":\"https:\/\/filplast.pl\/fr\/#\/schema\/logo\/image\/\"},\"sameAs\":[\"https:\/\/www.facebook.com\/filplast.firma\",\"https:\/\/pl.pinterest.com\/filplast\/\",\"https:\/\/www.youtube.com\/FILPLASTchannel\",\"https:\/\/pl.linkedin.com\/company\/filplast-sp.-z-o.o.\",\"https:\/\/www.instagram.com\/filplast\/\"]}]}<\/script>\n<!-- \/ Yoast SEO plugin. -->","yoast_head_json":{"title":"Fen\u00eatre PCV Viva 83 - Filplast pour les g\u00e9n\u00e9rations","robots":{"index":"index","follow":"follow","max-snippet":"max-snippet:-1","max-image-preview":"max-image-preview:large","max-video-preview":"max-video-preview:-1"},"canonical":"https:\/\/filplast.pl\/fr\/produit\/viva-83\/","og_locale":"fr_FR","og_type":"article","og_title":"Fen\u00eatre PCV Viva 83 - Filplast pour les g\u00e9n\u00e9rations","og_description":"Viva 83 se distingue par une bonne isolation thermique. Pour cette fen\u00eatre il est possible d'utiliser le syst\u00e8me innovatif de coloriage des profil\u00e9s - Acrylcolor. G\u00e2ce \u00e0 la couche en verre acrylique cette fen\u00eatre est encore plus r\u00e9sistante aux conditions atmosph\u00e9riques.","og_url":"https:\/\/filplast.pl\/fr\/produit\/viva-83\/","og_site_name":"Filplast pour les g\u00e9n\u00e9rations","article_publisher":"https:\/\/www.facebook.com\/filplast.firma","article_modified_time":"2025-03-13T09:27:11+00:00","og_image":[{"width":1024,"height":1024,"url":"https:\/\/filplast.pl\/wp-content\/uploads\/2020\/12\/VIVA_83-1024x1024.png","type":"image\/png"}],"twitter_card":"summary_large_image","twitter_misc":{"Dur\u00e9e de lecture estim\u00e9e":"1 minute"},"schema":{"@context":"https:\/\/schema.org","@graph":[{"@type":"WebPage","@id":"https:\/\/filplast.pl\/fr\/produit\/viva-83\/","url":"https:\/\/filplast.pl\/fr\/produit\/viva-83\/","name":"Fen\u00eatre PCV Viva 83 - Filplast pour les g\u00e9n\u00e9rations","isPartOf":{"@id":"https:\/\/filplast.pl\/fr\/#website"},"primaryImageOfPage":{"@id":"https:\/\/filplast.pl\/fr\/produit\/viva-83\/#primaryimage"},"image":{"@id":"https:\/\/filplast.pl\/fr\/produit\/viva-83\/#primaryimage"},"thumbnailUrl":"https:\/\/filplast.pl\/wp-content\/uploads\/2020\/12\/VIVA_83.png","datePublished":"2021-04-22T16:17:04+00:00","dateModified":"2025-03-13T09:27:11+00:00","breadcrumb":{"@id":"https:\/\/filplast.pl\/fr\/produit\/viva-83\/#breadcrumb"},"inLanguage":"fr-FR","potentialAction":[{"@type":"ReadAction","target":["https:\/\/filplast.pl\/fr\/produit\/viva-83\/"]}]},{"@type":"ImageObject","inLanguage":"fr-FR","@id":"https:\/\/filplast.pl\/fr\/produit\/viva-83\/#primaryimage","url":"https:\/\/filplast.pl\/wp-content\/uploads\/2020\/12\/VIVA_83.png","contentUrl":"https:\/\/filplast.pl\/wp-content\/uploads\/2020\/12\/VIVA_83.png","width":2000,"height":2000},{"@type":"BreadcrumbList","@id":"https:\/\/filplast.pl\/fr\/produit\/viva-83\/#breadcrumb","itemListElement":[{"@type":"ListItem","position":1,"name":"Home","item":"https:\/\/filplast.pl\/fr\/"},{"@type":"ListItem","position":2,"name":"Produits","item":"https:\/\/filplast.pl\/fr\/produit\/"},{"@type":"ListItem","position":3,"name":"Viva 83"}]},{"@type":"WebSite","@id":"https:\/\/filplast.pl\/fr\/#website","url":"https:\/\/filplast.pl\/fr\/","name":"Filplast pour les g\u00e9n\u00e9rations","description":"Producent okien, drzwi i rolet","publisher":{"@id":"https:\/\/filplast.pl\/fr\/#organization"},"potentialAction":[{"@type":"SearchAction","target":{"@type":"EntryPoint","urlTemplate":"https:\/\/filplast.pl\/fr\/?s={search_term_string}"},"query-input":{"@type":"PropertyValueSpecification","valueRequired":true,"valueName":"search_term_string"}}],"inLanguage":"fr-FR"},{"@type":"Organization","@id":"https:\/\/filplast.pl\/fr\/#organization","name":"Filplast pour les g\u00e9n\u00e9rations","url":"https:\/\/filplast.pl\/fr\/","logo":{"@type":"ImageObject","inLanguage":"fr-FR","@id":"https:\/\/filplast.pl\/fr\/#\/schema\/logo\/image\/","url":"https:\/\/filplast.pl\/wp-content\/uploads\/2023\/10\/favicon-filplast.png","contentUrl":"https:\/\/filplast.pl\/wp-content\/uploads\/2023\/10\/favicon-filplast.png","width":2134,"height":2134,"caption":"Filplast pour les g\u00e9n\u00e9rations"},"image":{"@id":"https:\/\/filplast.pl\/fr\/#\/schema\/logo\/image\/"},"sameAs":["https:\/\/www.facebook.com\/filplast.firma","https:\/\/pl.pinterest.com\/filplast\/","https:\/\/www.youtube.com\/FILPLASTchannel","https:\/\/pl.linkedin.com\/company\/filplast-sp.-z-o.o.","https:\/\/www.instagram.com\/filplast\/"]}]}},"uagb_featured_image_src":{"full":["https:\/\/filplast.pl\/wp-content\/uploads\/2020\/12\/VIVA_83.png",2000,2000,false],"thumbnail":["https:\/\/filplast.pl\/wp-content\/uploads\/2020\/12\/VIVA_83-150x150.png",150,150,true],"medium":["https:\/\/filplast.pl\/wp-content\/uploads\/2020\/12\/VIVA_83-300x300.png",300,300,true],"medium_large":["https:\/\/filplast.pl\/wp-content\/uploads\/2020\/12\/VIVA_83-768x768.png",768,768,true],"large":["https:\/\/filplast.pl\/wp-content\/uploads\/2020\/12\/VIVA_83-1024x1024.png",1024,1024,true],"1536x1536":["https:\/\/filplast.pl\/wp-content\/uploads\/2020\/12\/VIVA_83-1536x1536.png",1536,1536,true],"2048x2048":["https:\/\/filplast.pl\/wp-content\/uploads\/2020\/12\/VIVA_83.png",2000,2000,false],"depcore-widget-post-thumb":["https:\/\/filplast.pl\/wp-content\/uploads\/2020\/12\/VIVA_83-65x65.png",65,65,true],"depcore-widget-post-medium":["https:\/\/filplast.pl\/wp-content\/uploads\/2020\/12\/VIVA_83-280x150.png",280,150,true],"square":["https:\/\/filplast.pl\/wp-content\/uploads\/2020\/12\/VIVA_83-500x500.png",500,500,true],"small-square":["https:\/\/filplast.pl\/wp-content\/uploads\/2020\/12\/VIVA_83-250x250.png",250,250,true],"slider-image":["https:\/\/filplast.pl\/wp-content\/uploads\/2020\/12\/VIVA_83-1080x500.png",1080,500,true],"":["https:\/\/filplast.pl\/wp-content\/uploads\/2020\/12\/VIVA_83.png",250,250,false]},"uagb_author_info":{"display_name":"Micha\u0142 Mrukot","author_link":"https:\/\/filplast.pl\/fr\/author\/"},"uagb_comment_info":0,"uagb_excerpt":"Viva 83 se distingue par une bonne isolation thermique. Pour cette fen\u00eatre il est possible d'utiliser le syst\u00e8me innovatif de coloriage des profil\u00e9s - Acrylcolor. G\u00e2ce \u00e0 la couche en verre acrylique cette fen\u00eatre est encore plus r\u00e9sistante aux conditions atmosph\u00e9riques.","_links":{"self":[{"href":"https:\/\/filplast.pl\/fr\/wp-json\/wp\/v2\/product\/8517","targetHints":{"allow":["GET"]}}],"collection":[{"href":"https:\/\/filplast.pl\/fr\/wp-json\/wp\/v2\/product"}],"about":[{"href":"https:\/\/filplast.pl\/fr\/wp-json\/wp\/v2\/types\/product"}],"version-history":[{"count":3,"href":"https:\/\/filplast.pl\/fr\/wp-json\/wp\/v2\/product\/8517\/revisions"}],"predecessor-version":[{"id":56298,"href":"https:\/\/filplast.pl\/fr\/wp-json\/wp\/v2\/product\/8517\/revisions\/56298"}],"wp:featuredmedia":[{"embeddable":true,"href":"https:\/\/filplast.pl\/fr\/wp-json\/wp\/v2\/media\/24758"}],"wp:attachment":[{"href":"https:\/\/filplast.pl\/fr\/wp-json\/wp\/v2\/media?parent=8517"}],"curies":[{"name":"wp","href":"https:\/\/api.w.org\/{rel}","templated":true}]}}