{"id":8520,"date":"2021-04-22T19:28:45","date_gmt":"2021-04-22T17:28:45","guid":{"rendered":"https:\/\/filplast.pl\/produkt\/climastar-82-2\/"},"modified":"2025-03-13T09:59:37","modified_gmt":"2025-03-13T08:59:37","slug":"climastar-82-2-fr-prime","status":"publish","type":"product","link":"https:\/\/filplast.pl\/fr\/produit\/climastar-82-2-fr-prime\/","title":{"rendered":"ClimaStar 82 Prime"},"content":{"rendered":"<div id=\"modal-ready\"><p>ClimaStar 82 Prime sont des fen\u00eatres avec les param\u00e8tres d\u2019isolation thermique et acoustique les plus \u00e9lev\u00e9s. Ils feront leurs preuves non seulement dans une maison \u00e9conome en \u00e9nergie, mais aussi dans une maison passive. Gr\u00e2ce \u00e0 la technologie de collage des vitres autour du p\u00e9rim\u00e8tre de la structure, ces fen\u00eatres sont plus r\u00e9sistantes aux tentatives d\u2019effraction, moins susceptibles de se d\u00e9former et permettent des vitrages plus grands.<\/p>\n<p><a href=\"https:\/\/filplast.pl\/wp-content\/uploads\/2023\/09\/ClimaStar_82_prime_FR.pdf\"><strong>Fiche produit \u279c<\/strong><\/a><\/p>\n<p><a href=\"https:\/\/filplast.pl\/katalogi\/kolory-veka-fr\/#book\/\" target=\"_blank\" rel=\"noopener\"><strong>Couleurs\u279c<\/strong><\/a><\/p>\n\n\n<div style=\"height:10px\" aria-hidden=\"true\" class=\"wp-block-spacer\"><\/div>\n\n\n\n<p><\/p>\n<\/div>","protected":false},"excerpt":{"rendered":"<p>ClimaStar 82 est une fen\u00eatre avec les plus hauts param\u00e8tres d&rsquo;isolation thermique et phonique. Selon ses propri\u00e9t\u00e9s ce syst\u00e8me est surtout recommand\u00e9 pour les maisons \u00e9conomes en \u00e9nergie &#8211; avec la r\u00e9cuperation, les pompes \u00e0 chaleur et l&rsquo;\u00e9nergie photovolta\u00efque. Cette fen\u00eatre se distingue par un soudage innovatifet parfait en V.<\/p>\n","protected":false},"featured_media":24814,"parent":0,"menu_order":388,"template":"","class_list":["post-8520","product","type-product","status-publish","has-post-thumbnail","hentry","product-category-fenetres","product-category-fenetres-pvc-fr","product-line-platinumline-fr"],"yoast_head":"<!-- This site is optimized with the Yoast SEO plugin v24.7 - https:\/\/yoast.com\/wordpress\/plugins\/seo\/ -->\n<title>Fen\u00eatre PVC ClimaStar 82 Prime - Filplast pour les g\u00e9n\u00e9rations<\/title>\n<meta name=\"robots\" content=\"index, follow, max-snippet:-1, max-image-preview:large, max-video-preview:-1\" \/>\n<link rel=\"canonical\" href=\"https:\/\/filplast.pl\/fr\/produit\/climastar-82-2-fr-prime\/\" \/>\n<meta property=\"og:locale\" content=\"fr_FR\" \/>\n<meta property=\"og:type\" content=\"article\" \/>\n<meta property=\"og:title\" content=\"Fen\u00eatre PVC ClimaStar 82 Prime - Filplast pour les g\u00e9n\u00e9rations\" \/>\n<meta property=\"og:description\" content=\"ClimaStar 82 est une fen\u00eatre avec les plus hauts param\u00e8tres d&#039;isolation thermique et phonique. Selon ses propri\u00e9t\u00e9s ce syst\u00e8me est surtout recommand\u00e9 pour les maisons \u00e9conomes en \u00e9nergie - avec la r\u00e9cuperation, les pompes \u00e0 chaleur et l&#039;\u00e9nergie photovolta\u00efque. Cette fen\u00eatre se distingue par un soudage innovatifet parfait en V.\" \/>\n<meta property=\"og:url\" content=\"https:\/\/filplast.pl\/fr\/produit\/climastar-82-2-fr-prime\/\" \/>\n<meta property=\"og:site_name\" content=\"Filplast pour les g\u00e9n\u00e9rations\" \/>\n<meta property=\"article:publisher\" content=\"https:\/\/www.facebook.com\/filplast.firma\" \/>\n<meta property=\"article:modified_time\" content=\"2025-03-13T08:59:37+00:00\" \/>\n<meta property=\"og:image\" content=\"https:\/\/filplast.pl\/wp-content\/uploads\/2020\/12\/CS_82_PRIME.png\" \/>\n\t<meta property=\"og:image:width\" content=\"2000\" \/>\n\t<meta property=\"og:image:height\" content=\"2000\" \/>\n\t<meta property=\"og:image:type\" content=\"image\/png\" \/>\n<meta name=\"twitter:card\" content=\"summary_large_image\" \/>\n<meta name=\"twitter:label1\" content=\"Dur\u00e9e de lecture estim\u00e9e\" \/>\n\t<meta name=\"twitter:data1\" content=\"1 minute\" \/>\n<script type=\"application\/ld+json\" class=\"yoast-schema-graph\">{\"@context\":\"https:\/\/schema.org\",\"@graph\":[{\"@type\":\"WebPage\",\"@id\":\"https:\/\/filplast.pl\/fr\/produit\/climastar-82-2-fr-prime\/\",\"url\":\"https:\/\/filplast.pl\/fr\/produit\/climastar-82-2-fr-prime\/\",\"name\":\"Fen\u00eatre PVC ClimaStar 82 Prime - Filplast pour les g\u00e9n\u00e9rations\",\"isPartOf\":{\"@id\":\"https:\/\/filplast.pl\/fr\/#website\"},\"primaryImageOfPage\":{\"@id\":\"https:\/\/filplast.pl\/fr\/produit\/climastar-82-2-fr-prime\/#primaryimage\"},\"image\":{\"@id\":\"https:\/\/filplast.pl\/fr\/produit\/climastar-82-2-fr-prime\/#primaryimage\"},\"thumbnailUrl\":\"https:\/\/filplast.pl\/wp-content\/uploads\/2020\/12\/CS_82_PRIME.png\",\"datePublished\":\"2021-04-22T17:28:45+00:00\",\"dateModified\":\"2025-03-13T08:59:37+00:00\",\"breadcrumb\":{\"@id\":\"https:\/\/filplast.pl\/fr\/produit\/climastar-82-2-fr-prime\/#breadcrumb\"},\"inLanguage\":\"fr-FR\",\"potentialAction\":[{\"@type\":\"ReadAction\",\"target\":[\"https:\/\/filplast.pl\/fr\/produit\/climastar-82-2-fr-prime\/\"]}]},{\"@type\":\"ImageObject\",\"inLanguage\":\"fr-FR\",\"@id\":\"https:\/\/filplast.pl\/fr\/produit\/climastar-82-2-fr-prime\/#primaryimage\",\"url\":\"https:\/\/filplast.pl\/wp-content\/uploads\/2020\/12\/CS_82_PRIME.png\",\"contentUrl\":\"https:\/\/filplast.pl\/wp-content\/uploads\/2020\/12\/CS_82_PRIME.png\",\"width\":2000,\"height\":2000},{\"@type\":\"BreadcrumbList\",\"@id\":\"https:\/\/filplast.pl\/fr\/produit\/climastar-82-2-fr-prime\/#breadcrumb\",\"itemListElement\":[{\"@type\":\"ListItem\",\"position\":1,\"name\":\"Home\",\"item\":\"https:\/\/filplast.pl\/fr\/\"},{\"@type\":\"ListItem\",\"position\":2,\"name\":\"Produits\",\"item\":\"https:\/\/filplast.pl\/fr\/produit\/\"},{\"@type\":\"ListItem\",\"position\":3,\"name\":\"ClimaStar 82 Prime\"}]},{\"@type\":\"WebSite\",\"@id\":\"https:\/\/filplast.pl\/fr\/#website\",\"url\":\"https:\/\/filplast.pl\/fr\/\",\"name\":\"Filplast pour les g\u00e9n\u00e9rations\",\"description\":\"Producent okien, drzwi i rolet\",\"publisher\":{\"@id\":\"https:\/\/filplast.pl\/fr\/#organization\"},\"potentialAction\":[{\"@type\":\"SearchAction\",\"target\":{\"@type\":\"EntryPoint\",\"urlTemplate\":\"https:\/\/filplast.pl\/fr\/?s={search_term_string}\"},\"query-input\":{\"@type\":\"PropertyValueSpecification\",\"valueRequired\":true,\"valueName\":\"search_term_string\"}}],\"inLanguage\":\"fr-FR\"},{\"@type\":\"Organization\",\"@id\":\"https:\/\/filplast.pl\/fr\/#organization\",\"name\":\"Filplast pour les g\u00e9n\u00e9rations\",\"url\":\"https:\/\/filplast.pl\/fr\/\",\"logo\":{\"@type\":\"ImageObject\",\"inLanguage\":\"fr-FR\",\"@id\":\"https:\/\/filplast.pl\/fr\/#\/schema\/logo\/image\/\",\"url\":\"https:\/\/filplast.pl\/wp-content\/uploads\/2023\/10\/favicon-filplast.png\",\"contentUrl\":\"https:\/\/filplast.pl\/wp-content\/uploads\/2023\/10\/favicon-filplast.png\",\"width\":2134,\"height\":2134,\"caption\":\"Filplast pour les g\u00e9n\u00e9rations\"},\"image\":{\"@id\":\"https:\/\/filplast.pl\/fr\/#\/schema\/logo\/image\/\"},\"sameAs\":[\"https:\/\/www.facebook.com\/filplast.firma\",\"https:\/\/pl.pinterest.com\/filplast\/\",\"https:\/\/www.youtube.com\/FILPLASTchannel\",\"https:\/\/pl.linkedin.com\/company\/filplast-sp.-z-o.o.\",\"https:\/\/www.instagram.com\/filplast\/\"]}]}<\/script>\n<!-- \/ Yoast SEO plugin. -->","yoast_head_json":{"title":"Fen\u00eatre PVC ClimaStar 82 Prime - Filplast pour les g\u00e9n\u00e9rations","robots":{"index":"index","follow":"follow","max-snippet":"max-snippet:-1","max-image-preview":"max-image-preview:large","max-video-preview":"max-video-preview:-1"},"canonical":"https:\/\/filplast.pl\/fr\/produit\/climastar-82-2-fr-prime\/","og_locale":"fr_FR","og_type":"article","og_title":"Fen\u00eatre PVC ClimaStar 82 Prime - Filplast pour les g\u00e9n\u00e9rations","og_description":"ClimaStar 82 est une fen\u00eatre avec les plus hauts param\u00e8tres d'isolation thermique et phonique. Selon ses propri\u00e9t\u00e9s ce syst\u00e8me est surtout recommand\u00e9 pour les maisons \u00e9conomes en \u00e9nergie - avec la r\u00e9cuperation, les pompes \u00e0 chaleur et l'\u00e9nergie photovolta\u00efque. Cette fen\u00eatre se distingue par un soudage innovatifet parfait en V.","og_url":"https:\/\/filplast.pl\/fr\/produit\/climastar-82-2-fr-prime\/","og_site_name":"Filplast pour les g\u00e9n\u00e9rations","article_publisher":"https:\/\/www.facebook.com\/filplast.firma","article_modified_time":"2025-03-13T08:59:37+00:00","og_image":[{"width":2000,"height":2000,"url":"https:\/\/filplast.pl\/wp-content\/uploads\/2020\/12\/CS_82_PRIME.png","type":"image\/png"}],"twitter_card":"summary_large_image","twitter_misc":{"Dur\u00e9e de lecture estim\u00e9e":"1 minute"},"schema":{"@context":"https:\/\/schema.org","@graph":[{"@type":"WebPage","@id":"https:\/\/filplast.pl\/fr\/produit\/climastar-82-2-fr-prime\/","url":"https:\/\/filplast.pl\/fr\/produit\/climastar-82-2-fr-prime\/","name":"Fen\u00eatre PVC ClimaStar 82 Prime - Filplast pour les g\u00e9n\u00e9rations","isPartOf":{"@id":"https:\/\/filplast.pl\/fr\/#website"},"primaryImageOfPage":{"@id":"https:\/\/filplast.pl\/fr\/produit\/climastar-82-2-fr-prime\/#primaryimage"},"image":{"@id":"https:\/\/filplast.pl\/fr\/produit\/climastar-82-2-fr-prime\/#primaryimage"},"thumbnailUrl":"https:\/\/filplast.pl\/wp-content\/uploads\/2020\/12\/CS_82_PRIME.png","datePublished":"2021-04-22T17:28:45+00:00","dateModified":"2025-03-13T08:59:37+00:00","breadcrumb":{"@id":"https:\/\/filplast.pl\/fr\/produit\/climastar-82-2-fr-prime\/#breadcrumb"},"inLanguage":"fr-FR","potentialAction":[{"@type":"ReadAction","target":["https:\/\/filplast.pl\/fr\/produit\/climastar-82-2-fr-prime\/"]}]},{"@type":"ImageObject","inLanguage":"fr-FR","@id":"https:\/\/filplast.pl\/fr\/produit\/climastar-82-2-fr-prime\/#primaryimage","url":"https:\/\/filplast.pl\/wp-content\/uploads\/2020\/12\/CS_82_PRIME.png","contentUrl":"https:\/\/filplast.pl\/wp-content\/uploads\/2020\/12\/CS_82_PRIME.png","width":2000,"height":2000},{"@type":"BreadcrumbList","@id":"https:\/\/filplast.pl\/fr\/produit\/climastar-82-2-fr-prime\/#breadcrumb","itemListElement":[{"@type":"ListItem","position":1,"name":"Home","item":"https:\/\/filplast.pl\/fr\/"},{"@type":"ListItem","position":2,"name":"Produits","item":"https:\/\/filplast.pl\/fr\/produit\/"},{"@type":"ListItem","position":3,"name":"ClimaStar 82 Prime"}]},{"@type":"WebSite","@id":"https:\/\/filplast.pl\/fr\/#website","url":"https:\/\/filplast.pl\/fr\/","name":"Filplast pour les g\u00e9n\u00e9rations","description":"Producent okien, drzwi i rolet","publisher":{"@id":"https:\/\/filplast.pl\/fr\/#organization"},"potentialAction":[{"@type":"SearchAction","target":{"@type":"EntryPoint","urlTemplate":"https:\/\/filplast.pl\/fr\/?s={search_term_string}"},"query-input":{"@type":"PropertyValueSpecification","valueRequired":true,"valueName":"search_term_string"}}],"inLanguage":"fr-FR"},{"@type":"Organization","@id":"https:\/\/filplast.pl\/fr\/#organization","name":"Filplast pour les g\u00e9n\u00e9rations","url":"https:\/\/filplast.pl\/fr\/","logo":{"@type":"ImageObject","inLanguage":"fr-FR","@id":"https:\/\/filplast.pl\/fr\/#\/schema\/logo\/image\/","url":"https:\/\/filplast.pl\/wp-content\/uploads\/2023\/10\/favicon-filplast.png","contentUrl":"https:\/\/filplast.pl\/wp-content\/uploads\/2023\/10\/favicon-filplast.png","width":2134,"height":2134,"caption":"Filplast pour les g\u00e9n\u00e9rations"},"image":{"@id":"https:\/\/filplast.pl\/fr\/#\/schema\/logo\/image\/"},"sameAs":["https:\/\/www.facebook.com\/filplast.firma","https:\/\/pl.pinterest.com\/filplast\/","https:\/\/www.youtube.com\/FILPLASTchannel","https:\/\/pl.linkedin.com\/company\/filplast-sp.-z-o.o.","https:\/\/www.instagram.com\/filplast\/"]}]}},"uagb_featured_image_src":{"full":["https:\/\/filplast.pl\/wp-content\/uploads\/2020\/12\/CS_82_PRIME.png",2000,2000,false],"thumbnail":["https:\/\/filplast.pl\/wp-content\/uploads\/2020\/12\/CS_82_PRIME-150x150.png",150,150,true],"medium":["https:\/\/filplast.pl\/wp-content\/uploads\/2020\/12\/CS_82_PRIME-300x300.png",300,300,true],"medium_large":["https:\/\/filplast.pl\/wp-content\/uploads\/2020\/12\/CS_82_PRIME-768x768.png",768,768,true],"large":["https:\/\/filplast.pl\/wp-content\/uploads\/2020\/12\/CS_82_PRIME-1024x1024.png",1024,1024,true],"1536x1536":["https:\/\/filplast.pl\/wp-content\/uploads\/2020\/12\/CS_82_PRIME-1536x1536.png",1536,1536,true],"2048x2048":["https:\/\/filplast.pl\/wp-content\/uploads\/2020\/12\/CS_82_PRIME.png",2000,2000,false],"depcore-widget-post-thumb":["https:\/\/filplast.pl\/wp-content\/uploads\/2020\/12\/CS_82_PRIME-65x65.png",65,65,true],"depcore-widget-post-medium":["https:\/\/filplast.pl\/wp-content\/uploads\/2020\/12\/CS_82_PRIME-280x150.png",280,150,true],"square":["https:\/\/filplast.pl\/wp-content\/uploads\/2020\/12\/CS_82_PRIME-500x500.png",500,500,true],"small-square":["https:\/\/filplast.pl\/wp-content\/uploads\/2020\/12\/CS_82_PRIME-250x250.png",250,250,true],"slider-image":["https:\/\/filplast.pl\/wp-content\/uploads\/2020\/12\/CS_82_PRIME-1080x500.png",1080,500,true],"":["https:\/\/filplast.pl\/wp-content\/uploads\/2020\/12\/CS_82_PRIME.png",250,250,false]},"uagb_author_info":{"display_name":"Micha\u0142 Mrukot","author_link":"https:\/\/filplast.pl\/fr\/author\/"},"uagb_comment_info":0,"uagb_excerpt":"ClimaStar 82 est une fen\u00eatre avec les plus hauts param\u00e8tres d'isolation thermique et phonique. Selon ses propri\u00e9t\u00e9s ce syst\u00e8me est surtout recommand\u00e9 pour les maisons \u00e9conomes en \u00e9nergie - avec la r\u00e9cuperation, les pompes \u00e0 chaleur et l'\u00e9nergie photovolta\u00efque. Cette fen\u00eatre se distingue par un soudage innovatifet parfait en V.","_links":{"self":[{"href":"https:\/\/filplast.pl\/fr\/wp-json\/wp\/v2\/product\/8520","targetHints":{"allow":["GET"]}}],"collection":[{"href":"https:\/\/filplast.pl\/fr\/wp-json\/wp\/v2\/product"}],"about":[{"href":"https:\/\/filplast.pl\/fr\/wp-json\/wp\/v2\/types\/product"}],"version-history":[{"count":22,"href":"https:\/\/filplast.pl\/fr\/wp-json\/wp\/v2\/product\/8520\/revisions"}],"predecessor-version":[{"id":56280,"href":"https:\/\/filplast.pl\/fr\/wp-json\/wp\/v2\/product\/8520\/revisions\/56280"}],"wp:featuredmedia":[{"embeddable":true,"href":"https:\/\/filplast.pl\/fr\/wp-json\/wp\/v2\/media\/24814"}],"wp:attachment":[{"href":"https:\/\/filplast.pl\/fr\/wp-json\/wp\/v2\/media?parent=8520"}],"curies":[{"name":"wp","href":"https:\/\/api.w.org\/{rel}","templated":true}]}}