{"id":8559,"date":"2021-04-23T19:24:46","date_gmt":"2021-04-23T17:24:46","guid":{"rendered":"https:\/\/filplast.pl\/produkt\/alustar-104-2\/"},"modified":"2026-01-15T16:00:22","modified_gmt":"2026-01-15T15:00:22","slug":"alustar-104-2","status":"publish","type":"product","link":"https:\/\/filplast.pl\/fr\/produit\/alustar-104-2\/","title":{"rendered":"AluStar 104"},"content":{"rendered":"<div id=\"modal-ready\"><p>Nous recommandons les fen\u00eatres au syst\u00e8me AluStar 104 pour les constructions \u00e9conomes en \u00e9nergie et passives. Ce syst\u00e8me convient aux diff\u00e9rents types de fen\u00eatres, aux SAS d&rsquo;entr\u00e9e, aux vitrines et aux jardins d&rsquo;hiver.<\/p>\n\n\n<div class=\"wp-block-buttons is-layout-flex wp-block-buttons-is-layout-flex\">\n<div class=\"wp-block-button is-style-fill\"><a class=\"wp-block-button__link has-white-color has-text-color has-background wp-element-button\" href=\"https:\/\/filplast.pl\/katalogi\/kolory-veka-fr\/#book\/\" style=\"border-radius:9px;background-color:#00387b\" target=\"_blank\" rel=\"noreferrer noopener\"><strong>Couleurs<\/strong><\/a><\/div>\n<\/div>\n<\/div>","protected":false},"excerpt":{"rendered":"<p>AluViva 104 est une fen\u00eatre avec une haute isolation thermique, une r\u00e9sistance \u00e0 l&rsquo;eau et aux soufflements des vents forts &#8211; m\u00eame jusqu&rsquo;\u00e0 200 km\/h. Elle sera parfaite pour les maisons \u00e9conomes en \u00e9nergie et passives &#8211; ce syst\u00e8me poss\u00e8de le certificat de l&rsquo;Institut des Maisons Passives PHI Darmstadt.<\/p>\n","protected":false},"featured_media":4522,"parent":0,"menu_order":350,"template":"","class_list":["post-8559","product","type-product","status-publish","has-post-thumbnail","hentry","product-category-fenetres","product-category-aluminium-fr-fr","product-line-platinumline-fr"],"yoast_head":"<!-- This site is optimized with the Yoast SEO plugin v24.7 - https:\/\/yoast.com\/wordpress\/plugins\/seo\/ -->\n<title>Fen\u00eatre en aluminium<\/title>\n<meta name=\"robots\" content=\"index, follow, max-snippet:-1, max-image-preview:large, max-video-preview:-1\" \/>\n<link rel=\"canonical\" href=\"https:\/\/filplast.pl\/fr\/produit\/alustar-104-2\/\" \/>\n<meta property=\"og:locale\" content=\"fr_FR\" \/>\n<meta property=\"og:type\" content=\"article\" \/>\n<meta property=\"og:title\" content=\"Fen\u00eatre en aluminium\" \/>\n<meta property=\"og:description\" content=\"AluViva 104 est une fen\u00eatre avec une haute isolation thermique, une r\u00e9sistance \u00e0 l&#039;eau et aux soufflements des vents forts - m\u00eame jusqu&#039;\u00e0 200 km\/h. Elle sera parfaite pour les maisons \u00e9conomes en \u00e9nergie et passives - ce syst\u00e8me poss\u00e8de le certificat de l&#039;Institut des Maisons Passives PHI Darmstadt.\" \/>\n<meta property=\"og:url\" content=\"https:\/\/filplast.pl\/fr\/produit\/alustar-104-2\/\" \/>\n<meta property=\"og:site_name\" content=\"Filplast pour les g\u00e9n\u00e9rations\" \/>\n<meta property=\"article:publisher\" content=\"https:\/\/www.facebook.com\/filplast.firma\" \/>\n<meta property=\"article:modified_time\" content=\"2026-01-15T15:00:22+00:00\" \/>\n<meta property=\"og:image\" content=\"https:\/\/filplast.pl\/wp-content\/uploads\/2020\/12\/alustar-104-mini-1.jpg\" \/>\n\t<meta property=\"og:image:width\" content=\"1100\" \/>\n\t<meta property=\"og:image:height\" content=\"1100\" \/>\n\t<meta property=\"og:image:type\" content=\"image\/jpeg\" \/>\n<meta name=\"twitter:card\" content=\"summary_large_image\" \/>\n<meta name=\"twitter:label1\" content=\"Dur\u00e9e de lecture estim\u00e9e\" \/>\n\t<meta name=\"twitter:data1\" content=\"1 minute\" \/>\n<script type=\"application\/ld+json\" class=\"yoast-schema-graph\">{\"@context\":\"https:\/\/schema.org\",\"@graph\":[{\"@type\":\"WebPage\",\"@id\":\"https:\/\/filplast.pl\/fr\/produit\/alustar-104-2\/\",\"url\":\"https:\/\/filplast.pl\/fr\/produit\/alustar-104-2\/\",\"name\":\"Fen\u00eatre en aluminium\",\"isPartOf\":{\"@id\":\"https:\/\/filplast.pl\/fr\/#website\"},\"primaryImageOfPage\":{\"@id\":\"https:\/\/filplast.pl\/fr\/produit\/alustar-104-2\/#primaryimage\"},\"image\":{\"@id\":\"https:\/\/filplast.pl\/fr\/produit\/alustar-104-2\/#primaryimage\"},\"thumbnailUrl\":\"https:\/\/filplast.pl\/wp-content\/uploads\/2020\/12\/alustar-104-mini-1.jpg\",\"datePublished\":\"2021-04-23T17:24:46+00:00\",\"dateModified\":\"2026-01-15T15:00:22+00:00\",\"breadcrumb\":{\"@id\":\"https:\/\/filplast.pl\/fr\/produit\/alustar-104-2\/#breadcrumb\"},\"inLanguage\":\"fr-FR\",\"potentialAction\":[{\"@type\":\"ReadAction\",\"target\":[\"https:\/\/filplast.pl\/fr\/produit\/alustar-104-2\/\"]}]},{\"@type\":\"ImageObject\",\"inLanguage\":\"fr-FR\",\"@id\":\"https:\/\/filplast.pl\/fr\/produit\/alustar-104-2\/#primaryimage\",\"url\":\"https:\/\/filplast.pl\/wp-content\/uploads\/2020\/12\/alustar-104-mini-1.jpg\",\"contentUrl\":\"https:\/\/filplast.pl\/wp-content\/uploads\/2020\/12\/alustar-104-mini-1.jpg\",\"width\":1100,\"height\":1100},{\"@type\":\"BreadcrumbList\",\"@id\":\"https:\/\/filplast.pl\/fr\/produit\/alustar-104-2\/#breadcrumb\",\"itemListElement\":[{\"@type\":\"ListItem\",\"position\":1,\"name\":\"Home\",\"item\":\"https:\/\/filplast.pl\/fr\/\"},{\"@type\":\"ListItem\",\"position\":2,\"name\":\"Produits\",\"item\":\"https:\/\/filplast.pl\/fr\/produit\/\"},{\"@type\":\"ListItem\",\"position\":3,\"name\":\"AluStar 104\"}]},{\"@type\":\"WebSite\",\"@id\":\"https:\/\/filplast.pl\/fr\/#website\",\"url\":\"https:\/\/filplast.pl\/fr\/\",\"name\":\"Filplast pour les g\u00e9n\u00e9rations\",\"description\":\"Producent okien, drzwi i rolet\",\"publisher\":{\"@id\":\"https:\/\/filplast.pl\/fr\/#organization\"},\"potentialAction\":[{\"@type\":\"SearchAction\",\"target\":{\"@type\":\"EntryPoint\",\"urlTemplate\":\"https:\/\/filplast.pl\/fr\/?s={search_term_string}\"},\"query-input\":{\"@type\":\"PropertyValueSpecification\",\"valueRequired\":true,\"valueName\":\"search_term_string\"}}],\"inLanguage\":\"fr-FR\"},{\"@type\":\"Organization\",\"@id\":\"https:\/\/filplast.pl\/fr\/#organization\",\"name\":\"Filplast pour les g\u00e9n\u00e9rations\",\"url\":\"https:\/\/filplast.pl\/fr\/\",\"logo\":{\"@type\":\"ImageObject\",\"inLanguage\":\"fr-FR\",\"@id\":\"https:\/\/filplast.pl\/fr\/#\/schema\/logo\/image\/\",\"url\":\"https:\/\/filplast.pl\/wp-content\/uploads\/2023\/10\/favicon-filplast.png\",\"contentUrl\":\"https:\/\/filplast.pl\/wp-content\/uploads\/2023\/10\/favicon-filplast.png\",\"width\":2134,\"height\":2134,\"caption\":\"Filplast pour les g\u00e9n\u00e9rations\"},\"image\":{\"@id\":\"https:\/\/filplast.pl\/fr\/#\/schema\/logo\/image\/\"},\"sameAs\":[\"https:\/\/www.facebook.com\/filplast.firma\",\"https:\/\/pl.pinterest.com\/filplast\/\",\"https:\/\/www.youtube.com\/FILPLASTchannel\",\"https:\/\/pl.linkedin.com\/company\/filplast-sp.-z-o.o.\",\"https:\/\/www.instagram.com\/filplast\/\"]}]}<\/script>\n<!-- \/ Yoast SEO plugin. -->","yoast_head_json":{"title":"Fen\u00eatre en aluminium","robots":{"index":"index","follow":"follow","max-snippet":"max-snippet:-1","max-image-preview":"max-image-preview:large","max-video-preview":"max-video-preview:-1"},"canonical":"https:\/\/filplast.pl\/fr\/produit\/alustar-104-2\/","og_locale":"fr_FR","og_type":"article","og_title":"Fen\u00eatre en aluminium","og_description":"AluViva 104 est une fen\u00eatre avec une haute isolation thermique, une r\u00e9sistance \u00e0 l'eau et aux soufflements des vents forts - m\u00eame jusqu'\u00e0 200 km\/h. Elle sera parfaite pour les maisons \u00e9conomes en \u00e9nergie et passives - ce syst\u00e8me poss\u00e8de le certificat de l'Institut des Maisons Passives PHI Darmstadt.","og_url":"https:\/\/filplast.pl\/fr\/produit\/alustar-104-2\/","og_site_name":"Filplast pour les g\u00e9n\u00e9rations","article_publisher":"https:\/\/www.facebook.com\/filplast.firma","article_modified_time":"2026-01-15T15:00:22+00:00","og_image":[{"width":1100,"height":1100,"url":"https:\/\/filplast.pl\/wp-content\/uploads\/2020\/12\/alustar-104-mini-1.jpg","type":"image\/jpeg"}],"twitter_card":"summary_large_image","twitter_misc":{"Dur\u00e9e de lecture estim\u00e9e":"1 minute"},"schema":{"@context":"https:\/\/schema.org","@graph":[{"@type":"WebPage","@id":"https:\/\/filplast.pl\/fr\/produit\/alustar-104-2\/","url":"https:\/\/filplast.pl\/fr\/produit\/alustar-104-2\/","name":"Fen\u00eatre en aluminium","isPartOf":{"@id":"https:\/\/filplast.pl\/fr\/#website"},"primaryImageOfPage":{"@id":"https:\/\/filplast.pl\/fr\/produit\/alustar-104-2\/#primaryimage"},"image":{"@id":"https:\/\/filplast.pl\/fr\/produit\/alustar-104-2\/#primaryimage"},"thumbnailUrl":"https:\/\/filplast.pl\/wp-content\/uploads\/2020\/12\/alustar-104-mini-1.jpg","datePublished":"2021-04-23T17:24:46+00:00","dateModified":"2026-01-15T15:00:22+00:00","breadcrumb":{"@id":"https:\/\/filplast.pl\/fr\/produit\/alustar-104-2\/#breadcrumb"},"inLanguage":"fr-FR","potentialAction":[{"@type":"ReadAction","target":["https:\/\/filplast.pl\/fr\/produit\/alustar-104-2\/"]}]},{"@type":"ImageObject","inLanguage":"fr-FR","@id":"https:\/\/filplast.pl\/fr\/produit\/alustar-104-2\/#primaryimage","url":"https:\/\/filplast.pl\/wp-content\/uploads\/2020\/12\/alustar-104-mini-1.jpg","contentUrl":"https:\/\/filplast.pl\/wp-content\/uploads\/2020\/12\/alustar-104-mini-1.jpg","width":1100,"height":1100},{"@type":"BreadcrumbList","@id":"https:\/\/filplast.pl\/fr\/produit\/alustar-104-2\/#breadcrumb","itemListElement":[{"@type":"ListItem","position":1,"name":"Home","item":"https:\/\/filplast.pl\/fr\/"},{"@type":"ListItem","position":2,"name":"Produits","item":"https:\/\/filplast.pl\/fr\/produit\/"},{"@type":"ListItem","position":3,"name":"AluStar 104"}]},{"@type":"WebSite","@id":"https:\/\/filplast.pl\/fr\/#website","url":"https:\/\/filplast.pl\/fr\/","name":"Filplast pour les g\u00e9n\u00e9rations","description":"Producent okien, drzwi i rolet","publisher":{"@id":"https:\/\/filplast.pl\/fr\/#organization"},"potentialAction":[{"@type":"SearchAction","target":{"@type":"EntryPoint","urlTemplate":"https:\/\/filplast.pl\/fr\/?s={search_term_string}"},"query-input":{"@type":"PropertyValueSpecification","valueRequired":true,"valueName":"search_term_string"}}],"inLanguage":"fr-FR"},{"@type":"Organization","@id":"https:\/\/filplast.pl\/fr\/#organization","name":"Filplast pour les g\u00e9n\u00e9rations","url":"https:\/\/filplast.pl\/fr\/","logo":{"@type":"ImageObject","inLanguage":"fr-FR","@id":"https:\/\/filplast.pl\/fr\/#\/schema\/logo\/image\/","url":"https:\/\/filplast.pl\/wp-content\/uploads\/2023\/10\/favicon-filplast.png","contentUrl":"https:\/\/filplast.pl\/wp-content\/uploads\/2023\/10\/favicon-filplast.png","width":2134,"height":2134,"caption":"Filplast pour les g\u00e9n\u00e9rations"},"image":{"@id":"https:\/\/filplast.pl\/fr\/#\/schema\/logo\/image\/"},"sameAs":["https:\/\/www.facebook.com\/filplast.firma","https:\/\/pl.pinterest.com\/filplast\/","https:\/\/www.youtube.com\/FILPLASTchannel","https:\/\/pl.linkedin.com\/company\/filplast-sp.-z-o.o.","https:\/\/www.instagram.com\/filplast\/"]}]}},"uagb_featured_image_src":{"full":["https:\/\/filplast.pl\/wp-content\/uploads\/2020\/12\/alustar-104-mini-1.jpg",1100,1100,false],"thumbnail":["https:\/\/filplast.pl\/wp-content\/uploads\/2020\/12\/alustar-104-mini-1-150x150.jpg",150,150,true],"medium":["https:\/\/filplast.pl\/wp-content\/uploads\/2020\/12\/alustar-104-mini-1-300x300.jpg",300,300,true],"medium_large":["https:\/\/filplast.pl\/wp-content\/uploads\/2020\/12\/alustar-104-mini-1-768x768.jpg",768,768,true],"large":["https:\/\/filplast.pl\/wp-content\/uploads\/2020\/12\/alustar-104-mini-1-1024x1024.jpg",1024,1024,true],"1536x1536":["https:\/\/filplast.pl\/wp-content\/uploads\/2020\/12\/alustar-104-mini-1.jpg",1100,1100,false],"2048x2048":["https:\/\/filplast.pl\/wp-content\/uploads\/2020\/12\/alustar-104-mini-1.jpg",1100,1100,false],"depcore-widget-post-thumb":["https:\/\/filplast.pl\/wp-content\/uploads\/2020\/12\/alustar-104-mini-1-65x65.jpg",65,65,true],"depcore-widget-post-medium":["https:\/\/filplast.pl\/wp-content\/uploads\/2020\/12\/alustar-104-mini-1-280x150.jpg",280,150,true],"square":["https:\/\/filplast.pl\/wp-content\/uploads\/2020\/12\/alustar-104-mini-1-500x500.jpg",500,500,true],"small-square":["https:\/\/filplast.pl\/wp-content\/uploads\/2020\/12\/alustar-104-mini-1-250x250.jpg",250,250,true],"slider-image":["https:\/\/filplast.pl\/wp-content\/uploads\/2020\/12\/alustar-104-mini-1-1080x500.jpg",1080,500,true],"":["https:\/\/filplast.pl\/wp-content\/uploads\/2020\/12\/alustar-104-mini-1.jpg",250,250,false]},"uagb_author_info":{"display_name":"Micha\u0142 Mrukot","author_link":"https:\/\/filplast.pl\/fr\/author\/"},"uagb_comment_info":0,"uagb_excerpt":"AluViva 104 est une fen\u00eatre avec une haute isolation thermique, une r\u00e9sistance \u00e0 l'eau et aux soufflements des vents forts - m\u00eame jusqu'\u00e0 200 km\/h. Elle sera parfaite pour les maisons \u00e9conomes en \u00e9nergie et passives - ce syst\u00e8me poss\u00e8de le certificat de l'Institut des Maisons Passives PHI Darmstadt.","_links":{"self":[{"href":"https:\/\/filplast.pl\/fr\/wp-json\/wp\/v2\/product\/8559","targetHints":{"allow":["GET"]}}],"collection":[{"href":"https:\/\/filplast.pl\/fr\/wp-json\/wp\/v2\/product"}],"about":[{"href":"https:\/\/filplast.pl\/fr\/wp-json\/wp\/v2\/types\/product"}],"version-history":[{"count":3,"href":"https:\/\/filplast.pl\/fr\/wp-json\/wp\/v2\/product\/8559\/revisions"}],"predecessor-version":[{"id":64296,"href":"https:\/\/filplast.pl\/fr\/wp-json\/wp\/v2\/product\/8559\/revisions\/64296"}],"wp:featuredmedia":[{"embeddable":true,"href":"https:\/\/filplast.pl\/fr\/wp-json\/wp\/v2\/media\/4522"}],"wp:attachment":[{"href":"https:\/\/filplast.pl\/fr\/wp-json\/wp\/v2\/media?parent=8559"}],"curies":[{"name":"wp","href":"https:\/\/api.w.org\/{rel}","templated":true}]}}