{"id":8578,"date":"2021-04-25T15:39:42","date_gmt":"2021-04-25T13:39:42","guid":{"rendered":"https:\/\/filplast.pl\/produkt\/z-90\/"},"modified":"2021-04-29T11:41:11","modified_gmt":"2021-04-29T09:41:11","slug":"z-90","status":"publish","type":"product","link":"https:\/\/filplast.pl\/fr\/produit\/z-90\/","title":{"rendered":"Z-90"},"content":{"rendered":"<div id=\"modal-ready\"><p>Les brise-soleil Z-90 sont disponibles en 8 couleurs standards universels. A la commande individuelle, il est possible de pr\u00e9parer les brise-soleil de chaque couleur RAL.<\/p>\n<\/div>","protected":false},"excerpt":{"rendered":"<p>Les brise-soleil Z-90 c&rsquo;est un mod\u00e8le qui obscurit la pi\u00e8ce de la meilleure fa\u00e7on. Ils limitent efficacement l&rsquo;acc\u00e8s de la lumi\u00e8re \u00e0 la pi\u00e8ce. Ils sont \u00e9quip\u00e9s en profil\u00e9s qui rendent le syst\u00e8me plus silencieux \u00e0 la fermeture.<\/p>\n","protected":false},"featured_media":24617,"parent":0,"menu_order":247,"template":"","class_list":["post-8578","product","type-product","status-publish","has-post-thumbnail","hentry","product-category-brise-soleil-orientables","product-line-platinumline-fr"],"yoast_head":"<!-- This site is optimized with the Yoast SEO plugin v24.7 - https:\/\/yoast.com\/wordpress\/plugins\/seo\/ -->\n<title>Volets roulants encastr\u00e9s Z-90 - Filplast pour les g\u00e9n\u00e9rations<\/title>\n<meta name=\"robots\" content=\"index, follow, max-snippet:-1, max-image-preview:large, max-video-preview:-1\" \/>\n<link rel=\"canonical\" href=\"https:\/\/filplast.pl\/fr\/produit\/z-90\/\" \/>\n<meta property=\"og:locale\" content=\"fr_FR\" \/>\n<meta property=\"og:type\" content=\"article\" \/>\n<meta property=\"og:title\" content=\"Volets roulants encastr\u00e9s Z-90 - Filplast pour les g\u00e9n\u00e9rations\" \/>\n<meta property=\"og:description\" content=\"Les brise-soleil Z-90 c&#039;est un mod\u00e8le qui obscurit la pi\u00e8ce de la meilleure fa\u00e7on. Ils limitent efficacement l&#039;acc\u00e8s de la lumi\u00e8re \u00e0 la pi\u00e8ce. Ils sont \u00e9quip\u00e9s en profil\u00e9s qui rendent le syst\u00e8me plus silencieux \u00e0 la fermeture.\" \/>\n<meta property=\"og:url\" content=\"https:\/\/filplast.pl\/fr\/produit\/z-90\/\" \/>\n<meta property=\"og:site_name\" content=\"Filplast pour les g\u00e9n\u00e9rations\" \/>\n<meta property=\"article:publisher\" content=\"https:\/\/www.facebook.com\/filplast.firma\" \/>\n<meta property=\"article:modified_time\" content=\"2021-04-29T09:41:11+00:00\" \/>\n<meta property=\"og:image\" content=\"https:\/\/filplast.pl\/wp-content\/uploads\/2020\/12\/z_90box-01.jpg\" \/>\n\t<meta property=\"og:image:width\" content=\"1000\" \/>\n\t<meta property=\"og:image:height\" content=\"1000\" \/>\n\t<meta property=\"og:image:type\" content=\"image\/jpeg\" \/>\n<meta name=\"twitter:card\" content=\"summary_large_image\" \/>\n<script type=\"application\/ld+json\" class=\"yoast-schema-graph\">{\"@context\":\"https:\/\/schema.org\",\"@graph\":[{\"@type\":\"WebPage\",\"@id\":\"https:\/\/filplast.pl\/fr\/produit\/z-90\/\",\"url\":\"https:\/\/filplast.pl\/fr\/produit\/z-90\/\",\"name\":\"Volets roulants encastr\u00e9s Z-90 - Filplast pour les g\u00e9n\u00e9rations\",\"isPartOf\":{\"@id\":\"https:\/\/filplast.pl\/fr\/#website\"},\"primaryImageOfPage\":{\"@id\":\"https:\/\/filplast.pl\/fr\/produit\/z-90\/#primaryimage\"},\"image\":{\"@id\":\"https:\/\/filplast.pl\/fr\/produit\/z-90\/#primaryimage\"},\"thumbnailUrl\":\"https:\/\/filplast.pl\/wp-content\/uploads\/2020\/12\/z_90box-01.jpg\",\"datePublished\":\"2021-04-25T13:39:42+00:00\",\"dateModified\":\"2021-04-29T09:41:11+00:00\",\"breadcrumb\":{\"@id\":\"https:\/\/filplast.pl\/fr\/produit\/z-90\/#breadcrumb\"},\"inLanguage\":\"fr-FR\",\"potentialAction\":[{\"@type\":\"ReadAction\",\"target\":[\"https:\/\/filplast.pl\/fr\/produit\/z-90\/\"]}]},{\"@type\":\"ImageObject\",\"inLanguage\":\"fr-FR\",\"@id\":\"https:\/\/filplast.pl\/fr\/produit\/z-90\/#primaryimage\",\"url\":\"https:\/\/filplast.pl\/wp-content\/uploads\/2020\/12\/z_90box-01.jpg\",\"contentUrl\":\"https:\/\/filplast.pl\/wp-content\/uploads\/2020\/12\/z_90box-01.jpg\",\"width\":1000,\"height\":1000},{\"@type\":\"BreadcrumbList\",\"@id\":\"https:\/\/filplast.pl\/fr\/produit\/z-90\/#breadcrumb\",\"itemListElement\":[{\"@type\":\"ListItem\",\"position\":1,\"name\":\"Home\",\"item\":\"https:\/\/filplast.pl\/fr\/\"},{\"@type\":\"ListItem\",\"position\":2,\"name\":\"Produits\",\"item\":\"https:\/\/filplast.pl\/fr\/produit\/\"},{\"@type\":\"ListItem\",\"position\":3,\"name\":\"Z-90\"}]},{\"@type\":\"WebSite\",\"@id\":\"https:\/\/filplast.pl\/fr\/#website\",\"url\":\"https:\/\/filplast.pl\/fr\/\",\"name\":\"Filplast pour les g\u00e9n\u00e9rations\",\"description\":\"Producent okien, drzwi i rolet\",\"publisher\":{\"@id\":\"https:\/\/filplast.pl\/fr\/#organization\"},\"potentialAction\":[{\"@type\":\"SearchAction\",\"target\":{\"@type\":\"EntryPoint\",\"urlTemplate\":\"https:\/\/filplast.pl\/fr\/?s={search_term_string}\"},\"query-input\":{\"@type\":\"PropertyValueSpecification\",\"valueRequired\":true,\"valueName\":\"search_term_string\"}}],\"inLanguage\":\"fr-FR\"},{\"@type\":\"Organization\",\"@id\":\"https:\/\/filplast.pl\/fr\/#organization\",\"name\":\"Filplast pour les g\u00e9n\u00e9rations\",\"url\":\"https:\/\/filplast.pl\/fr\/\",\"logo\":{\"@type\":\"ImageObject\",\"inLanguage\":\"fr-FR\",\"@id\":\"https:\/\/filplast.pl\/fr\/#\/schema\/logo\/image\/\",\"url\":\"https:\/\/filplast.pl\/wp-content\/uploads\/2023\/10\/favicon-filplast.png\",\"contentUrl\":\"https:\/\/filplast.pl\/wp-content\/uploads\/2023\/10\/favicon-filplast.png\",\"width\":2134,\"height\":2134,\"caption\":\"Filplast pour les g\u00e9n\u00e9rations\"},\"image\":{\"@id\":\"https:\/\/filplast.pl\/fr\/#\/schema\/logo\/image\/\"},\"sameAs\":[\"https:\/\/www.facebook.com\/filplast.firma\",\"https:\/\/pl.pinterest.com\/filplast\/\",\"https:\/\/www.youtube.com\/FILPLASTchannel\",\"https:\/\/pl.linkedin.com\/company\/filplast-sp.-z-o.o.\",\"https:\/\/www.instagram.com\/filplast\/\"]}]}<\/script>\n<!-- \/ Yoast SEO plugin. -->","yoast_head_json":{"title":"Volets roulants encastr\u00e9s Z-90 - Filplast pour les g\u00e9n\u00e9rations","robots":{"index":"index","follow":"follow","max-snippet":"max-snippet:-1","max-image-preview":"max-image-preview:large","max-video-preview":"max-video-preview:-1"},"canonical":"https:\/\/filplast.pl\/fr\/produit\/z-90\/","og_locale":"fr_FR","og_type":"article","og_title":"Volets roulants encastr\u00e9s Z-90 - Filplast pour les g\u00e9n\u00e9rations","og_description":"Les brise-soleil Z-90 c'est un mod\u00e8le qui obscurit la pi\u00e8ce de la meilleure fa\u00e7on. Ils limitent efficacement l'acc\u00e8s de la lumi\u00e8re \u00e0 la pi\u00e8ce. Ils sont \u00e9quip\u00e9s en profil\u00e9s qui rendent le syst\u00e8me plus silencieux \u00e0 la fermeture.","og_url":"https:\/\/filplast.pl\/fr\/produit\/z-90\/","og_site_name":"Filplast pour les g\u00e9n\u00e9rations","article_publisher":"https:\/\/www.facebook.com\/filplast.firma","article_modified_time":"2021-04-29T09:41:11+00:00","og_image":[{"width":1000,"height":1000,"url":"https:\/\/filplast.pl\/wp-content\/uploads\/2020\/12\/z_90box-01.jpg","type":"image\/jpeg"}],"twitter_card":"summary_large_image","schema":{"@context":"https:\/\/schema.org","@graph":[{"@type":"WebPage","@id":"https:\/\/filplast.pl\/fr\/produit\/z-90\/","url":"https:\/\/filplast.pl\/fr\/produit\/z-90\/","name":"Volets roulants encastr\u00e9s Z-90 - Filplast pour les g\u00e9n\u00e9rations","isPartOf":{"@id":"https:\/\/filplast.pl\/fr\/#website"},"primaryImageOfPage":{"@id":"https:\/\/filplast.pl\/fr\/produit\/z-90\/#primaryimage"},"image":{"@id":"https:\/\/filplast.pl\/fr\/produit\/z-90\/#primaryimage"},"thumbnailUrl":"https:\/\/filplast.pl\/wp-content\/uploads\/2020\/12\/z_90box-01.jpg","datePublished":"2021-04-25T13:39:42+00:00","dateModified":"2021-04-29T09:41:11+00:00","breadcrumb":{"@id":"https:\/\/filplast.pl\/fr\/produit\/z-90\/#breadcrumb"},"inLanguage":"fr-FR","potentialAction":[{"@type":"ReadAction","target":["https:\/\/filplast.pl\/fr\/produit\/z-90\/"]}]},{"@type":"ImageObject","inLanguage":"fr-FR","@id":"https:\/\/filplast.pl\/fr\/produit\/z-90\/#primaryimage","url":"https:\/\/filplast.pl\/wp-content\/uploads\/2020\/12\/z_90box-01.jpg","contentUrl":"https:\/\/filplast.pl\/wp-content\/uploads\/2020\/12\/z_90box-01.jpg","width":1000,"height":1000},{"@type":"BreadcrumbList","@id":"https:\/\/filplast.pl\/fr\/produit\/z-90\/#breadcrumb","itemListElement":[{"@type":"ListItem","position":1,"name":"Home","item":"https:\/\/filplast.pl\/fr\/"},{"@type":"ListItem","position":2,"name":"Produits","item":"https:\/\/filplast.pl\/fr\/produit\/"},{"@type":"ListItem","position":3,"name":"Z-90"}]},{"@type":"WebSite","@id":"https:\/\/filplast.pl\/fr\/#website","url":"https:\/\/filplast.pl\/fr\/","name":"Filplast pour les g\u00e9n\u00e9rations","description":"Producent okien, drzwi i rolet","publisher":{"@id":"https:\/\/filplast.pl\/fr\/#organization"},"potentialAction":[{"@type":"SearchAction","target":{"@type":"EntryPoint","urlTemplate":"https:\/\/filplast.pl\/fr\/?s={search_term_string}"},"query-input":{"@type":"PropertyValueSpecification","valueRequired":true,"valueName":"search_term_string"}}],"inLanguage":"fr-FR"},{"@type":"Organization","@id":"https:\/\/filplast.pl\/fr\/#organization","name":"Filplast pour les g\u00e9n\u00e9rations","url":"https:\/\/filplast.pl\/fr\/","logo":{"@type":"ImageObject","inLanguage":"fr-FR","@id":"https:\/\/filplast.pl\/fr\/#\/schema\/logo\/image\/","url":"https:\/\/filplast.pl\/wp-content\/uploads\/2023\/10\/favicon-filplast.png","contentUrl":"https:\/\/filplast.pl\/wp-content\/uploads\/2023\/10\/favicon-filplast.png","width":2134,"height":2134,"caption":"Filplast pour les g\u00e9n\u00e9rations"},"image":{"@id":"https:\/\/filplast.pl\/fr\/#\/schema\/logo\/image\/"},"sameAs":["https:\/\/www.facebook.com\/filplast.firma","https:\/\/pl.pinterest.com\/filplast\/","https:\/\/www.youtube.com\/FILPLASTchannel","https:\/\/pl.linkedin.com\/company\/filplast-sp.-z-o.o.","https:\/\/www.instagram.com\/filplast\/"]}]}},"uagb_featured_image_src":{"full":["https:\/\/filplast.pl\/wp-content\/uploads\/2020\/12\/z_90box-01.jpg",1000,1000,false],"thumbnail":["https:\/\/filplast.pl\/wp-content\/uploads\/2020\/12\/z_90box-01-150x150.jpg",150,150,true],"medium":["https:\/\/filplast.pl\/wp-content\/uploads\/2020\/12\/z_90box-01-300x300.jpg",300,300,true],"medium_large":["https:\/\/filplast.pl\/wp-content\/uploads\/2020\/12\/z_90box-01-768x768.jpg",768,768,true],"large":["https:\/\/filplast.pl\/wp-content\/uploads\/2020\/12\/z_90box-01.jpg",1000,1000,false],"1536x1536":["https:\/\/filplast.pl\/wp-content\/uploads\/2020\/12\/z_90box-01.jpg",1000,1000,false],"2048x2048":["https:\/\/filplast.pl\/wp-content\/uploads\/2020\/12\/z_90box-01.jpg",1000,1000,false],"depcore-widget-post-thumb":["https:\/\/filplast.pl\/wp-content\/uploads\/2020\/12\/z_90box-01-65x65.jpg",65,65,true],"depcore-widget-post-medium":["https:\/\/filplast.pl\/wp-content\/uploads\/2020\/12\/z_90box-01-280x150.jpg",280,150,true],"square":["https:\/\/filplast.pl\/wp-content\/uploads\/2020\/12\/z_90box-01-500x500.jpg",500,500,true],"small-square":["https:\/\/filplast.pl\/wp-content\/uploads\/2020\/12\/z_90box-01-250x250.jpg",250,250,true],"slider-image":["https:\/\/filplast.pl\/wp-content\/uploads\/2020\/12\/z_90box-01-1000x500.jpg",1000,500,true],"":["https:\/\/filplast.pl\/wp-content\/uploads\/2020\/12\/z_90box-01.jpg",250,250,false]},"uagb_author_info":{"display_name":"admin","author_link":"https:\/\/filplast.pl\/fr\/author\/"},"uagb_comment_info":0,"uagb_excerpt":"Les brise-soleil Z-90 c'est un mod\u00e8le qui obscurit la pi\u00e8ce de la meilleure fa\u00e7on. Ils limitent efficacement l'acc\u00e8s de la lumi\u00e8re \u00e0 la pi\u00e8ce. Ils sont \u00e9quip\u00e9s en profil\u00e9s qui rendent le syst\u00e8me plus silencieux \u00e0 la fermeture.","_links":{"self":[{"href":"https:\/\/filplast.pl\/fr\/wp-json\/wp\/v2\/product\/8578","targetHints":{"allow":["GET"]}}],"collection":[{"href":"https:\/\/filplast.pl\/fr\/wp-json\/wp\/v2\/product"}],"about":[{"href":"https:\/\/filplast.pl\/fr\/wp-json\/wp\/v2\/types\/product"}],"version-history":[{"count":1,"href":"https:\/\/filplast.pl\/fr\/wp-json\/wp\/v2\/product\/8578\/revisions"}],"predecessor-version":[{"id":8681,"href":"https:\/\/filplast.pl\/fr\/wp-json\/wp\/v2\/product\/8578\/revisions\/8681"}],"wp:featuredmedia":[{"embeddable":true,"href":"https:\/\/filplast.pl\/fr\/wp-json\/wp\/v2\/media\/24617"}],"wp:attachment":[{"href":"https:\/\/filplast.pl\/fr\/wp-json\/wp\/v2\/media?parent=8578"}],"curies":[{"name":"wp","href":"https:\/\/api.w.org\/{rel}","templated":true}]}}