{"id":8593,"date":"2021-04-25T20:19:22","date_gmt":"2021-04-25T18:19:22","guid":{"rendered":"https:\/\/filplast.pl\/produkt\/sp-sp-e\/"},"modified":"2021-04-29T11:41:12","modified_gmt":"2021-04-29T09:41:12","slug":"sp-sp-e","status":"publish","type":"product","link":"https:\/\/filplast.pl\/fr\/produit\/sp-sp-e\/","title":{"rendered":"SP, SP-E"},"content":{"rendered":"<div id=\"modal-ready\"><p>Le syst\u00e8me encastr\u00e9 est pr\u00e9vu avant tout pour les b\u00e2timents en construction. Il ne demande pas l&rsquo;intervention dans la construction de la fen\u00eatre, du linteau ou de la porte et ainsi n&rsquo;influence pas sur le bilan \u00e9nerg\u00e9tique du b\u00e2timent. Le coffre de ce volet reste invisible sur la fa\u00e7ade.<\/p>\n<\/div>","protected":false},"excerpt":{"rendered":"<p>Les syst\u00e8mes SP et SP-E ont \u00e9t\u00e9 con\u00e7us en fonction de garder la chaleur dans le b\u00e2timent. En plus dans ces mod\u00e8les de volets il est possible d&rsquo;utiliser aussi un moustiquitare autonome prot\u00e9geant contre les insectes.<\/p>\n","protected":false},"featured_media":37119,"parent":0,"menu_order":230,"template":"","class_list":["post-8593","product","type-product","status-publish","has-post-thumbnail","hentry","product-category-volets-roulants","product-line-silverline-fr"],"yoast_head":"<!-- This site is optimized with the Yoast SEO plugin v24.7 - https:\/\/yoast.com\/wordpress\/plugins\/seo\/ -->\n<title>Volets roulants encastr\u00e9s SP, SP-E - Filplast pour les g\u00e9n\u00e9rations<\/title>\n<meta name=\"robots\" content=\"index, follow, max-snippet:-1, max-image-preview:large, max-video-preview:-1\" \/>\n<link rel=\"canonical\" href=\"https:\/\/filplast.pl\/fr\/produit\/sp-sp-e\/\" \/>\n<meta property=\"og:locale\" content=\"fr_FR\" \/>\n<meta property=\"og:type\" content=\"article\" \/>\n<meta property=\"og:title\" content=\"Volets roulants encastr\u00e9s SP, SP-E - Filplast pour les g\u00e9n\u00e9rations\" \/>\n<meta property=\"og:description\" content=\"Les syst\u00e8mes SP et SP-E ont \u00e9t\u00e9 con\u00e7us en fonction de garder la chaleur dans le b\u00e2timent. En plus dans ces mod\u00e8les de volets il est possible d&#039;utiliser aussi un moustiquitare autonome prot\u00e9geant contre les insectes.\" \/>\n<meta property=\"og:url\" content=\"https:\/\/filplast.pl\/fr\/produit\/sp-sp-e\/\" \/>\n<meta property=\"og:site_name\" content=\"Filplast pour les g\u00e9n\u00e9rations\" \/>\n<meta property=\"article:publisher\" content=\"https:\/\/www.facebook.com\/filplast.firma\" \/>\n<meta property=\"article:modified_time\" content=\"2021-04-29T09:41:12+00:00\" \/>\n<meta property=\"og:image\" content=\"https:\/\/filplast.pl\/wp-content\/uploads\/2020\/12\/SP-SP-E-1.jpg\" \/>\n\t<meta property=\"og:image:width\" content=\"1080\" \/>\n\t<meta property=\"og:image:height\" content=\"500\" \/>\n\t<meta property=\"og:image:type\" content=\"image\/jpeg\" \/>\n<meta name=\"twitter:card\" content=\"summary_large_image\" \/>\n<script type=\"application\/ld+json\" class=\"yoast-schema-graph\">{\"@context\":\"https:\/\/schema.org\",\"@graph\":[{\"@type\":\"WebPage\",\"@id\":\"https:\/\/filplast.pl\/fr\/produit\/sp-sp-e\/\",\"url\":\"https:\/\/filplast.pl\/fr\/produit\/sp-sp-e\/\",\"name\":\"Volets roulants encastr\u00e9s SP, SP-E - Filplast pour les g\u00e9n\u00e9rations\",\"isPartOf\":{\"@id\":\"https:\/\/filplast.pl\/fr\/#website\"},\"primaryImageOfPage\":{\"@id\":\"https:\/\/filplast.pl\/fr\/produit\/sp-sp-e\/#primaryimage\"},\"image\":{\"@id\":\"https:\/\/filplast.pl\/fr\/produit\/sp-sp-e\/#primaryimage\"},\"thumbnailUrl\":\"https:\/\/filplast.pl\/wp-content\/uploads\/2020\/12\/SP-SP-E-1.jpg\",\"datePublished\":\"2021-04-25T18:19:22+00:00\",\"dateModified\":\"2021-04-29T09:41:12+00:00\",\"breadcrumb\":{\"@id\":\"https:\/\/filplast.pl\/fr\/produit\/sp-sp-e\/#breadcrumb\"},\"inLanguage\":\"fr-FR\",\"potentialAction\":[{\"@type\":\"ReadAction\",\"target\":[\"https:\/\/filplast.pl\/fr\/produit\/sp-sp-e\/\"]}]},{\"@type\":\"ImageObject\",\"inLanguage\":\"fr-FR\",\"@id\":\"https:\/\/filplast.pl\/fr\/produit\/sp-sp-e\/#primaryimage\",\"url\":\"https:\/\/filplast.pl\/wp-content\/uploads\/2020\/12\/SP-SP-E-1.jpg\",\"contentUrl\":\"https:\/\/filplast.pl\/wp-content\/uploads\/2020\/12\/SP-SP-E-1.jpg\",\"width\":1080,\"height\":500},{\"@type\":\"BreadcrumbList\",\"@id\":\"https:\/\/filplast.pl\/fr\/produit\/sp-sp-e\/#breadcrumb\",\"itemListElement\":[{\"@type\":\"ListItem\",\"position\":1,\"name\":\"Home\",\"item\":\"https:\/\/filplast.pl\/fr\/\"},{\"@type\":\"ListItem\",\"position\":2,\"name\":\"Produits\",\"item\":\"https:\/\/filplast.pl\/fr\/produit\/\"},{\"@type\":\"ListItem\",\"position\":3,\"name\":\"SP, SP-E\"}]},{\"@type\":\"WebSite\",\"@id\":\"https:\/\/filplast.pl\/fr\/#website\",\"url\":\"https:\/\/filplast.pl\/fr\/\",\"name\":\"Filplast pour les g\u00e9n\u00e9rations\",\"description\":\"Producent okien, drzwi i rolet\",\"publisher\":{\"@id\":\"https:\/\/filplast.pl\/fr\/#organization\"},\"potentialAction\":[{\"@type\":\"SearchAction\",\"target\":{\"@type\":\"EntryPoint\",\"urlTemplate\":\"https:\/\/filplast.pl\/fr\/?s={search_term_string}\"},\"query-input\":{\"@type\":\"PropertyValueSpecification\",\"valueRequired\":true,\"valueName\":\"search_term_string\"}}],\"inLanguage\":\"fr-FR\"},{\"@type\":\"Organization\",\"@id\":\"https:\/\/filplast.pl\/fr\/#organization\",\"name\":\"Filplast pour les g\u00e9n\u00e9rations\",\"url\":\"https:\/\/filplast.pl\/fr\/\",\"logo\":{\"@type\":\"ImageObject\",\"inLanguage\":\"fr-FR\",\"@id\":\"https:\/\/filplast.pl\/fr\/#\/schema\/logo\/image\/\",\"url\":\"https:\/\/filplast.pl\/wp-content\/uploads\/2023\/10\/favicon-filplast.png\",\"contentUrl\":\"https:\/\/filplast.pl\/wp-content\/uploads\/2023\/10\/favicon-filplast.png\",\"width\":2134,\"height\":2134,\"caption\":\"Filplast pour les g\u00e9n\u00e9rations\"},\"image\":{\"@id\":\"https:\/\/filplast.pl\/fr\/#\/schema\/logo\/image\/\"},\"sameAs\":[\"https:\/\/www.facebook.com\/filplast.firma\",\"https:\/\/pl.pinterest.com\/filplast\/\",\"https:\/\/www.youtube.com\/FILPLASTchannel\",\"https:\/\/pl.linkedin.com\/company\/filplast-sp.-z-o.o.\",\"https:\/\/www.instagram.com\/filplast\/\"]}]}<\/script>\n<!-- \/ Yoast SEO plugin. -->","yoast_head_json":{"title":"Volets roulants encastr\u00e9s SP, SP-E - Filplast pour les g\u00e9n\u00e9rations","robots":{"index":"index","follow":"follow","max-snippet":"max-snippet:-1","max-image-preview":"max-image-preview:large","max-video-preview":"max-video-preview:-1"},"canonical":"https:\/\/filplast.pl\/fr\/produit\/sp-sp-e\/","og_locale":"fr_FR","og_type":"article","og_title":"Volets roulants encastr\u00e9s SP, SP-E - Filplast pour les g\u00e9n\u00e9rations","og_description":"Les syst\u00e8mes SP et SP-E ont \u00e9t\u00e9 con\u00e7us en fonction de garder la chaleur dans le b\u00e2timent. En plus dans ces mod\u00e8les de volets il est possible d'utiliser aussi un moustiquitare autonome prot\u00e9geant contre les insectes.","og_url":"https:\/\/filplast.pl\/fr\/produit\/sp-sp-e\/","og_site_name":"Filplast pour les g\u00e9n\u00e9rations","article_publisher":"https:\/\/www.facebook.com\/filplast.firma","article_modified_time":"2021-04-29T09:41:12+00:00","og_image":[{"width":1080,"height":500,"url":"https:\/\/filplast.pl\/wp-content\/uploads\/2020\/12\/SP-SP-E-1.jpg","type":"image\/jpeg"}],"twitter_card":"summary_large_image","schema":{"@context":"https:\/\/schema.org","@graph":[{"@type":"WebPage","@id":"https:\/\/filplast.pl\/fr\/produit\/sp-sp-e\/","url":"https:\/\/filplast.pl\/fr\/produit\/sp-sp-e\/","name":"Volets roulants encastr\u00e9s SP, SP-E - Filplast pour les g\u00e9n\u00e9rations","isPartOf":{"@id":"https:\/\/filplast.pl\/fr\/#website"},"primaryImageOfPage":{"@id":"https:\/\/filplast.pl\/fr\/produit\/sp-sp-e\/#primaryimage"},"image":{"@id":"https:\/\/filplast.pl\/fr\/produit\/sp-sp-e\/#primaryimage"},"thumbnailUrl":"https:\/\/filplast.pl\/wp-content\/uploads\/2020\/12\/SP-SP-E-1.jpg","datePublished":"2021-04-25T18:19:22+00:00","dateModified":"2021-04-29T09:41:12+00:00","breadcrumb":{"@id":"https:\/\/filplast.pl\/fr\/produit\/sp-sp-e\/#breadcrumb"},"inLanguage":"fr-FR","potentialAction":[{"@type":"ReadAction","target":["https:\/\/filplast.pl\/fr\/produit\/sp-sp-e\/"]}]},{"@type":"ImageObject","inLanguage":"fr-FR","@id":"https:\/\/filplast.pl\/fr\/produit\/sp-sp-e\/#primaryimage","url":"https:\/\/filplast.pl\/wp-content\/uploads\/2020\/12\/SP-SP-E-1.jpg","contentUrl":"https:\/\/filplast.pl\/wp-content\/uploads\/2020\/12\/SP-SP-E-1.jpg","width":1080,"height":500},{"@type":"BreadcrumbList","@id":"https:\/\/filplast.pl\/fr\/produit\/sp-sp-e\/#breadcrumb","itemListElement":[{"@type":"ListItem","position":1,"name":"Home","item":"https:\/\/filplast.pl\/fr\/"},{"@type":"ListItem","position":2,"name":"Produits","item":"https:\/\/filplast.pl\/fr\/produit\/"},{"@type":"ListItem","position":3,"name":"SP, SP-E"}]},{"@type":"WebSite","@id":"https:\/\/filplast.pl\/fr\/#website","url":"https:\/\/filplast.pl\/fr\/","name":"Filplast pour les g\u00e9n\u00e9rations","description":"Producent okien, drzwi i rolet","publisher":{"@id":"https:\/\/filplast.pl\/fr\/#organization"},"potentialAction":[{"@type":"SearchAction","target":{"@type":"EntryPoint","urlTemplate":"https:\/\/filplast.pl\/fr\/?s={search_term_string}"},"query-input":{"@type":"PropertyValueSpecification","valueRequired":true,"valueName":"search_term_string"}}],"inLanguage":"fr-FR"},{"@type":"Organization","@id":"https:\/\/filplast.pl\/fr\/#organization","name":"Filplast pour les g\u00e9n\u00e9rations","url":"https:\/\/filplast.pl\/fr\/","logo":{"@type":"ImageObject","inLanguage":"fr-FR","@id":"https:\/\/filplast.pl\/fr\/#\/schema\/logo\/image\/","url":"https:\/\/filplast.pl\/wp-content\/uploads\/2023\/10\/favicon-filplast.png","contentUrl":"https:\/\/filplast.pl\/wp-content\/uploads\/2023\/10\/favicon-filplast.png","width":2134,"height":2134,"caption":"Filplast pour les g\u00e9n\u00e9rations"},"image":{"@id":"https:\/\/filplast.pl\/fr\/#\/schema\/logo\/image\/"},"sameAs":["https:\/\/www.facebook.com\/filplast.firma","https:\/\/pl.pinterest.com\/filplast\/","https:\/\/www.youtube.com\/FILPLASTchannel","https:\/\/pl.linkedin.com\/company\/filplast-sp.-z-o.o.","https:\/\/www.instagram.com\/filplast\/"]}]}},"uagb_featured_image_src":{"full":["https:\/\/filplast.pl\/wp-content\/uploads\/2020\/12\/SP-SP-E-1.jpg",1080,500,false],"thumbnail":["https:\/\/filplast.pl\/wp-content\/uploads\/2020\/12\/SP-SP-E-1-150x150.jpg",150,150,true],"medium":["https:\/\/filplast.pl\/wp-content\/uploads\/2020\/12\/SP-SP-E-1-300x139.jpg",300,139,true],"medium_large":["https:\/\/filplast.pl\/wp-content\/uploads\/2020\/12\/SP-SP-E-1-768x356.jpg",768,356,true],"large":["https:\/\/filplast.pl\/wp-content\/uploads\/2020\/12\/SP-SP-E-1-1024x474.jpg",1024,474,true],"1536x1536":["https:\/\/filplast.pl\/wp-content\/uploads\/2020\/12\/SP-SP-E-1.jpg",1080,500,false],"2048x2048":["https:\/\/filplast.pl\/wp-content\/uploads\/2020\/12\/SP-SP-E-1.jpg",1080,500,false],"depcore-widget-post-thumb":["https:\/\/filplast.pl\/wp-content\/uploads\/2020\/12\/SP-SP-E-1-65x65.jpg",65,65,true],"depcore-widget-post-medium":["https:\/\/filplast.pl\/wp-content\/uploads\/2020\/12\/SP-SP-E-1-280x150.jpg",280,150,true],"square":["https:\/\/filplast.pl\/wp-content\/uploads\/2020\/12\/SP-SP-E-1-500x500.jpg",500,500,true],"small-square":["https:\/\/filplast.pl\/wp-content\/uploads\/2020\/12\/SP-SP-E-1-250x250.jpg",250,250,true],"slider-image":["https:\/\/filplast.pl\/wp-content\/uploads\/2020\/12\/SP-SP-E-1.jpg",1080,500,false],"":["https:\/\/filplast.pl\/wp-content\/uploads\/2020\/12\/SP-SP-E-1.jpg",380,176,false]},"uagb_author_info":{"display_name":"admin","author_link":"https:\/\/filplast.pl\/fr\/author\/"},"uagb_comment_info":0,"uagb_excerpt":"Les syst\u00e8mes SP et SP-E ont \u00e9t\u00e9 con\u00e7us en fonction de garder la chaleur dans le b\u00e2timent. En plus dans ces mod\u00e8les de volets il est possible d'utiliser aussi un moustiquitare autonome prot\u00e9geant contre les insectes.","_links":{"self":[{"href":"https:\/\/filplast.pl\/fr\/wp-json\/wp\/v2\/product\/8593","targetHints":{"allow":["GET"]}}],"collection":[{"href":"https:\/\/filplast.pl\/fr\/wp-json\/wp\/v2\/product"}],"about":[{"href":"https:\/\/filplast.pl\/fr\/wp-json\/wp\/v2\/types\/product"}],"version-history":[{"count":1,"href":"https:\/\/filplast.pl\/fr\/wp-json\/wp\/v2\/product\/8593\/revisions"}],"predecessor-version":[{"id":8594,"href":"https:\/\/filplast.pl\/fr\/wp-json\/wp\/v2\/product\/8593\/revisions\/8594"}],"wp:featuredmedia":[{"embeddable":true,"href":"https:\/\/filplast.pl\/fr\/wp-json\/wp\/v2\/media\/37119"}],"wp:attachment":[{"href":"https:\/\/filplast.pl\/fr\/wp-json\/wp\/v2\/media?parent=8593"}],"curies":[{"name":"wp","href":"https:\/\/api.w.org\/{rel}","templated":true}]}}