{"id":8599,"date":"2021-04-25T22:36:40","date_gmt":"2021-04-25T20:36:40","guid":{"rendered":"https:\/\/filplast.pl\/produkt\/sk-sko-sko-p\/"},"modified":"2021-05-17T20:17:41","modified_gmt":"2021-05-17T18:17:41","slug":"sk-sko-sko-p","status":"publish","type":"product","link":"https:\/\/filplast.pl\/fr\/produit\/sk-sko-sko-p\/","title":{"rendered":"SK, SKO, SKO-P"},"content":{"rendered":"<div id=\"modal-ready\"><p>Ces volets peuvent \u00eatre mont\u00e9s \u00e0 chaque \u00e9tape de la r\u00e9alisation de l&rsquo;investissement et ne demandent pas de pr\u00e9paration de la fen\u00eatre au montage.<\/p>\n<\/div>","protected":false},"excerpt":{"rendered":"<p>Ce syst\u00e8me est destin\u00e9 surtout pour les b\u00e2timents d\u00e9j\u00e0 existants. Les coffres des volets sont faits du t\u00f4le en aluminium haut standard et peuvent avoir la forme \u00e0 pan coup\u00e9 (SK) ou arrondi (SKO).<\/p>\n","protected":false},"featured_media":37125,"parent":0,"menu_order":223,"template":"","class_list":["post-8599","product","type-product","status-publish","has-post-thumbnail","hentry","product-category-volets-roulants","product-category-volets-exterieurs","product-line-silverline-fr"],"yoast_head":"<!-- This site is optimized with the Yoast SEO plugin v24.7 - https:\/\/yoast.com\/wordpress\/plugins\/seo\/ -->\n<title>Volets roulants ext\u00e9rieurs SK, SKO, SKO-P - Filplast pour les g\u00e9n\u00e9rations<\/title>\n<meta name=\"robots\" content=\"index, follow, max-snippet:-1, max-image-preview:large, max-video-preview:-1\" \/>\n<link rel=\"canonical\" href=\"https:\/\/filplast.pl\/fr\/produit\/sk-sko-sko-p\/\" \/>\n<meta property=\"og:locale\" content=\"fr_FR\" \/>\n<meta property=\"og:type\" content=\"article\" \/>\n<meta property=\"og:title\" content=\"Volets roulants ext\u00e9rieurs SK, SKO, SKO-P - Filplast pour les g\u00e9n\u00e9rations\" \/>\n<meta property=\"og:description\" content=\"Ce syst\u00e8me est destin\u00e9 surtout pour les b\u00e2timents d\u00e9j\u00e0 existants. Les coffres des volets sont faits du t\u00f4le en aluminium haut standard et peuvent avoir la forme \u00e0 pan coup\u00e9 (SK) ou arrondi (SKO).\" \/>\n<meta property=\"og:url\" content=\"https:\/\/filplast.pl\/fr\/produit\/sk-sko-sko-p\/\" \/>\n<meta property=\"og:site_name\" content=\"Filplast pour les g\u00e9n\u00e9rations\" \/>\n<meta property=\"article:publisher\" content=\"https:\/\/www.facebook.com\/filplast.firma\" \/>\n<meta property=\"article:modified_time\" content=\"2021-05-17T18:17:41+00:00\" \/>\n<meta property=\"og:image\" content=\"https:\/\/filplast.pl\/wp-content\/uploads\/2020\/12\/SK-SKO-SKO-P.jpg\" \/>\n\t<meta property=\"og:image:width\" content=\"1080\" \/>\n\t<meta property=\"og:image:height\" content=\"500\" \/>\n\t<meta property=\"og:image:type\" content=\"image\/jpeg\" \/>\n<meta name=\"twitter:card\" content=\"summary_large_image\" \/>\n<script type=\"application\/ld+json\" class=\"yoast-schema-graph\">{\"@context\":\"https:\/\/schema.org\",\"@graph\":[{\"@type\":\"WebPage\",\"@id\":\"https:\/\/filplast.pl\/fr\/produit\/sk-sko-sko-p\/\",\"url\":\"https:\/\/filplast.pl\/fr\/produit\/sk-sko-sko-p\/\",\"name\":\"Volets roulants ext\u00e9rieurs SK, SKO, SKO-P - Filplast pour les g\u00e9n\u00e9rations\",\"isPartOf\":{\"@id\":\"https:\/\/filplast.pl\/fr\/#website\"},\"primaryImageOfPage\":{\"@id\":\"https:\/\/filplast.pl\/fr\/produit\/sk-sko-sko-p\/#primaryimage\"},\"image\":{\"@id\":\"https:\/\/filplast.pl\/fr\/produit\/sk-sko-sko-p\/#primaryimage\"},\"thumbnailUrl\":\"https:\/\/filplast.pl\/wp-content\/uploads\/2020\/12\/SK-SKO-SKO-P.jpg\",\"datePublished\":\"2021-04-25T20:36:40+00:00\",\"dateModified\":\"2021-05-17T18:17:41+00:00\",\"breadcrumb\":{\"@id\":\"https:\/\/filplast.pl\/fr\/produit\/sk-sko-sko-p\/#breadcrumb\"},\"inLanguage\":\"fr-FR\",\"potentialAction\":[{\"@type\":\"ReadAction\",\"target\":[\"https:\/\/filplast.pl\/fr\/produit\/sk-sko-sko-p\/\"]}]},{\"@type\":\"ImageObject\",\"inLanguage\":\"fr-FR\",\"@id\":\"https:\/\/filplast.pl\/fr\/produit\/sk-sko-sko-p\/#primaryimage\",\"url\":\"https:\/\/filplast.pl\/wp-content\/uploads\/2020\/12\/SK-SKO-SKO-P.jpg\",\"contentUrl\":\"https:\/\/filplast.pl\/wp-content\/uploads\/2020\/12\/SK-SKO-SKO-P.jpg\",\"width\":1080,\"height\":500,\"caption\":\"SK, SKO, SKO-P\"},{\"@type\":\"BreadcrumbList\",\"@id\":\"https:\/\/filplast.pl\/fr\/produit\/sk-sko-sko-p\/#breadcrumb\",\"itemListElement\":[{\"@type\":\"ListItem\",\"position\":1,\"name\":\"Home\",\"item\":\"https:\/\/filplast.pl\/fr\/\"},{\"@type\":\"ListItem\",\"position\":2,\"name\":\"Produits\",\"item\":\"https:\/\/filplast.pl\/fr\/produit\/\"},{\"@type\":\"ListItem\",\"position\":3,\"name\":\"SK, SKO, SKO-P\"}]},{\"@type\":\"WebSite\",\"@id\":\"https:\/\/filplast.pl\/fr\/#website\",\"url\":\"https:\/\/filplast.pl\/fr\/\",\"name\":\"Filplast pour les g\u00e9n\u00e9rations\",\"description\":\"Producent okien, drzwi i rolet\",\"publisher\":{\"@id\":\"https:\/\/filplast.pl\/fr\/#organization\"},\"potentialAction\":[{\"@type\":\"SearchAction\",\"target\":{\"@type\":\"EntryPoint\",\"urlTemplate\":\"https:\/\/filplast.pl\/fr\/?s={search_term_string}\"},\"query-input\":{\"@type\":\"PropertyValueSpecification\",\"valueRequired\":true,\"valueName\":\"search_term_string\"}}],\"inLanguage\":\"fr-FR\"},{\"@type\":\"Organization\",\"@id\":\"https:\/\/filplast.pl\/fr\/#organization\",\"name\":\"Filplast pour les g\u00e9n\u00e9rations\",\"url\":\"https:\/\/filplast.pl\/fr\/\",\"logo\":{\"@type\":\"ImageObject\",\"inLanguage\":\"fr-FR\",\"@id\":\"https:\/\/filplast.pl\/fr\/#\/schema\/logo\/image\/\",\"url\":\"https:\/\/filplast.pl\/wp-content\/uploads\/2023\/10\/favicon-filplast.png\",\"contentUrl\":\"https:\/\/filplast.pl\/wp-content\/uploads\/2023\/10\/favicon-filplast.png\",\"width\":2134,\"height\":2134,\"caption\":\"Filplast pour les g\u00e9n\u00e9rations\"},\"image\":{\"@id\":\"https:\/\/filplast.pl\/fr\/#\/schema\/logo\/image\/\"},\"sameAs\":[\"https:\/\/www.facebook.com\/filplast.firma\",\"https:\/\/pl.pinterest.com\/filplast\/\",\"https:\/\/www.youtube.com\/FILPLASTchannel\",\"https:\/\/pl.linkedin.com\/company\/filplast-sp.-z-o.o.\",\"https:\/\/www.instagram.com\/filplast\/\"]}]}<\/script>\n<!-- \/ Yoast SEO plugin. -->","yoast_head_json":{"title":"Volets roulants ext\u00e9rieurs SK, SKO, SKO-P - Filplast pour les g\u00e9n\u00e9rations","robots":{"index":"index","follow":"follow","max-snippet":"max-snippet:-1","max-image-preview":"max-image-preview:large","max-video-preview":"max-video-preview:-1"},"canonical":"https:\/\/filplast.pl\/fr\/produit\/sk-sko-sko-p\/","og_locale":"fr_FR","og_type":"article","og_title":"Volets roulants ext\u00e9rieurs SK, SKO, SKO-P - Filplast pour les g\u00e9n\u00e9rations","og_description":"Ce syst\u00e8me est destin\u00e9 surtout pour les b\u00e2timents d\u00e9j\u00e0 existants. Les coffres des volets sont faits du t\u00f4le en aluminium haut standard et peuvent avoir la forme \u00e0 pan coup\u00e9 (SK) ou arrondi (SKO).","og_url":"https:\/\/filplast.pl\/fr\/produit\/sk-sko-sko-p\/","og_site_name":"Filplast pour les g\u00e9n\u00e9rations","article_publisher":"https:\/\/www.facebook.com\/filplast.firma","article_modified_time":"2021-05-17T18:17:41+00:00","og_image":[{"width":1080,"height":500,"url":"https:\/\/filplast.pl\/wp-content\/uploads\/2020\/12\/SK-SKO-SKO-P.jpg","type":"image\/jpeg"}],"twitter_card":"summary_large_image","schema":{"@context":"https:\/\/schema.org","@graph":[{"@type":"WebPage","@id":"https:\/\/filplast.pl\/fr\/produit\/sk-sko-sko-p\/","url":"https:\/\/filplast.pl\/fr\/produit\/sk-sko-sko-p\/","name":"Volets roulants ext\u00e9rieurs SK, SKO, SKO-P - Filplast pour les g\u00e9n\u00e9rations","isPartOf":{"@id":"https:\/\/filplast.pl\/fr\/#website"},"primaryImageOfPage":{"@id":"https:\/\/filplast.pl\/fr\/produit\/sk-sko-sko-p\/#primaryimage"},"image":{"@id":"https:\/\/filplast.pl\/fr\/produit\/sk-sko-sko-p\/#primaryimage"},"thumbnailUrl":"https:\/\/filplast.pl\/wp-content\/uploads\/2020\/12\/SK-SKO-SKO-P.jpg","datePublished":"2021-04-25T20:36:40+00:00","dateModified":"2021-05-17T18:17:41+00:00","breadcrumb":{"@id":"https:\/\/filplast.pl\/fr\/produit\/sk-sko-sko-p\/#breadcrumb"},"inLanguage":"fr-FR","potentialAction":[{"@type":"ReadAction","target":["https:\/\/filplast.pl\/fr\/produit\/sk-sko-sko-p\/"]}]},{"@type":"ImageObject","inLanguage":"fr-FR","@id":"https:\/\/filplast.pl\/fr\/produit\/sk-sko-sko-p\/#primaryimage","url":"https:\/\/filplast.pl\/wp-content\/uploads\/2020\/12\/SK-SKO-SKO-P.jpg","contentUrl":"https:\/\/filplast.pl\/wp-content\/uploads\/2020\/12\/SK-SKO-SKO-P.jpg","width":1080,"height":500,"caption":"SK, SKO, SKO-P"},{"@type":"BreadcrumbList","@id":"https:\/\/filplast.pl\/fr\/produit\/sk-sko-sko-p\/#breadcrumb","itemListElement":[{"@type":"ListItem","position":1,"name":"Home","item":"https:\/\/filplast.pl\/fr\/"},{"@type":"ListItem","position":2,"name":"Produits","item":"https:\/\/filplast.pl\/fr\/produit\/"},{"@type":"ListItem","position":3,"name":"SK, SKO, SKO-P"}]},{"@type":"WebSite","@id":"https:\/\/filplast.pl\/fr\/#website","url":"https:\/\/filplast.pl\/fr\/","name":"Filplast pour les g\u00e9n\u00e9rations","description":"Producent okien, drzwi i rolet","publisher":{"@id":"https:\/\/filplast.pl\/fr\/#organization"},"potentialAction":[{"@type":"SearchAction","target":{"@type":"EntryPoint","urlTemplate":"https:\/\/filplast.pl\/fr\/?s={search_term_string}"},"query-input":{"@type":"PropertyValueSpecification","valueRequired":true,"valueName":"search_term_string"}}],"inLanguage":"fr-FR"},{"@type":"Organization","@id":"https:\/\/filplast.pl\/fr\/#organization","name":"Filplast pour les g\u00e9n\u00e9rations","url":"https:\/\/filplast.pl\/fr\/","logo":{"@type":"ImageObject","inLanguage":"fr-FR","@id":"https:\/\/filplast.pl\/fr\/#\/schema\/logo\/image\/","url":"https:\/\/filplast.pl\/wp-content\/uploads\/2023\/10\/favicon-filplast.png","contentUrl":"https:\/\/filplast.pl\/wp-content\/uploads\/2023\/10\/favicon-filplast.png","width":2134,"height":2134,"caption":"Filplast pour les g\u00e9n\u00e9rations"},"image":{"@id":"https:\/\/filplast.pl\/fr\/#\/schema\/logo\/image\/"},"sameAs":["https:\/\/www.facebook.com\/filplast.firma","https:\/\/pl.pinterest.com\/filplast\/","https:\/\/www.youtube.com\/FILPLASTchannel","https:\/\/pl.linkedin.com\/company\/filplast-sp.-z-o.o.","https:\/\/www.instagram.com\/filplast\/"]}]}},"uagb_featured_image_src":{"full":["https:\/\/filplast.pl\/wp-content\/uploads\/2020\/12\/SK-SKO-SKO-P.jpg",1080,500,false],"thumbnail":["https:\/\/filplast.pl\/wp-content\/uploads\/2020\/12\/SK-SKO-SKO-P-150x150.jpg",150,150,true],"medium":["https:\/\/filplast.pl\/wp-content\/uploads\/2020\/12\/SK-SKO-SKO-P-300x139.jpg",300,139,true],"medium_large":["https:\/\/filplast.pl\/wp-content\/uploads\/2020\/12\/SK-SKO-SKO-P-768x356.jpg",768,356,true],"large":["https:\/\/filplast.pl\/wp-content\/uploads\/2020\/12\/SK-SKO-SKO-P-1024x474.jpg",1024,474,true],"1536x1536":["https:\/\/filplast.pl\/wp-content\/uploads\/2020\/12\/SK-SKO-SKO-P.jpg",1080,500,false],"2048x2048":["https:\/\/filplast.pl\/wp-content\/uploads\/2020\/12\/SK-SKO-SKO-P.jpg",1080,500,false],"depcore-widget-post-thumb":["https:\/\/filplast.pl\/wp-content\/uploads\/2020\/12\/SK-SKO-SKO-P-65x65.jpg",65,65,true],"depcore-widget-post-medium":["https:\/\/filplast.pl\/wp-content\/uploads\/2020\/12\/SK-SKO-SKO-P-280x150.jpg",280,150,true],"square":["https:\/\/filplast.pl\/wp-content\/uploads\/2020\/12\/SK-SKO-SKO-P-500x500.jpg",500,500,true],"small-square":["https:\/\/filplast.pl\/wp-content\/uploads\/2020\/12\/SK-SKO-SKO-P-250x250.jpg",250,250,true],"slider-image":["https:\/\/filplast.pl\/wp-content\/uploads\/2020\/12\/SK-SKO-SKO-P.jpg",1080,500,false],"":["https:\/\/filplast.pl\/wp-content\/uploads\/2020\/12\/SK-SKO-SKO-P.jpg",380,176,false]},"uagb_author_info":{"display_name":"admin","author_link":"https:\/\/filplast.pl\/fr\/author\/"},"uagb_comment_info":0,"uagb_excerpt":"Ce syst\u00e8me est destin\u00e9 surtout pour les b\u00e2timents d\u00e9j\u00e0 existants. Les coffres des volets sont faits du t\u00f4le en aluminium haut standard et peuvent avoir la forme \u00e0 pan coup\u00e9 (SK) ou arrondi (SKO).","_links":{"self":[{"href":"https:\/\/filplast.pl\/fr\/wp-json\/wp\/v2\/product\/8599","targetHints":{"allow":["GET"]}}],"collection":[{"href":"https:\/\/filplast.pl\/fr\/wp-json\/wp\/v2\/product"}],"about":[{"href":"https:\/\/filplast.pl\/fr\/wp-json\/wp\/v2\/types\/product"}],"version-history":[{"count":1,"href":"https:\/\/filplast.pl\/fr\/wp-json\/wp\/v2\/product\/8599\/revisions"}],"predecessor-version":[{"id":8600,"href":"https:\/\/filplast.pl\/fr\/wp-json\/wp\/v2\/product\/8599\/revisions\/8600"}],"wp:featuredmedia":[{"embeddable":true,"href":"https:\/\/filplast.pl\/fr\/wp-json\/wp\/v2\/media\/37125"}],"wp:attachment":[{"href":"https:\/\/filplast.pl\/fr\/wp-json\/wp\/v2\/media?parent=8599"}],"curies":[{"name":"wp","href":"https:\/\/api.w.org\/{rel}","templated":true}]}}