{"id":8601,"date":"2021-04-25T23:10:25","date_gmt":"2021-04-25T21:10:25","guid":{"rendered":"https:\/\/filplast.pl\/produkt\/rk-therm\/"},"modified":"2021-04-29T11:41:04","modified_gmt":"2021-04-29T09:41:04","slug":"rk-therm","status":"publish","type":"product","link":"https:\/\/filplast.pl\/fr\/produit\/rk-therm\/","title":{"rendered":"RK Therm"},"content":{"rendered":"<div id=\"modal-ready\"><p>Les examens de l&rsquo;institut d&rsquo;\u00e9tudes renomm\u00e9 IFT ROSENHEIM ont confirm\u00e9 que le syst\u00e8me RK Therm poss\u00e8de un coefficient de transmission thermique tr\u00e8s favorable &#8211; Uws au niveau de 0,40 W\/m\u00b2\u00b7K, ce qui le place ce syst\u00e8me au premier rang entre autres produits de ce type.<\/p>\n<\/div>","protected":false},"excerpt":{"rendered":"<p>RK Therm c&rsquo;est un volet roulant innovatif \u00e0 enroulement ext\u00e9rieur qui r\u00e9duira vos d\u00e9penses pour le chauffage et pour la climatisation jusqu\u2019\u00e0 30% par an! L&rsquo;atout suppl\u00e9mentaire de ce syst\u00e8me est la possibilit\u00e9 d\u2019int\u00e9grer le coffre et les coulisses au mur.<\/p>\n","protected":false},"featured_media":37137,"parent":0,"menu_order":235,"template":"","class_list":["post-8601","product","type-product","status-publish","has-post-thumbnail","hentry","product-category-volets-roulants","product-category-volets-monoblocs","product-line-platinumline-fr"],"yoast_head":"<!-- This site is optimized with the Yoast SEO plugin v24.7 - https:\/\/yoast.com\/wordpress\/plugins\/seo\/ -->\n<title>Volets roulants monoblocs RK Therm - Filplast pour les g\u00e9n\u00e9rations<\/title>\n<meta name=\"robots\" content=\"index, follow, max-snippet:-1, max-image-preview:large, max-video-preview:-1\" \/>\n<link rel=\"canonical\" href=\"https:\/\/filplast.pl\/fr\/produit\/rk-therm\/\" \/>\n<meta property=\"og:locale\" content=\"fr_FR\" \/>\n<meta property=\"og:type\" content=\"article\" \/>\n<meta property=\"og:title\" content=\"Volets roulants monoblocs RK Therm - Filplast pour les g\u00e9n\u00e9rations\" \/>\n<meta property=\"og:description\" content=\"RK Therm c&#039;est un volet roulant innovatif \u00e0 enroulement ext\u00e9rieur qui r\u00e9duira vos d\u00e9penses pour le chauffage et pour la climatisation jusqu\u2019\u00e0 30% par an! L&#039;atout suppl\u00e9mentaire de ce syst\u00e8me est la possibilit\u00e9 d\u2019int\u00e9grer le coffre et les coulisses au mur.\" \/>\n<meta property=\"og:url\" content=\"https:\/\/filplast.pl\/fr\/produit\/rk-therm\/\" \/>\n<meta property=\"og:site_name\" content=\"Filplast pour les g\u00e9n\u00e9rations\" \/>\n<meta property=\"article:publisher\" content=\"https:\/\/www.facebook.com\/filplast.firma\" \/>\n<meta property=\"article:modified_time\" content=\"2021-04-29T09:41:04+00:00\" \/>\n<meta property=\"og:image\" content=\"https:\/\/filplast.pl\/wp-content\/uploads\/2020\/12\/RK-Therm.jpg\" \/>\n\t<meta property=\"og:image:width\" content=\"1080\" \/>\n\t<meta property=\"og:image:height\" content=\"500\" \/>\n\t<meta property=\"og:image:type\" content=\"image\/jpeg\" \/>\n<meta name=\"twitter:card\" content=\"summary_large_image\" \/>\n<script type=\"application\/ld+json\" class=\"yoast-schema-graph\">{\"@context\":\"https:\/\/schema.org\",\"@graph\":[{\"@type\":\"WebPage\",\"@id\":\"https:\/\/filplast.pl\/fr\/produit\/rk-therm\/\",\"url\":\"https:\/\/filplast.pl\/fr\/produit\/rk-therm\/\",\"name\":\"Volets roulants monoblocs RK Therm - Filplast pour les g\u00e9n\u00e9rations\",\"isPartOf\":{\"@id\":\"https:\/\/filplast.pl\/fr\/#website\"},\"primaryImageOfPage\":{\"@id\":\"https:\/\/filplast.pl\/fr\/produit\/rk-therm\/#primaryimage\"},\"image\":{\"@id\":\"https:\/\/filplast.pl\/fr\/produit\/rk-therm\/#primaryimage\"},\"thumbnailUrl\":\"https:\/\/filplast.pl\/wp-content\/uploads\/2020\/12\/RK-Therm.jpg\",\"datePublished\":\"2021-04-25T21:10:25+00:00\",\"dateModified\":\"2021-04-29T09:41:04+00:00\",\"breadcrumb\":{\"@id\":\"https:\/\/filplast.pl\/fr\/produit\/rk-therm\/#breadcrumb\"},\"inLanguage\":\"fr-FR\",\"potentialAction\":[{\"@type\":\"ReadAction\",\"target\":[\"https:\/\/filplast.pl\/fr\/produit\/rk-therm\/\"]}]},{\"@type\":\"ImageObject\",\"inLanguage\":\"fr-FR\",\"@id\":\"https:\/\/filplast.pl\/fr\/produit\/rk-therm\/#primaryimage\",\"url\":\"https:\/\/filplast.pl\/wp-content\/uploads\/2020\/12\/RK-Therm.jpg\",\"contentUrl\":\"https:\/\/filplast.pl\/wp-content\/uploads\/2020\/12\/RK-Therm.jpg\",\"width\":1080,\"height\":500},{\"@type\":\"BreadcrumbList\",\"@id\":\"https:\/\/filplast.pl\/fr\/produit\/rk-therm\/#breadcrumb\",\"itemListElement\":[{\"@type\":\"ListItem\",\"position\":1,\"name\":\"Home\",\"item\":\"https:\/\/filplast.pl\/fr\/\"},{\"@type\":\"ListItem\",\"position\":2,\"name\":\"Produits\",\"item\":\"https:\/\/filplast.pl\/fr\/produit\/\"},{\"@type\":\"ListItem\",\"position\":3,\"name\":\"RK Therm\"}]},{\"@type\":\"WebSite\",\"@id\":\"https:\/\/filplast.pl\/fr\/#website\",\"url\":\"https:\/\/filplast.pl\/fr\/\",\"name\":\"Filplast pour les g\u00e9n\u00e9rations\",\"description\":\"Producent okien, drzwi i rolet\",\"publisher\":{\"@id\":\"https:\/\/filplast.pl\/fr\/#organization\"},\"potentialAction\":[{\"@type\":\"SearchAction\",\"target\":{\"@type\":\"EntryPoint\",\"urlTemplate\":\"https:\/\/filplast.pl\/fr\/?s={search_term_string}\"},\"query-input\":{\"@type\":\"PropertyValueSpecification\",\"valueRequired\":true,\"valueName\":\"search_term_string\"}}],\"inLanguage\":\"fr-FR\"},{\"@type\":\"Organization\",\"@id\":\"https:\/\/filplast.pl\/fr\/#organization\",\"name\":\"Filplast pour les g\u00e9n\u00e9rations\",\"url\":\"https:\/\/filplast.pl\/fr\/\",\"logo\":{\"@type\":\"ImageObject\",\"inLanguage\":\"fr-FR\",\"@id\":\"https:\/\/filplast.pl\/fr\/#\/schema\/logo\/image\/\",\"url\":\"https:\/\/filplast.pl\/wp-content\/uploads\/2023\/10\/favicon-filplast.png\",\"contentUrl\":\"https:\/\/filplast.pl\/wp-content\/uploads\/2023\/10\/favicon-filplast.png\",\"width\":2134,\"height\":2134,\"caption\":\"Filplast pour les g\u00e9n\u00e9rations\"},\"image\":{\"@id\":\"https:\/\/filplast.pl\/fr\/#\/schema\/logo\/image\/\"},\"sameAs\":[\"https:\/\/www.facebook.com\/filplast.firma\",\"https:\/\/pl.pinterest.com\/filplast\/\",\"https:\/\/www.youtube.com\/FILPLASTchannel\",\"https:\/\/pl.linkedin.com\/company\/filplast-sp.-z-o.o.\",\"https:\/\/www.instagram.com\/filplast\/\"]}]}<\/script>\n<!-- \/ Yoast SEO plugin. -->","yoast_head_json":{"title":"Volets roulants monoblocs RK Therm - Filplast pour les g\u00e9n\u00e9rations","robots":{"index":"index","follow":"follow","max-snippet":"max-snippet:-1","max-image-preview":"max-image-preview:large","max-video-preview":"max-video-preview:-1"},"canonical":"https:\/\/filplast.pl\/fr\/produit\/rk-therm\/","og_locale":"fr_FR","og_type":"article","og_title":"Volets roulants monoblocs RK Therm - Filplast pour les g\u00e9n\u00e9rations","og_description":"RK Therm c'est un volet roulant innovatif \u00e0 enroulement ext\u00e9rieur qui r\u00e9duira vos d\u00e9penses pour le chauffage et pour la climatisation jusqu\u2019\u00e0 30% par an! L'atout suppl\u00e9mentaire de ce syst\u00e8me est la possibilit\u00e9 d\u2019int\u00e9grer le coffre et les coulisses au mur.","og_url":"https:\/\/filplast.pl\/fr\/produit\/rk-therm\/","og_site_name":"Filplast pour les g\u00e9n\u00e9rations","article_publisher":"https:\/\/www.facebook.com\/filplast.firma","article_modified_time":"2021-04-29T09:41:04+00:00","og_image":[{"width":1080,"height":500,"url":"https:\/\/filplast.pl\/wp-content\/uploads\/2020\/12\/RK-Therm.jpg","type":"image\/jpeg"}],"twitter_card":"summary_large_image","schema":{"@context":"https:\/\/schema.org","@graph":[{"@type":"WebPage","@id":"https:\/\/filplast.pl\/fr\/produit\/rk-therm\/","url":"https:\/\/filplast.pl\/fr\/produit\/rk-therm\/","name":"Volets roulants monoblocs RK Therm - Filplast pour les g\u00e9n\u00e9rations","isPartOf":{"@id":"https:\/\/filplast.pl\/fr\/#website"},"primaryImageOfPage":{"@id":"https:\/\/filplast.pl\/fr\/produit\/rk-therm\/#primaryimage"},"image":{"@id":"https:\/\/filplast.pl\/fr\/produit\/rk-therm\/#primaryimage"},"thumbnailUrl":"https:\/\/filplast.pl\/wp-content\/uploads\/2020\/12\/RK-Therm.jpg","datePublished":"2021-04-25T21:10:25+00:00","dateModified":"2021-04-29T09:41:04+00:00","breadcrumb":{"@id":"https:\/\/filplast.pl\/fr\/produit\/rk-therm\/#breadcrumb"},"inLanguage":"fr-FR","potentialAction":[{"@type":"ReadAction","target":["https:\/\/filplast.pl\/fr\/produit\/rk-therm\/"]}]},{"@type":"ImageObject","inLanguage":"fr-FR","@id":"https:\/\/filplast.pl\/fr\/produit\/rk-therm\/#primaryimage","url":"https:\/\/filplast.pl\/wp-content\/uploads\/2020\/12\/RK-Therm.jpg","contentUrl":"https:\/\/filplast.pl\/wp-content\/uploads\/2020\/12\/RK-Therm.jpg","width":1080,"height":500},{"@type":"BreadcrumbList","@id":"https:\/\/filplast.pl\/fr\/produit\/rk-therm\/#breadcrumb","itemListElement":[{"@type":"ListItem","position":1,"name":"Home","item":"https:\/\/filplast.pl\/fr\/"},{"@type":"ListItem","position":2,"name":"Produits","item":"https:\/\/filplast.pl\/fr\/produit\/"},{"@type":"ListItem","position":3,"name":"RK Therm"}]},{"@type":"WebSite","@id":"https:\/\/filplast.pl\/fr\/#website","url":"https:\/\/filplast.pl\/fr\/","name":"Filplast pour les g\u00e9n\u00e9rations","description":"Producent okien, drzwi i rolet","publisher":{"@id":"https:\/\/filplast.pl\/fr\/#organization"},"potentialAction":[{"@type":"SearchAction","target":{"@type":"EntryPoint","urlTemplate":"https:\/\/filplast.pl\/fr\/?s={search_term_string}"},"query-input":{"@type":"PropertyValueSpecification","valueRequired":true,"valueName":"search_term_string"}}],"inLanguage":"fr-FR"},{"@type":"Organization","@id":"https:\/\/filplast.pl\/fr\/#organization","name":"Filplast pour les g\u00e9n\u00e9rations","url":"https:\/\/filplast.pl\/fr\/","logo":{"@type":"ImageObject","inLanguage":"fr-FR","@id":"https:\/\/filplast.pl\/fr\/#\/schema\/logo\/image\/","url":"https:\/\/filplast.pl\/wp-content\/uploads\/2023\/10\/favicon-filplast.png","contentUrl":"https:\/\/filplast.pl\/wp-content\/uploads\/2023\/10\/favicon-filplast.png","width":2134,"height":2134,"caption":"Filplast pour les g\u00e9n\u00e9rations"},"image":{"@id":"https:\/\/filplast.pl\/fr\/#\/schema\/logo\/image\/"},"sameAs":["https:\/\/www.facebook.com\/filplast.firma","https:\/\/pl.pinterest.com\/filplast\/","https:\/\/www.youtube.com\/FILPLASTchannel","https:\/\/pl.linkedin.com\/company\/filplast-sp.-z-o.o.","https:\/\/www.instagram.com\/filplast\/"]}]}},"uagb_featured_image_src":{"full":["https:\/\/filplast.pl\/wp-content\/uploads\/2020\/12\/RK-Therm.jpg",1080,500,false],"thumbnail":["https:\/\/filplast.pl\/wp-content\/uploads\/2020\/12\/RK-Therm-150x150.jpg",150,150,true],"medium":["https:\/\/filplast.pl\/wp-content\/uploads\/2020\/12\/RK-Therm-300x139.jpg",300,139,true],"medium_large":["https:\/\/filplast.pl\/wp-content\/uploads\/2020\/12\/RK-Therm-768x356.jpg",768,356,true],"large":["https:\/\/filplast.pl\/wp-content\/uploads\/2020\/12\/RK-Therm-1024x474.jpg",1024,474,true],"1536x1536":["https:\/\/filplast.pl\/wp-content\/uploads\/2020\/12\/RK-Therm.jpg",1080,500,false],"2048x2048":["https:\/\/filplast.pl\/wp-content\/uploads\/2020\/12\/RK-Therm.jpg",1080,500,false],"depcore-widget-post-thumb":["https:\/\/filplast.pl\/wp-content\/uploads\/2020\/12\/RK-Therm-65x65.jpg",65,65,true],"depcore-widget-post-medium":["https:\/\/filplast.pl\/wp-content\/uploads\/2020\/12\/RK-Therm-280x150.jpg",280,150,true],"square":["https:\/\/filplast.pl\/wp-content\/uploads\/2020\/12\/RK-Therm-500x500.jpg",500,500,true],"small-square":["https:\/\/filplast.pl\/wp-content\/uploads\/2020\/12\/RK-Therm-250x250.jpg",250,250,true],"slider-image":["https:\/\/filplast.pl\/wp-content\/uploads\/2020\/12\/RK-Therm.jpg",1080,500,false],"":["https:\/\/filplast.pl\/wp-content\/uploads\/2020\/12\/RK-Therm.jpg",380,176,false]},"uagb_author_info":{"display_name":"Agnieszka Losor","author_link":"https:\/\/filplast.pl\/fr\/author\/"},"uagb_comment_info":0,"uagb_excerpt":"RK Therm c'est un volet roulant innovatif \u00e0 enroulement ext\u00e9rieur qui r\u00e9duira vos d\u00e9penses pour le chauffage et pour la climatisation jusqu\u2019\u00e0 30% par an! L'atout suppl\u00e9mentaire de ce syst\u00e8me est la possibilit\u00e9 d\u2019int\u00e9grer le coffre et les coulisses au mur.","_links":{"self":[{"href":"https:\/\/filplast.pl\/fr\/wp-json\/wp\/v2\/product\/8601","targetHints":{"allow":["GET"]}}],"collection":[{"href":"https:\/\/filplast.pl\/fr\/wp-json\/wp\/v2\/product"}],"about":[{"href":"https:\/\/filplast.pl\/fr\/wp-json\/wp\/v2\/types\/product"}],"version-history":[{"count":1,"href":"https:\/\/filplast.pl\/fr\/wp-json\/wp\/v2\/product\/8601\/revisions"}],"predecessor-version":[{"id":8678,"href":"https:\/\/filplast.pl\/fr\/wp-json\/wp\/v2\/product\/8601\/revisions\/8678"}],"wp:featuredmedia":[{"embeddable":true,"href":"https:\/\/filplast.pl\/fr\/wp-json\/wp\/v2\/media\/37137"}],"wp:attachment":[{"href":"https:\/\/filplast.pl\/fr\/wp-json\/wp\/v2\/media?parent=8601"}],"curies":[{"name":"wp","href":"https:\/\/api.w.org\/{rel}","templated":true}]}}