{"id":8605,"date":"2021-04-25T23:55:56","date_gmt":"2021-04-25T21:55:56","guid":{"rendered":"https:\/\/filplast.pl\/produkt\/veka-variant-2-0\/"},"modified":"2023-05-04T11:31:42","modified_gmt":"2023-05-04T09:31:42","slug":"veka-variant-2-0","status":"publish","type":"product","link":"https:\/\/filplast.pl\/fr\/produit\/veka-variant-2-0\/","title":{"rendered":"Veka Variant 2.0"},"content":{"rendered":"<div id=\"modal-ready\"><p>Les volets Veka Variant 2.0 sont disponibles en large gamme des placages &#8211; nous offrons 60 motifs. Alors, on peut adapter les volets aux fen\u00eatres et au style architectural du b\u00e2timent.<\/p>\n<\/div>","protected":false},"excerpt":{"rendered":"<p>Veka Variant 2.0 c&rsquo;est un volet ext\u00e9rieur monobloc de hauts param\u00e8tres thermiques et phoniques. Il peut \u00eatre utilis\u00e9 \u00e0 la fois dans les b\u00e2timents nouvellement construits et dans les b\u00e2timents r\u00e9nov\u00e9s.<\/p>\n","protected":false},"featured_media":37106,"parent":0,"menu_order":242,"template":"","class_list":["post-8605","product","type-product","status-publish","has-post-thumbnail","hentry","product-category-volets-roulants","product-category-volets-monoblocs","product-line-goldenline-fr"],"yoast_head":"<!-- This site is optimized with the Yoast SEO plugin v24.7 - https:\/\/yoast.com\/wordpress\/plugins\/seo\/ -->\n<title>Volets roulants monoblocs Veka Variant 2.0 - Filplast pour les g\u00e9n\u00e9rations<\/title>\n<meta name=\"robots\" content=\"index, follow, max-snippet:-1, max-image-preview:large, max-video-preview:-1\" \/>\n<link rel=\"canonical\" href=\"https:\/\/filplast.pl\/fr\/produit\/veka-variant-2-0\/\" \/>\n<meta property=\"og:locale\" content=\"fr_FR\" \/>\n<meta property=\"og:type\" content=\"article\" \/>\n<meta property=\"og:title\" content=\"Volets roulants monoblocs Veka Variant 2.0 - Filplast pour les g\u00e9n\u00e9rations\" \/>\n<meta property=\"og:description\" content=\"Veka Variant 2.0 c&#039;est un volet ext\u00e9rieur monobloc de hauts param\u00e8tres thermiques et phoniques. Il peut \u00eatre utilis\u00e9 \u00e0 la fois dans les b\u00e2timents nouvellement construits et dans les b\u00e2timents r\u00e9nov\u00e9s.\" \/>\n<meta property=\"og:url\" content=\"https:\/\/filplast.pl\/fr\/produit\/veka-variant-2-0\/\" \/>\n<meta property=\"og:site_name\" content=\"Filplast pour les g\u00e9n\u00e9rations\" \/>\n<meta property=\"article:publisher\" content=\"https:\/\/www.facebook.com\/filplast.firma\" \/>\n<meta property=\"article:modified_time\" content=\"2023-05-04T09:31:42+00:00\" \/>\n<meta property=\"og:image\" content=\"https:\/\/filplast.pl\/wp-content\/uploads\/2020\/12\/VekaVariant-baner.jpg\" \/>\n\t<meta property=\"og:image:width\" content=\"1080\" \/>\n\t<meta property=\"og:image:height\" content=\"500\" \/>\n\t<meta property=\"og:image:type\" content=\"image\/jpeg\" \/>\n<meta name=\"twitter:card\" content=\"summary_large_image\" \/>\n<script type=\"application\/ld+json\" class=\"yoast-schema-graph\">{\"@context\":\"https:\/\/schema.org\",\"@graph\":[{\"@type\":\"WebPage\",\"@id\":\"https:\/\/filplast.pl\/fr\/produit\/veka-variant-2-0\/\",\"url\":\"https:\/\/filplast.pl\/fr\/produit\/veka-variant-2-0\/\",\"name\":\"Volets roulants monoblocs Veka Variant 2.0 - Filplast pour les g\u00e9n\u00e9rations\",\"isPartOf\":{\"@id\":\"https:\/\/filplast.pl\/fr\/#website\"},\"primaryImageOfPage\":{\"@id\":\"https:\/\/filplast.pl\/fr\/produit\/veka-variant-2-0\/#primaryimage\"},\"image\":{\"@id\":\"https:\/\/filplast.pl\/fr\/produit\/veka-variant-2-0\/#primaryimage\"},\"thumbnailUrl\":\"https:\/\/filplast.pl\/wp-content\/uploads\/2020\/12\/VekaVariant-baner.jpg\",\"datePublished\":\"2021-04-25T21:55:56+00:00\",\"dateModified\":\"2023-05-04T09:31:42+00:00\",\"breadcrumb\":{\"@id\":\"https:\/\/filplast.pl\/fr\/produit\/veka-variant-2-0\/#breadcrumb\"},\"inLanguage\":\"fr-FR\",\"potentialAction\":[{\"@type\":\"ReadAction\",\"target\":[\"https:\/\/filplast.pl\/fr\/produit\/veka-variant-2-0\/\"]}]},{\"@type\":\"ImageObject\",\"inLanguage\":\"fr-FR\",\"@id\":\"https:\/\/filplast.pl\/fr\/produit\/veka-variant-2-0\/#primaryimage\",\"url\":\"https:\/\/filplast.pl\/wp-content\/uploads\/2020\/12\/VekaVariant-baner.jpg\",\"contentUrl\":\"https:\/\/filplast.pl\/wp-content\/uploads\/2020\/12\/VekaVariant-baner.jpg\",\"width\":1080,\"height\":500,\"caption\":\"VekaVariant\"},{\"@type\":\"BreadcrumbList\",\"@id\":\"https:\/\/filplast.pl\/fr\/produit\/veka-variant-2-0\/#breadcrumb\",\"itemListElement\":[{\"@type\":\"ListItem\",\"position\":1,\"name\":\"Home\",\"item\":\"https:\/\/filplast.pl\/fr\/\"},{\"@type\":\"ListItem\",\"position\":2,\"name\":\"Produits\",\"item\":\"https:\/\/filplast.pl\/fr\/produit\/\"},{\"@type\":\"ListItem\",\"position\":3,\"name\":\"Veka Variant 2.0\"}]},{\"@type\":\"WebSite\",\"@id\":\"https:\/\/filplast.pl\/fr\/#website\",\"url\":\"https:\/\/filplast.pl\/fr\/\",\"name\":\"Filplast pour les g\u00e9n\u00e9rations\",\"description\":\"Producent okien, drzwi i rolet\",\"publisher\":{\"@id\":\"https:\/\/filplast.pl\/fr\/#organization\"},\"potentialAction\":[{\"@type\":\"SearchAction\",\"target\":{\"@type\":\"EntryPoint\",\"urlTemplate\":\"https:\/\/filplast.pl\/fr\/?s={search_term_string}\"},\"query-input\":{\"@type\":\"PropertyValueSpecification\",\"valueRequired\":true,\"valueName\":\"search_term_string\"}}],\"inLanguage\":\"fr-FR\"},{\"@type\":\"Organization\",\"@id\":\"https:\/\/filplast.pl\/fr\/#organization\",\"name\":\"Filplast pour les g\u00e9n\u00e9rations\",\"url\":\"https:\/\/filplast.pl\/fr\/\",\"logo\":{\"@type\":\"ImageObject\",\"inLanguage\":\"fr-FR\",\"@id\":\"https:\/\/filplast.pl\/fr\/#\/schema\/logo\/image\/\",\"url\":\"https:\/\/filplast.pl\/wp-content\/uploads\/2023\/10\/favicon-filplast.png\",\"contentUrl\":\"https:\/\/filplast.pl\/wp-content\/uploads\/2023\/10\/favicon-filplast.png\",\"width\":2134,\"height\":2134,\"caption\":\"Filplast pour les g\u00e9n\u00e9rations\"},\"image\":{\"@id\":\"https:\/\/filplast.pl\/fr\/#\/schema\/logo\/image\/\"},\"sameAs\":[\"https:\/\/www.facebook.com\/filplast.firma\",\"https:\/\/pl.pinterest.com\/filplast\/\",\"https:\/\/www.youtube.com\/FILPLASTchannel\",\"https:\/\/pl.linkedin.com\/company\/filplast-sp.-z-o.o.\",\"https:\/\/www.instagram.com\/filplast\/\"]}]}<\/script>\n<!-- \/ Yoast SEO plugin. -->","yoast_head_json":{"title":"Volets roulants monoblocs Veka Variant 2.0 - Filplast pour les g\u00e9n\u00e9rations","robots":{"index":"index","follow":"follow","max-snippet":"max-snippet:-1","max-image-preview":"max-image-preview:large","max-video-preview":"max-video-preview:-1"},"canonical":"https:\/\/filplast.pl\/fr\/produit\/veka-variant-2-0\/","og_locale":"fr_FR","og_type":"article","og_title":"Volets roulants monoblocs Veka Variant 2.0 - Filplast pour les g\u00e9n\u00e9rations","og_description":"Veka Variant 2.0 c'est un volet ext\u00e9rieur monobloc de hauts param\u00e8tres thermiques et phoniques. Il peut \u00eatre utilis\u00e9 \u00e0 la fois dans les b\u00e2timents nouvellement construits et dans les b\u00e2timents r\u00e9nov\u00e9s.","og_url":"https:\/\/filplast.pl\/fr\/produit\/veka-variant-2-0\/","og_site_name":"Filplast pour les g\u00e9n\u00e9rations","article_publisher":"https:\/\/www.facebook.com\/filplast.firma","article_modified_time":"2023-05-04T09:31:42+00:00","og_image":[{"width":1080,"height":500,"url":"https:\/\/filplast.pl\/wp-content\/uploads\/2020\/12\/VekaVariant-baner.jpg","type":"image\/jpeg"}],"twitter_card":"summary_large_image","schema":{"@context":"https:\/\/schema.org","@graph":[{"@type":"WebPage","@id":"https:\/\/filplast.pl\/fr\/produit\/veka-variant-2-0\/","url":"https:\/\/filplast.pl\/fr\/produit\/veka-variant-2-0\/","name":"Volets roulants monoblocs Veka Variant 2.0 - Filplast pour les g\u00e9n\u00e9rations","isPartOf":{"@id":"https:\/\/filplast.pl\/fr\/#website"},"primaryImageOfPage":{"@id":"https:\/\/filplast.pl\/fr\/produit\/veka-variant-2-0\/#primaryimage"},"image":{"@id":"https:\/\/filplast.pl\/fr\/produit\/veka-variant-2-0\/#primaryimage"},"thumbnailUrl":"https:\/\/filplast.pl\/wp-content\/uploads\/2020\/12\/VekaVariant-baner.jpg","datePublished":"2021-04-25T21:55:56+00:00","dateModified":"2023-05-04T09:31:42+00:00","breadcrumb":{"@id":"https:\/\/filplast.pl\/fr\/produit\/veka-variant-2-0\/#breadcrumb"},"inLanguage":"fr-FR","potentialAction":[{"@type":"ReadAction","target":["https:\/\/filplast.pl\/fr\/produit\/veka-variant-2-0\/"]}]},{"@type":"ImageObject","inLanguage":"fr-FR","@id":"https:\/\/filplast.pl\/fr\/produit\/veka-variant-2-0\/#primaryimage","url":"https:\/\/filplast.pl\/wp-content\/uploads\/2020\/12\/VekaVariant-baner.jpg","contentUrl":"https:\/\/filplast.pl\/wp-content\/uploads\/2020\/12\/VekaVariant-baner.jpg","width":1080,"height":500,"caption":"VekaVariant"},{"@type":"BreadcrumbList","@id":"https:\/\/filplast.pl\/fr\/produit\/veka-variant-2-0\/#breadcrumb","itemListElement":[{"@type":"ListItem","position":1,"name":"Home","item":"https:\/\/filplast.pl\/fr\/"},{"@type":"ListItem","position":2,"name":"Produits","item":"https:\/\/filplast.pl\/fr\/produit\/"},{"@type":"ListItem","position":3,"name":"Veka Variant 2.0"}]},{"@type":"WebSite","@id":"https:\/\/filplast.pl\/fr\/#website","url":"https:\/\/filplast.pl\/fr\/","name":"Filplast pour les g\u00e9n\u00e9rations","description":"Producent okien, drzwi i rolet","publisher":{"@id":"https:\/\/filplast.pl\/fr\/#organization"},"potentialAction":[{"@type":"SearchAction","target":{"@type":"EntryPoint","urlTemplate":"https:\/\/filplast.pl\/fr\/?s={search_term_string}"},"query-input":{"@type":"PropertyValueSpecification","valueRequired":true,"valueName":"search_term_string"}}],"inLanguage":"fr-FR"},{"@type":"Organization","@id":"https:\/\/filplast.pl\/fr\/#organization","name":"Filplast pour les g\u00e9n\u00e9rations","url":"https:\/\/filplast.pl\/fr\/","logo":{"@type":"ImageObject","inLanguage":"fr-FR","@id":"https:\/\/filplast.pl\/fr\/#\/schema\/logo\/image\/","url":"https:\/\/filplast.pl\/wp-content\/uploads\/2023\/10\/favicon-filplast.png","contentUrl":"https:\/\/filplast.pl\/wp-content\/uploads\/2023\/10\/favicon-filplast.png","width":2134,"height":2134,"caption":"Filplast pour les g\u00e9n\u00e9rations"},"image":{"@id":"https:\/\/filplast.pl\/fr\/#\/schema\/logo\/image\/"},"sameAs":["https:\/\/www.facebook.com\/filplast.firma","https:\/\/pl.pinterest.com\/filplast\/","https:\/\/www.youtube.com\/FILPLASTchannel","https:\/\/pl.linkedin.com\/company\/filplast-sp.-z-o.o.","https:\/\/www.instagram.com\/filplast\/"]}]}},"uagb_featured_image_src":{"full":["https:\/\/filplast.pl\/wp-content\/uploads\/2020\/12\/VekaVariant-baner.jpg",1080,500,false],"thumbnail":["https:\/\/filplast.pl\/wp-content\/uploads\/2020\/12\/VekaVariant-baner-150x150.jpg",150,150,true],"medium":["https:\/\/filplast.pl\/wp-content\/uploads\/2020\/12\/VekaVariant-baner-300x139.jpg",300,139,true],"medium_large":["https:\/\/filplast.pl\/wp-content\/uploads\/2020\/12\/VekaVariant-baner-768x356.jpg",768,356,true],"large":["https:\/\/filplast.pl\/wp-content\/uploads\/2020\/12\/VekaVariant-baner-1024x474.jpg",1024,474,true],"1536x1536":["https:\/\/filplast.pl\/wp-content\/uploads\/2020\/12\/VekaVariant-baner.jpg",1080,500,false],"2048x2048":["https:\/\/filplast.pl\/wp-content\/uploads\/2020\/12\/VekaVariant-baner.jpg",1080,500,false],"depcore-widget-post-thumb":["https:\/\/filplast.pl\/wp-content\/uploads\/2020\/12\/VekaVariant-baner-65x65.jpg",65,65,true],"depcore-widget-post-medium":["https:\/\/filplast.pl\/wp-content\/uploads\/2020\/12\/VekaVariant-baner-280x150.jpg",280,150,true],"square":["https:\/\/filplast.pl\/wp-content\/uploads\/2020\/12\/VekaVariant-baner-500x500.jpg",500,500,true],"small-square":["https:\/\/filplast.pl\/wp-content\/uploads\/2020\/12\/VekaVariant-baner-250x250.jpg",250,250,true],"slider-image":["https:\/\/filplast.pl\/wp-content\/uploads\/2020\/12\/VekaVariant-baner.jpg",1080,500,false],"":["https:\/\/filplast.pl\/wp-content\/uploads\/2020\/12\/VekaVariant-baner.jpg",380,176,false]},"uagb_author_info":{"display_name":"Agnieszka Losor","author_link":"https:\/\/filplast.pl\/fr\/author\/"},"uagb_comment_info":0,"uagb_excerpt":"Veka Variant 2.0 c'est un volet ext\u00e9rieur monobloc de hauts param\u00e8tres thermiques et phoniques. Il peut \u00eatre utilis\u00e9 \u00e0 la fois dans les b\u00e2timents nouvellement construits et dans les b\u00e2timents r\u00e9nov\u00e9s.","_links":{"self":[{"href":"https:\/\/filplast.pl\/fr\/wp-json\/wp\/v2\/product\/8605","targetHints":{"allow":["GET"]}}],"collection":[{"href":"https:\/\/filplast.pl\/fr\/wp-json\/wp\/v2\/product"}],"about":[{"href":"https:\/\/filplast.pl\/fr\/wp-json\/wp\/v2\/types\/product"}],"version-history":[{"count":2,"href":"https:\/\/filplast.pl\/fr\/wp-json\/wp\/v2\/product\/8605\/revisions"}],"predecessor-version":[{"id":37142,"href":"https:\/\/filplast.pl\/fr\/wp-json\/wp\/v2\/product\/8605\/revisions\/37142"}],"wp:featuredmedia":[{"embeddable":true,"href":"https:\/\/filplast.pl\/fr\/wp-json\/wp\/v2\/media\/37106"}],"wp:attachment":[{"href":"https:\/\/filplast.pl\/fr\/wp-json\/wp\/v2\/media?parent=8605"}],"curies":[{"name":"wp","href":"https:\/\/api.w.org\/{rel}","templated":true}]}}