{"id":9491,"date":"2021-05-17T12:53:50","date_gmt":"2021-05-17T10:53:50","guid":{"rendered":"https:\/\/filplast.pl\/produkt\/psk-alustar-86\/"},"modified":"2024-01-11T08:49:14","modified_gmt":"2024-01-11T07:49:14","slug":"psk-alustar-86","status":"publish","type":"product","link":"https:\/\/filplast.pl\/nl\/product\/psk-alustar-86\/","title":{"rendered":"PSK AluStar 86"},"content":{"rendered":"<div id=\"modal-ready\"><p><span data-sheets-value=\"{\" 1\":2,\"2\":\"system=\"\" alustar=\"\" 86=\"\" wyr\u00f3\u017cnia=\"\" si\u0119=\"\" wyj\u0105tkow\u0105=\"\" wytrzyma\u0142o\u015bci\u0105=\"\" swoich=\"\" profili,=\"\" kt\u00f3re=\"\" umo\u017cliwiaj\u0105=\"\" tworzenie=\"\" konstrukcji=\"\" o=\"\" bardzo=\"\" du\u017cym=\"\" rozmiarze=\"\" i=\"\" ci\u0119\u017carze.=\"\" w=\"\" tym=\"\" systemie=\"\" mog\u0105=\"\" by\u0107=\"\" wykorzystane=\"\" wszystkie=\"\" dost\u0119pne=\"\" naszej=\"\" ofercie=\"\" rodzaje=\"\" szyb,=\"\" np.=\"\" akustycznych=\"\" lub=\"\" antyw\u0142amaniowych.\"}\"=\"\" data-sheets-userformat=\"{\" 2\":961,\"3\":{\"1\":0},\"9\":0,\"10\":0,\"11\":4,\"12\":0}\"=\"\">AluStar 86 onderscheidt zich door de uitzonderlijke sterkte van zijn profielen, die het mogelijk maken structuren van zeer grote afmetingen en gewicht te cre\u00ebren. Alle soorten glas uit ons aanbod kunnen in dit systeem worden gebruikt, bijv. akoestisch of anti-inbraakglas.<\/span><\/p>\n<\/div>","protected":false},"excerpt":{"rendered":"<p>PSK AluStar 86 wordt gekenmerkt door zijn hoge sterkte en duurzaamheid. Het isoleert zeer goed, zowel akoestisch als thermisch. Wij bevelen dit systeem aan voor energie-effici\u00ebnt bouwen.<\/p>\n","protected":false},"featured_media":1633,"parent":0,"menu_order":95,"template":"","class_list":["post-9491","product","type-product","status-publish","has-post-thumbnail","hentry","product-category-schuifraam","product-category-psk-nl","product-line-goldenline-nl"],"yoast_head":"<!-- This site is optimized with the Yoast SEO plugin v24.7 - https:\/\/yoast.com\/wordpress\/plugins\/seo\/ -->\n<title>PSK AluStar 86 Filplast - Voor generaties<\/title>\n<meta name=\"robots\" content=\"index, follow, max-snippet:-1, max-image-preview:large, max-video-preview:-1\" \/>\n<link rel=\"canonical\" href=\"https:\/\/filplast.pl\/nl\/product\/psk-alustar-86\/\" \/>\n<meta property=\"og:locale\" content=\"nl_NL\" \/>\n<meta property=\"og:type\" content=\"article\" \/>\n<meta property=\"og:title\" content=\"PSK AluStar 86 Filplast - Voor generaties\" \/>\n<meta property=\"og:description\" content=\"PSK AluStar 86 wordt gekenmerkt door zijn hoge sterkte en duurzaamheid. Het isoleert zeer goed, zowel akoestisch als thermisch. Wij bevelen dit systeem aan voor energie-effici\u00ebnt bouwen.\" \/>\n<meta property=\"og:url\" content=\"https:\/\/filplast.pl\/nl\/product\/psk-alustar-86\/\" \/>\n<meta property=\"og:site_name\" content=\"Filplast voor generaties\" \/>\n<meta property=\"article:publisher\" content=\"https:\/\/www.facebook.com\/filplast.firma\" \/>\n<meta property=\"article:modified_time\" content=\"2024-01-11T07:49:14+00:00\" \/>\n<meta property=\"og:image\" content=\"https:\/\/filplast.pl\/wp-content\/uploads\/2020\/12\/PSK-AluStar-86.png\" \/>\n\t<meta property=\"og:image:width\" content=\"800\" \/>\n\t<meta property=\"og:image:height\" content=\"800\" \/>\n\t<meta property=\"og:image:type\" content=\"image\/png\" \/>\n<meta name=\"twitter:card\" content=\"summary_large_image\" \/>\n<meta name=\"twitter:label1\" content=\"Geschatte leestijd\" \/>\n\t<meta name=\"twitter:data1\" content=\"1 minuut\" \/>\n<script type=\"application\/ld+json\" class=\"yoast-schema-graph\">{\"@context\":\"https:\/\/schema.org\",\"@graph\":[{\"@type\":\"WebPage\",\"@id\":\"https:\/\/filplast.pl\/nl\/product\/psk-alustar-86\/\",\"url\":\"https:\/\/filplast.pl\/nl\/product\/psk-alustar-86\/\",\"name\":\"PSK AluStar 86 Filplast - Voor generaties\",\"isPartOf\":{\"@id\":\"https:\/\/filplast.pl\/nl\/#website\"},\"primaryImageOfPage\":{\"@id\":\"https:\/\/filplast.pl\/nl\/product\/psk-alustar-86\/#primaryimage\"},\"image\":{\"@id\":\"https:\/\/filplast.pl\/nl\/product\/psk-alustar-86\/#primaryimage\"},\"thumbnailUrl\":\"https:\/\/filplast.pl\/wp-content\/uploads\/2020\/12\/PSK-AluStar-86.png\",\"datePublished\":\"2021-05-17T10:53:50+00:00\",\"dateModified\":\"2024-01-11T07:49:14+00:00\",\"breadcrumb\":{\"@id\":\"https:\/\/filplast.pl\/nl\/product\/psk-alustar-86\/#breadcrumb\"},\"inLanguage\":\"nl-NL\",\"potentialAction\":[{\"@type\":\"ReadAction\",\"target\":[\"https:\/\/filplast.pl\/nl\/product\/psk-alustar-86\/\"]}]},{\"@type\":\"ImageObject\",\"inLanguage\":\"nl-NL\",\"@id\":\"https:\/\/filplast.pl\/nl\/product\/psk-alustar-86\/#primaryimage\",\"url\":\"https:\/\/filplast.pl\/wp-content\/uploads\/2020\/12\/PSK-AluStar-86.png\",\"contentUrl\":\"https:\/\/filplast.pl\/wp-content\/uploads\/2020\/12\/PSK-AluStar-86.png\",\"width\":800,\"height\":800},{\"@type\":\"BreadcrumbList\",\"@id\":\"https:\/\/filplast.pl\/nl\/product\/psk-alustar-86\/#breadcrumb\",\"itemListElement\":[{\"@type\":\"ListItem\",\"position\":1,\"name\":\"Home\",\"item\":\"https:\/\/filplast.pl\/nl\/\"},{\"@type\":\"ListItem\",\"position\":2,\"name\":\"Producten\",\"item\":\"https:\/\/filplast.pl\/nl\/product\/\"},{\"@type\":\"ListItem\",\"position\":3,\"name\":\"PSK AluStar 86\"}]},{\"@type\":\"WebSite\",\"@id\":\"https:\/\/filplast.pl\/nl\/#website\",\"url\":\"https:\/\/filplast.pl\/nl\/\",\"name\":\"Filplast voor generaties\",\"description\":\"Producent okien, drzwi i rolet\",\"publisher\":{\"@id\":\"https:\/\/filplast.pl\/nl\/#organization\"},\"potentialAction\":[{\"@type\":\"SearchAction\",\"target\":{\"@type\":\"EntryPoint\",\"urlTemplate\":\"https:\/\/filplast.pl\/nl\/?s={search_term_string}\"},\"query-input\":{\"@type\":\"PropertyValueSpecification\",\"valueRequired\":true,\"valueName\":\"search_term_string\"}}],\"inLanguage\":\"nl-NL\"},{\"@type\":\"Organization\",\"@id\":\"https:\/\/filplast.pl\/nl\/#organization\",\"name\":\"Filplast voor generaties\",\"url\":\"https:\/\/filplast.pl\/nl\/\",\"logo\":{\"@type\":\"ImageObject\",\"inLanguage\":\"nl-NL\",\"@id\":\"https:\/\/filplast.pl\/nl\/#\/schema\/logo\/image\/\",\"url\":\"https:\/\/filplast.pl\/wp-content\/uploads\/2023\/10\/favicon-filplast.png\",\"contentUrl\":\"https:\/\/filplast.pl\/wp-content\/uploads\/2023\/10\/favicon-filplast.png\",\"width\":2134,\"height\":2134,\"caption\":\"Filplast voor generaties\"},\"image\":{\"@id\":\"https:\/\/filplast.pl\/nl\/#\/schema\/logo\/image\/\"},\"sameAs\":[\"https:\/\/www.facebook.com\/filplast.firma\",\"https:\/\/pl.pinterest.com\/filplast\/\",\"https:\/\/www.youtube.com\/FILPLASTchannel\",\"https:\/\/pl.linkedin.com\/company\/filplast-sp.-z-o.o.\",\"https:\/\/www.instagram.com\/filplast\/\"]}]}<\/script>\n<!-- \/ Yoast SEO plugin. -->","yoast_head_json":{"title":"PSK AluStar 86 Filplast - Voor generaties","robots":{"index":"index","follow":"follow","max-snippet":"max-snippet:-1","max-image-preview":"max-image-preview:large","max-video-preview":"max-video-preview:-1"},"canonical":"https:\/\/filplast.pl\/nl\/product\/psk-alustar-86\/","og_locale":"nl_NL","og_type":"article","og_title":"PSK AluStar 86 Filplast - Voor generaties","og_description":"PSK AluStar 86 wordt gekenmerkt door zijn hoge sterkte en duurzaamheid. Het isoleert zeer goed, zowel akoestisch als thermisch. Wij bevelen dit systeem aan voor energie-effici\u00ebnt bouwen.","og_url":"https:\/\/filplast.pl\/nl\/product\/psk-alustar-86\/","og_site_name":"Filplast voor generaties","article_publisher":"https:\/\/www.facebook.com\/filplast.firma","article_modified_time":"2024-01-11T07:49:14+00:00","og_image":[{"width":800,"height":800,"url":"https:\/\/filplast.pl\/wp-content\/uploads\/2020\/12\/PSK-AluStar-86.png","type":"image\/png"}],"twitter_card":"summary_large_image","twitter_misc":{"Geschatte leestijd":"1 minuut"},"schema":{"@context":"https:\/\/schema.org","@graph":[{"@type":"WebPage","@id":"https:\/\/filplast.pl\/nl\/product\/psk-alustar-86\/","url":"https:\/\/filplast.pl\/nl\/product\/psk-alustar-86\/","name":"PSK AluStar 86 Filplast - Voor generaties","isPartOf":{"@id":"https:\/\/filplast.pl\/nl\/#website"},"primaryImageOfPage":{"@id":"https:\/\/filplast.pl\/nl\/product\/psk-alustar-86\/#primaryimage"},"image":{"@id":"https:\/\/filplast.pl\/nl\/product\/psk-alustar-86\/#primaryimage"},"thumbnailUrl":"https:\/\/filplast.pl\/wp-content\/uploads\/2020\/12\/PSK-AluStar-86.png","datePublished":"2021-05-17T10:53:50+00:00","dateModified":"2024-01-11T07:49:14+00:00","breadcrumb":{"@id":"https:\/\/filplast.pl\/nl\/product\/psk-alustar-86\/#breadcrumb"},"inLanguage":"nl-NL","potentialAction":[{"@type":"ReadAction","target":["https:\/\/filplast.pl\/nl\/product\/psk-alustar-86\/"]}]},{"@type":"ImageObject","inLanguage":"nl-NL","@id":"https:\/\/filplast.pl\/nl\/product\/psk-alustar-86\/#primaryimage","url":"https:\/\/filplast.pl\/wp-content\/uploads\/2020\/12\/PSK-AluStar-86.png","contentUrl":"https:\/\/filplast.pl\/wp-content\/uploads\/2020\/12\/PSK-AluStar-86.png","width":800,"height":800},{"@type":"BreadcrumbList","@id":"https:\/\/filplast.pl\/nl\/product\/psk-alustar-86\/#breadcrumb","itemListElement":[{"@type":"ListItem","position":1,"name":"Home","item":"https:\/\/filplast.pl\/nl\/"},{"@type":"ListItem","position":2,"name":"Producten","item":"https:\/\/filplast.pl\/nl\/product\/"},{"@type":"ListItem","position":3,"name":"PSK AluStar 86"}]},{"@type":"WebSite","@id":"https:\/\/filplast.pl\/nl\/#website","url":"https:\/\/filplast.pl\/nl\/","name":"Filplast voor generaties","description":"Producent okien, drzwi i rolet","publisher":{"@id":"https:\/\/filplast.pl\/nl\/#organization"},"potentialAction":[{"@type":"SearchAction","target":{"@type":"EntryPoint","urlTemplate":"https:\/\/filplast.pl\/nl\/?s={search_term_string}"},"query-input":{"@type":"PropertyValueSpecification","valueRequired":true,"valueName":"search_term_string"}}],"inLanguage":"nl-NL"},{"@type":"Organization","@id":"https:\/\/filplast.pl\/nl\/#organization","name":"Filplast voor generaties","url":"https:\/\/filplast.pl\/nl\/","logo":{"@type":"ImageObject","inLanguage":"nl-NL","@id":"https:\/\/filplast.pl\/nl\/#\/schema\/logo\/image\/","url":"https:\/\/filplast.pl\/wp-content\/uploads\/2023\/10\/favicon-filplast.png","contentUrl":"https:\/\/filplast.pl\/wp-content\/uploads\/2023\/10\/favicon-filplast.png","width":2134,"height":2134,"caption":"Filplast voor generaties"},"image":{"@id":"https:\/\/filplast.pl\/nl\/#\/schema\/logo\/image\/"},"sameAs":["https:\/\/www.facebook.com\/filplast.firma","https:\/\/pl.pinterest.com\/filplast\/","https:\/\/www.youtube.com\/FILPLASTchannel","https:\/\/pl.linkedin.com\/company\/filplast-sp.-z-o.o.","https:\/\/www.instagram.com\/filplast\/"]}]}},"uagb_featured_image_src":{"full":["https:\/\/filplast.pl\/wp-content\/uploads\/2020\/12\/PSK-AluStar-86.png",800,800,false],"thumbnail":["https:\/\/filplast.pl\/wp-content\/uploads\/2020\/12\/PSK-AluStar-86-150x150.png",150,150,true],"medium":["https:\/\/filplast.pl\/wp-content\/uploads\/2020\/12\/PSK-AluStar-86-300x300.png",300,300,true],"medium_large":["https:\/\/filplast.pl\/wp-content\/uploads\/2020\/12\/PSK-AluStar-86-768x768.png",768,768,true],"large":["https:\/\/filplast.pl\/wp-content\/uploads\/2020\/12\/PSK-AluStar-86.png",800,800,false],"1536x1536":["https:\/\/filplast.pl\/wp-content\/uploads\/2020\/12\/PSK-AluStar-86.png",800,800,false],"2048x2048":["https:\/\/filplast.pl\/wp-content\/uploads\/2020\/12\/PSK-AluStar-86.png",800,800,false],"depcore-widget-post-thumb":["https:\/\/filplast.pl\/wp-content\/uploads\/2020\/12\/PSK-AluStar-86.png",65,65,false],"depcore-widget-post-medium":["https:\/\/filplast.pl\/wp-content\/uploads\/2020\/12\/PSK-AluStar-86.png",150,150,false],"square":["https:\/\/filplast.pl\/wp-content\/uploads\/2020\/12\/PSK-AluStar-86-500x500.png",500,500,true],"small-square":["https:\/\/filplast.pl\/wp-content\/uploads\/2020\/12\/PSK-AluStar-86.png",250,250,false],"slider-image":["https:\/\/filplast.pl\/wp-content\/uploads\/2020\/12\/PSK-AluStar-86-800x500.png",800,500,true],"":["https:\/\/filplast.pl\/wp-content\/uploads\/2020\/12\/PSK-AluStar-86.png",250,250,false]},"uagb_author_info":{"display_name":"Micha\u0142 Mrukot","author_link":"https:\/\/filplast.pl\/nl\/author\/"},"uagb_comment_info":0,"uagb_excerpt":"PSK AluStar 86 wordt gekenmerkt door zijn hoge sterkte en duurzaamheid. Het isoleert zeer goed, zowel akoestisch als thermisch. Wij bevelen dit systeem aan voor energie-effici\u00ebnt bouwen.","_links":{"self":[{"href":"https:\/\/filplast.pl\/nl\/wp-json\/wp\/v2\/product\/9491","targetHints":{"allow":["GET"]}}],"collection":[{"href":"https:\/\/filplast.pl\/nl\/wp-json\/wp\/v2\/product"}],"about":[{"href":"https:\/\/filplast.pl\/nl\/wp-json\/wp\/v2\/types\/product"}],"version-history":[{"count":2,"href":"https:\/\/filplast.pl\/nl\/wp-json\/wp\/v2\/product\/9491\/revisions"}],"predecessor-version":[{"id":43780,"href":"https:\/\/filplast.pl\/nl\/wp-json\/wp\/v2\/product\/9491\/revisions\/43780"}],"wp:featuredmedia":[{"embeddable":true,"href":"https:\/\/filplast.pl\/nl\/wp-json\/wp\/v2\/media\/1633"}],"wp:attachment":[{"href":"https:\/\/filplast.pl\/nl\/wp-json\/wp\/v2\/media?parent=9491"}],"curies":[{"name":"wp","href":"https:\/\/api.w.org\/{rel}","templated":true}]}}